 {"id":2,"date":"2023-02-09T09:35:05","date_gmt":"2023-02-09T08:35:05","guid":{"rendered":"https:\/\/blogs.univ-tlse2.fr\/masternes\/?page_id=2"},"modified":"2025-12-19T15:06:20","modified_gmt":"2025-12-19T14:06:20","slug":"page-d-exemple","status":"publish","type":"page","link":"https:\/\/blogs.univ-tlse2.fr\/masternes\/page-d-exemple\/","title":{"rendered":"Les conf\u00e9rences praxis"},"content":{"rendered":"\n<div class=\"wp-block-media-text alignfull is-stacked-on-mobile is-vertically-aligned-center is-image-fill-element\"><figure class=\"wp-block-media-text__media\"><img loading=\"lazy\" decoding=\"async\" width=\"794\" height=\"1123\" src=\"https:\/\/blogs.univ-tlse2.fr\/masternes\/files\/2025\/10\/Pignocchi-praxis.jpg\" alt=\"\" class=\"wp-image-144 size-full\" style=\"object-position:49% 48%\" srcset=\"https:\/\/blogs.univ-tlse2.fr\/masternes\/files\/2025\/10\/Pignocchi-praxis.jpg 794w, https:\/\/blogs.univ-tlse2.fr\/masternes\/files\/2025\/10\/Pignocchi-praxis-212x300.jpg 212w, https:\/\/blogs.univ-tlse2.fr\/masternes\/files\/2025\/10\/Pignocchi-praxis-724x1024.jpg 724w, https:\/\/blogs.univ-tlse2.fr\/masternes\/files\/2025\/10\/Pignocchi-praxis-768x1086.jpg 768w\" sizes=\"auto, (max-width: 794px) 100vw, 794px\" \/><\/figure><div class=\"wp-block-media-text__content\">\n<p>Chaque mardi matin, le master NES accueille dans le cadre d\u2019une UE sp\u00e9cialement d\u00e9di\u00e9e un\u00b7e invit\u00e9\u00b7e ext\u00e9rieur\u00b7e. Ce sont chaque ann\u00e9e une vingtaine de d\u2019acteur\u00b7rice\u00b7s de l\u2019\u00c9conomie sociale, de chercheur\u00b7es ou de militant\u00b7es qui viennent t\u00e9moigner de leurs pratiques et partager les questionnements qui les traversent. Ils\u00b7elles sont dirigeant\u00b7e\u00b7s de Scop, de Scic, d\u2019entreprise d\u2019insertion ou d\u2019organisme financier de l\u2019ESS, militant\u00b7e\u00b7s ou activistes dans les mouvements sociaux, responsables de r\u00e9seau ou chercheur\u00b7es en sociologie, \u00e9conomie, philosophie, etc.<\/p>\n\n\n\n<p>C\u2019est un moment important dans la vie du master, \u00e0 plusieurs titres\u00a0: ces conf\u00e9rences permettent de <strong>compl\u00e9ter les enseignements propos\u00e9s sur la base d\u2019exp\u00e9rience concr\u00e8tes<\/strong> (et parfois de pr\u00e9misses th\u00e9oriques diff\u00e9rentes), de sortir des perspectives purement th\u00e9oriques li\u00e9es au monde acad\u00e9mique, d\u2019<strong>ouvrir l\u2019horizon des possibles<\/strong> des \u00e9tudiant\u00b7es et de les mettre en lien avec les projets existants dans la r\u00e9gion, en vue de futurs stages, m\u00e9moires, emplois. C\u2019est aussi un <strong>moment partag\u00e9 par les M1 et les M2, ainsi que par les \u00e9tudiant\u00b7es du Master PPEPS <\/strong>(philosophie, psychanalyse et \u00e9conomie politique du sujet), \u00ab\u00a0jumel\u00e9\u00a0\u00bb avec le master NES (les \u00e9quipes p\u00e9dagogiques se recoupent en partie, et certains enseignements sont mutualis\u00e9s entre les deux masters, notamment en M2), qui permet donc aux un\u00b7es et aux autres de se rencontrer.<\/p>\n\n\n\n<p><strong>Ces conf\u00e9rences sont publiques, les acteurs du r\u00e9seau et autres compagnons du master NES y sont les bienvenues<\/strong>.<\/p>\n\n\n\n<p>Le programmes des conf\u00e9rences praxis<\/p>\n\n\n\n<div class=\"wp-block-buttons is-layout-flex wp-block-buttons-is-layout-flex\">\n<div class=\"wp-block-button\"><a class=\"wp-block-button__link wp-element-button\" href=\"https:\/\/blogs.univ-tlse2.fr\/masternes\/events\/\">Programme des conf\u00e9rences praxis<\/a><\/div>\n<\/div>\n<\/div><\/div>\n","protected":false},"excerpt":{"rendered":"","protected":false},"author":1261,"featured_media":0,"parent":0,"menu_order":0,"comment_status":"closed","ping_status":"open","template":"","meta":{"_price":"","_stock":"","_tribe_ticket_header":"","_tribe_default_ticket_provider":"","_tribe_ticket_capacity":"0","_ticket_start_date":"","_ticket_end_date":"","_tribe_ticket_show_description":"","_tribe_ticket_show_not_going":false,"_tribe_ticket_use_global_stock":"","_tribe_ticket_global_stock_level":"","_global_stock_mode":"","_global_stock_cap":"","_tribe_rsvp_for_event":"","_tribe_ticket_going_count":"","_tribe_ticket_not_going_count":"","_tribe_tickets_list":"[]","_tribe_ticket_has_attendee_info_fields":false,"footnotes":"","_tec_slr_enabled":"","_tec_slr_layout":""},"class_list":["post-2","page","type-page","status-publish","hentry"],"ticketed":false,"_links":{"self":[{"href":"https:\/\/blogs.univ-tlse2.fr\/masternes\/wp-json\/wp\/v2\/pages\/2","targetHints":{"allow":["GET"]}}],"collection":[{"href":"https:\/\/blogs.univ-tlse2.fr\/masternes\/wp-json\/wp\/v2\/pages"}],"about":[{"href":"https:\/\/blogs.univ-tlse2.fr\/masternes\/wp-json\/wp\/v2\/types\/page"}],"author":[{"embeddable":true,"href":"https:\/\/blogs.univ-tlse2.fr\/masternes\/wp-json\/wp\/v2\/users\/1261"}],"replies":[{"embeddable":true,"href":"https:\/\/blogs.univ-tlse2.fr\/masternes\/wp-json\/wp\/v2\/comments?post=2"}],"version-history":[{"count":15,"href":"https:\/\/blogs.univ-tlse2.fr\/masternes\/wp-json\/wp\/v2\/pages\/2\/revisions"}],"predecessor-version":[{"id":414,"href":"https:\/\/blogs.univ-tlse2.fr\/masternes\/wp-json\/wp\/v2\/pages\/2\/revisions\/414"}],"wp:attachment":[{"href":"https:\/\/blogs.univ-tlse2.fr\/masternes\/wp-json\/wp\/v2\/media?parent=2"}],"curies":[{"name":"wp","href":"https:\/\/api.w.org\/{rel}","templated":true}]}}