 {"id":213,"date":"2025-10-13T17:43:29","date_gmt":"2025-10-13T15:43:29","guid":{"rendered":"https:\/\/blogs.univ-tlse2.fr\/masternes\/?page_id=213"},"modified":"2026-01-24T18:35:39","modified_gmt":"2026-01-24T17:35:39","slug":"candidater","status":"publish","type":"page","link":"https:\/\/blogs.univ-tlse2.fr\/masternes\/candidater\/","title":{"rendered":"Comment int\u00e9grer le master NES"},"content":{"rendered":"\n<div class=\"wp-block-media-text alignfull is-stacked-on-mobile is-vertically-aligned-center is-image-fill-element\" style=\"grid-template-columns:47% auto\"><figure class=\"wp-block-media-text__media\"><img loading=\"lazy\" decoding=\"async\" width=\"1810\" height=\"2560\" src=\"https:\/\/blogs.univ-tlse2.fr\/masternes\/files\/2025\/10\/pignocchi-selection-1-scaled.png\" alt=\"\" class=\"wp-image-274 size-full\" style=\"object-position:56% 44%\" srcset=\"https:\/\/blogs.univ-tlse2.fr\/masternes\/files\/2025\/10\/pignocchi-selection-1-scaled.png 1810w, https:\/\/blogs.univ-tlse2.fr\/masternes\/files\/2025\/10\/pignocchi-selection-1-212x300.png 212w, https:\/\/blogs.univ-tlse2.fr\/masternes\/files\/2025\/10\/pignocchi-selection-1-724x1024.png 724w, https:\/\/blogs.univ-tlse2.fr\/masternes\/files\/2025\/10\/pignocchi-selection-1-768x1086.png 768w, https:\/\/blogs.univ-tlse2.fr\/masternes\/files\/2025\/10\/pignocchi-selection-1-1086x1536.png 1086w, https:\/\/blogs.univ-tlse2.fr\/masternes\/files\/2025\/10\/pignocchi-selection-1-1448x2048.png 1448w\" sizes=\"auto, (max-width: 1810px) 100vw, 1810px\" \/><\/figure><div class=\"wp-block-media-text__content\">\n<h3 class=\"wp-block-heading\">Acc\u00e8s en Master 1<\/h3>\n\n\n\n<p><strong>Vous devez avoir valid\u00e9 un bac + 3 (180 ECTS) et devez d\u00e9poser une demande d\u2019admission sur la plateforme <a href=\"https:\/\/www.monmaster.gouv.fr\/\">Mon Master<\/a>.<\/strong><\/p>\n\n\n\n<p><strong>Par validation des acquis professionnels<\/strong> (VA85) <strong>ou de l\u2019exp\u00e9rience<\/strong> (VAE) : d\u00e9posez votre demande aupr\u00e8s du service de la formation continue.<\/p>\n\n\n\n<p><strong>Pour les \u00e9tudiant\u00b7e\u00b7s extra-europ\u00e9en\u00b7e\u00b7s<\/strong>, la candidature s&rsquo;effectue sur <a href=\"https:\/\/pastel.diplomatie.gouv.fr\/etudesenfrance\/dyn\/public\/authentification\/login.html\" target=\"_blank\" rel=\"noreferrer noopener\">\u00c9tudes en France<\/a>.<\/p>\n\n\n\n<h3 class=\"wp-block-heading\">Acc\u00e8s en Master&nbsp;2<\/h3>\n\n\n\n<p><strong>Dans les autres cas : r\u00e9orientation, changement d\u2019universit\u00e9, reprise d\u2019\u00e9tudes, validation des \u00e9tudes sup\u00e9rieures<\/strong> (VES)<br>Vous devez avoir valid\u00e9 un bac + 4&nbsp;(240&nbsp;ECTS) et devez d\u00e9poser votre demande d\u2019admission sur&nbsp;sur la plateforme <a href=\"https:\/\/www.univ-tlse2.fr\/accueil\/formation-insertion\/inscriptions-scolarite\/sinscrire-en-master-2\">eCandidat<\/a>.<\/p>\n\n\n\n<p><strong>Les \u00e9tudiant\u00b7e\u00b7s de l&rsquo;Universit\u00e9 Toulouse &#8211; Jean Jaur\u00e8s<\/strong> ayant valid\u00e9&nbsp;la premi\u00e8re ann\u00e9e de master sont autoris\u00e9\u00b7e\u00b7s \u00e0 s&rsquo;inscrire en 2e ann\u00e9e du parcours correspondant sur l\u2019application <a href=\"https:\/\/www.univ-tlse2.fr\/accueil\/formation-insertion\/inscriptions-scolarite\/sinscrire-en-master-2\">APO.WEB<\/a>.<\/p>\n\n\n\n<p><strong>Pour les \u00e9tudiant\u00b7e\u00b7s extra-europ\u00e9en\u00b7e\u00b7s<\/strong>, la candidature s&rsquo;effectue sur <a href=\"https:\/\/pastel.diplomatie.gouv.fr\/etudesenfrance\/dyn\/public\/authentification\/login.html\" target=\"_blank\" rel=\"noreferrer noopener\">\u00c9tudes en France<\/a>.<\/p>\n<\/div><\/div>\n\n\n\n<h2 class=\"wp-block-heading\">Le processus de s\u00e9lection des candidats<\/h2>\n\n\n\n<p>Les candidats doivent faire la preuve de leur int\u00e9r\u00eat pour la sp\u00e9cificit\u00e9 du master NES au regard de l&rsquo;offre de formation en master dans le champs de l&rsquo;ESS. La phase d&rsquo;admissibilit\u00e9 porte sur l&rsquo;examen de la lettre de motivation, du CV et du projet professionnel. Tous les parcours de formation disciplinaire que ce soit en sciences sociales, litt\u00e9ratures, arts, philosophie, psychologie ou m\u00eame en sciences peuvent candidater \u00e0 ce master.<\/p>\n\n\n\n<ul class=\"wp-block-list\">\n<li>La lettre de motivation doit indiquer le parcours singulier de l&rsquo;\u00e9tudiant\u00b7e et dans ce parcours, ce qui a conduit l&rsquo;\u00e9tudiant\u00b7e \u00e0 candidater au master NES sp\u00e9cifiquement.<\/li>\n\n\n\n<li>Le projet professionnel pr\u00e9sente la mani\u00e8re dont le candidat se projette apr\u00e8s le master (le master : pour faire quoi ?). Il ne s&rsquo;agit pas n\u00e9cessairement d&rsquo;un projet professionnel op\u00e9ratoire bien d\u00e9fini, cela peut \u00eatre une projection imagin\u00e9e \u00e0 court, moyen ou long terme.<\/li>\n<\/ul>\n\n\n\n<p>\u00c0 l&rsquo;issue de cette premi\u00e8re phase d&rsquo;admissibilit\u00e9 (examen des dossiers de candidature), les candidats admissibles sont convoqu\u00e9s pour un entretien oral \u00e0 l&rsquo;universit\u00e9 de Toulouse \u2013 Jean Jaur\u00e8s (pas d&rsquo;entretiens \u00e0 distance sauf pour les \u00e9tudiants extra-europ\u00e9ens et en cas de force majeur justifi\u00e9e). L&rsquo;entretien d&rsquo;une vingtaine de minute permettra au candidat d&rsquo;exposer son parcours, les raisons qui l&rsquo;ont conduit \u00e0 candidater au Master Nes et son ou ses projets post-master. Cette pr\u00e9sentation d&rsquo;une dizaine de minutes sera suivie d&rsquo;une discussion d&rsquo;une m\u00eame dur\u00e9e avec le jury.<\/p>\n\n\n\n<p>\u00c0 l&rsquo;issue de cette deuxi\u00e8me phase d&rsquo;admission (entretiens), les r\u00e9sultats sont vers\u00e9s sur la plateforme MonMaster.<\/p>\n\n\n\n<p>Le jury \u00e9value les candidats selon les crit\u00e8res suivant  : <\/p>\n\n\n\n<ul class=\"wp-block-list\">\n<li>l&rsquo;app\u00e9tence pour la pluridisciplinarit\u00e9<\/li>\n\n\n\n<li>la forte capacit\u00e9 \u00e0 travailler en  collectif<\/li>\n\n\n\n<li>l&rsquo;int\u00e9r\u00eat pour les analyses critiques du capitalisme industriel contemporain et les rapports de dominations qui le soutiennent<\/li>\n\n\n\n<li>la curiosit\u00e9 pour toutes les formes de pratiques alternatives (coop\u00e9rativistes au sens large) pass\u00e9es et actuelles.<\/li>\n<\/ul>\n\n\n\n<h2 class=\"wp-block-heading\">Les reprises d&rsquo;\u00e9tudes <\/h2>\n\n\n\n<p>Le master est accessible en apprentissage et en alternance. L&rsquo;alternance n&rsquo;est possible qu&rsquo;en deuxi\u00e8me ann\u00e9e. Pour un accompagnement \u00e0 la reprise d&rsquo;\u00e9tude et <strong>son financement<\/strong>, il faut contacter le service de la formation continue et de l&rsquo;apprentissage de l&rsquo;universit\u00e9 <a href=\"https:\/\/www.univ-tlse2.fr\/accueil\/formation-insertion\/formation-continue\">SFCA<\/a>.<\/p>\n","protected":false},"excerpt":{"rendered":"<p>Acc\u00e8s en Master 1 Vous devez avoir valid\u00e9 un bac + 3 (180 ECTS) et devez d\u00e9poser une demande d\u2019admission sur la plateforme Mon Master. Par validation des acquis professionnels &hellip; <a href=\"https:\/\/blogs.univ-tlse2.fr\/masternes\/candidater\/\" class=\"more-link\">Continuer la lecture de <span class=\"screen-reader-text\">Comment int\u00e9grer le master NES<\/span> <span class=\"meta-nav\">&rarr;<\/span><\/a><\/p>\n","protected":false},"author":1261,"featured_media":0,"parent":0,"menu_order":0,"comment_status":"closed","ping_status":"closed","template":"","meta":{"_price":"","_stock":"","_tribe_ticket_header":"","_tribe_default_ticket_provider":"","_tribe_ticket_capacity":"0","_ticket_start_date":"","_ticket_end_date":"","_tribe_ticket_show_description":"","_tribe_ticket_show_not_going":false,"_tribe_ticket_use_global_stock":"","_tribe_ticket_global_stock_level":"","_global_stock_mode":"","_global_stock_cap":"","_tribe_rsvp_for_event":"","_tribe_ticket_going_count":"","_tribe_ticket_not_going_count":"","_tribe_tickets_list":"[]","_tribe_ticket_has_attendee_info_fields":false,"footnotes":"","_tec_slr_enabled":"","_tec_slr_layout":""},"class_list":["post-213","page","type-page","status-publish","hentry"],"ticketed":false,"_links":{"self":[{"href":"https:\/\/blogs.univ-tlse2.fr\/masternes\/wp-json\/wp\/v2\/pages\/213","targetHints":{"allow":["GET"]}}],"collection":[{"href":"https:\/\/blogs.univ-tlse2.fr\/masternes\/wp-json\/wp\/v2\/pages"}],"about":[{"href":"https:\/\/blogs.univ-tlse2.fr\/masternes\/wp-json\/wp\/v2\/types\/page"}],"author":[{"embeddable":true,"href":"https:\/\/blogs.univ-tlse2.fr\/masternes\/wp-json\/wp\/v2\/users\/1261"}],"replies":[{"embeddable":true,"href":"https:\/\/blogs.univ-tlse2.fr\/masternes\/wp-json\/wp\/v2\/comments?post=213"}],"version-history":[{"count":15,"href":"https:\/\/blogs.univ-tlse2.fr\/masternes\/wp-json\/wp\/v2\/pages\/213\/revisions"}],"predecessor-version":[{"id":433,"href":"https:\/\/blogs.univ-tlse2.fr\/masternes\/wp-json\/wp\/v2\/pages\/213\/revisions\/433"}],"wp:attachment":[{"href":"https:\/\/blogs.univ-tlse2.fr\/masternes\/wp-json\/wp\/v2\/media?parent=213"}],"curies":[{"name":"wp","href":"https:\/\/api.w.org\/{rel}","templated":true}]}}