 {"id":34,"date":"2024-09-08T21:42:48","date_gmt":"2024-09-08T19:42:48","guid":{"rendered":"https:\/\/blogs.univ-tlse2.fr\/masternes\/?page_id=34"},"modified":"2025-12-19T14:39:44","modified_gmt":"2025-12-19T13:39:44","slug":"mentions-legales","status":"publish","type":"page","link":"https:\/\/blogs.univ-tlse2.fr\/masternes\/mentions-legales\/","title":{"rendered":"Mentions l\u00e9gales"},"content":{"rendered":"\n<p><strong>Mentions L\u00e9gales<\/strong><\/p>\n\n\n\n<p>Conform\u00e9ment aux dispositions de la loi n\u00b0 2004-575 du 21 juin 2004 pour la confiance en l&rsquo;\u00e9conomie num\u00e9rique, il est pr\u00e9cis\u00e9 aux utilisateurs du Site l&rsquo;identit\u00e9 des diff\u00e9rents intervenants dans le cadre de sa r\u00e9alisation et de son suivi.<\/p>\n\n\n\n<p><br><strong>\u00c9dition du site <\/strong><strong><br><\/strong>Le site blogs.univ-tlse2.fr\/masternes\/ est \u00e9dit\u00e9 par Mireille Bruy\u00e8re qui assure le r\u00f4le de directrice de publication et porte la responsabilit\u00e9 du contenu du site.<br><br><strong>Administration du site<\/strong><strong><br><\/strong>Le site est administr\u00e9 par les responsables de l\u2019\u00e9quipe p\u00e9dagogique du master NES. Il est aussi administr\u00e9 par les R\u00e9seauteureuses qui sont actuellement \u00e9tudiant\u00b7es dans le master (iels changent tous les ans) et ont pour mission de s\u2019assurer que le r\u00e9seau d\u2019ancien\u00b7nes \u00e9tudiant\u00b7es du master ne tombe pas dans l\u2019oubli.<br><br><strong>H\u00e9bergeur<\/strong><br>Le site blogs.univ-tlse2.fr\/masternes\/ est h\u00e9berg\u00e9 par Universit\u00e9 Toulouse &#8211; Jean Jaur\u00e8s &#8211;<a href=\"https:\/\/www.univ-tlse2.fr\/accueil\/universite\/organisation\/direction-systeme-information-dsi\"> DSI<\/a>.<\/p>\n\n\n\n<p><strong>Conditions g\u00e9n\u00e9rales d&rsquo;utilisation<\/strong><\/p>\n\n\n\n<p>La consultation de ce site est autoris\u00e9e pour un usage priv\u00e9 de l&rsquo;utilisateur. Les informations propos\u00e9es sont port\u00e9es \u00e0 la connaissance du public \u00e0 titre informatif et ne sont pas garanties exemptes d&rsquo;erreur. En acc\u00e9dant \u00e0 ce service, vous \u00eates inform\u00e9 que l&rsquo;utilisation du r\u00e9seau Internet n\u00e9cessite le respect d&rsquo;un ensemble de l\u00e9gislations que vous vous engagez \u00e0 ne pas enfreindre, et relatives notamment au droit d&rsquo;auteur, \u00e0 la fraude informatique, \u00e0 la loi Informatique et libert\u00e9s, \u00e0 la protection de la personne humaine, ainsi qu&rsquo;\u00e0 l&rsquo;intimit\u00e9 et au respect de la vie priv\u00e9e.<\/p>\n\n\n\n<p>Concernant les bases de donn\u00e9es, l&rsquo;Universit\u00e9 Toulouse &#8211; Jean Jaur\u00e8s s&rsquo;oppose \u00e0 toute extraction et\/ou utilisation qualitativement ou quantitativement substantielle des \u00e9l\u00e9ments qu&rsquo;elle contient par l&rsquo;utilisation d&rsquo;hyperliens en vertu de l&rsquo;article L.341-1 du Code de la propri\u00e9t\u00e9 intellectuelle.<\/p>\n\n\n\n<p><strong>Politique relative aux cookies<\/strong><\/p>\n\n\n\n<p>Lors de votre premi\u00e8re connexion sur nos sites, vous \u00eates avertis par un bandeau&nbsp; que des informations relatives \u00e0 votre navigation sont susceptibles d\u2019\u00eatre enregistr\u00e9es dans des fichiers d\u00e9nomm\u00e9s \u00ab cookies \u00bb \u00e0 des fins statistiques anonymes. Notre politique d\u2019utilisation des cookies vous permet de mieux comprendre les dispositions que nous mettons en \u0153uvre en mati\u00e8re de navigation sur notre site web. Elle vous informe notamment sur l\u2019ensemble des cookies pr\u00e9sents sur notre site web, leur finalit\u00e9 et vous donne la marche \u00e0 suivre pour les param\u00e9trer.<\/p>\n\n\n\n<p><strong>Qu&rsquo;est-ce qu&rsquo;un cookie ?<\/strong><\/p>\n\n\n\n<p>Un \u00ab cookie \u00bb est un fichier texte susceptible d&rsquo;\u00eatre d\u00e9pos\u00e9 sur votre terminal \u00e0 l&rsquo;occasion de votre visite de notre site. Il a pour but de collecter des informations anonymes relatives \u00e0 votre navigation et de vous adresser des contenus adapt\u00e9s. Seul l&rsquo;\u00e9metteur d&rsquo;un cookie est susceptible de lire ou de modifier des informations qui y sont contenues.<\/p>\n\n\n\n<p>Les donn\u00e9es collect\u00e9es sont relatives notamment aux caract\u00e9ristiques du syst\u00e8me d&rsquo;exploitation, du navigateur ou du terminal que vous utilisez (ordinateur, tablette ou t\u00e9l\u00e9phone mobile), \u00e0 votre localisation, \u00e0 votre utilisation.<\/p>\n\n\n\n<p>Nous utilisons des cookies fonctionnels qui vous permettent une utilisation plus conviviale de Sites lors de vos visites. Nous utilisons \u00e9galement des cookies tiers non-fonctionnels destin\u00e9s \u00e0 r\u00e9colter des statistiques sur nos visiteurs et ainsi am\u00e9liorer nos Sites pour l\u2019avenir. Nous utilisons enfin des cookies requis pour le bon fonctionnement des Sites.<\/p>\n\n\n\n<p>Notre syst\u00e8me placera les cookies d\u00e8s que vous visitez notre site, sauf si vous vous y opposez en allant g\u00e9rer vos consentements ou bien si vous avez modifi\u00e9 le param\u00e9trage de votre navigateur afin de refuser les cookies.<\/p>\n\n\n\n<p><strong>Finalit\u00e9 des cookies utilis\u00e9s sur les sites<\/strong><\/p>\n\n\n\n<p>L\u2019universit\u00e9 Toulouse Jean Jaur\u00e8s utilise des cookies pour :<\/p>\n\n\n\n<p>&#8211; Faciliter la capacit\u00e9 des utilisateurs \u00e0 naviguer sur le site web.<\/p>\n\n\n\n<p>&nbsp;L\u2019universit\u00e9 Toulouse Jean Jaur\u00e8s utilise diff\u00e9rents types de cookies :<\/p>\n\n\n\n<p>&#8211; Des cookies n\u00e9cessaires au fonctionnement des Sites<\/p>\n\n\n\n<p>&#8211; Les cookies n\u00e9cessaires<\/p>\n\n\n\n<p>Ce sont des cookies techniques n\u00e9cessaires au bon fonctionnement du site universit\u00e9 Toulouse Jean Jaur\u00e8s qui sont d\u00e9pos\u00e9s lors de votre acc\u00e8s \u00e0 notre site. Il n\u2019est pas possible de les d\u00e9sactiver.<\/p>\n\n\n\n<p><strong>Nous contacter<\/strong><br>Par email : reseau.nes(arobase)proton.me<\/p>\n","protected":false},"excerpt":{"rendered":"<p>Mentions L\u00e9gales Conform\u00e9ment aux dispositions de la loi n\u00b0 2004-575 du 21 juin 2004 pour la confiance en l&rsquo;\u00e9conomie num\u00e9rique, il est pr\u00e9cis\u00e9 aux utilisateurs du Site l&rsquo;identit\u00e9 des diff\u00e9rents &hellip; <a href=\"https:\/\/blogs.univ-tlse2.fr\/masternes\/mentions-legales\/\" class=\"more-link\">Continuer la lecture de <span class=\"screen-reader-text\">Mentions l\u00e9gales<\/span> <span class=\"meta-nav\">&rarr;<\/span><\/a><\/p>\n","protected":false},"author":1261,"featured_media":0,"parent":0,"menu_order":0,"comment_status":"closed","ping_status":"closed","template":"","meta":{"_price":"","_stock":"","_tribe_ticket_header":"","_tribe_default_ticket_provider":"","_tribe_ticket_capacity":"0","_ticket_start_date":"","_ticket_end_date":"","_tribe_ticket_show_description":"","_tribe_ticket_show_not_going":false,"_tribe_ticket_use_global_stock":"","_tribe_ticket_global_stock_level":"","_global_stock_mode":"","_global_stock_cap":"","_tribe_rsvp_for_event":"","_tribe_ticket_going_count":"","_tribe_ticket_not_going_count":"","_tribe_tickets_list":"[]","_tribe_ticket_has_attendee_info_fields":false,"footnotes":"","_tec_slr_enabled":"","_tec_slr_layout":""},"class_list":["post-34","page","type-page","status-publish","hentry"],"ticketed":false,"_links":{"self":[{"href":"https:\/\/blogs.univ-tlse2.fr\/masternes\/wp-json\/wp\/v2\/pages\/34","targetHints":{"allow":["GET"]}}],"collection":[{"href":"https:\/\/blogs.univ-tlse2.fr\/masternes\/wp-json\/wp\/v2\/pages"}],"about":[{"href":"https:\/\/blogs.univ-tlse2.fr\/masternes\/wp-json\/wp\/v2\/types\/page"}],"author":[{"embeddable":true,"href":"https:\/\/blogs.univ-tlse2.fr\/masternes\/wp-json\/wp\/v2\/users\/1261"}],"replies":[{"embeddable":true,"href":"https:\/\/blogs.univ-tlse2.fr\/masternes\/wp-json\/wp\/v2\/comments?post=34"}],"version-history":[{"count":3,"href":"https:\/\/blogs.univ-tlse2.fr\/masternes\/wp-json\/wp\/v2\/pages\/34\/revisions"}],"predecessor-version":[{"id":410,"href":"https:\/\/blogs.univ-tlse2.fr\/masternes\/wp-json\/wp\/v2\/pages\/34\/revisions\/410"}],"wp:attachment":[{"href":"https:\/\/blogs.univ-tlse2.fr\/masternes\/wp-json\/wp\/v2\/media?parent=34"}],"curies":[{"name":"wp","href":"https:\/\/api.w.org\/{rel}","templated":true}]}}