 {"id":48,"date":"2025-04-02T16:05:03","date_gmt":"2025-04-02T14:05:03","guid":{"rendered":"https:\/\/blogs.univ-tlse2.fr\/masternes\/?page_id=48"},"modified":"2025-12-19T15:12:51","modified_gmt":"2025-12-19T14:12:51","slug":"historique-du-collectif-etudiant-du-master-nes","status":"publish","type":"page","link":"https:\/\/blogs.univ-tlse2.fr\/masternes\/historique-du-collectif-etudiant-du-master-nes\/","title":{"rendered":"Le r\u00e9seau du Master NES"},"content":{"rendered":"\n<figure class=\"wp-block-image size-large\"><img loading=\"lazy\" decoding=\"async\" width=\"724\" height=\"1024\" src=\"https:\/\/blogs.univ-tlse2.fr\/masternes\/files\/2025\/04\/Affiche-Reseau-NES-1-724x1024.png\" alt=\"R\u00e9seau des (ancien\u00b7nes) \u00e9tudiant\u00b7es : Master NES\n- Les RDVVS : l'organisation des &quot;Rencontres dans la Vraie Vie&quot; (RDVVs), des moments conviviaux pour cr\u00e9er et approfondir les liens qui nous unissent.\n- Le blog : pr\u00e9sentation du master, de l'histoire des Nessies et le planning des conf\u00e9rences Praxis du mardi matin.\n- LinkedIn : lieu num\u00e9rique de partage d'infos et d'opportunit\u00e9s professionnelles (groupe priv\u00e9 &quot;Nessies&quot;).\n- La lettre d'infos : partage d'\u00e9v\u00e9nements et des temps de rencontre du r\u00e9seau : les RDVVs.\n\nPour s'inscrire, envoyez un mail \u00e0 &#x73;y&#x6d;&#112;&#x61;&#x40;f&#x72;&#97;&#x6d;&#x61;g&#x72;&#111;&#x75;&#x70;e&#x73;&#46;&#x6f;&#x72;g, avec le titre de mail &quot;subscribe r\u00e9seau.net Pr\u00e9nom Nom&quot; et le corps de mail vide.\" class=\"wp-image-63\" srcset=\"https:\/\/blogs.univ-tlse2.fr\/masternes\/files\/2025\/04\/Affiche-Reseau-NES-1-724x1024.png 724w, https:\/\/blogs.univ-tlse2.fr\/masternes\/files\/2025\/04\/Affiche-Reseau-NES-1-212x300.png 212w, https:\/\/blogs.univ-tlse2.fr\/masternes\/files\/2025\/04\/Affiche-Reseau-NES-1-768x1086.png 768w, https:\/\/blogs.univ-tlse2.fr\/masternes\/files\/2025\/04\/Affiche-Reseau-NES-1-1086x1536.png 1086w, https:\/\/blogs.univ-tlse2.fr\/masternes\/files\/2025\/04\/Affiche-Reseau-NES-1-1448x2048.png 1448w, https:\/\/blogs.univ-tlse2.fr\/masternes\/files\/2025\/04\/Affiche-Reseau-NES-1.png 1587w\" sizes=\"auto, (max-width: 724px) 100vw, 724px\" \/><\/figure>\n\n\n\n<details class=\"wp-block-details alignwide has-medium-font-size is-layout-flow wp-block-details-is-layout-flow\"><summary><strong>Histoire de l&rsquo;association des \u00e9tudiant\u00b7es et ancien\u00b7nes \u00e9tudiant.es du master NES : Nessies<\/strong><\/summary>\n<h3 class=\"wp-block-heading\">Les d\u00e9buts (2003-2006)<\/h3>\n\n\n\n<p>L&rsquo;association \u00e9tudiante des Nessies est cr\u00e9\u00e9e en 2003 \u00e0 l&rsquo;initiative des \u00e9tudiant\u00b7es de cette \u00e9poque et avec le soutien de Josette Combe, alors responsable p\u00e9dagogique, et le concours de Jacques Prade.&nbsp;Le Master s&rsquo;appelle alors IES, \u00ab\u00a0Initiative pour une \u00c9conomie Solidaire\u00a0\u00bb.<\/p>\n\n\n\n<p>L&rsquo;association est mont\u00e9e et g\u00e9r\u00e9e par les \u00e9tudiants dans le cadre des cours du master et a pour \u201cbut de r\u00e9unir les \u00e9tudiants et anciens \u00e9tudiants du DESS \u00ab la nouvelle \u00e9conomie sociale \u00bb\u201d. L&rsquo;association organise chaque ann\u00e9e la journ\u00e9e sur l\u2019\u00c9conomie Solidaire (un \u201cvillage associatif\u00a0\u00bb) sur le campus du Mirail comme projet collectif des \u00e9tudiant\u00b7es. C&rsquo;est une journ\u00e9e festive avec la tenue de concerts, des conf\u00e9rences, des stands d&rsquo;acteurs de l&rsquo;ESS autour d\u2019une th\u00e9matique qui varie tous les ans. Ces journ\u00e9es sont organis\u00e9es avec le soutien de l\u2019Universit\u00e9.<\/p>\n\n\n\n<h3 class=\"wp-block-heading\"><strong>L\u2019activit\u00e9 de l\u2019association sors du cadre des cours du Master NES (2007-2013)<\/strong><\/h3>\n\n\n\n<div class=\"wp-block-media-text is-stacked-on-mobile\" style=\"grid-template-columns:76% auto\"><figure class=\"wp-block-media-text__media\"><img loading=\"lazy\" decoding=\"async\" width=\"1024\" height=\"728\" src=\"https:\/\/blogs.univ-tlse2.fr\/masternes\/files\/2025\/04\/nessies-1-1-1024x728.png\" alt=\"\" class=\"wp-image-59 size-full\" srcset=\"https:\/\/blogs.univ-tlse2.fr\/masternes\/files\/2025\/04\/nessies-1-1-1024x728.png 1024w, https:\/\/blogs.univ-tlse2.fr\/masternes\/files\/2025\/04\/nessies-1-1-300x213.png 300w, https:\/\/blogs.univ-tlse2.fr\/masternes\/files\/2025\/04\/nessies-1-1-768x546.png 768w, https:\/\/blogs.univ-tlse2.fr\/masternes\/files\/2025\/04\/nessies-1-1.png 1223w\" sizes=\"auto, (max-width: 1024px) 100vw, 1024px\" \/><\/figure><div class=\"wp-block-media-text__content\">\n<p>Journ\u00e9e sur l&rsquo;\u00c9conomie Solidaire du 6 Mai 2008<\/p>\n<\/div><\/div>\n\n\n\n<p>Bien&nbsp; que les Nessies ne soient plus rattach\u00e9s au Master via les cours, l&rsquo;organisation de cette journ\u00e9e perdure jusqu&rsquo;en 2013 par la volont\u00e9 et \u00e0 l&rsquo;initiative des \u00e9tudiant\u00b7es qui se mettent en contact avec les alumni NES, et avec le soutien de l\u2019\u00e9quipe p\u00e9dagogique.&nbsp;<\/p>\n\n\n\n<figure class=\"wp-block-pullquote\"><blockquote><p>\u201cCes journ\u00e9es constituent pour les \u00e9tudiants du Master II IES&nbsp; [Innovation, \u00c9conomie Sociale, ancien nom du master], un temps fort de mobilisation sur le montage d&rsquo;un projet collectif, un moment d&rsquo;apports th\u00e9oriques et d&rsquo;exp\u00e9riences en lien avec le projet professionnel des \u00e9tudiants. Pour l&rsquo;ensemble des \u00e9tudiants de l\u2019Universit\u00e9, c\u2019est un moment de r\u00e9flexion, de d\u00e9bats, sur l&rsquo;\u00e9volution \u00e9conomique. Elles contribuent \u00e9galement \u00e0 la volont\u00e9 d\u2019ouverture de l\u2019Universit\u00e9 sur son environnement.<br>Au-del\u00e0 de l&rsquo;exercice p\u00e9dagogique, il s&rsquo;agit aussi de densifier le r\u00e9seau des contacts tiss\u00e9s durant l&rsquo;ann\u00e9e de formation afin de favoriser les parcours professionnels.\u201d<\/p><cite>Document interne de l&rsquo;association, Bilan de la Journ\u00e9e de l\u2019ES du 6 mai 2008<\/cite><\/blockquote><\/figure>\n\n\n\n<p>Il est indiqu\u00e9 que l\u2019association est \u201cg\u00e9r\u00e9e par les \u00e9tudiants du Master II IES qui, b\u00e9n\u00e9volement et en dehors des cours, participent \u00e0 leur niveau au d\u00e9veloppement de la connaissance de l\u2019\u00e9conomie sociale et solidaire. Cette association vise aussi \u00e0 cr\u00e9er des liens avec l\u2019ensemble des \u00e9tudiants qui ont suivi ce cursus de formation\u201d.&nbsp;<\/p>\n\n\n\n<figure class=\"wp-block-gallery has-nested-images columns-default is-cropped wp-block-gallery-1 is-layout-flex wp-block-gallery-is-layout-flex\">\n<figure class=\"wp-block-image size-large\"><img loading=\"lazy\" decoding=\"async\" width=\"572\" height=\"777\" data-id=\"60\" src=\"https:\/\/blogs.univ-tlse2.fr\/masternes\/files\/2025\/04\/nessies-2-1.png\" alt=\"\" class=\"wp-image-60\" srcset=\"https:\/\/blogs.univ-tlse2.fr\/masternes\/files\/2025\/04\/nessies-2-1.png 572w, https:\/\/blogs.univ-tlse2.fr\/masternes\/files\/2025\/04\/nessies-2-1-221x300.png 221w\" sizes=\"auto, (max-width: 572px) 100vw, 572px\" \/><\/figure>\n<\/figure>\n\n\n\n<p><\/p>\n\n\n\n<h3 class=\"wp-block-heading\"><strong>L\u2019association ne vit plus et son objet social est chang\u00e9 ; le collectif NES a quelques sursauts (2013-2018)<\/strong><\/h3>\n\n\n\n<p>Entre 2013 et 2018, l&rsquo;association vivote et est le support de quelques \u00e9changes informels et de temps de partage (ap\u00e9ro), sans structuration ni gestion active. Des initiatives sporadiques de diff\u00e9rentes promotions \u00e9mergent dans l&rsquo;id\u00e9e de r\u00e9activer l&rsquo;association, mais rien ne va r\u00e9ellement \u00e9clore ni perdurer.<\/p>\n\n\n\n<p>L&rsquo;association est reprise par des anciens du master et l&rsquo;objet social est chang\u00e9 afin d&rsquo;exp\u00e9rimenter dans de nouveaux champs d&rsquo;actions. D&rsquo;association \u00e9tudiante autour de l&rsquo;ESS, elle devient une association qui propose des paniers solidaires.&nbsp;<\/p>\n\n\n\n<h3 class=\"wp-block-heading\"><strong>Un collectif NES informel qui tente de se reformer et participe au 20 ans du Master NES (2018-2021)<\/strong><\/h3>\n\n\n\n<p>En 2018, un groupe motiv\u00e9 \u00e0 relancer l&rsquo;association se retrouve aux \u201cIFs\u201d (Les Imaginations Fertiles). Il est constitu\u00e9 des promos M1 et M2 de cette \u00e9poque et de quelques ancien\u00b7nes. Leur objectif : refaire vivre les Nessies.<\/p>\n\n\n\n<p>Pendant 2 ans (2018-2020), le groupe se retrouve lors de r\u00e9unions informelles et hors du cadre du master pour d\u00e9finir les envies et besoins de tous\u00b7tes. Ils r\u00e9alisent 6\/8 ateliers\/temps de rencontre qui s&rsquo;inscrivent dans une dynamique d&rsquo;\u00e9ducation populaire et d&rsquo;auto-organisation pour r\u00e9fl\u00e9chir ensemble \u00e0 l&rsquo;objet social de l&rsquo;association.&nbsp;<\/p>\n\n\n\n<p>Ils cr\u00e9ent le groupe LinkedIn \u00ab\u00a0Nessies\u00a0\u00bb ainsi que le groupe Facebook.&nbsp;<\/p>\n\n\n\n<p>Mais en 2019\/2020, l&rsquo;arriv\u00e9e du covid ralentit cet \u00e9lan et la dynamique s&rsquo;essouffle.&nbsp;<\/p>\n\n\n\n<div class=\"wp-block-media-text is-stacked-on-mobile\" style=\"grid-template-columns:77% auto\"><figure class=\"wp-block-media-text__media\"><img loading=\"lazy\" decoding=\"async\" width=\"1024\" height=\"683\" src=\"https:\/\/blogs.univ-tlse2.fr\/masternes\/files\/2025\/04\/nessies-5-1-1024x683.jpg\" alt=\"\" class=\"wp-image-57 size-full\" srcset=\"https:\/\/blogs.univ-tlse2.fr\/masternes\/files\/2025\/04\/nessies-5-1-1024x683.jpg 1024w, https:\/\/blogs.univ-tlse2.fr\/masternes\/files\/2025\/04\/nessies-5-1-300x200.jpg 300w, https:\/\/blogs.univ-tlse2.fr\/masternes\/files\/2025\/04\/nessies-5-1-768x513.jpg 768w, https:\/\/blogs.univ-tlse2.fr\/masternes\/files\/2025\/04\/nessies-5-1-1536x1025.jpg 1536w, https:\/\/blogs.univ-tlse2.fr\/masternes\/files\/2025\/04\/nessies-5-1-2048x1367.jpg 2048w\" sizes=\"auto, (max-width: 1024px) 100vw, 1024px\" \/><\/figure><div class=\"wp-block-media-text__content\">\n<p>AG d&rsquo;Orientation des Nessies lors de la rencontre des 20 ans du Master<\/p>\n<\/div><\/div>\n\n\n\n<p>Le collectif participe tout de m\u00eame \u00e0 l&rsquo;organisation des 20 ans du master qui se d\u00e9roule le 25 septembre 2021.<\/p>\n\n\n\n<p>La matin\u00e9e est consacr\u00e9e aux interventions de l&rsquo;\u00e9quipe p\u00e9dagogique pour retracer l\u2019histoire du master, et marque le d\u00e9part de Jacques Prades et l&rsquo;arriv\u00e9e de Mireille Bruy\u00e8re en tant que directrice du master.<\/p>\n\n\n\n<p>L&rsquo;apr\u00e8s-midi, une salle du ch\u00e2teau du campus est r\u00e9serv\u00e9e et les ancien\u00b7nes du master ont carte blanche. Ils proposent un temps de retrouvaille et d\u2019\u00e9change autour du Master avec pour but de potentiellement relancer l\u2019association \u201cLes Nessies\u00a0\u00bb.<\/p>\n<\/details>\n\n\n\n<details class=\"wp-block-details alignwide has-medium-font-size is-layout-flow wp-block-details-is-layout-flow\"><summary><strong>Le r\u00e9seau du Master NES aujourd&rsquo;hui (2025-)<\/strong><\/summary>\n<p>Depuis, aucune association n\u2019a \u00e9t\u00e9 reform\u00e9e.<\/p>\n\n\n\n<p>Port\u00e9 par des \u00e9tudiant.es en Master 2, le r\u00e9seau du Master NES et (r\u00e9)anim\u00e9. Cette initiative porte en son c\u0153ur la transmission entre \u00e9tudiant.es mais aussi avec les ancien.nes \u00e9tudiant.es, afin de pouvoir maintenir une dynamique collective.<\/p>\n\n\n\n<p>Il est anim\u00e9 par les r\u00e9seauteur.euses, des \u00e9tudiant.es du Master en formation, qui s&rsquo;occupent de la gestion des outils num\u00e9riques ainsi que de l&rsquo;organisation des Rencontres dans la Vraie Vie, les RDVVs. La premi\u00e8re rencontre a lieu le mardi 8 avril 2025.<\/p>\n\n\n\n<div class=\"wp-block-media-text is-stacked-on-mobile\" style=\"grid-template-columns:79% auto\"><figure class=\"wp-block-media-text__media\"><img loading=\"lazy\" decoding=\"async\" width=\"724\" height=\"1024\" src=\"https:\/\/blogs.univ-tlse2.fr\/masternes\/files\/2025\/04\/Affiche-Reseau-NES-1-724x1024.png\" alt=\"\" class=\"wp-image-63 size-full\" srcset=\"https:\/\/blogs.univ-tlse2.fr\/masternes\/files\/2025\/04\/Affiche-Reseau-NES-1-724x1024.png 724w, https:\/\/blogs.univ-tlse2.fr\/masternes\/files\/2025\/04\/Affiche-Reseau-NES-1-212x300.png 212w, https:\/\/blogs.univ-tlse2.fr\/masternes\/files\/2025\/04\/Affiche-Reseau-NES-1-768x1086.png 768w, https:\/\/blogs.univ-tlse2.fr\/masternes\/files\/2025\/04\/Affiche-Reseau-NES-1-1086x1536.png 1086w, https:\/\/blogs.univ-tlse2.fr\/masternes\/files\/2025\/04\/Affiche-Reseau-NES-1-1448x2048.png 1448w, https:\/\/blogs.univ-tlse2.fr\/masternes\/files\/2025\/04\/Affiche-Reseau-NES-1.png 1587w\" sizes=\"auto, (max-width: 724px) 100vw, 724px\" \/><\/figure><div class=\"wp-block-media-text__content\">\n<p>Affiche de pr\u00e9sentation du R\u00e9seau du Master NES, avril 2025<\/p>\n<\/div><\/div>\n\n\n\n<p><\/p>\n<\/details>\n\n\n\n<details class=\"wp-block-details alignwide has-medium-font-size is-layout-flow wp-block-details-is-layout-flow\"><summary><strong>Les outils num\u00e9riques du r\u00e9seau des (ancien\u00b7nes) \u00e9tudiant\u00b7es du Master NES<\/strong><\/summary>\n<h3 class=\"wp-block-heading\">La lettre d&rsquo;infos<\/h3>\n\n\n\n<p>Liste <em>Framagroup<\/em> cr\u00e9\u00e9e dans le but de partager les \u00e9v\u00e8nements li\u00e9es au Master NES, \u00e0 l&rsquo;ESS et aux RDVVs.<\/p>\n\n\n\n<p>Pour s&rsquo;inscire : envoyer un mail \u00e0 &#115;&#x79;m&#x70;a&#64;&#x66;r&#x61;m&#x61;g&#114;&#x6f;u&#x70;e&#x73;&#x2e;&#111;&#x72;g, dans le titre du mail indiquez \u00ab\u00a0suscribe reseau.nes Pr\u00e9nom Nom\u00a0\u00bb en indiquant votre pr\u00e9nom et nom, et laissez le corps du mail vide.<\/p>\n\n\n\n<h3 class=\"wp-block-heading\">Le LinkedIn<\/h3>\n\n\n\n<p>Pour rejoindre le groupe LinkedIn priv\u00e9 du Master, suivez ce lien : <a href=\"https:\/\/www.linkedin.com\/groups\/13666098\">https:\/\/www.linkedin.com\/groups\/13666098<\/a><\/p>\n<\/details>\n","protected":false},"excerpt":{"rendered":"","protected":false},"author":1261,"featured_media":0,"parent":0,"menu_order":0,"comment_status":"closed","ping_status":"closed","template":"","meta":{"_price":"","_stock":"","_tribe_ticket_header":"","_tribe_default_ticket_provider":"","_tribe_ticket_capacity":"0","_ticket_start_date":"","_ticket_end_date":"","_tribe_ticket_show_description":"","_tribe_ticket_show_not_going":false,"_tribe_ticket_use_global_stock":"","_tribe_ticket_global_stock_level":"","_global_stock_mode":"","_global_stock_cap":"","_tribe_rsvp_for_event":"","_tribe_ticket_going_count":"","_tribe_ticket_not_going_count":"","_tribe_tickets_list":"[]","_tribe_ticket_has_attendee_info_fields":false,"footnotes":"","_tec_slr_enabled":"","_tec_slr_layout":""},"class_list":["post-48","page","type-page","status-publish","hentry"],"ticketed":false,"_links":{"self":[{"href":"https:\/\/blogs.univ-tlse2.fr\/masternes\/wp-json\/wp\/v2\/pages\/48","targetHints":{"allow":["GET"]}}],"collection":[{"href":"https:\/\/blogs.univ-tlse2.fr\/masternes\/wp-json\/wp\/v2\/pages"}],"about":[{"href":"https:\/\/blogs.univ-tlse2.fr\/masternes\/wp-json\/wp\/v2\/types\/page"}],"author":[{"embeddable":true,"href":"https:\/\/blogs.univ-tlse2.fr\/masternes\/wp-json\/wp\/v2\/users\/1261"}],"replies":[{"embeddable":true,"href":"https:\/\/blogs.univ-tlse2.fr\/masternes\/wp-json\/wp\/v2\/comments?post=48"}],"version-history":[{"count":12,"href":"https:\/\/blogs.univ-tlse2.fr\/masternes\/wp-json\/wp\/v2\/pages\/48\/revisions"}],"predecessor-version":[{"id":416,"href":"https:\/\/blogs.univ-tlse2.fr\/masternes\/wp-json\/wp\/v2\/pages\/48\/revisions\/416"}],"wp:attachment":[{"href":"https:\/\/blogs.univ-tlse2.fr\/masternes\/wp-json\/wp\/v2\/media?parent=48"}],"curies":[{"name":"wp","href":"https:\/\/api.w.org\/{rel}","templated":true}]}}