 {"id":98,"date":"2025-10-04T17:27:30","date_gmt":"2025-10-04T15:27:30","guid":{"rendered":"https:\/\/blogs.univ-tlse2.fr\/masternes\/?page_id=98"},"modified":"2025-12-19T15:17:19","modified_gmt":"2025-12-19T14:17:19","slug":"lequipe-pedagogique","status":"publish","type":"page","link":"https:\/\/blogs.univ-tlse2.fr\/masternes\/lequipe-pedagogique\/","title":{"rendered":"L&rsquo;\u00e9quipe du master NES"},"content":{"rendered":"\n<h2 class=\"wp-block-heading\">EQUIPE DE DIRECTION<\/h2>\n\n\n\n<p> Directrice : <strong>Mireille BRUYERE<\/strong>      <a href=\"m&#x61;&#x69;l&#116;&#x6f;:&#109;&#x69;r&#101;&#x69;ll&#x65;&#x2e;b&#x72;&#x75;y&#101;&#x72;e&#64;&#x75;ni&#x76;&#x2d;t&#x6c;&#x73;e&#50;&#x2e;f&#114;\">m&#x69;r&#x65;&#x69;l&#x6c;e&#46;&#x62;r&#x75;y&#101;&#x72;e&#x40;u&#110;&#x69;v&#x2d;&#x74;l&#x73;e&#50;&#x2e;f&#x72;<\/a><\/p>\n\n\n\n<p> Responsable p\u00e9dagogique :  <strong>St\u00e9phane H\u00c9NIN<\/strong>     <a href=\"&#x6d;&#x61;&#x69;&#x6c;&#x74;&#x6f;&#x3a;&#x73;&#x74;&#x65;&#x70;&#104;&#97;&#110;&#101;&#46;henin&#64;un&#x69;&#x76;&#x2d;&#x74;&#x6c;&#x73;&#x65;&#x32;&#x2e;&#x66;&#x72;\">s&#x74;e&#x70;&#x68;a&#x6e;e&#46;&#x68;e&#x6e;i&#110;&#x40;u&#x6e;i&#118;&#x2d;t&#x6c;&#x73;e&#x32;&#46;&#102;&#x72;<\/a><\/p>\n\n\n\n<p>Responsable administrative : <strong>Aur\u00e9lie DOUAY<\/strong> <a href=\"&#x6d;a&#x69;&#108;t&#x6f;&#58;a&#x75;r&#x65;&#x6c;i&#x65;&#46;d&#x6f;u&#x61;&#x79;&#64;&#x75;&#110;i&#x76;-t&#x6c;s&#x65;&#50;&#46;&#x66;&#114;\">&#x61;u&#x72;e&#x6c;i&#x65;&#46;d&#x6f;u&#x61;y&#x40;&#117;&#x6e;&#105;v&#x2d;t&#x6c;s&#x65;&#50;&#x2e;&#x66;r<\/a> 05.61.50.41.79 (du lundi et vendredi, bureau GS.030, B\u00e2timent Olympe de Gouges)<\/p>\n\n\n\n<h2 class=\"wp-block-heading\">EQUIPE PEDAGOGIQUE<\/h2>\n\n\n\n<details class=\"wp-block-details is-layout-flow wp-block-details-is-layout-flow\"><summary>MIREILLE BRUYERE<\/summary>\n<p><strong>BRUYERE Mireille <\/strong>   (\u00e9conomie)    <a href=\"&#x6d;&#97;i&#x6c;&#116;o&#x3a;&#x6d;ir&#x65;&#105;l&#x6c;&#x65;&#46;b&#x72;&#117;y&#x65;&#x72;e&#64;&#x75;&#110;i&#x76;&#x2d;tl&#x73;&#101;2&#x2e;&#x66;r\">&#109;&#x69;&#114;&#x65;i&#x6c;l&#x65;&#46;&#x62;r&#x75;y&#x65;r&#101;&#x40;&#117;&#x6e;&#105;&#x76;-&#x74;l&#x73;e&#x32;&#46;&#x66;r<\/a><\/p>\n\n\n\n<blockquote class=\"wp-block-quote is-layout-flow wp-block-quote-is-layout-flow\">\n<p class=\"has-medium-font-size\"><em>Je suis \u00e9conomiste de formation. Mes premiers objets de recherche concernaient (et concerne toujours en partie) les questions du travail et de l\u2019emploi dans une approche socio-\u00e9conomique. J\u2019ai men\u00e9 une critique de la notion de march\u00e9 du travail ou du mythe de la relation formation-emploi visant \u00e0 adapter la formation initiale aux besoins des entreprises. En puisant dans d\u2019autres disciplines en particulier la philosophe et la psychanalyse \u00e0 la faveur de la fondation en 2016 du master Psychanalyse, Philosophie et \u00e9conomie politique du sujet, j\u2019ai orient\u00e9 mes travaux vers une critique de l\u2018institution de la valeur \u00e9conomique \u00e0 partir des travaux de Cornelius Castoriadis. J\u2018ai aussi particip\u00e9 \u00e0 la cr\u00e9ation et \u00e0 l\u2019animation du collectif des \u00e9conomistes atterr\u00e9s qui tente d\u2019impulser dans l\u2019espace public une critique des politiques \u00e9conomiques n\u00e9olib\u00e9rales. La critique de la valeur en \u00e9conomie est intimement li\u00e9e \u00e0 la question des limites. Ainsi, je participe aux travaux de l\u2019Atecopol MSH-Toulouse,par exemple en menant la critique du mythe la croissance verte et de productivit\u00e9. Je suis membre du CERTOP.<\/em><\/p>\n<\/blockquote>\n\n\n\n<p><strong>P<\/strong><strong>ublications<\/strong><\/p>\n\n\n\n<p>Bruy\u00e8re M., 2019, \u00ab\u2009La croissance n\u2019est pas verte, elle est dangereuse&nbsp;\u00bb Note d\u2019analyse d\u00e9cembre 2019, Economistes Atterr\u00e9s<\/p>\n\n\n\n<p>Bruy\u00e8re M. 2021 <em>De quoi avons nous vraiment besoin&nbsp;?<\/em>, Les Economistes Atterr\u00e9s, Edition Les Liens qui lib\u00e8rent, 256p<\/p>\n\n\n\n<p>Bruy\u00e8re M., 2018, <a href=\"http:\/\/certop.cnrs.fr\/linsoutenable-productivite-du-travail-de-mireille-bruyere\/\">L\u2019insoutenable productivit\u00e9 du travail<\/a>, \u00c9ditions Le Bord de l\u2019eau, Collection l\u2019\u00c9conomie encastr\u00e9e, 160 p.,<\/p>\n\n\n\n<p>B. Pierre, M. Bruy\u00e8re et M-J Sauret. 2023 \u00ab&nbsp;De l\u2019argent et du pouvoir&nbsp;\u00bb, Psychanalyse YETU, vol. 51, no. 1, 2023, pp. 39-54.<\/p>\n\n\n\n<p>Bruy\u00e8re, M. et Liz\u00e9, L. 2020, \u00ab&nbsp;Impact des contextes \u00e9conomique et organisationnel des entreprises sur le sens du travail chez les salari\u00e9s&nbsp;\u00bb, <em>Relations industrielles<\/em>, vol. 75, n\u00b0 2, 2020, p. 225.<\/p>\n\n\n\n<p>Bruy\u00e8re M., 2022, \u00ab\u2009La trag\u00e9die industrielle&nbsp;\u00bb Revue AOC- Rubrique Analyse, 17 f\u00e9vrier 2022<\/p>\n\n\n\n<p>Bruy\u00e8re M., 2020, \u00ab\u2009La part sombre de l\u2019industrie&nbsp;\u00bb Revue Les Possibles n\u00b024 \u00e9t\u00e9 2020 \u2013 ATTAC<\/p>\n<\/details>\n\n\n\n<details class=\"wp-block-details is-layout-flow wp-block-details-is-layout-flow\"><summary>STEPHANE HENIN <\/summary>\n<p><strong>HENIN St\u00e9phane <\/strong>   (m\u00e9thodologie de projet)<a href=\"&#x6d;&#x61;&#x69;&#x6c;&#116;o:st&#x65;&#x70;&#x68;&#x61;&#110;e&#46;he&#x6e;&#x69;&#x6e;&#x40;&#117;niv-&#x74;&#x6c;&#x73;&#x65;&#50;&#46;fr\">    &#x73;&#116;e&#x70;&#x68;&#97;n&#x65;&#x2e;&#104;e&#x6e;&#x69;n&#64;&#x75;&#x6e;iv&#x2d;&#116;ls&#x65;&#50;&#46;&#x66;&#x72;<\/a><\/p>\n\n\n\n<p class=\"has-medium-font-size\"><em>J&rsquo; accompagne depuis plus de dix ans des organisations de l&rsquo;\u00e9conomie sociale dans leur d\u00e9veloppement : coop\u00e9ratives d\u2019activit\u00e9s et d\u2019emploi (CAE), Scop, Scic, Cuma, Coop\u00e9ratives diverses, associations employeuses, Insertion par l\u2019activit\u00e9 \u00e9conomique (SIAE), Organisme communautaire d\u2019accueil et d\u2019activit\u00e9s sociales (OACAS)<\/em> <em>Alimentation, agriculture, culture, ressourceries, mobilit\u00e9s, \u00e9nergies renouvelables, multi-partenariats, ruralit\u00e9 Collectifs, micropolitique des groupes<\/em><\/p>\n<\/details>\n\n\n\n<details class=\"wp-block-details is-layout-flow wp-block-details-is-layout-flow\"><summary>AURELIEN BERLAN<\/summary>\n<p class=\"has-text-align-left\"><em><br><strong>BERLAN Aur\u00e9lien<\/strong>   (philosophie)<a href=\"m&#x61;&#x69;l&#x74;&#x6f;:&#x61;&#x75;r&#101;&#x6c;i&#101;&#x6e;&#46;&#98;&#x65;r&#108;&#x61;n&#64;&#x75;&#x6e;i&#x76;&#x2d;t&#x6c;&#x73;e&#x32;&#x2e;f&#114;\">   aureli&#101;&#110;&#46;&#x62;&#x65;&#x72;&#x6c;&#x61;&#x6e;&#x40;univ-tl&#115;&#101;&#x32;&#x2e;&#x66;&#x72;<\/a><\/em><\/p>\n\n\n\n<p class=\"has-medium-font-size\"><em>Je suis  philosophe de formation, mais ai toujours pens\u00e9 en lien avec les sciences sociales, notamment la sociologie, l\u2019anthropologie, la critique de l\u2019\u00e9conomie politique, ainsi qu\u2019avec l\u2019\u00e9cologie politique, sans jamais dissocier r\u00e9flexion et engagement politique. J\u2019ai fait ma th\u00e8se sur les r\u00e9actions critiques suscit\u00e9es par l\u2019industrialisation brutale de l\u2019Allemagne entre 1870 et 1920&nbsp;: La critique culturelle et la constitution de la sociologie allemande&nbsp;: T\u00f6nnies, Simmel et Weber. Puis une habilitation intitul\u00e9e&nbsp;: Repenser l\u2019\u00e9mancipation. Pour une philosophie politique et sociale de la libert\u00e9. Je suis membre du groupe Marcuse, qui a publi\u00e9 entre autres un essai contre l\u2019informatisation du monde (La libert\u00e9 dans le coma, 2013), et de l\u2019Atecopol (Atelier d\u2019\u00e9cologie politique de Toulouse&nbsp;: https:\/\/atecopol.hypotheses.org\/), qui a notamment publi\u00e9 un dictionnaire critique du Greenwashing (2022). Apr\u00e8s 15 ans de vacations et de traductions, j\u2019ai rencontr\u00e9 le master NES en 2020 et ai \u00e9t\u00e9 titularis\u00e9 ma\u00eetre de conf\u00e9rences au d\u00e9partement de Sciences \u00e9conomiques et gestion, en \u00e9tant rattach\u00e9 \u00e0 l\u2019\u00e9quipe Dynamiques rurales du Laboratoire Interdisciplinaire Solidarit\u00e9s Soci\u00e9t\u00e9s Territoires (LISST). Th\u00e9matiques de recherche&nbsp;:<\/em> <em> histoire de la pens\u00e9e sociale et politique allemande moderne<\/em> ; <em>th\u00e9ories de la libert\u00e9, de l\u2019\u00e9mancipation et de l\u2019autonomie mat\u00e9rielle et politique<\/em> ; <em>\u00e9cologie politique&nbsp;: critique de la soci\u00e9t\u00e9 industrielle, du techno-solutionnisme et du scientisme<\/em>.<\/p>\n\n\n\n<p><strong>Publications<\/strong><\/p>\n\n\n\n<p>\u00ab&nbsp;Comment l\u2019id\u00e9e de neutralit\u00e9 scientifique nous aveugle&nbsp;\u00bb, <em>\u00c9cologie &amp; Politique, <\/em><em>n\u00b0 <\/em>67(2), 2023, p. 131-146.<\/p>\n\n\n\n<p><em>La Fabrique des derniers hommes. Retour sur le pr\u00e9sent avec Weber, Simmel et T\u00f6nnies, <\/em>Paris, La D\u00e9couverte, 2012.<\/p>\n\n\n\n<p><em>Terre et libert\u00e9. La qu\u00eate d\u2019autonomie contre le fantasme de d\u00e9livrance<\/em>, Saint-Michel-de-Vax,La Lenteur, 2021.<\/p>\n\n\n\n<p>avec le groupe Marcuse&nbsp;: <em>De la mis\u00e8re humaine en milieu publicitaire. Comment le monde se meurt de notre mode de vie<\/em>, Paris, La D\u00e9couverte, 2004 et <em>La Libert\u00e9 dans le coma. Essai sur les motifs de l\u2019identification \u00e9lectronique et les moyens de s\u2019y opposer<\/em>, Saint-Michel-de-Vax, La Lenteur, 2013.<\/p>\n\n\n\n<p>avec l\u2019Atecopol&nbsp;: Aur\u00e9lien Berlan, Guillaume Carbou et Laure Teuli\u00e8res, <em>Greenwashing, Manuel pour d\u00e9polluer le d\u00e9bat public<\/em>, Paris Seuil, 2022.<\/p>\n\n\n\n<p>\u00ab&nbsp;Anatomie du chez soi. De l\u2019usage commun \u00e0 la sp\u00e9culation immobili\u00e8re, analyse de la propri\u00e9t\u00e9 fonci\u00e8re&nbsp;\u00bb, <em>Z. Revue itin\u00e9rante de critique sociale,<\/em> n\u00b0&nbsp;7 (2013), p. 182-189 (disponible sur le site&nbsp;: <a href=\"https:\/\/lesruminants.com\/\">https:\/\/lesruminants.com\/<\/a>).<\/p>\n<\/details>\n\n\n\n<details class=\"wp-block-details is-layout-flow wp-block-details-is-layout-flow\"><summary>HELOISE PREVOST<\/summary>\n<p><strong>PREVOST<\/strong> <strong>H\u00e9lo\u00efse<\/strong>   (sociologie)    <a href=\"m&#x61;i&#108;&#x74;o&#x3a;&#x68;e&#x6c;o&#105;&#x73;e&#46;&#x70;r&#x65;v&#111;&#x73;t&#64;&#x75;n&#x69;&#x76;-&#x74;l&#115;&#x65;2&#x2e;&#x66;r\">hel&#111;&#x69;&#x73;&#x65;&#46;pr&#101;&#x76;&#x6f;&#x73;&#x74;&#64;un&#105;&#x76;&#x2d;&#x74;&#x6c;se2&#46;&#x66;&#x72;<\/a><\/p>\n\n\n\n<blockquote class=\"wp-block-quote is-layout-flow wp-block-quote-is-layout-flow\">\n<p class=\"has-medium-font-size\"><em>Je suis sociologue sp\u00e9cialis\u00e9e sur les questions genre et environnement, les mobilisations environnementales et f\u00e9ministes, les r\u00e9sistances en contexte de conflits environnementaux, les \u00e9conomies f\u00e9ministes et politiques f\u00e9ministes\/du care. Je m&rsquo; inscrite dans une d\u00e9marche de sciences engag\u00e9es et d\u00e9veloppant des recherches participatives ou recherchaction f\u00e9ministe.<\/em> <em>Co-r\u00e9alisatrice du film participatif \u00ab&nbsp;Femmes rurales en mouvement&nbsp;\u00bb (2016) avec le MMTR (Mouvement des femmes travailleuses rurales du nordeste du Br\u00e9sil)<\/em><\/p>\n<\/blockquote>\n\n\n\n<p><strong>Publications<\/strong><\/p>\n\n\n\n<p>H\u00e9lo\u00efse Pr\u00e9vost. Des femmes rurales face \u00e0 l\u2019histoire coloniale patriarcale au Br\u00e9sil. <em>Travail, genre et soci\u00e9t\u00e9s<\/em>, 2021, n\u00b0 45 (1), pp.77-95. <a href=\"https:\/\/dx.doi.org\/10.3917\/tgs.045.0077\" target=\"_blank\" rel=\"noreferrer noopener\"><u>\u27e810.3917\/tgs.045.0077\u27e9<\/u><\/a>. <a href=\"https:\/\/hal.science\/hal-03365873v1\" target=\"_blank\" rel=\"noreferrer noopener\"><u>\u27e8hal-03365873\u27e9<\/u><\/a><\/p>\n\n\n\n<p>H\u00e9lo\u00efse Pr\u00e9vost. R\u00e9sistances, savoirs et exp\u00e9riences de femmes rurales : un num\u00e9ro situ\u00e9 \/ situer un num\u00e9ro. <em>L&rsquo;Ordinaire des Am\u00e9riques<\/em>, 2024, F\u00e9minisme rural face au Bolsonarisme, 233, <a href=\"https:\/\/dx.doi.org\/10.4000\/13cfh\" target=\"_blank\" rel=\"noreferrer noopener\">\u27e810.4000\/13cfh\u27e9<\/a>. <a href=\"https:\/\/hal.science\/hal-04958676v1\" target=\"_blank\" rel=\"noreferrer noopener\">\u27e8hal-04958676\u27e9<\/a><\/p>\n\n\n\n<p><strong>Isabelle Hillenkamp et H\u00e9lo\u00efse Pr\u00e9vost<\/strong>, \u00ab&nbsp;Extractivisme et r\u00e9sistances paysannes dans l\u2019agro\u00e9cologie au Br\u00e9sil&nbsp;\u00bb,&nbsp;<em>Revue internationale des \u00e9tudes du d\u00e9veloppement<\/em> [En ligne], 255&nbsp;|&nbsp;2024, mis en ligne le 02 juillet 2024, consult\u00e9 le 16 juillet 2025. URL&nbsp;: http:\/\/journals.openedition.org\/ried\/23052&nbsp;; DOI&nbsp;: https:\/\/doi.org\/10.4000\/11zhi<\/p>\n\n\n\n<p>Pr\u00e9vost, H. &amp; Sa Vilas Boas, M.-H. (2024). Genre et politique. <em>Dictionnaire politique de l\u2019Am\u00e9rique latine<\/em>. \u00c9ditions de l\u2019IHEAL.<\/p>\n<\/details>\n\n\n\n<details class=\"wp-block-details is-layout-flow wp-block-details-is-layout-flow\"><summary>JULIEN MILANESI<\/summary>\n<p><strong>MILANESI Julien<\/strong>   (\u00e9conomie)   <a href=\"&#x6d;&#97;il&#x74;&#x6f;:j&#x75;&#x6c;ie&#x6e;&#x2e;&#109;i&#x6c;&#x61;&#110;e&#x73;&#x69;&#64;i&#x75;&#x74;&#45;tl&#x73;&#x65;3&#46;&#x66;&#x72;\">j&#x75;&#x6c;i&#101;&#x6e;&#x2e;m&#105;&#x6c;an&#x65;&#x73;i&#64;&#x69;ut&#x2d;&#x74;l&#115;&#x65;&#x33;&#46;&#x66;&#x72;<\/a><\/p>\n\n\n\n<blockquote class=\"wp-block-quote is-layout-flow wp-block-quote-is-layout-flow\">\n<p class=\"has-medium-font-size\"><em>Je suis socio-\u00e9conomiste, mes recherches portent sur les politiques publiques d&rsquo;environnement, les r\u00e9sistances aux grands projets de transport et l&rsquo;\u00e9cosyst\u00e8me alternatif du Pays basque fran\u00e7ais.<\/em><\/p>\n<\/blockquote>\n\n\n\n<p><strong>Publications<\/strong><\/p>\n\n\n\n<p>Archives en ligne: <a href=\"https:\/\/cv.hal.science\/julien-milanesi?langChosen=fr\">https:\/\/cv.hal.science\/julien-milanesi?langChosen=fr<\/a> <a href=\"https:\/\/www.youtube.com\/redirect?event=channel_description&amp;redir_token=QUFFLUhqbjFLcmZPZ3BVUFhsMktzNV9pVGFWdWdRWWZfQXxBQ3Jtc0tuS2p4bEJrWE0zWU96bDl1RXg3akNHVUFKeGFiRUNtdGhCbnZXMzlLZHBVUFU3b2pweDhTdXFqeUNSTlI3MWxhVmg0MXlpSUlUTlBUWTM2bHQ0SmFackRaNGxtSTYwN2tveC1MclI4QnZpS0hPcHNHbw&amp;q=https%3A%2F%2Fblogs.mediapart.fr%2Fjulien-milanesi%2Fblog\" target=\"_blank\" rel=\"noreferrer noopener\">blogs.mediapart.fr\/julien-milanesi\/blog<\/a><\/p>\n\n\n\n<p>L\u2019\u00e9mergence d\u2019une monnaie. L\u2019Eusko : quand les Monnaies Locales Compl\u00e9mentaires trouvent leur public. 2025. J. Milanesi. En cours de publication.<br>L&rsquo;\u00e9cosyst\u00e8me alternatif du Pays Basque fran\u00e7ais. 2022. J. Milanesi. Rapport de recherche.<\/p>\n\n\n\n<p>L\u2019imaginaire des grandes infrastructures de transport. In \u00ab\u00a0Dans la fabrique des transitions \u00e9cologiques\u00a0\u00bb.2019. J. Milanesi, in M-C Z\u00e9lem, G. Carr\u00e8re, et C. Dumas (dirs.), L&rsquo;Harmattan, Paris.<\/p>\n\n\n\n<p>R\u00e9sister au grands projets inutiles et impos\u00e9s, De Notre Dame des Landes \u00e0 Bure. 2018. A. Grisoni, J. Milanesi. J. P\u00e9lenc et L. S\u00e9bastien. Editions Textuel.<\/p>\n\n\n\n<p>L&rsquo;int\u00e9r\u00eat g\u00e9n\u00e9ral et moi. 2016. Sophie Metrich et Julien Milanesi. Film documentaire.<\/p>\n\n\n\n<p>Quelle th\u00e9orie \u00e9conomique pour r\u00e9glementer les OGM?, 2016. J. Milanesi Revue fran\u00e7aise de socio-\u00e9conomie, n\u00b016<\/p>\n\n\n\n<p>Ethique et \u00e9valuation mon\u00e9taire de l\u2019environnement.2010. J. Milanesi.&nbsp; La nature est-elle soluble dans l\u2019utilit\u00e9 ?, VertigO, 10, 2.<\/p>\n\n\n\n<p>\u201cLa m\u00e9thode d\u2019\u00e9valuation contingente en question. Critique, requalification et mesure de la demande en assainissement \u00e0 Moshi (Tanzanie)\u201d, 2007, J. Milanesi, th\u00e8se de Doctorat es Sciences \u00e9conomiques,<\/p>\n<\/details>\n\n\n\n<details class=\"wp-block-details is-layout-flow wp-block-details-is-layout-flow\"><summary>PRISCA KERGOAT<\/summary>\n<p><strong>KERGOAT Prisca  <\/strong>(sociologie)  <a href=\"m&#x61;i&#108;&#x74;o&#x3a;&#x70;r&#x69;s&#99;&#x61;&#46;&#107;&#x65;r&#x67;o&#97;&#x74;&#64;&#117;&#x6e;i&#x76;&#x2d;t&#x6c;s&#101;&#x32;&#46;&#x66;&#x72;\">pris&#99;&#97;&#x2e;&#x6b;&#x65;&#x72;&#x67;&#x6f;at&#64;un&#105;&#118;&#x2d;&#x74;&#x6c;&#x73;&#x65;&#x32;&#46;fr<\/a><\/p>\n\n\n\n<p class=\"has-medium-font-size\"><em>Je suis sociologue et mes recherches portent sur la socialisation des jeunesses populaires ; la culture populaire et la culture ouvri\u00e8re; les \u00a0collectif de travail et culture de travail; les dominations, les r\u00e9sistances et l&rsquo;\u00e9mancipation ; les \u00a0rapports sociaux (genre, classe, race, g\u00e9n\u00e9ration).<\/em> <em>Th\u00e9matique de recherche : sociologie de l&rsquo;\u00e9ducation et de la formation professionnelle ; politiques publiques ; in\u00e9galit\u00e9s sociales ; dispositifs et gouvernance, Sociologie du travail ; division sociale du travail ; march\u00e9 du travail ; organisation du travail et gestion du personnel ; qualification et comp\u00e9tences<\/em>.<\/p>\n<\/details>\n\n\n\n<details class=\"wp-block-details is-layout-flow wp-block-details-is-layout-flow\"><summary>AMERICO MARIANI<\/summary>\n<p><strong>MARIANI <\/strong><strong>Am\u00e9rico<\/strong>   (sociologie)    <a href=\"&#109;a&#x69;l&#x74;o&#x3a;a&#x6d;&#101;&#x72;&#105;c&#x6f;&#46;&#x6d;a&#x72;i&#x61;n&#x69;&#64;&#x75;&#110;i&#x76;-&#x74;l&#x73;e&#x32;&#46;&#x66;&#114;\">a&#x6d;e&#114;&#x69;c&#111;&#x2e;m&#x61;&#x72;i&#x61;n&#105;&#x40;u&#110;&#x69;v&#x2d;&#x74;l&#x73;&#x65;2&#x2e;f&#114;<\/a><\/p>\n\n\n\n<blockquote class=\"wp-block-quote is-layout-flow wp-block-quote-is-layout-flow\">\n<p><em>Je suis sociologue de formation. Je pratique une anthropologie politique de la production de l\u2019espace. Je travaille la question de la transformation urbaine avec une attention particuli\u00e8re \u00e0 la dimension politique des r\u00e9alit\u00e9s sociales. Je suis aussi documentariste sonore. J&rsquo;utilise des outils radiophoniques, de captation, mais aussi de diffusion, tant dans la recherche que dans sa restitution. J\u2019anime le site <a href=\"https:\/\/toulouse.espacesensible.net\/\">toulouse.espacesensible.net<\/a> dont je suis le principal contributeur. Je travaille avec l\u2019association l\u2019ortie sur des recherches \u2013 cr\u00e9ations. Je suis charg\u00e9 de cours \u00e0 l\u2019universit\u00e9. Ce qui veut dire que mon occupation principale est en dehors de l\u2019universit\u00e9.<\/em><\/p>\n<\/blockquote>\n\n\n\n<p><strong>Publications<\/strong><\/p>\n\n\n\n<p>toute sont accessible sur internet (id hal&nbsp;: americo-mariani pour les publications acad\u00e9miques)<\/p>\n\n\n\n<p>Inscription conflictuelle dans l\u2019espace public\u202f: Toulouse, les Gilets jaunes et\u202fla bataille du centre&nbsp;\u00bb. <em>Espaces et soci\u00e9t\u00e9s, <\/em>2021\/2 n\u00b0 183, 2021. p.99-113.<\/p>\n\n\n\n<p>Dossier&nbsp;: Arch\u00e9ologie du projet m\u00e9tropolitain sur toulouse.espacesensible.net https:\/\/toulouse.espacesensible.net\/archeologie-du-projet-metropolitain<\/p>\n\n\n\n<p>Documentaire sonore&nbsp;: Personne ne se souviendra de nous (janvier 2025) https:\/\/sensible-urbain.bandcamp.com\/album\/personne-ne-se-souviendra-de-nous<\/p>\n\n\n\n<p>Am\u00e9rico Mariani, Marcelo P\u00e9rez S\u00e1nchez. Housing cooperatives in Uruguay. Social housing and the social production of living. <em>M\u00e9tropoles<\/em>, 2024, 34<\/p>\n\n\n\n<p>Collectif Asphalte, Matthieu Adam, Antonio Delfini, Ariela Epstein, Am\u00e9rico Mariani. Tenir la ville. Luttes et r\u00e9sistances contre le capitalisme urbain. <a href=\"https:\/\/lesetaques.org\/livres?id=17\" target=\"_blank\" rel=\"noreferrer noopener\">\u00c9ditions Les \u00c9taques<\/a>, 2023<\/p>\n\n\n\n<p>\u00ab\u00a0Construire nos maisons n&rsquo;est que le d\u00e9but\u00a0\u00bb Uruguay des coop\u00e9ratives de logement dans la lutte des classes. <em>Tenir la ville. Luttes et r\u00e9sistances contre le capitalisme urbain.<\/em>, les Etaques, 2023<\/p>\n<\/details>\n\n\n\n<details class=\"wp-block-details is-layout-flow wp-block-details-is-layout-flow\"><summary>MATHIEU POUPON<\/summary>\n<p><strong>POUPON Mathieu<\/strong>  (gestion)  <a href=\"mailto:ma&#116;&#104;&#100;&#117;&#x70;&#x6f;&#x75;&#x70;&#x6f;&#x6e;&#x40;&#x67;&#x6d;&#x61;&#x69;&#x6c;&#46;com\">&#109;a&#x74;h&#x64;u&#x70;o&#x75;p&#x6f;n&#x40;&#103;&#x6d;&#97;i&#108;&#46;&#x63;o&#x6d;<\/a><\/p>\n<\/details>\n\n\n\n<details class=\"wp-block-details is-layout-flow wp-block-details-is-layout-flow\"><summary>YOAN HERGET<\/summary>\n<p><strong>HERGET Yoan<\/strong>   (informatique)   <a href=\"&#109;&#x61;i&#x6c;t&#x6f;:&#x79;r&#103;&#x40;&#112;&#x6f;s&#x74;e&#x6f;&#46;&#110;&#x65;&#116;\">&#x79;r&#x67;&#64;&#x70;&#111;s&#x74;e&#x6f;&#46;n&#x65;t<\/a><\/p>\n<\/details>\n\n\n\n<details class=\"wp-block-details is-layout-flow wp-block-details-is-layout-flow\"><summary>SOPHIE FLEKENSTEIN<\/summary>\n<p><strong>FLEKENSTEIN Sophie<\/strong>   (droit)   <a href=\"&#x6d;a&#x69;&#108;t&#x6f;&#58;s&#x6f;f&#x66;&#x6c;e&#x63;&#107;&#64;&#x67;m&#x61;&#x69;l&#x2e;&#99;o&#x6d;\">&#x73;o&#x66;&#102;l&#x65;c&#x6b;&#x40;g&#x6d;&#97;i&#x6c;&#46;&#x63;&#111;m<\/a><\/p>\n\n\n\n<p class=\"has-medium-font-size\"><em>Juriste en droit public, sp\u00e9cialis\u00e9e en droit de l\u2019environnement. J\u2019ai travaill\u00e9 plus de 15 ans au sein de diff\u00e9rentes ONG avant de cr\u00e9er mon activit\u00e9 pour faire de l\u2019accompagnement de collectivit\u00e9s, associations, coop\u00e9ratives, particuliers sou autres : sur le fond, sur la question de la transition \u00e9cologique et de la sant\u00e9 environnementale, sur la forme, les enjeux des diff\u00e9rentes structures de l\u2019ESS (cadre et forme juridique, statut, gouvernance, financement, partenariat\u2026).<\/em><\/p>\n<\/details>\n\n\n\n<details class=\"wp-block-details is-layout-flow wp-block-details-is-layout-flow\"><summary>BERNARD VICTORIA<\/summary>\n<p><strong>VICTORIA Bernard<\/strong>   (Psychanalyse)   <a href=\"&#x6d;&#x61;il&#x74;&#x6f;&#58;be&#x72;&#x6e;&#97;rd&#x2e;&#x76;&#105;ct&#x6f;&#x72;ia&#x40;&#x6f;&#117;tl&#x6f;&#x6f;&#107;&#46;f&#x72;\">b&#x65;r&#110;&#x61;r&#x64;&#46;&#118;&#x69;c&#x74;&#x6f;r&#x69;a&#64;&#x75;n&#x69;&#x76;-&#x74;l&#115;&#x65;2&#x2e;f&#114;<\/a><\/p>\n\n\n\n<p class=\"has-medium-font-size\"><em>Je suis<\/em> <em>psychanalyste, Docteur en psychologie, enseignant en psychanalyse, psychologie, philosophie et \u00e9conomie.<\/em><\/p>\n<\/details>\n\n\n\n<details class=\"wp-block-details is-layout-flow wp-block-details-is-layout-flow\"><summary>JAMES FABRY<\/summary>\n<p><strong>FABRY James   <\/strong>(anglais)  <a href=\"mail&#116;&#111;&#x3a;&#x6a;&#x61;&#x6d;&#x65;s&#46;fa&#98;&#114;&#x79;&#x40;&#x68;&#x6f;&#x74;mail&#46;&#99;&#x6f;&#x6d;\">james&#46;fabry&#64;hotmail&#46;&#99;&#111;&#109;<\/a><\/p>\n<\/details>\n\n\n\n<p><\/p>\n","protected":false},"excerpt":{"rendered":"<p>EQUIPE DE DIRECTION Directrice : Mireille BRUYERE &#x6d;ir&#x65;&#105;l&#x6c;&#101;&#46;&#x62;&#114;u&#x79;&#101;r&#x65;&#x40;u&#x6e;&#x69;v&#x2d;&#x74;l&#x73;&#x65;2&#46;&#x66;&#114; Responsable p\u00e9dagogique : St\u00e9phane H\u00c9NIN st&#101;&#x70;&#x68;an&#101;&#x2e;&#x68;&#x65;ni&#110;&#x40;&#x75;ni&#118;&#x2d;&#x74;&#x6c;se&#50;&#x2e;&#x66;r Responsable administrative : Aur\u00e9lie DOUAY &#x61;&#x75;&#x72;&#101;lie&#x2e;&#x64;&#x6f;&#117;ay&#64;&#x75;&#x6e;&#x69;&#118;-tl&#x73;&#x65;&#x32;&#46;fr 05.61.50.41.79 (du lundi et vendredi, bureau GS.030, B\u00e2timent Olympe de &hellip; <a href=\"https:\/\/blogs.univ-tlse2.fr\/masternes\/lequipe-pedagogique\/\" class=\"more-link\">Continuer la lecture de <span class=\"screen-reader-text\">L&rsquo;\u00e9quipe du master NES<\/span> <span class=\"meta-nav\">&rarr;<\/span><\/a><\/p>\n","protected":false},"author":1261,"featured_media":0,"parent":0,"menu_order":0,"comment_status":"closed","ping_status":"closed","template":"","meta":{"_price":"","_stock":"","_tribe_ticket_header":"","_tribe_default_ticket_provider":"","_tribe_ticket_capacity":"0","_ticket_start_date":"","_ticket_end_date":"","_tribe_ticket_show_description":"","_tribe_ticket_show_not_going":false,"_tribe_ticket_use_global_stock":"","_tribe_ticket_global_stock_level":"","_global_stock_mode":"","_global_stock_cap":"","_tribe_rsvp_for_event":"","_tribe_ticket_going_count":"","_tribe_ticket_not_going_count":"","_tribe_tickets_list":"[]","_tribe_ticket_has_attendee_info_fields":false,"footnotes":"","_tec_slr_enabled":"","_tec_slr_layout":""},"class_list":["post-98","page","type-page","status-publish","hentry"],"ticketed":false,"_links":{"self":[{"href":"https:\/\/blogs.univ-tlse2.fr\/masternes\/wp-json\/wp\/v2\/pages\/98","targetHints":{"allow":["GET"]}}],"collection":[{"href":"https:\/\/blogs.univ-tlse2.fr\/masternes\/wp-json\/wp\/v2\/pages"}],"about":[{"href":"https:\/\/blogs.univ-tlse2.fr\/masternes\/wp-json\/wp\/v2\/types\/page"}],"author":[{"embeddable":true,"href":"https:\/\/blogs.univ-tlse2.fr\/masternes\/wp-json\/wp\/v2\/users\/1261"}],"replies":[{"embeddable":true,"href":"https:\/\/blogs.univ-tlse2.fr\/masternes\/wp-json\/wp\/v2\/comments?post=98"}],"version-history":[{"count":23,"href":"https:\/\/blogs.univ-tlse2.fr\/masternes\/wp-json\/wp\/v2\/pages\/98\/revisions"}],"predecessor-version":[{"id":418,"href":"https:\/\/blogs.univ-tlse2.fr\/masternes\/wp-json\/wp\/v2\/pages\/98\/revisions\/418"}],"wp:attachment":[{"href":"https:\/\/blogs.univ-tlse2.fr\/masternes\/wp-json\/wp\/v2\/media?parent=98"}],"curies":[{"name":"wp","href":"https:\/\/api.w.org\/{rel}","templated":true}]}}