 {"id":2,"date":"2023-02-09T09:37:39","date_gmt":"2023-02-09T08:37:39","guid":{"rendered":"https:\/\/blogs.univ-tlse2.fr\/masterppeps\/?page_id=2"},"modified":"2026-01-24T18:39:02","modified_gmt":"2026-01-24T17:39:02","slug":"page-d-exemple","status":"publish","type":"page","link":"https:\/\/blogs.univ-tlse2.fr\/masterppeps\/","title":{"rendered":"Pr\u00e9sentation du master"},"content":{"rendered":"\n<p>Le Master \u00ab\u00a0Psychanalyse, Philosophie et Economie Politique du Sujet\u00a0\u00bb est une formation<br>tri-disciplinaire philosophie, psychanalyse, th\u00e9ories \u00e9conomiques (en mutualisation \u00e0 l&rsquo;UFR<br>\u00ab\u00a0Sciences, Espaces, Soci\u00e9t\u00e9s\u00a0\u00bb), qui vise \u00e0 d\u00e9velopper une capacit\u00e9 d&rsquo;analyse, de r\u00e9flexion<br>instruite sur le plan de l&rsquo;histoire des th\u00e9ories, de diagnostics et d&rsquo;intervention sur les<br>mutations contemporaines du lien social et leurs incidences sur les modes de<br>subjectivation, dans les rapports socio-\u00e9conomiques comme dans les processus<br>symptomatologiques.<br>Prenant acte de l&rsquo;\u00e9cart croissant entre les partages disciplinaires institu\u00e9s et les approches<br>complexes, dialogiques et pluridisciplinaires que ces probl\u00e8mes r\u00e9clament dans l&rsquo;espace<br>public comme dans le champ acad\u00e9mique et scientifique, ce Master repose sur la r\u00e9-<br>articulation, tant du point de vue de la g\u00e9n\u00e9alogie des m\u00e9thodes et des th\u00e9ories que du<br>point de vue de leurs usages actuels, des approches psychanalytique, socio\u00e9conomique et<br>philosophique des constructions subjectives replac\u00e9es dans leurs coordonn\u00e9es aussi bien<br>mat\u00e9rielles et historiques que symboliques et imaginaires.<br>La formation repose ainsi sur un socle d&rsquo;enseignements consacr\u00e9 aux d\u00e9bats constitutifs de<br>la philosophie et des sciences sociales des XXe et XXIe si\u00e8cles en tant qu&rsquo;ils sont<br>surd\u00e9termin\u00e9s par les questions f\u00e9ministes, migratoires, raciales et d&rsquo;\u00e9cologie politique.<br>Les enseignements de psychanalyse aborderont ce qu\u2019il en est de son \u201csujet\u201d sp\u00e9cifique<br>qui est celui du langage. Seront aussi travaill\u00e9es les \u201csubjectivit\u00e9s\u201d contemporaines,<br>marqu\u00e9es par les discours du capitaliste et de la science, en ce sens les nouages du sujet<br>singulier et du lien social seront sans cesse interrog\u00e9s.<br>Les enseignements d\u2019\u00e9conomie sont issus de master Nouvelle \u00c9conomie sociale dont la<br>vis\u00e9e est de produire une critique des dynamiques du capitalisme (\u00e9conomiques,<br>technologiques et politiques) et une analyse des praxis r\u00e9volutionnaires port\u00e9es par le<br>mouvement social, en particulier le coop\u00e9rativisme.<\/p>\n","protected":false},"excerpt":{"rendered":"<p>Le Master \u00ab\u00a0Psychanalyse, Philosophie et Economie Politique du Sujet\u00a0\u00bb est une formationtri-disciplinaire philosophie, psychanalyse, th\u00e9ories \u00e9conomiques (en mutualisation \u00e0 l&rsquo;UFR\u00ab\u00a0Sciences, Espaces, Soci\u00e9t\u00e9s\u00a0\u00bb), qui vise \u00e0 d\u00e9velopper une capacit\u00e9 d&rsquo;analyse, de r\u00e9flexioninstruite sur le plan de l&rsquo;histoire des th\u00e9ories, de diagnostics et d&rsquo;intervention sur lesmutations contemporaines du lien social et leurs incidences sur les modes desubjectivation, &hellip; <a href=\"https:\/\/blogs.univ-tlse2.fr\/masterppeps\/\" class=\"more-link\">Continuer la lecture de <span class=\"screen-reader-text\">Pr\u00e9sentation du master<\/span> <span class=\"meta-nav\">&rarr;<\/span><\/a><\/p>\n","protected":false},"author":1261,"featured_media":0,"parent":0,"menu_order":0,"comment_status":"closed","ping_status":"open","template":"","meta":{"footnotes":""},"class_list":["post-2","page","type-page","status-publish","hentry"],"_links":{"self":[{"href":"https:\/\/blogs.univ-tlse2.fr\/masterppeps\/wp-json\/wp\/v2\/pages\/2","targetHints":{"allow":["GET"]}}],"collection":[{"href":"https:\/\/blogs.univ-tlse2.fr\/masterppeps\/wp-json\/wp\/v2\/pages"}],"about":[{"href":"https:\/\/blogs.univ-tlse2.fr\/masterppeps\/wp-json\/wp\/v2\/types\/page"}],"author":[{"embeddable":true,"href":"https:\/\/blogs.univ-tlse2.fr\/masterppeps\/wp-json\/wp\/v2\/users\/1261"}],"replies":[{"embeddable":true,"href":"https:\/\/blogs.univ-tlse2.fr\/masterppeps\/wp-json\/wp\/v2\/comments?post=2"}],"version-history":[{"count":1,"href":"https:\/\/blogs.univ-tlse2.fr\/masterppeps\/wp-json\/wp\/v2\/pages\/2\/revisions"}],"predecessor-version":[{"id":17,"href":"https:\/\/blogs.univ-tlse2.fr\/masterppeps\/wp-json\/wp\/v2\/pages\/2\/revisions\/17"}],"wp:attachment":[{"href":"https:\/\/blogs.univ-tlse2.fr\/masterppeps\/wp-json\/wp\/v2\/media?parent=2"}],"curies":[{"name":"wp","href":"https:\/\/api.w.org\/{rel}","templated":true}]}}