 {"id":128,"date":"2022-03-09T15:10:02","date_gmt":"2022-03-09T14:10:02","guid":{"rendered":"https:\/\/blogs.univ-tlse2.fr\/mediationdelamusique\/?page_id=128"},"modified":"2022-03-09T15:48:57","modified_gmt":"2022-03-09T14:48:57","slug":"modalites-propres-aux-ue-703-803-et-903","status":"publish","type":"page","link":"https:\/\/blogs.univ-tlse2.fr\/mediationdelamusique\/modalites-propres-aux-ue-703-803-et-903\/","title":{"rendered":"Modalit\u00e9s propres aux UE 703, 803 et 903"},"content":{"rendered":"\n<p>Dans le cadre de ces trois UE, les \u00e9tudiant\u00b7e\u00b7s suivent un <strong>enseignement compl\u00e9mentaire <\/strong>\u00e0 leur formation qui leur permet soit de renforcer leurs acquis musicaux et\/ou musicologiques, soit d\u2019\u00e9largir leur horizon musical et\/ou professionnel.<\/p>\n\n\n\n<p>\u00c0 ce titre, ils\u00b7elles peuvent choisir l\u2019une des possibilit\u00e9s suivantes&nbsp;:<\/p>\n\n\n\n<p>1) Suivre un enseignement dispens\u00e9 dans le cadre de la <strong>pr\u00e9paration \u00e0 l\u2019agr\u00e9gation<\/strong>&nbsp;: soit l\u2019une des trois questions d\u2019histoire de la musique, soit une mati\u00e8re technique (formation musicale ou \u00e9criture), soit une mati\u00e8re pratique (direction chorale, accompagnement au piano).<\/p>\n\n\n\n<p>2) Suivre un ensemble de <strong>manifestations scientifiques<\/strong> (conf\u00e9rences, s\u00e9minaires, journ\u00e9es d\u2019\u00e9tudes, colloques) organis\u00e9es par le d\u00e9partement Musique, le laboratoire LLA CREATIS, <em>Il Laboratorio, <\/em>l\u2019institut IRPALL, ou une autre institution de recherche.<\/p>\n\n\n\n<p>3) Suivre un enseignement universitaire en dehors de la musique dans une perspective d\u2019ouverture <strong>interdisciplinaire<\/strong>, au niveau Licence ou Master.<\/p>\n\n\n\n<p>Il est obligatoire de choisir, au cours des trois UE, au moins une manifestation scientifique. Il est \u00e9galement recommand\u00e9 de choisir plusieurs types d\u2019option.<\/p>\n\n\n\n<p>NB&nbsp;: Au d\u00e9but de chaque semestre, les \u00e9tudiant\u00b7e\u00b7s indiqueront, par \u00e9crit, au <strong>responsable du Master<\/strong> quel est leur choix, et, s\u2019il s\u2019agit d\u2019une des options 3 ou 4, devront lui donner la nature exacte de l\u2019enseignement suivi, afin d\u2019avoir son <strong>accord<\/strong>, qui est imp\u00e9ratif.<\/p>\n\n\n\n<p><strong><em>\u00c9valuation&nbsp;: <\/em><\/strong><em>Les \u00e9tudiant\u00b7e\u00b7s assistent aux cours choisis en auditeurs libres&nbsp;; ils ne se pr\u00e9sentent pas \u00e0 l\u2019\u00e9valuation normale pr\u00e9vue dans l\u2019enseignement suivi.<\/em><\/p>\n\n\n\n<p><em>L\u2019\u00e9valuation de ces UE est d\u00e9livr\u00e9e par <strong>le responsable du Master<\/strong>, qui note un <strong>compte-rendu \u00e9crit<\/strong> r\u00e9dig\u00e9 par l\u2019\u00e9tudiant\u00b7e.<\/em><\/p>\n\n\n\n<p><em>Dans ce compte-rendu, les \u00e9tudiant\u00b7e\u00b7s donneront des d\u00e9tails sur les contenus et les modalit\u00e9s des enseignements suivis, et veilleront \u00e0 mettre en relation ces contenus avec leur projet professionnel ou personnel.<\/em><\/p>\n\n\n\n<p><em>Les comptes-rendus sont \u00e0 rendre par courriel jusqu\u2019au <strong>31 janvier<\/strong> (pour les UE 703 et 903) respectivement au <strong>31 mai<\/strong> (pour l\u2019UE 803).<\/em><\/p>\n","protected":false},"excerpt":{"rendered":"<p>Dans le cadre de ces trois UE, les \u00e9tudiant\u00b7e\u00b7s suivent un enseignement compl\u00e9mentaire \u00e0 leur formation qui leur permet soit de renforcer leurs acquis musicaux et\/ou musicologiques, soit d\u2019\u00e9largir leur horizon musical et\/ou professionnel. \u00c0 ce titre, ils\u00b7elles peuvent choisir l\u2019une des possibilit\u00e9s suivantes&nbsp;: 1) Suivre un enseignement dispens\u00e9 dans le cadre de la pr\u00e9paration &hellip; <\/p>\n<p class=\"link-more\"><a href=\"https:\/\/blogs.univ-tlse2.fr\/mediationdelamusique\/modalites-propres-aux-ue-703-803-et-903\/\" class=\"more-link\">Continuer la lecture<span class=\"screen-reader-text\"> de &laquo;&nbsp;Modalit\u00e9s propres aux UE 703, 803 et 903&nbsp;&raquo;<\/span><\/a><\/p>\n","protected":false},"author":1078,"featured_media":0,"parent":0,"menu_order":0,"comment_status":"closed","ping_status":"closed","template":"","meta":{"footnotes":""},"class_list":["post-128","page","type-page","status-publish","hentry"],"_links":{"self":[{"href":"https:\/\/blogs.univ-tlse2.fr\/mediationdelamusique\/wp-json\/wp\/v2\/pages\/128","targetHints":{"allow":["GET"]}}],"collection":[{"href":"https:\/\/blogs.univ-tlse2.fr\/mediationdelamusique\/wp-json\/wp\/v2\/pages"}],"about":[{"href":"https:\/\/blogs.univ-tlse2.fr\/mediationdelamusique\/wp-json\/wp\/v2\/types\/page"}],"author":[{"embeddable":true,"href":"https:\/\/blogs.univ-tlse2.fr\/mediationdelamusique\/wp-json\/wp\/v2\/users\/1078"}],"replies":[{"embeddable":true,"href":"https:\/\/blogs.univ-tlse2.fr\/mediationdelamusique\/wp-json\/wp\/v2\/comments?post=128"}],"version-history":[{"count":2,"href":"https:\/\/blogs.univ-tlse2.fr\/mediationdelamusique\/wp-json\/wp\/v2\/pages\/128\/revisions"}],"predecessor-version":[{"id":164,"href":"https:\/\/blogs.univ-tlse2.fr\/mediationdelamusique\/wp-json\/wp\/v2\/pages\/128\/revisions\/164"}],"wp:attachment":[{"href":"https:\/\/blogs.univ-tlse2.fr\/mediationdelamusique\/wp-json\/wp\/v2\/media?parent=128"}],"curies":[{"name":"wp","href":"https:\/\/api.w.org\/{rel}","templated":true}]}}