 {"id":161,"date":"2022-03-09T15:44:48","date_gmt":"2022-03-09T14:44:48","guid":{"rendered":"https:\/\/blogs.univ-tlse2.fr\/mediationdelamusique\/?page_id=161"},"modified":"2022-03-09T15:44:48","modified_gmt":"2022-03-09T14:44:48","slug":"competences-attendues-a-lissue-de-la-formation","status":"publish","type":"page","link":"https:\/\/blogs.univ-tlse2.fr\/mediationdelamusique\/competences-attendues-a-lissue-de-la-formation\/","title":{"rendered":"Comp\u00e9tences attendues \u00e0 l\u2019issue de la formation"},"content":{"rendered":"\n<p><strong>Comp\u00e9tences sp\u00e9cifiques&nbsp;<\/strong>: <strong><\/strong><\/p>\n\n\n\n<ul class=\"wp-block-list\"><li>acquisition d\u2019une autonomie dans la recherche documentaire en musique<\/li><li>apprentissage des exigences et des normes en usage dans la communaut\u00e9 scientifique<\/li><li>connaissances musicologiques permettant le d\u00e9veloppement d\u2019une recherche autonome et originale<\/li><li>ma\u00eetrise d\u2019outils informatiques li\u00e9s \u00e0 la discipline<\/li><\/ul>\n\n\n\n<p><strong>Comp\u00e9tences transversales<\/strong>:<\/p>\n\n\n\n<p>&#8211; capacit\u00e9s r\u00e9dactionnelles \u00e9lev\u00e9es<\/p>\n\n\n\n<p>&#8211; exp\u00e9rience du travail en \u00e9quipe (\u2014&gt; organisation d\u2019une journ\u00e9e d\u2019\u00e9tudes par les \u00e9tudiants)<\/p>\n\n\n\n<p>&#8211; conna\u00eetre et ma\u00eetriser les diff\u00e9rentes \u00e9tapes de la construction d\u2019un projet<\/p>\n\n\n\n<p>&#8211; capacit\u00e9 \u00e0 synth\u00e9tiser un environnement bibliographique et documentaire complexe<\/p>\n\n\n\n<p>&#8211; aptitude \u00e0 communiquer \u00e0 l\u2019oral et \u00e0 l\u2019\u00e9crit les r\u00e9sultats de la recherche \u00e0 la fois aupr\u00e8s de publics sp\u00e9cialis\u00e9s et de publics de non-sp\u00e9cialistes<\/p>\n\n\n\n<p><strong>Comp\u00e9tences additionnelles&nbsp;<\/strong>:<\/p>\n\n\n\n<ul class=\"wp-block-list\"><li>ma\u00eetrise d\u2019une langue \u00e9trang\u00e8re (en g\u00e9n\u00e9ral l\u2019anglais)<\/li><\/ul>\n\n\n\n<p><strong>Ouverture m\u00e9tiers&nbsp;:<\/strong><\/p>\n\n\n\n<ul class=\"wp-block-list\"><li>Etre \u00e0 m\u00eame d\u2019\u00e9laborer des actions de m\u00e9diation musicale tenant compte de la diversit\u00e9 des publics et des contextes territoriaux<\/li><li>Savoir anticiper les besoins et les attentes de publics diff\u00e9renci\u00e9s<\/li><li>Savoir comprendre les dynamiques \u00e9ducatives et culturelles<\/li><li>Savoir faire preuve de cr\u00e9ativit\u00e9 dans les propositions de m\u00e9diation musicale, notamment pour des publics scolaires et sp\u00e9cifiques (milieu carc\u00e9ral, hospitalier, public en situation de handicap\u2026)<\/li><li>Accompagner des ensembles musicaux dans le montage de projets artistiques<\/li><li>Savoir analyser et r\u00e9pondre aux besoins des institutions musicales et des collectivit\u00e9s publiques en mati\u00e8re de diffusion&nbsp;des savoirs musicaux&nbsp;<\/li><li>Savoir d\u00e9velopper des outils adapt\u00e9s en mati\u00e8re de communication et de diffusion en fonction des contextes d\u2019intervention<\/li><li>Savoir porter un regard r\u00e9flexif sur sa pratique<\/li><li>Favoriser une approche transversale entre musique et autres domaines artistiques<\/li><\/ul>\n","protected":false},"excerpt":{"rendered":"<p>Comp\u00e9tences sp\u00e9cifiques&nbsp;: acquisition d\u2019une autonomie dans la recherche documentaire en musique apprentissage des exigences et des normes en usage dans la communaut\u00e9 scientifique connaissances musicologiques permettant le d\u00e9veloppement d\u2019une recherche autonome et originale ma\u00eetrise d\u2019outils informatiques li\u00e9s \u00e0 la discipline Comp\u00e9tences transversales: &#8211; capacit\u00e9s r\u00e9dactionnelles \u00e9lev\u00e9es &#8211; exp\u00e9rience du travail en \u00e9quipe (\u2014&gt; organisation d\u2019une &hellip; <\/p>\n<p class=\"link-more\"><a href=\"https:\/\/blogs.univ-tlse2.fr\/mediationdelamusique\/competences-attendues-a-lissue-de-la-formation\/\" class=\"more-link\">Continuer la lecture<span class=\"screen-reader-text\"> de &laquo;&nbsp;Comp\u00e9tences attendues \u00e0 l\u2019issue de la formation&nbsp;&raquo;<\/span><\/a><\/p>\n","protected":false},"author":1078,"featured_media":0,"parent":0,"menu_order":0,"comment_status":"closed","ping_status":"closed","template":"","meta":{"footnotes":""},"class_list":["post-161","page","type-page","status-publish","hentry"],"_links":{"self":[{"href":"https:\/\/blogs.univ-tlse2.fr\/mediationdelamusique\/wp-json\/wp\/v2\/pages\/161","targetHints":{"allow":["GET"]}}],"collection":[{"href":"https:\/\/blogs.univ-tlse2.fr\/mediationdelamusique\/wp-json\/wp\/v2\/pages"}],"about":[{"href":"https:\/\/blogs.univ-tlse2.fr\/mediationdelamusique\/wp-json\/wp\/v2\/types\/page"}],"author":[{"embeddable":true,"href":"https:\/\/blogs.univ-tlse2.fr\/mediationdelamusique\/wp-json\/wp\/v2\/users\/1078"}],"replies":[{"embeddable":true,"href":"https:\/\/blogs.univ-tlse2.fr\/mediationdelamusique\/wp-json\/wp\/v2\/comments?post=161"}],"version-history":[{"count":1,"href":"https:\/\/blogs.univ-tlse2.fr\/mediationdelamusique\/wp-json\/wp\/v2\/pages\/161\/revisions"}],"predecessor-version":[{"id":162,"href":"https:\/\/blogs.univ-tlse2.fr\/mediationdelamusique\/wp-json\/wp\/v2\/pages\/161\/revisions\/162"}],"wp:attachment":[{"href":"https:\/\/blogs.univ-tlse2.fr\/mediationdelamusique\/wp-json\/wp\/v2\/media?parent=161"}],"curies":[{"name":"wp","href":"https:\/\/api.w.org\/{rel}","templated":true}]}}