 {"id":2,"date":"2021-12-08T09:07:49","date_gmt":"2021-12-08T08:07:49","guid":{"rendered":"https:\/\/blogs.univ-tlse2.fr\/mediationdelamusique\/?page_id=2"},"modified":"2022-03-26T15:42:43","modified_gmt":"2022-03-26T14:42:43","slug":"page-d-exemple","status":"publish","type":"page","link":"https:\/\/blogs.univ-tlse2.fr\/mediationdelamusique\/page-d-exemple\/","title":{"rendered":"Pr\u00e9sentation de la formation"},"content":{"rendered":"\n<p>La proposition d\u2019un nouveau parcours de master en m\u00e9diation de la musique repose sur plusieurs constats&nbsp;:<\/p>\n\n\n\n<p>La cartographie de l\u2019offre propos\u00e9e au niveau national est plut\u00f4t centr\u00e9e sur le nord du pays et fond\u00e9e sur des caract\u00e9ristiques distinctes de celles propos\u00e9es ici.<\/p>\n\n\n\n<p>De plus, le territoire de la r\u00e9gion Occitanie accueille de nombreux ensembles musicaux, tous styles confondus, susceptibles d\u2019\u00eatre int\u00e9ress\u00e9s par un partenariat universitaire. C\u2019est l\u00e0 encore un atout essentiel pour le volet \u00ab&nbsp;professionnalisation&nbsp;\u00bb de ce parcours.<\/p>\n\n\n\n<p>Enfin, la mont\u00e9e en puissance de la licence Musique et Arts de l\u2019UT2J, qui a vu ses capacit\u00e9s d\u2019accueil fortement augmenter \u00e0 la rentr\u00e9e 2019 (elles ont \u00e9t\u00e9 multipli\u00e9es par deux), justifie pleinement qu\u2019une poursuite d\u2019\u00e9tudes en master soit propos\u00e9e aux promotions \u00e0 venir, sous la forme d\u2019un parcours plus adapt\u00e9 aux caract\u00e9ristiques majeures de cette licence (ouverture interdisciplinaire et initiation \u00e0 la communication de la musique notamment) et qui s\u2019inscrirait dans sa continuit\u00e9. Loin d\u2019\u00eatre uniquement destin\u00e9s \u00e0 ces uniques licenci\u00e9s, ce parcours pourra \u00e9galement accueillir des \u00e9tudiants titulaires d\u2019un DUMI, d\u2019un Dipl\u00f4me d\u2019\u00e9tat ou d\u2019un DNSPM, ainsi que tout \u00e9tudiant titulaire d\u2019une licence en Information Communication, souhaitant se sp\u00e9cialiser dans le domaine musical.<\/p>\n\n\n\n<p>Cette analyse nous conduit par cons\u00e9quent \u00e0 proposer ce nouveau parcours, qui aura pour objectif de former les \u00e9tudiants selon une triple optique :<\/p>\n\n\n\n<ul class=\"wp-block-list\"><li>une formation \u00e0 et par la recherche appliqu\u00e9e, fond\u00e9e sur\u00a0:<\/li><li>un \u00ab\u00a0tronc commun\u00a0\u00bb avec certaines UE du master Musique parcours Musique et musicologie de l\u2019Universit\u00e9 Toulouse &#8211; Jean Jaur\u00e8s,<\/li><li>des s\u00e9minaires et cours propos\u00e9s par des sp\u00e9cialistes de champs culturels et historiques associ\u00e9s (histoire de l\u2019art, esth\u00e9tique, litt\u00e9rature\u2026) et\/ou en lien avec la m\u00e9diation et la communication,<\/li><li>une formation \u00e0 la m\u00e9diation et \u00e0 la communication de la musique, \u00e0 destination de publics diversifi\u00e9s,<\/li><li>une approche pratique, via une enqu\u00eate de terrain en master 1 et un stage en master 2, assur\u00e9s dans des structures de diffusion \u00a0musicales locales.<\/li><\/ul>\n","protected":false},"excerpt":{"rendered":"<p>La proposition d\u2019un nouveau parcours de master en m\u00e9diation de la musique repose sur plusieurs constats&nbsp;: La cartographie de l\u2019offre propos\u00e9e au niveau national est plut\u00f4t centr\u00e9e sur le nord du pays et fond\u00e9e sur des caract\u00e9ristiques distinctes de celles propos\u00e9es ici. De plus, le territoire de la r\u00e9gion Occitanie accueille de nombreux ensembles musicaux, &hellip; <\/p>\n<p class=\"link-more\"><a href=\"https:\/\/blogs.univ-tlse2.fr\/mediationdelamusique\/page-d-exemple\/\" class=\"more-link\">Continuer la lecture<span class=\"screen-reader-text\"> de &laquo;&nbsp;Pr\u00e9sentation de la formation&nbsp;&raquo;<\/span><\/a><\/p>\n","protected":false},"author":1078,"featured_media":0,"parent":0,"menu_order":0,"comment_status":"closed","ping_status":"open","template":"","meta":{"footnotes":""},"class_list":["post-2","page","type-page","status-publish","hentry"],"_links":{"self":[{"href":"https:\/\/blogs.univ-tlse2.fr\/mediationdelamusique\/wp-json\/wp\/v2\/pages\/2","targetHints":{"allow":["GET"]}}],"collection":[{"href":"https:\/\/blogs.univ-tlse2.fr\/mediationdelamusique\/wp-json\/wp\/v2\/pages"}],"about":[{"href":"https:\/\/blogs.univ-tlse2.fr\/mediationdelamusique\/wp-json\/wp\/v2\/types\/page"}],"author":[{"embeddable":true,"href":"https:\/\/blogs.univ-tlse2.fr\/mediationdelamusique\/wp-json\/wp\/v2\/users\/1078"}],"replies":[{"embeddable":true,"href":"https:\/\/blogs.univ-tlse2.fr\/mediationdelamusique\/wp-json\/wp\/v2\/comments?post=2"}],"version-history":[{"count":4,"href":"https:\/\/blogs.univ-tlse2.fr\/mediationdelamusique\/wp-json\/wp\/v2\/pages\/2\/revisions"}],"predecessor-version":[{"id":262,"href":"https:\/\/blogs.univ-tlse2.fr\/mediationdelamusique\/wp-json\/wp\/v2\/pages\/2\/revisions\/262"}],"wp:attachment":[{"href":"https:\/\/blogs.univ-tlse2.fr\/mediationdelamusique\/wp-json\/wp\/v2\/media?parent=2"}],"curies":[{"name":"wp","href":"https:\/\/api.w.org\/{rel}","templated":true}]}}