 {"id":248,"date":"2022-03-25T18:08:24","date_gmt":"2022-03-25T17:08:24","guid":{"rendered":"https:\/\/blogs.univ-tlse2.fr\/mediationdelamusique\/?page_id=248"},"modified":"2024-02-21T13:20:34","modified_gmt":"2024-02-21T12:20:34","slug":"la-promo","status":"publish","type":"page","link":"https:\/\/blogs.univ-tlse2.fr\/mediationdelamusique\/la-promo\/","title":{"rendered":"La promo 2021\/2023"},"content":{"rendered":"\n<div class=\"wp-block-columns is-layout-flex wp-container-core-columns-is-layout-9d6595d7 wp-block-columns-is-layout-flex\">\n<div class=\"wp-block-column is-layout-flow wp-block-column-is-layout-flow\" style=\"flex-basis:66.66%\">\n<p><strong>Lisa COLLIER<\/strong><\/p>\n\n\n\n<p><strong>Licence Lettres<\/strong> &#8211; Sp\u00e9cialit\u00e9 Musique<\/p>\n\n\n\n<p>Universit\u00e9 de la Sorbonne <\/p>\n<\/div>\n\n\n\n<div class=\"wp-block-column is-layout-flow wp-block-column-is-layout-flow\" style=\"flex-basis:33.33%\">\n<figure class=\"wp-block-gallery has-nested-images columns-default is-cropped wp-block-gallery-1 is-layout-flex wp-block-gallery-is-layout-flex\">\n<figure class=\"wp-block-image size-large is-style-rounded\"><img loading=\"lazy\" decoding=\"async\" width=\"1024\" height=\"1024\" data-id=\"409\" src=\"https:\/\/blogs.univ-tlse2.fr\/mediationdelamusique\/files\/2022\/09\/121830441_3885532078141291_5405299709452637556_n-1024x1024.jpg\" alt=\"\" class=\"wp-image-409\" srcset=\"https:\/\/blogs.univ-tlse2.fr\/mediationdelamusique\/files\/2022\/09\/121830441_3885532078141291_5405299709452637556_n-1024x1024.jpg 1024w, https:\/\/blogs.univ-tlse2.fr\/mediationdelamusique\/files\/2022\/09\/121830441_3885532078141291_5405299709452637556_n-300x300.jpg 300w, https:\/\/blogs.univ-tlse2.fr\/mediationdelamusique\/files\/2022\/09\/121830441_3885532078141291_5405299709452637556_n-150x150.jpg 150w, https:\/\/blogs.univ-tlse2.fr\/mediationdelamusique\/files\/2022\/09\/121830441_3885532078141291_5405299709452637556_n-768x768.jpg 768w, https:\/\/blogs.univ-tlse2.fr\/mediationdelamusique\/files\/2022\/09\/121830441_3885532078141291_5405299709452637556_n-100x100.jpg 100w, https:\/\/blogs.univ-tlse2.fr\/mediationdelamusique\/files\/2022\/09\/121830441_3885532078141291_5405299709452637556_n.jpg 1356w\" sizes=\"auto, (max-width: 767px) 89vw, (max-width: 1000px) 54vw, (max-width: 1071px) 543px, 580px\" \/><\/figure>\n<\/figure>\n<\/div>\n<\/div>\n\n\n\n<div class=\"wp-block-columns is-layout-flex wp-container-core-columns-is-layout-9d6595d7 wp-block-columns-is-layout-flex\">\n<div class=\"wp-block-column is-layout-flow wp-block-column-is-layout-flow\" style=\"flex-basis:33.33%\">\n<figure class=\"wp-block-gallery has-nested-images columns-default is-cropped wp-block-gallery-2 is-layout-flex wp-block-gallery-is-layout-flex\">\n<figure class=\"wp-block-image size-large\"><img loading=\"lazy\" decoding=\"async\" width=\"500\" height=\"500\" data-id=\"250\" src=\"https:\/\/blogs.univ-tlse2.fr\/mediationdelamusique\/files\/2022\/03\/277232675_508751994153811_3909146829437116021_n.png\" alt=\"\" class=\"wp-image-250\" srcset=\"https:\/\/blogs.univ-tlse2.fr\/mediationdelamusique\/files\/2022\/03\/277232675_508751994153811_3909146829437116021_n.png 500w, https:\/\/blogs.univ-tlse2.fr\/mediationdelamusique\/files\/2022\/03\/277232675_508751994153811_3909146829437116021_n-300x300.png 300w, https:\/\/blogs.univ-tlse2.fr\/mediationdelamusique\/files\/2022\/03\/277232675_508751994153811_3909146829437116021_n-150x150.png 150w, https:\/\/blogs.univ-tlse2.fr\/mediationdelamusique\/files\/2022\/03\/277232675_508751994153811_3909146829437116021_n-100x100.png 100w\" sizes=\"auto, (max-width: 500px) 100vw, 500px\" \/><\/figure>\n<\/figure>\n<\/div>\n\n\n\n<div class=\"wp-block-column is-layout-flow wp-block-column-is-layout-flow\" style=\"flex-basis:66.66%\">\n<p><strong>Aaliyah LO<\/strong><\/p>\n\n\n\n<p><strong>Licence Musique et Arts<\/strong> <\/p>\n\n\n\n<p>Universit\u00e9 Toulouse Jean-Jaur\u00e8s<\/p>\n\n\n\n<p><\/p>\n<\/div>\n<\/div>\n\n\n\n<div class=\"wp-block-columns is-layout-flex wp-container-core-columns-is-layout-9d6595d7 wp-block-columns-is-layout-flex\">\n<div class=\"wp-block-column is-layout-flow wp-block-column-is-layout-flow\" style=\"flex-basis:66.66%\">\n<p><strong>Justine MOUYSSET<\/strong><\/p>\n\n\n\n<p><strong>Licence Musique et Arts<\/strong> <\/p>\n\n\n\n<p>Universit\u00e9 Toulouse Jean-Jaur\u00e8s<\/p>\n<\/div>\n\n\n\n<div class=\"wp-block-column is-layout-flow wp-block-column-is-layout-flow\" style=\"flex-basis:33.33%\">\n<figure class=\"wp-block-gallery has-nested-images columns-default is-cropped wp-block-gallery-3 is-layout-flex wp-block-gallery-is-layout-flex\">\n<figure class=\"wp-block-image size-large\"><img loading=\"lazy\" decoding=\"async\" width=\"500\" height=\"500\" data-id=\"229\" src=\"https:\/\/blogs.univ-tlse2.fr\/mediationdelamusique\/files\/2022\/03\/275601178_362036632483756_3330485884583171199_n.png\" alt=\"\" class=\"wp-image-229\" srcset=\"https:\/\/blogs.univ-tlse2.fr\/mediationdelamusique\/files\/2022\/03\/275601178_362036632483756_3330485884583171199_n.png 500w, https:\/\/blogs.univ-tlse2.fr\/mediationdelamusique\/files\/2022\/03\/275601178_362036632483756_3330485884583171199_n-300x300.png 300w, https:\/\/blogs.univ-tlse2.fr\/mediationdelamusique\/files\/2022\/03\/275601178_362036632483756_3330485884583171199_n-150x150.png 150w, https:\/\/blogs.univ-tlse2.fr\/mediationdelamusique\/files\/2022\/03\/275601178_362036632483756_3330485884583171199_n-100x100.png 100w\" sizes=\"auto, (max-width: 500px) 100vw, 500px\" \/><\/figure>\n<\/figure>\n<\/div>\n<\/div>\n\n\n\n<div class=\"wp-block-columns is-layout-flex wp-container-core-columns-is-layout-9d6595d7 wp-block-columns-is-layout-flex\">\n<div class=\"wp-block-column is-layout-flow wp-block-column-is-layout-flow\" style=\"flex-basis:33.33%\">\n<figure class=\"wp-block-gallery has-nested-images columns-default is-cropped wp-block-gallery-4 is-layout-flex wp-block-gallery-is-layout-flex\">\n<figure class=\"wp-block-image size-large\"><img loading=\"lazy\" decoding=\"async\" width=\"500\" height=\"500\" data-id=\"249\" src=\"https:\/\/blogs.univ-tlse2.fr\/mediationdelamusique\/files\/2022\/03\/276074425_753334888966924_8748508217860433974_n.png\" alt=\"\" class=\"wp-image-249\" srcset=\"https:\/\/blogs.univ-tlse2.fr\/mediationdelamusique\/files\/2022\/03\/276074425_753334888966924_8748508217860433974_n.png 500w, https:\/\/blogs.univ-tlse2.fr\/mediationdelamusique\/files\/2022\/03\/276074425_753334888966924_8748508217860433974_n-300x300.png 300w, https:\/\/blogs.univ-tlse2.fr\/mediationdelamusique\/files\/2022\/03\/276074425_753334888966924_8748508217860433974_n-150x150.png 150w, https:\/\/blogs.univ-tlse2.fr\/mediationdelamusique\/files\/2022\/03\/276074425_753334888966924_8748508217860433974_n-100x100.png 100w\" sizes=\"auto, (max-width: 500px) 100vw, 500px\" \/><\/figure>\n<\/figure>\n<\/div>\n\n\n\n<div class=\"wp-block-column is-layout-flow wp-block-column-is-layout-flow\" style=\"flex-basis:66.66%\">\n<p><strong>Charlotte PINTO<\/strong><\/p>\n\n\n\n<p><strong>Licence Musique et Arts<\/strong> <\/p>\n\n\n\n<p>Universit\u00e9 Toulouse Jean-Jaur\u00e8s<\/p>\n<\/div>\n<\/div>\n\n\n\n<div class=\"wp-block-columns is-layout-flex wp-container-core-columns-is-layout-9d6595d7 wp-block-columns-is-layout-flex\">\n<div class=\"wp-block-column is-layout-flow wp-block-column-is-layout-flow\" style=\"flex-basis:66.66%\">\n<p><strong>Nicolas B\u00c9COGN\u00c9E<\/strong><\/p>\n\n\n\n<p><strong>Licence Musique et Arts<\/strong> <\/p>\n\n\n\n<p>Universit\u00e9 Toulouse Jean-Jaur\u00e8s<\/p>\n<\/div>\n\n\n\n<div class=\"wp-block-column is-layout-flow wp-block-column-is-layout-flow\" style=\"flex-basis:33.33%\">\n<figure class=\"wp-block-gallery has-nested-images columns-default is-cropped wp-block-gallery-5 is-layout-flex wp-block-gallery-is-layout-flex\">\n<figure class=\"wp-block-image size-large\"><img loading=\"lazy\" decoding=\"async\" width=\"500\" height=\"500\" data-id=\"235\" src=\"https:\/\/blogs.univ-tlse2.fr\/mediationdelamusique\/files\/2022\/03\/275727760_1419551368491571_7436708129544757095_n.png\" alt=\"\" class=\"wp-image-235\" srcset=\"https:\/\/blogs.univ-tlse2.fr\/mediationdelamusique\/files\/2022\/03\/275727760_1419551368491571_7436708129544757095_n.png 500w, https:\/\/blogs.univ-tlse2.fr\/mediationdelamusique\/files\/2022\/03\/275727760_1419551368491571_7436708129544757095_n-300x300.png 300w, https:\/\/blogs.univ-tlse2.fr\/mediationdelamusique\/files\/2022\/03\/275727760_1419551368491571_7436708129544757095_n-150x150.png 150w, https:\/\/blogs.univ-tlse2.fr\/mediationdelamusique\/files\/2022\/03\/275727760_1419551368491571_7436708129544757095_n-100x100.png 100w\" sizes=\"auto, (max-width: 500px) 100vw, 500px\" \/><\/figure>\n<\/figure>\n<\/div>\n<\/div>\n\n\n\n<div class=\"wp-block-columns is-layout-flex wp-container-core-columns-is-layout-9d6595d7 wp-block-columns-is-layout-flex\">\n<div class=\"wp-block-column is-layout-flow wp-block-column-is-layout-flow\"><\/div>\n\n\n\n<div class=\"wp-block-column is-layout-flow wp-block-column-is-layout-flow\">\n<figure class=\"wp-block-gallery has-nested-images columns-default is-cropped wp-block-gallery-6 is-layout-flex wp-block-gallery-is-layout-flex\">\n<figure class=\"wp-block-image size-full\"><img loading=\"lazy\" decoding=\"async\" width=\"500\" height=\"500\" data-id=\"251\" src=\"https:\/\/blogs.univ-tlse2.fr\/mediationdelamusique\/files\/2022\/03\/276001142_1149725612463662_5677823560023950256_n-1.png\" alt=\"\" class=\"wp-image-251\" srcset=\"https:\/\/blogs.univ-tlse2.fr\/mediationdelamusique\/files\/2022\/03\/276001142_1149725612463662_5677823560023950256_n-1.png 500w, https:\/\/blogs.univ-tlse2.fr\/mediationdelamusique\/files\/2022\/03\/276001142_1149725612463662_5677823560023950256_n-1-300x300.png 300w, https:\/\/blogs.univ-tlse2.fr\/mediationdelamusique\/files\/2022\/03\/276001142_1149725612463662_5677823560023950256_n-1-150x150.png 150w, https:\/\/blogs.univ-tlse2.fr\/mediationdelamusique\/files\/2022\/03\/276001142_1149725612463662_5677823560023950256_n-1-100x100.png 100w\" sizes=\"auto, (max-width: 500px) 100vw, 500px\" \/><\/figure>\n<figcaption class=\"blocks-gallery-caption\">Naya, mascotte officielle de la promo<\/figcaption><\/figure>\n<\/div>\n\n\n\n<div class=\"wp-block-column is-layout-flow wp-block-column-is-layout-flow\"><\/div>\n<\/div>\n","protected":false},"excerpt":{"rendered":"<p>Lisa COLLIER Licence Lettres &#8211; Sp\u00e9cialit\u00e9 Musique Universit\u00e9 de la Sorbonne Aaliyah LO Licence Musique et Arts Universit\u00e9 Toulouse Jean-Jaur\u00e8s Justine MOUYSSET Licence Musique et Arts Universit\u00e9 Toulouse Jean-Jaur\u00e8s Charlotte PINTO Licence Musique et Arts Universit\u00e9 Toulouse Jean-Jaur\u00e8s Nicolas B\u00c9COGN\u00c9E Licence Musique et Arts Universit\u00e9 Toulouse Jean-Jaur\u00e8s<\/p>\n","protected":false},"author":1078,"featured_media":0,"parent":0,"menu_order":0,"comment_status":"closed","ping_status":"closed","template":"","meta":{"footnotes":""},"class_list":["post-248","page","type-page","status-publish","hentry"],"_links":{"self":[{"href":"https:\/\/blogs.univ-tlse2.fr\/mediationdelamusique\/wp-json\/wp\/v2\/pages\/248","targetHints":{"allow":["GET"]}}],"collection":[{"href":"https:\/\/blogs.univ-tlse2.fr\/mediationdelamusique\/wp-json\/wp\/v2\/pages"}],"about":[{"href":"https:\/\/blogs.univ-tlse2.fr\/mediationdelamusique\/wp-json\/wp\/v2\/types\/page"}],"author":[{"embeddable":true,"href":"https:\/\/blogs.univ-tlse2.fr\/mediationdelamusique\/wp-json\/wp\/v2\/users\/1078"}],"replies":[{"embeddable":true,"href":"https:\/\/blogs.univ-tlse2.fr\/mediationdelamusique\/wp-json\/wp\/v2\/comments?post=248"}],"version-history":[{"count":5,"href":"https:\/\/blogs.univ-tlse2.fr\/mediationdelamusique\/wp-json\/wp\/v2\/pages\/248\/revisions"}],"predecessor-version":[{"id":463,"href":"https:\/\/blogs.univ-tlse2.fr\/mediationdelamusique\/wp-json\/wp\/v2\/pages\/248\/revisions\/463"}],"wp:attachment":[{"href":"https:\/\/blogs.univ-tlse2.fr\/mediationdelamusique\/wp-json\/wp\/v2\/media?parent=248"}],"curies":[{"name":"wp","href":"https:\/\/api.w.org\/{rel}","templated":true}]}}