 {"id":28,"date":"2022-03-07T19:33:44","date_gmt":"2022-03-07T18:33:44","guid":{"rendered":"https:\/\/blogs.univ-tlse2.fr\/mediationdelamusique\/?page_id=28"},"modified":"2022-03-28T17:59:34","modified_gmt":"2022-03-28T15:59:34","slug":"projets-tutores","status":"publish","type":"page","link":"https:\/\/blogs.univ-tlse2.fr\/mediationdelamusique\/projets-tutores\/","title":{"rendered":"Enqu\u00eate \u00e9cole &#8211; Th\u00e9\u00e2tre du Capitole"},"content":{"rendered":"\n<p class=\"has-drop-cap has-large-font-size\"><strong>Pourquoi les \u00e9tudiants vont-ils si peu \u00e0 l&rsquo;op\u00e9ra ?<\/strong><\/p>\n\n\n\n<div class=\"wp-block-columns is-layout-flex wp-container-core-columns-is-layout-9d6595d7 wp-block-columns-is-layout-flex\">\n<div class=\"wp-block-column is-layout-flow wp-block-column-is-layout-flow\"><\/div>\n\n\n\n<div class=\"wp-block-column is-layout-flow wp-block-column-is-layout-flow\">\n<figure class=\"wp-block-gallery has-nested-images columns-default is-cropped wp-block-gallery-1 is-layout-flex wp-block-gallery-is-layout-flex\">\n<figure class=\"wp-block-image size-large is-style-default\"><img loading=\"lazy\" decoding=\"async\" width=\"700\" height=\"396\" data-id=\"92\" src=\"https:\/\/blogs.univ-tlse2.fr\/mediationdelamusique\/files\/2022\/03\/2_Conception-de-la-nouvelle-identite-visuelle.png\" alt=\"\" class=\"wp-image-92\" srcset=\"https:\/\/blogs.univ-tlse2.fr\/mediationdelamusique\/files\/2022\/03\/2_Conception-de-la-nouvelle-identite-visuelle.png 700w, https:\/\/blogs.univ-tlse2.fr\/mediationdelamusique\/files\/2022\/03\/2_Conception-de-la-nouvelle-identite-visuelle-300x170.png 300w\" sizes=\"auto, (max-width: 700px) 100vw, 700px\" \/><\/figure>\n<\/figure>\n<\/div>\n\n\n\n<div class=\"wp-block-column is-layout-flow wp-block-column-is-layout-flow\"><\/div>\n<\/div>\n\n\n\n<p>Cette question est un enjeu majeur pour le renouvellement des publics. Le Th\u00e9\u00e2tre du Capitole a charg\u00e9 les \u00e9tudiants du Master M\u00e9diation de la Musique de trouver des pistes de r\u00e9flexions et de rem\u00e9diation \u00e0 ce sujet. Pour ce faire, une enqu\u00eate  sociologique a \u00e9t\u00e9 commandit\u00e9e. Propos\u00e9e sur la base d&rsquo;un questionnaire, elle est encadr\u00e9e par les enseignants-chercheurs de l\u2019universit\u00e9.<\/p>\n\n\n\n<p>Cette enqu\u00eate s\u2019est d\u00e9roul\u00e9e en plusieurs temps.<\/p>\n\n\n\n<div class=\"wp-block-columns is-layout-flex wp-container-core-columns-is-layout-9d6595d7 wp-block-columns-is-layout-flex\">\n<div class=\"wp-block-column is-layout-flow wp-block-column-is-layout-flow\" style=\"flex-basis:33.33%\">\n<figure class=\"wp-block-gallery has-nested-images columns-default is-cropped wp-block-gallery-2 is-layout-flex wp-block-gallery-is-layout-flex\">\n<figure class=\"wp-block-image size-large\"><img loading=\"lazy\" decoding=\"async\" width=\"500\" height=\"500\" data-id=\"239\" src=\"https:\/\/blogs.univ-tlse2.fr\/mediationdelamusique\/files\/2022\/03\/275685360_296150539312925_7630213877435940130_n-1.png\" alt=\"\" class=\"wp-image-239\" srcset=\"https:\/\/blogs.univ-tlse2.fr\/mediationdelamusique\/files\/2022\/03\/275685360_296150539312925_7630213877435940130_n-1.png 500w, https:\/\/blogs.univ-tlse2.fr\/mediationdelamusique\/files\/2022\/03\/275685360_296150539312925_7630213877435940130_n-1-300x300.png 300w, https:\/\/blogs.univ-tlse2.fr\/mediationdelamusique\/files\/2022\/03\/275685360_296150539312925_7630213877435940130_n-1-150x150.png 150w, https:\/\/blogs.univ-tlse2.fr\/mediationdelamusique\/files\/2022\/03\/275685360_296150539312925_7630213877435940130_n-1-100x100.png 100w\" sizes=\"auto, (max-width: 500px) 100vw, 500px\" \/><\/figure>\n<\/figure>\n<\/div>\n\n\n\n<div class=\"wp-block-column is-layout-flow wp-block-column-is-layout-flow\" style=\"flex-basis:66.66%\">\n<p class=\"has-drop-cap\"><strong>D\u00e9couverte du contexte de l&rsquo;enqu\u00eate-\u00e9cole : <\/strong>Rencontre avec Christophe Ghristi, directeur artistique du Th\u00e9\u00e2tre du Capitole et Val\u00e9rie Mazarguil, responsable des actions culturelles. <br>Lors de la rencontre avec le directeur, les \u00e9tudiants l\u2019ont questionn\u00e9 sur toutes les d\u00e9marches mises en place pour le public jeune et \u00e9tudiant. Ce premier contact a permis d\u2019en apprendre davantage sur les objectifs et les attendus de l\u2019enqu\u00eate.<br><\/p>\n<\/div>\n<\/div>\n\n\n\n<div class=\"wp-block-columns is-layout-flex wp-container-core-columns-is-layout-9d6595d7 wp-block-columns-is-layout-flex\">\n<div class=\"wp-block-column is-layout-flow wp-block-column-is-layout-flow\" style=\"flex-basis:66.66%\">\n<p>D\u00e9couverte des lieux avec Val\u00e9rie Mazarguil, qui a accueilli les \u00e9tudiants au sein du th\u00e9\u00e2tre et leur a fait d\u00e9couvrir les coulisses, l\u2019histoire du Capitole et tous les m\u00e9tiers li\u00e9s \u00e0 la cr\u00e9ation d\u2019un op\u00e9ra (d\u00e9cors, costumes, perruques, technique son et lumi\u00e8re \u2026).<br>D\u00e9couvertes des missions d&rsquo;EAC (\u00c9ducation Artistique Culturelles) du Th\u00e9\u00e2tre du Capitole \u00e0 destination des enfants des \u00e9coles de la r\u00e9gion (d\u00e9couverte et visite du th\u00e9\u00e2tre ; repr\u00e9sentation g\u00e9n\u00e9rales &#8230;). Pour la plupart de ces jeunes, il s\u2019agit de leur premier contact avec l\u2019op\u00e9ra.<\/p>\n<\/div>\n\n\n\n<div class=\"wp-block-column is-layout-flow wp-block-column-is-layout-flow\" style=\"flex-basis:33.33%\">\n<figure class=\"wp-block-gallery has-nested-images columns-default is-cropped wp-block-gallery-3 is-layout-flex wp-block-gallery-is-layout-flex\">\n<figure class=\"wp-block-image size-large\"><img loading=\"lazy\" decoding=\"async\" width=\"500\" height=\"500\" data-id=\"227\" src=\"https:\/\/blogs.univ-tlse2.fr\/mediationdelamusique\/files\/2022\/03\/276980052_260750626272975_4795935490608363986_n.png\" alt=\"\" class=\"wp-image-227\" srcset=\"https:\/\/blogs.univ-tlse2.fr\/mediationdelamusique\/files\/2022\/03\/276980052_260750626272975_4795935490608363986_n.png 500w, https:\/\/blogs.univ-tlse2.fr\/mediationdelamusique\/files\/2022\/03\/276980052_260750626272975_4795935490608363986_n-300x300.png 300w, https:\/\/blogs.univ-tlse2.fr\/mediationdelamusique\/files\/2022\/03\/276980052_260750626272975_4795935490608363986_n-150x150.png 150w, https:\/\/blogs.univ-tlse2.fr\/mediationdelamusique\/files\/2022\/03\/276980052_260750626272975_4795935490608363986_n-100x100.png 100w\" sizes=\"auto, (max-width: 500px) 100vw, 500px\" \/><\/figure>\n<\/figure>\n<\/div>\n<\/div>\n\n\n\n<p><strong>M\u00e9thodologie : <\/strong><\/p>\n\n\n\n<ul class=\"wp-block-list\"><li>\u00c9tablissement d&rsquo;un questionnaire<\/li><\/ul>\n\n\n\n<ul class=\"wp-block-list\"><li>S\u00e9lection des profils d&rsquo;\u00e9tudiants \u00e0 interroger : un panel de 15 \u00e9tudiants issus de parcours et \u00e9coles totalement diff\u00e9rents a \u00e9t\u00e9 choisi&nbsp;&#8211; UT1 <em>Universit\u00e9 Toulouse Capitole<\/em>, UT2<em> Universit\u00e9 Toulouse Jean Jaur\u00e8s<\/em>, UT3 <em>Universit\u00e9 Toulouse Paul Sabatier<\/em>, TBS <em>Toulouse Business School<\/em>, ENSEEIHT <em>\u00c9cole nationale sup\u00e9rieure d&rsquo;\u00e9lectrotechnique, d&rsquo;\u00e9lectronique, d&rsquo;informatique, d&rsquo;hydraulique et des t\u00e9l\u00e9communications<\/em>, ISDAT <em>Institut sup\u00e9rieur des arts de Toulouse<\/em>, INSP\u00c9 <em>Institut National Sup\u00e9rieur du Professorat et de l&rsquo;\u00c9ducation<\/em>, IFMI <em>Institut de Formation de Musiciens Intervenant <\/em>et ICT <em>Institut Catholique de Toulouse<\/em>\u2013 afin d\u2019avoir une repr\u00e9sentativit\u00e9 la plus proche possible de la r\u00e9alit\u00e9 du public \u00e9tudiant. Les \u00e9tudiants sollicit\u00e9s devaient \u00e9galement \u00eatre inscrits en fin de licence ou d\u00e9but de master, connaissance n\u00e9cessaire de l&rsquo;offre culturelle de la ville de Toulouse.<\/li><\/ul>\n\n\n\n<figure class=\"wp-block-gallery has-nested-images columns-default is-cropped wp-block-gallery-4 is-layout-flex wp-block-gallery-is-layout-flex\">\n<figure class=\"wp-block-image size-large is-style-default\"><img loading=\"lazy\" decoding=\"async\" width=\"632\" height=\"582\" data-id=\"284\" src=\"https:\/\/blogs.univ-tlse2.fr\/mediationdelamusique\/files\/2022\/03\/logo-ecole-2.png\" alt=\"\" class=\"wp-image-284\" srcset=\"https:\/\/blogs.univ-tlse2.fr\/mediationdelamusique\/files\/2022\/03\/logo-ecole-2.png 632w, https:\/\/blogs.univ-tlse2.fr\/mediationdelamusique\/files\/2022\/03\/logo-ecole-2-300x276.png 300w\" sizes=\"auto, (max-width: 632px) 100vw, 632px\" \/><\/figure>\n<\/figure>\n\n\n\n<p><br>Une enqu\u00eate diff\u00e8re d\u2019un sondage : peu d\u2019interrog\u00e9s mais les entretiens sont plus longs, plus complets. Chacun de ces entretiens dure environ une heure durant laquelle des questions ouvertes sont pos\u00e9es, permettant ainsi \u00e0 chaque \u00e9tudiant interrog\u00e9 de d\u00e9velopper ses r\u00e9ponses et de se confier davantage. La qualit\u00e9 est pr\u00e9f\u00e9r\u00e9e \u00e0 la quantit\u00e9.<\/p>\n\n\n\n<p><\/p>\n\n\n\n<p>Notre grille de questions s&rsquo;appuie sur quatre axes :<\/p>\n\n\n\n<div class=\"wp-block-columns is-layout-flex wp-container-core-columns-is-layout-9d6595d7 wp-block-columns-is-layout-flex\">\n<div class=\"wp-block-column is-layout-flow wp-block-column-is-layout-flow\" style=\"flex-basis:66.66%\">\n<p>M\u00e9tier d\u2019\u00e9tudiants&nbsp;: questions autour de la formation, du parcours scolaires, des habitudes de travail<\/p>\n\n\n\n<p>Effet d\u2019\u00e2ge\u00a0: habitudes de vie li\u00e9es \u00e0 l\u2019\u00e2ge des interrog\u00e9s (sorties, soir\u00e9es \u00e9tudiantes, colocation)<\/p>\n\n\n\n<p>Go\u00fbts et habitudes&nbsp;: go\u00fbts musicaux et habitude d\u2019\u00e9coute, activit\u00e9s culturelles<\/p>\n\n\n\n<p>Dispositions&nbsp;: influence de l\u2019entourage, de la famille, de l\u2019\u00e9ducation<\/p>\n<\/div>\n\n\n\n<div class=\"wp-block-column is-layout-flow wp-block-column-is-layout-flow\" style=\"flex-basis:33.33%\">\n<figure class=\"wp-block-gallery has-nested-images columns-default is-cropped wp-block-gallery-5 is-layout-flex wp-block-gallery-is-layout-flex\">\n<figure class=\"wp-block-image size-large is-style-default\"><img loading=\"lazy\" decoding=\"async\" width=\"492\" height=\"457\" data-id=\"285\" src=\"https:\/\/blogs.univ-tlse2.fr\/mediationdelamusique\/files\/2022\/03\/grille.png\" alt=\"\" class=\"wp-image-285\" srcset=\"https:\/\/blogs.univ-tlse2.fr\/mediationdelamusique\/files\/2022\/03\/grille.png 492w, https:\/\/blogs.univ-tlse2.fr\/mediationdelamusique\/files\/2022\/03\/grille-300x279.png 300w\" sizes=\"auto, (max-width: 492px) 100vw, 492px\" \/><\/figure>\n<\/figure>\n<\/div>\n<\/div>\n\n\n\n<p>Des \u00e9tudiants de deuxi\u00e8me ann\u00e9e de la licence sociologie ont apport\u00e9 leur aide durant cette enqu\u00eate. Chacun d\u2019entre eux a r\u00e9alis\u00e9 une entrevue, ce qui a permis d\u2019avoir des t\u00e9moignages suppl\u00e9mentaires, avec de nouveaux profils. <\/p>\n\n\n\n<p>Chacun des entretiens sera retranscrit et analys\u00e9 afin d\u2019en d\u00e9gager des th\u00e9matiques fortes et dominantes. Gr\u00e2ce \u00e0 cela, un script pourra \u00eatre cr\u00e9\u00e9 et permettra de joindre ensemble divers passages de chaque entretien afin de r\u00e9aliser des \u00e9pisodes de podcast.<\/p>\n\n\n\n<div class=\"wp-block-columns is-layout-flex wp-container-core-columns-is-layout-9d6595d7 wp-block-columns-is-layout-flex\">\n<div class=\"wp-block-column is-layout-flow wp-block-column-is-layout-flow\"><\/div>\n\n\n\n<div class=\"wp-block-column is-layout-flow wp-block-column-is-layout-flow\">\n<figure class=\"wp-block-gallery has-nested-images columns-default is-cropped wp-block-gallery-6 is-layout-flex wp-block-gallery-is-layout-flex\">\n<figure class=\"wp-block-image size-large is-style-default\"><img loading=\"lazy\" decoding=\"async\" width=\"431\" height=\"373\" data-id=\"290\" src=\"https:\/\/blogs.univ-tlse2.fr\/mediationdelamusique\/files\/2022\/03\/Podcast-1.png\" alt=\"\" class=\"wp-image-290\" srcset=\"https:\/\/blogs.univ-tlse2.fr\/mediationdelamusique\/files\/2022\/03\/Podcast-1.png 431w, https:\/\/blogs.univ-tlse2.fr\/mediationdelamusique\/files\/2022\/03\/Podcast-1-300x260.png 300w\" sizes=\"auto, (max-width: 431px) 100vw, 431px\" \/><\/figure>\n<\/figure>\n<\/div>\n\n\n\n<div class=\"wp-block-column is-layout-flow wp-block-column-is-layout-flow\">\n<figure class=\"wp-block-gallery has-nested-images columns-default is-cropped wp-block-gallery-7 is-layout-flex wp-block-gallery-is-layout-flex\"><\/figure>\n<\/div>\n<\/div>\n\n\n\n<p>Ces podcasts, sous forme de capsules de 10 \u00e0 15 minutes, permettant d\u2019apporter des hypoth\u00e8ses et des sc\u00e9narios de r\u00e9ponses possibles \u00e0 la question initiale, seront dans un dernier temps pr\u00e9sent\u00e9s au commanditaire de l\u2019enqu\u00eate, le Th\u00e9\u00e2tre du Capitole de Toulouse.\u00a0<\/p>\n","protected":false},"excerpt":{"rendered":"<p>Pourquoi les \u00e9tudiants vont-ils si peu \u00e0 l&rsquo;op\u00e9ra ? Cette question est un enjeu majeur pour le renouvellement des publics. Le Th\u00e9\u00e2tre du Capitole a charg\u00e9 les \u00e9tudiants du Master M\u00e9diation de la Musique de trouver des pistes de r\u00e9flexions et de rem\u00e9diation \u00e0 ce sujet. Pour ce faire, une enqu\u00eate sociologique a \u00e9t\u00e9 commandit\u00e9e. &hellip; <\/p>\n<p class=\"link-more\"><a href=\"https:\/\/blogs.univ-tlse2.fr\/mediationdelamusique\/projets-tutores\/\" class=\"more-link\">Continuer la lecture<span class=\"screen-reader-text\"> de &laquo;&nbsp;Enqu\u00eate \u00e9cole &#8211; Th\u00e9\u00e2tre du Capitole&nbsp;&raquo;<\/span><\/a><\/p>\n","protected":false},"author":1078,"featured_media":0,"parent":0,"menu_order":0,"comment_status":"closed","ping_status":"closed","template":"","meta":{"footnotes":""},"class_list":["post-28","page","type-page","status-publish","hentry"],"_links":{"self":[{"href":"https:\/\/blogs.univ-tlse2.fr\/mediationdelamusique\/wp-json\/wp\/v2\/pages\/28","targetHints":{"allow":["GET"]}}],"collection":[{"href":"https:\/\/blogs.univ-tlse2.fr\/mediationdelamusique\/wp-json\/wp\/v2\/pages"}],"about":[{"href":"https:\/\/blogs.univ-tlse2.fr\/mediationdelamusique\/wp-json\/wp\/v2\/types\/page"}],"author":[{"embeddable":true,"href":"https:\/\/blogs.univ-tlse2.fr\/mediationdelamusique\/wp-json\/wp\/v2\/users\/1078"}],"replies":[{"embeddable":true,"href":"https:\/\/blogs.univ-tlse2.fr\/mediationdelamusique\/wp-json\/wp\/v2\/comments?post=28"}],"version-history":[{"count":11,"href":"https:\/\/blogs.univ-tlse2.fr\/mediationdelamusique\/wp-json\/wp\/v2\/pages\/28\/revisions"}],"predecessor-version":[{"id":302,"href":"https:\/\/blogs.univ-tlse2.fr\/mediationdelamusique\/wp-json\/wp\/v2\/pages\/28\/revisions\/302"}],"wp:attachment":[{"href":"https:\/\/blogs.univ-tlse2.fr\/mediationdelamusique\/wp-json\/wp\/v2\/media?parent=28"}],"curies":[{"name":"wp","href":"https:\/\/api.w.org\/{rel}","templated":true}]}}