 {"id":41,"date":"2022-03-07T19:37:41","date_gmt":"2022-03-07T18:37:41","guid":{"rendered":"https:\/\/blogs.univ-tlse2.fr\/mediationdelamusique\/?page_id=41"},"modified":"2025-01-14T15:43:10","modified_gmt":"2025-01-14T14:43:10","slug":"conditions-dadmission","status":"publish","type":"page","link":"https:\/\/blogs.univ-tlse2.fr\/mediationdelamusique\/conditions-dadmission\/","title":{"rendered":"Conditions d&rsquo;admission"},"content":{"rendered":"\n<p><strong>Titres requis&nbsp;:<\/strong><\/p>\n\n\n\n<p>Les candidatures sont ouvertes aux titulaires d\u2019une licence mention Musique, Musicologie, Communication ou d\u2019une formation Bac+3 \u00e9quivalente (notamment DUMI).<\/p>\n\n\n\n<p><strong>Proc\u00e9dure&nbsp;:<\/strong><\/p>\n\n\n\n<p style=\"line-height:0\">S\u00e9lection sur dossier.<\/p>\n\n\n\n<p style=\"line-height:0\">Date butoir d\u00e9p\u00f4t du dossier&nbsp;: <em>information \u00e0 venir<\/em><\/p>\n\n\n\n<p style=\"line-height:0\"><\/p>\n\n\n\n<p style=\"line-height:1.5\">Contenu du dossier&nbsp;: <\/p>\n\n\n\n<ul class=\"wp-block-list\">\n<li>CV d\u00e9taill\u00e9\n<ul class=\"wp-block-list\">\n<li>Un projet de recherche en m\u00e9diation de la musique<\/li>\n\n\n\n<li>Une lettre de motivation<\/li>\n<\/ul>\n<\/li>\n<\/ul>\n","protected":false},"excerpt":{"rendered":"<p>Titres requis&nbsp;: Les candidatures sont ouvertes aux titulaires d\u2019une licence mention Musique, Musicologie, Communication ou d\u2019une formation Bac+3 \u00e9quivalente (notamment DUMI). Proc\u00e9dure&nbsp;: S\u00e9lection sur dossier. Date butoir d\u00e9p\u00f4t du dossier&nbsp;: information \u00e0 venir Contenu du dossier&nbsp;:<\/p>\n","protected":false},"author":1078,"featured_media":0,"parent":0,"menu_order":0,"comment_status":"closed","ping_status":"closed","template":"","meta":{"footnotes":""},"class_list":["post-41","page","type-page","status-publish","hentry"],"_links":{"self":[{"href":"https:\/\/blogs.univ-tlse2.fr\/mediationdelamusique\/wp-json\/wp\/v2\/pages\/41","targetHints":{"allow":["GET"]}}],"collection":[{"href":"https:\/\/blogs.univ-tlse2.fr\/mediationdelamusique\/wp-json\/wp\/v2\/pages"}],"about":[{"href":"https:\/\/blogs.univ-tlse2.fr\/mediationdelamusique\/wp-json\/wp\/v2\/types\/page"}],"author":[{"embeddable":true,"href":"https:\/\/blogs.univ-tlse2.fr\/mediationdelamusique\/wp-json\/wp\/v2\/users\/1078"}],"replies":[{"embeddable":true,"href":"https:\/\/blogs.univ-tlse2.fr\/mediationdelamusique\/wp-json\/wp\/v2\/comments?post=41"}],"version-history":[{"count":7,"href":"https:\/\/blogs.univ-tlse2.fr\/mediationdelamusique\/wp-json\/wp\/v2\/pages\/41\/revisions"}],"predecessor-version":[{"id":525,"href":"https:\/\/blogs.univ-tlse2.fr\/mediationdelamusique\/wp-json\/wp\/v2\/pages\/41\/revisions\/525"}],"wp:attachment":[{"href":"https:\/\/blogs.univ-tlse2.fr\/mediationdelamusique\/wp-json\/wp\/v2\/media?parent=41"}],"curies":[{"name":"wp","href":"https:\/\/api.w.org\/{rel}","templated":true}]}}