 {"id":435,"date":"2023-04-19T15:14:03","date_gmt":"2023-04-19T13:14:03","guid":{"rendered":"https:\/\/blogs.univ-tlse2.fr\/mediationdelamusique\/?page_id=435"},"modified":"2024-02-21T11:34:30","modified_gmt":"2024-02-21T10:34:30","slug":"enquete-ecole-mairie-de-toulouse","status":"publish","type":"page","link":"https:\/\/blogs.univ-tlse2.fr\/mediationdelamusique\/enquete-ecole-mairie-de-toulouse\/","title":{"rendered":"Enqu\u00eate \u00e9cole &#8211; Mairie de Toulouse"},"content":{"rendered":"\n<p><strong>Toulouse M\u00e9tropole &#8211; Candidature au label \u201cVille cr\u00e9ative &#8211; Ville des musiques\u201d de l\u2019UNESCO&nbsp;<\/strong><\/p>\n\n\n\n<p>Dans le cadre de cette candidature, la mairie de Toulouse et la m\u00e9tropole de Toulouse ont confi\u00e9 aux \u00e9tudiants du master 1 M\u00e9diation de la musique de l\u2019UT2J, une enqu\u00eate pouvant nourrir leur candidature aupr\u00e8s de l\u2019UNESCO. Propos\u00e9e sur une base d\u2019entretiens enregistr\u00e9s, l\u2019enqu\u00eate a \u00e9t\u00e9 encadr\u00e9e par des enseignants chercheurs.&nbsp;<\/p>\n\n\n\n<p>Cette enqu\u00eate s&rsquo;est d\u00e9roul\u00e9e en plusieurs \u00e9tapes majeures.&nbsp;<\/p>\n\n\n\n<p><strong>La d\u00e9couverte du contexte, des conditions de l&rsquo;enqu\u00eate :&nbsp;<\/strong><\/p>\n\n\n\n<p>Rencontres avec la Mairie de Toulouse ainsi que Toulouse M\u00e9tropole afin de d\u00e9finir le cadre de l&rsquo;enqu\u00eate commandit\u00e9.&nbsp;<\/p>\n\n\n\n<p>Temps d\u2019\u00e9change d\u00e9di\u00e9 pour saisir correctement les enjeux et les aboutissants de la candidature au label UNESCO, mais aussi pour comprendre les attendus exacts de l&rsquo;enqu\u00eate de la part des commanditaires.&nbsp;&nbsp;<\/p>\n\n\n\n<p>Objectif : mener une enqu\u00eate de terrain aupr\u00e8s des op\u00e9rateurs musicaux \u00e0 Toulouse,&nbsp; afin de mieux les conna\u00eetre.&nbsp;<\/p>\n\n\n\n<p><strong>M\u00e9thodologie :&nbsp;<\/strong><\/p>\n\n\n\n<p>\u00c9tablissement d\u2019une grille d\u2019entretien commune \u00e0 tous.tes.&nbsp;<\/p>\n\n\n\n<p>Ciblage des structures \u00e0 interroger et structuration autour de leurs axes d\u2019action principaux&nbsp; :&nbsp; la production, la cr\u00e9ation, la formation et documentation, ou encore la diffusion.<\/p>\n\n\n\n<p>&nbsp;L\u2019enqu\u00eate aura concern\u00e9 au final une trentaine de structures toulousaine, dont nous avons jug\u00e9 n\u00e9cessaire de taire les noms \u00e0 des fins \u00e9thiques.&nbsp;<\/p>\n\n\n\n<p>Une enqu\u00eate diff\u00e8re d\u2019un sondage : peu d\u2019interrog\u00e9s mais les entretiens sont plus longs, plus complets. Chacun de ces entretiens dure environ une heure durant laquelle des questions ouvertes sont pos\u00e9es, permettant ainsi \u00e0 chaque interview\u00e9 interrog\u00e9 de d\u00e9velopper ses r\u00e9ponses et de se confier davantage. La qualit\u00e9 est pr\u00e9f\u00e9r\u00e9e \u00e0 la quantit\u00e9.<\/p>\n\n\n\n<p>Notre grille de questions s\u2019est appuy\u00e9e sur cinq axes principaux :&nbsp;<\/p>\n\n\n\n<ul class=\"wp-block-list\">\n<li>l\u2019ancrage de la structure dans l&rsquo;\u00e9cosyst\u00e8me culturel toulousain&nbsp;<\/li>\n\n\n\n<li>les objectifs et impacts sociaux de leurs actions<\/li>\n\n\n\n<li>l\u2019ancrage territorial<\/li>\n\n\n\n<li>les collaborations (\u00e0 toutes \u00e9chelles : r\u00e9gionale comme internationale)<\/li>\n\n\n\n<li>le positionnement vis-\u00e0-vis du label UNESCO \u201cVille cr\u00e9ative\u201d&nbsp;<\/li>\n<\/ul>\n\n\n\n<p>Chacun des entretiens a \u00e9t\u00e9 retranscrit et analys\u00e9 afin d\u2019en d\u00e9gager des th\u00e9matiques fortes et dominantes. Gr\u00e2ce \u00e0 cela, un script a \u00e9t\u00e9 cr\u00e9\u00e9 et a permis d\u2019associer divers passages de chaque entretien, afin de r\u00e9aliser des \u00e9pisodes de podcast.<\/p>\n\n\n\n<p>Ces podcasts, sous forme de capsules de 10 \u00e0 15 minutes, permettent de mettre en lumi\u00e8re les qualit\u00e9s de la vie musicale toulousaine. Ils ont \u00e9t\u00e9 remis aux commanditaires de l\u2019enqu\u00eate et int\u00e9gr\u00e9s \u00e0 la candidature \u00e0 l\u2019UNESCO.\u00a0<\/p>\n\n\n\n<figure class=\"wp-block-embed is-type-rich is-provider-soundcloud wp-block-embed-soundcloud wp-embed-aspect-4-3 wp-has-aspect-ratio\"><div class=\"wp-block-embed__wrapper\">\n<iframe loading=\"lazy\" title=\"ENQUETE ECOLE 2022\/2023 by MEDIATION PODCAST\" width=\"525\" height=\"450\" scrolling=\"no\" frameborder=\"no\" src=\"https:\/\/w.soundcloud.com\/player\/?visual=true&#038;url=https%3A%2F%2Fapi.soundcloud.com%2Fplaylists%2F1779461334&#038;show_artwork=true&#038;maxheight=788&#038;maxwidth=525\"><\/iframe>\n<\/div><\/figure>\n\n\n\n<p>La remise d\u2019un dossier compl\u00e9mentaire r\u00e9pondant de fa\u00e7on plus d\u00e9velopp\u00e9e et analytique aux interrogations initiales a \u00e9t\u00e9 pr\u00e9sent\u00e9 lors d\u2019un dernier entretien aux repr\u00e9sentants de Toulouse M\u00e9tropole et de la Mairie de Toulouse.\u00a0<\/p>\n","protected":false},"excerpt":{"rendered":"<p>Toulouse M\u00e9tropole &#8211; Candidature au label \u201cVille cr\u00e9ative &#8211; Ville des musiques\u201d de l\u2019UNESCO&nbsp; Dans le cadre de cette candidature, la mairie de Toulouse et la m\u00e9tropole de Toulouse ont confi\u00e9 aux \u00e9tudiants du master 1 M\u00e9diation de la musique de l\u2019UT2J, une enqu\u00eate pouvant nourrir leur candidature aupr\u00e8s de l\u2019UNESCO. Propos\u00e9e sur une base &hellip; <\/p>\n<p class=\"link-more\"><a href=\"https:\/\/blogs.univ-tlse2.fr\/mediationdelamusique\/enquete-ecole-mairie-de-toulouse\/\" class=\"more-link\">Continuer la lecture<span class=\"screen-reader-text\"> de &laquo;&nbsp;Enqu\u00eate \u00e9cole &#8211; Mairie de Toulouse&nbsp;&raquo;<\/span><\/a><\/p>\n","protected":false},"author":1078,"featured_media":0,"parent":0,"menu_order":0,"comment_status":"closed","ping_status":"closed","template":"","meta":{"footnotes":""},"class_list":["post-435","page","type-page","status-publish","hentry"],"_links":{"self":[{"href":"https:\/\/blogs.univ-tlse2.fr\/mediationdelamusique\/wp-json\/wp\/v2\/pages\/435","targetHints":{"allow":["GET"]}}],"collection":[{"href":"https:\/\/blogs.univ-tlse2.fr\/mediationdelamusique\/wp-json\/wp\/v2\/pages"}],"about":[{"href":"https:\/\/blogs.univ-tlse2.fr\/mediationdelamusique\/wp-json\/wp\/v2\/types\/page"}],"author":[{"embeddable":true,"href":"https:\/\/blogs.univ-tlse2.fr\/mediationdelamusique\/wp-json\/wp\/v2\/users\/1078"}],"replies":[{"embeddable":true,"href":"https:\/\/blogs.univ-tlse2.fr\/mediationdelamusique\/wp-json\/wp\/v2\/comments?post=435"}],"version-history":[{"count":4,"href":"https:\/\/blogs.univ-tlse2.fr\/mediationdelamusique\/wp-json\/wp\/v2\/pages\/435\/revisions"}],"predecessor-version":[{"id":451,"href":"https:\/\/blogs.univ-tlse2.fr\/mediationdelamusique\/wp-json\/wp\/v2\/pages\/435\/revisions\/451"}],"wp:attachment":[{"href":"https:\/\/blogs.univ-tlse2.fr\/mediationdelamusique\/wp-json\/wp\/v2\/media?parent=435"}],"curies":[{"name":"wp","href":"https:\/\/api.w.org\/{rel}","templated":true}]}}