 {"id":464,"date":"2024-02-21T13:21:21","date_gmt":"2024-02-21T12:21:21","guid":{"rendered":"https:\/\/blogs.univ-tlse2.fr\/mediationdelamusique\/?page_id=464"},"modified":"2024-03-25T10:25:12","modified_gmt":"2024-03-25T09:25:12","slug":"la-promo-2022-2024","status":"publish","type":"page","link":"https:\/\/blogs.univ-tlse2.fr\/mediationdelamusique\/la-promo-2022-2024\/","title":{"rendered":"La Promo 2022\/2024"},"content":{"rendered":"\n<p><\/p>\n\n\n\n<div class=\"wp-block-columns is-layout-flex wp-container-core-columns-is-layout-9d6595d7 wp-block-columns-is-layout-flex\">\n<div class=\"wp-block-column is-layout-flow wp-block-column-is-layout-flow\">\n<p><strong>PRIEUR Domitille <\/strong><\/p>\n\n\n\n<p><strong>Parcours<\/strong> : Licence musique et musicologie parcours m\u00e9diation \u00e0 l\u2019universit\u00e9 Lyon 2 Lumi\u00e8re<br>CPGE lettres musique au lyc\u00e9e Pierre de Fermat, Toulouse<\/p>\n\n\n\n<p><br><strong>M\u00e9moire de recherche :<\/strong> Quel acc\u00e8s au concert pour la petite enfance et les familles\/professionnels\/accompagnants ?<\/p>\n\n\n\n<p><br><strong>Stage<\/strong> : assistante \u00e0 l\u2019action culturelle aux Concerts de Poche, Pole Aquitaine &#8211; Occitanie<\/p>\n<\/div>\n\n\n\n<div class=\"wp-block-column is-layout-flow wp-block-column-is-layout-flow\">\n<figure class=\"wp-block-image size-full is-style-rounded\"><img loading=\"lazy\" decoding=\"async\" width=\"346\" height=\"346\" src=\"https:\/\/blogs.univ-tlse2.fr\/mediationdelamusique\/files\/2024\/03\/bbe3a53e-e176-4624-b82c-3f88b805b8bd-1-edited.jpg\" alt=\"\" class=\"wp-image-480\" srcset=\"https:\/\/blogs.univ-tlse2.fr\/mediationdelamusique\/files\/2024\/03\/bbe3a53e-e176-4624-b82c-3f88b805b8bd-1-edited.jpg 346w, https:\/\/blogs.univ-tlse2.fr\/mediationdelamusique\/files\/2024\/03\/bbe3a53e-e176-4624-b82c-3f88b805b8bd-1-edited-300x300.jpg 300w, https:\/\/blogs.univ-tlse2.fr\/mediationdelamusique\/files\/2024\/03\/bbe3a53e-e176-4624-b82c-3f88b805b8bd-1-edited-150x150.jpg 150w, https:\/\/blogs.univ-tlse2.fr\/mediationdelamusique\/files\/2024\/03\/bbe3a53e-e176-4624-b82c-3f88b805b8bd-1-edited-100x100.jpg 100w\" sizes=\"auto, (max-width: 346px) 100vw, 346px\" \/><\/figure>\n<\/div>\n<\/div>\n\n\n\n<div class=\"wp-block-columns is-layout-flex wp-container-core-columns-is-layout-9d6595d7 wp-block-columns-is-layout-flex\">\n<div class=\"wp-block-column is-layout-flow wp-block-column-is-layout-flow\">\n<figure class=\"wp-block-image size-full is-resized is-style-rounded\"><img loading=\"lazy\" decoding=\"async\" width=\"1317\" height=\"1317\" src=\"https:\/\/blogs.univ-tlse2.fr\/mediationdelamusique\/files\/2024\/03\/56f340b5-3dfa-467e-b94f-b9fc3749dbcd.jpeg\" alt=\"\" class=\"wp-image-477\" style=\"width:317px;height:auto\" srcset=\"https:\/\/blogs.univ-tlse2.fr\/mediationdelamusique\/files\/2024\/03\/56f340b5-3dfa-467e-b94f-b9fc3749dbcd.jpeg 1317w, https:\/\/blogs.univ-tlse2.fr\/mediationdelamusique\/files\/2024\/03\/56f340b5-3dfa-467e-b94f-b9fc3749dbcd-300x300.jpeg 300w, https:\/\/blogs.univ-tlse2.fr\/mediationdelamusique\/files\/2024\/03\/56f340b5-3dfa-467e-b94f-b9fc3749dbcd-1024x1024.jpeg 1024w, https:\/\/blogs.univ-tlse2.fr\/mediationdelamusique\/files\/2024\/03\/56f340b5-3dfa-467e-b94f-b9fc3749dbcd-150x150.jpeg 150w, https:\/\/blogs.univ-tlse2.fr\/mediationdelamusique\/files\/2024\/03\/56f340b5-3dfa-467e-b94f-b9fc3749dbcd-768x768.jpeg 768w, https:\/\/blogs.univ-tlse2.fr\/mediationdelamusique\/files\/2024\/03\/56f340b5-3dfa-467e-b94f-b9fc3749dbcd-100x100.jpeg 100w\" sizes=\"auto, (max-width: 767px) 89vw, (max-width: 1000px) 54vw, (max-width: 1071px) 543px, 580px\" \/><\/figure>\n<\/div>\n\n\n\n<div class=\"wp-block-column is-layout-flow wp-block-column-is-layout-flow\">\n<p><strong>EYSSARTEL Valentin<\/strong><\/p>\n\n\n\n<p><strong>Parcours<\/strong> : \u00c9tant \u00e9galement Dumiste (UT2J), il s&rsquo;int\u00e9resse beaucoup \u00e0 la p\u00e9dagogie et \u00e0 faire d\u00e9couvrir les joies de la pratique musicale au plus grand nombre.<\/p>\n\n\n\n<p><br><strong>M\u00e9moire de recherche :<\/strong> R\u00e9alise son m\u00e9moire sur les orchestres \u00e0 vocation sociale.<\/p>\n\n\n\n<p><br><strong>Stage<\/strong> : Topophone, Toulouse<\/p>\n<\/div>\n<\/div>\n\n\n\n<div class=\"wp-block-columns is-layout-flex wp-container-core-columns-is-layout-9d6595d7 wp-block-columns-is-layout-flex\">\n<div class=\"wp-block-column is-layout-flow wp-block-column-is-layout-flow\">\n<p><strong>KHALOUA Anouk<\/strong><\/p>\n\n\n\n<p><strong>Parcours<\/strong> : licence en humanit\u00e9, Nanterre<\/p>\n\n\n\n<p><br><strong>M\u00e9moire de recherche :<\/strong> Les outils de visibilisation des musiciennes de la sc\u00e8ne jazz fran\u00e7aise au niveau de la diffusion, de la formation et de la m\u00e9diation.&nbsp;<\/p>\n\n\n\n<p><br><strong>Stage<\/strong> :  &nbsp;assistante d&rsquo;administration et de production pour V.O. Music, une soci\u00e9t\u00e9 de booking implant\u00e9e en r\u00e9gion parisienne<\/p>\n<\/div>\n\n\n\n<div class=\"wp-block-column is-layout-flow wp-block-column-is-layout-flow\">\n<figure class=\"wp-block-image size-full is-resized is-style-rounded\"><img loading=\"lazy\" decoding=\"async\" width=\"227\" height=\"227\" src=\"https:\/\/blogs.univ-tlse2.fr\/mediationdelamusique\/files\/2024\/03\/Anouk-photo.jpg\" alt=\"\" class=\"wp-image-481\" style=\"width:317px;height:auto\" srcset=\"https:\/\/blogs.univ-tlse2.fr\/mediationdelamusique\/files\/2024\/03\/Anouk-photo.jpg 227w, https:\/\/blogs.univ-tlse2.fr\/mediationdelamusique\/files\/2024\/03\/Anouk-photo-150x150.jpg 150w, https:\/\/blogs.univ-tlse2.fr\/mediationdelamusique\/files\/2024\/03\/Anouk-photo-100x100.jpg 100w\" sizes=\"auto, (max-width: 227px) 100vw, 227px\" \/><\/figure>\n<\/div>\n<\/div>\n\n\n\n<div class=\"wp-block-columns is-layout-flex wp-container-core-columns-is-layout-9d6595d7 wp-block-columns-is-layout-flex\">\n<div class=\"wp-block-column is-layout-flow wp-block-column-is-layout-flow\">\n<figure class=\"wp-block-image size-full is-resized is-style-rounded\"><img loading=\"lazy\" decoding=\"async\" width=\"800\" height=\"800\" src=\"https:\/\/blogs.univ-tlse2.fr\/mediationdelamusique\/files\/2024\/03\/1643389685113.jpeg\" alt=\"\" class=\"wp-image-482\" style=\"width:317px;height:auto\" srcset=\"https:\/\/blogs.univ-tlse2.fr\/mediationdelamusique\/files\/2024\/03\/1643389685113.jpeg 800w, https:\/\/blogs.univ-tlse2.fr\/mediationdelamusique\/files\/2024\/03\/1643389685113-300x300.jpeg 300w, https:\/\/blogs.univ-tlse2.fr\/mediationdelamusique\/files\/2024\/03\/1643389685113-150x150.jpeg 150w, https:\/\/blogs.univ-tlse2.fr\/mediationdelamusique\/files\/2024\/03\/1643389685113-768x768.jpeg 768w, https:\/\/blogs.univ-tlse2.fr\/mediationdelamusique\/files\/2024\/03\/1643389685113-100x100.jpeg 100w\" sizes=\"auto, (max-width: 767px) 89vw, (max-width: 1000px) 54vw, (max-width: 1071px) 543px, 580px\" \/><\/figure>\n<\/div>\n\n\n\n<div class=\"wp-block-column is-layout-flow wp-block-column-is-layout-flow\">\n<p><strong>BLADES CANO Africa <\/strong><\/p>\n\n\n\n<p><strong>Parcours<\/strong> : \u00e9tudes en Anthropologie Sociale et Culturelle (UAB, Barcelone). Elle est fortement int\u00e9ress\u00e9e par les effets que la musique soul\u00e8ve collectivement, surtout par le biais de la pratique musicale.&nbsp;<\/p>\n\n\n\n<p><br><strong>M\u00e9moire de recherche :<\/strong> Construire une \u00e9tude de la pratique musicale collective des seniors en Haute Garonne d&rsquo;un point de vue social, afin d&rsquo;\u00e9prouver que la musique peut faire na\u00eetre des relations sociales et, en cons\u00e9quence,\u00a0comporter une solution \u00e0 des situations d&rsquo;isolement<\/p>\n\n\n\n<p><br><strong>Stage<\/strong> : M\u00e9diation et production \u00e0 la DAVV, au p\u00f4le des Musiques Actuelles et Cultures Urbaines.<\/p>\n<\/div>\n<\/div>\n\n\n\n<div class=\"wp-block-columns is-layout-flex wp-container-core-columns-is-layout-9d6595d7 wp-block-columns-is-layout-flex\">\n<div class=\"wp-block-column is-layout-flow wp-block-column-is-layout-flow\">\n<p><strong>TRENEL Margaux<\/strong><\/p>\n\n\n\n<p><strong>Parcours<\/strong> : Licence musique et musicologie \u00e0 l&rsquo;universit\u00e9 de Nancy. Mais aussi une percussionniste et trompettiste passionn\u00e9e ! <\/p>\n\n\n\n<p><br><strong>M\u00e9moire de recherche :<\/strong> elle \u00e9tudie la place de la musique pour les personnes en situation de handicap acquis.<\/p>\n\n\n\n<p><br><strong>Stage<\/strong> : P\u00f4le Culture du Centre Hospitalier de Toulouse Purpan <\/p>\n<\/div>\n\n\n\n<div class=\"wp-block-column is-layout-flow wp-block-column-is-layout-flow\">\n<figure class=\"wp-block-image size-full is-style-rounded\"><img loading=\"lazy\" decoding=\"async\" width=\"2560\" height=\"2560\" src=\"https:\/\/blogs.univ-tlse2.fr\/mediationdelamusique\/files\/2024\/03\/image_6483441-edited-scaled.jpg\" alt=\"\" class=\"wp-image-484\" srcset=\"https:\/\/blogs.univ-tlse2.fr\/mediationdelamusique\/files\/2024\/03\/image_6483441-edited-scaled.jpg 2560w, https:\/\/blogs.univ-tlse2.fr\/mediationdelamusique\/files\/2024\/03\/image_6483441-edited-300x300.jpg 300w, https:\/\/blogs.univ-tlse2.fr\/mediationdelamusique\/files\/2024\/03\/image_6483441-edited-1024x1024.jpg 1024w, https:\/\/blogs.univ-tlse2.fr\/mediationdelamusique\/files\/2024\/03\/image_6483441-edited-150x150.jpg 150w, https:\/\/blogs.univ-tlse2.fr\/mediationdelamusique\/files\/2024\/03\/image_6483441-edited-768x768.jpg 768w, https:\/\/blogs.univ-tlse2.fr\/mediationdelamusique\/files\/2024\/03\/image_6483441-edited-1536x1536.jpg 1536w, https:\/\/blogs.univ-tlse2.fr\/mediationdelamusique\/files\/2024\/03\/image_6483441-edited-2048x2048.jpg 2048w, https:\/\/blogs.univ-tlse2.fr\/mediationdelamusique\/files\/2024\/03\/image_6483441-edited-100x100.jpg 100w\" sizes=\"auto, (max-width: 767px) 89vw, (max-width: 1000px) 54vw, (max-width: 1071px) 543px, 580px\" \/><\/figure>\n<\/div>\n<\/div>\n\n\n\n<div class=\"wp-block-columns is-layout-flex wp-container-core-columns-is-layout-9d6595d7 wp-block-columns-is-layout-flex\">\n<div class=\"wp-block-column is-layout-flow wp-block-column-is-layout-flow\">\n<figure class=\"wp-block-image size-full is-resized is-style-rounded\"><img loading=\"lazy\" decoding=\"async\" width=\"800\" height=\"800\" src=\"https:\/\/blogs.univ-tlse2.fr\/mediationdelamusique\/files\/2024\/03\/1688980614608.jpeg\" alt=\"\" class=\"wp-image-485\" style=\"width:317px;height:auto\" srcset=\"https:\/\/blogs.univ-tlse2.fr\/mediationdelamusique\/files\/2024\/03\/1688980614608.jpeg 800w, https:\/\/blogs.univ-tlse2.fr\/mediationdelamusique\/files\/2024\/03\/1688980614608-300x300.jpeg 300w, https:\/\/blogs.univ-tlse2.fr\/mediationdelamusique\/files\/2024\/03\/1688980614608-150x150.jpeg 150w, https:\/\/blogs.univ-tlse2.fr\/mediationdelamusique\/files\/2024\/03\/1688980614608-768x768.jpeg 768w, https:\/\/blogs.univ-tlse2.fr\/mediationdelamusique\/files\/2024\/03\/1688980614608-100x100.jpeg 100w\" sizes=\"auto, (max-width: 767px) 89vw, (max-width: 1000px) 54vw, (max-width: 1071px) 543px, 580px\" \/><\/figure>\n<\/div>\n\n\n\n<div class=\"wp-block-column is-layout-flow wp-block-column-is-layout-flow\">\n<p><strong>AGNOUX Erwann <\/strong><\/p>\n\n\n\n<p><strong>Parcours<\/strong> : Licence musique et art, Universit\u00e9 Toulouse Jean Jaur\u00e8s. <\/p>\n\n\n\n<p><br><strong>M\u00e9moire de recherche :<\/strong> Il pose un regard analytique et critique sur les pratiques de m\u00e9diation des musiques hip hop en Occitanie.<\/p>\n\n\n\n<p><br><strong>Stage<\/strong> : M\u00e9diation, production et diffusion au sein de Bajo el Mar, Tournefeuille <\/p>\n<\/div>\n<\/div>\n\n\n\n<div class=\"wp-block-columns is-layout-flex wp-container-core-columns-is-layout-9d6595d7 wp-block-columns-is-layout-flex\">\n<div class=\"wp-block-column is-layout-flow wp-block-column-is-layout-flow\">\n<p><strong>KHUDIAKOVA Dina <\/strong><\/p>\n\n\n\n<p><strong>Parcours<\/strong> : Dipl\u00f4me de cheffe de choeur \u00e0 l&rsquo;acad\u00e9mie russe de musique,  Moscow. <\/p>\n\n\n\n<p><br><strong>M\u00e9moire de recherche :<\/strong> Elle travaille sur la question de la d\u00e9mocratisation de l&rsquo;art choral en Occitanie.<\/p>\n\n\n\n<p><br><strong>Stage<\/strong> : Cheffe de choeur enfant, Ensemble Les \u00c9clats<\/p>\n<\/div>\n\n\n\n<div class=\"wp-block-column is-layout-flow wp-block-column-is-layout-flow\">\n<figure class=\"wp-block-image size-full is-resized is-style-rounded\"><img loading=\"lazy\" decoding=\"async\" width=\"400\" height=\"400\" src=\"https:\/\/blogs.univ-tlse2.fr\/mediationdelamusique\/files\/2024\/03\/1685449756765.jpeg\" alt=\"\" class=\"wp-image-486\" style=\"width:317px;height:auto\" srcset=\"https:\/\/blogs.univ-tlse2.fr\/mediationdelamusique\/files\/2024\/03\/1685449756765.jpeg 400w, https:\/\/blogs.univ-tlse2.fr\/mediationdelamusique\/files\/2024\/03\/1685449756765-300x300.jpeg 300w, https:\/\/blogs.univ-tlse2.fr\/mediationdelamusique\/files\/2024\/03\/1685449756765-150x150.jpeg 150w, https:\/\/blogs.univ-tlse2.fr\/mediationdelamusique\/files\/2024\/03\/1685449756765-100x100.jpeg 100w\" sizes=\"auto, (max-width: 400px) 100vw, 400px\" \/><\/figure>\n<\/div>\n<\/div>\n\n\n\n<div class=\"wp-block-columns is-layout-flex wp-container-core-columns-is-layout-9d6595d7 wp-block-columns-is-layout-flex\">\n<div class=\"wp-block-column is-layout-flow wp-block-column-is-layout-flow\">\n<figure class=\"wp-block-image size-full is-resized is-style-rounded\"><img loading=\"lazy\" decoding=\"async\" width=\"368\" height=\"368\" src=\"https:\/\/blogs.univ-tlse2.fr\/mediationdelamusique\/files\/2024\/03\/airy-photo-avatar-of-user-profile-1.png\" alt=\"\" class=\"wp-image-487\" style=\"width:317px;height:auto\" srcset=\"https:\/\/blogs.univ-tlse2.fr\/mediationdelamusique\/files\/2024\/03\/airy-photo-avatar-of-user-profile-1.png 368w, https:\/\/blogs.univ-tlse2.fr\/mediationdelamusique\/files\/2024\/03\/airy-photo-avatar-of-user-profile-1-300x300.png 300w, https:\/\/blogs.univ-tlse2.fr\/mediationdelamusique\/files\/2024\/03\/airy-photo-avatar-of-user-profile-1-150x150.png 150w, https:\/\/blogs.univ-tlse2.fr\/mediationdelamusique\/files\/2024\/03\/airy-photo-avatar-of-user-profile-1-100x100.png 100w\" sizes=\"auto, (max-width: 368px) 100vw, 368px\" \/><\/figure>\n<\/div>\n\n\n\n<div class=\"wp-block-column is-layout-flow wp-block-column-is-layout-flow\">\n<p>ETCHEVERY Audrey <\/p>\n\n\n\n<p><strong>Parcours<\/strong> : Licence musique et art, Universit\u00e9 Toulouse Jean Jaur\u00e8s <\/p>\n\n\n\n<p><br><strong>M\u00e9moire de recherche :<\/strong> Recherches sur les pratiques de la m\u00e9diation de l&rsquo;op\u00e9ra en Italie. <\/p>\n\n\n\n<p><br><strong>Stage<\/strong> :  La Fenice, Venise<\/p>\n<\/div>\n<\/div>\n","protected":false},"excerpt":{"rendered":"<p>PRIEUR Domitille Parcours : Licence musique et musicologie parcours m\u00e9diation \u00e0 l\u2019universit\u00e9 Lyon 2 Lumi\u00e8reCPGE lettres musique au lyc\u00e9e Pierre de Fermat, Toulouse M\u00e9moire de recherche : Quel acc\u00e8s au concert pour la petite enfance et les familles\/professionnels\/accompagnants ? Stage : assistante \u00e0 l\u2019action culturelle aux Concerts de Poche, Pole Aquitaine &#8211; Occitanie EYSSARTEL Valentin &hellip; <\/p>\n<p class=\"link-more\"><a href=\"https:\/\/blogs.univ-tlse2.fr\/mediationdelamusique\/la-promo-2022-2024\/\" class=\"more-link\">Continuer la lecture<span class=\"screen-reader-text\"> de &laquo;&nbsp;La Promo 2022\/2024&nbsp;&raquo;<\/span><\/a><\/p>\n","protected":false},"author":1078,"featured_media":0,"parent":0,"menu_order":0,"comment_status":"closed","ping_status":"closed","template":"","meta":{"footnotes":""},"class_list":["post-464","page","type-page","status-publish","hentry"],"_links":{"self":[{"href":"https:\/\/blogs.univ-tlse2.fr\/mediationdelamusique\/wp-json\/wp\/v2\/pages\/464","targetHints":{"allow":["GET"]}}],"collection":[{"href":"https:\/\/blogs.univ-tlse2.fr\/mediationdelamusique\/wp-json\/wp\/v2\/pages"}],"about":[{"href":"https:\/\/blogs.univ-tlse2.fr\/mediationdelamusique\/wp-json\/wp\/v2\/types\/page"}],"author":[{"embeddable":true,"href":"https:\/\/blogs.univ-tlse2.fr\/mediationdelamusique\/wp-json\/wp\/v2\/users\/1078"}],"replies":[{"embeddable":true,"href":"https:\/\/blogs.univ-tlse2.fr\/mediationdelamusique\/wp-json\/wp\/v2\/comments?post=464"}],"version-history":[{"count":3,"href":"https:\/\/blogs.univ-tlse2.fr\/mediationdelamusique\/wp-json\/wp\/v2\/pages\/464\/revisions"}],"predecessor-version":[{"id":496,"href":"https:\/\/blogs.univ-tlse2.fr\/mediationdelamusique\/wp-json\/wp\/v2\/pages\/464\/revisions\/496"}],"wp:attachment":[{"href":"https:\/\/blogs.univ-tlse2.fr\/mediationdelamusique\/wp-json\/wp\/v2\/media?parent=464"}],"curies":[{"name":"wp","href":"https:\/\/api.w.org\/{rel}","templated":true}]}}