 {"id":536,"date":"2025-01-19T17:25:27","date_gmt":"2025-01-19T16:25:27","guid":{"rendered":"https:\/\/blogs.univ-tlse2.fr\/mediationdelamusique\/?page_id=536"},"modified":"2025-04-26T15:36:12","modified_gmt":"2025-04-26T13:36:12","slug":"la-promo-2023-2025","status":"publish","type":"page","link":"https:\/\/blogs.univ-tlse2.fr\/mediationdelamusique\/la-promo-2023-2025\/","title":{"rendered":"La promo 2023\/2025"},"content":{"rendered":"\n<div class=\"wp-block-columns is-layout-flex wp-container-core-columns-is-layout-9d6595d7 wp-block-columns-is-layout-flex\">\n<div class=\"wp-block-column is-vertically-aligned-center is-layout-flow wp-block-column-is-layout-flow\" style=\"flex-basis:66.66%\">\n<p><strong>Ma\u00eblys Duclos<\/strong><br><br><strong>Licence Musicologie<\/strong><\/p>\n\n\n\n<p>Universit\u00e9 Nice C\u00f4te d&rsquo;Azur<\/p>\n\n\n\n<p><strong>Service civique : <\/strong>Les belles fanes, Archivage des collectages musicaux et des enqu\u00eates r\u00e9alis\u00e9es pr\u00e9c\u00e9demment. Organisation de concerts et de projets de m\u00e9diation musicale. Cr\u00e9ation d&rsquo;affiches et mise \u00e0 jour des r\u00e9seaux sociaux.<\/p>\n<\/div>\n\n\n\n<div class=\"wp-block-column is-layout-flow wp-block-column-is-layout-flow\" style=\"flex-basis:33.33%\">\n<figure class=\"wp-block-gallery has-nested-images columns-default is-cropped wp-block-gallery-1 is-layout-flex wp-block-gallery-is-layout-flex\">\n<figure class=\"wp-block-image size-full is-style-rounded\"><img loading=\"lazy\" decoding=\"async\" width=\"702\" height=\"702\" data-id=\"538\" src=\"https:\/\/blogs.univ-tlse2.fr\/mediationdelamusique\/files\/2025\/01\/IMG-20250117-WA0001-edited.jpg\" alt=\"\" class=\"wp-image-538\" srcset=\"https:\/\/blogs.univ-tlse2.fr\/mediationdelamusique\/files\/2025\/01\/IMG-20250117-WA0001-edited.jpg 702w, https:\/\/blogs.univ-tlse2.fr\/mediationdelamusique\/files\/2025\/01\/IMG-20250117-WA0001-edited-300x300.jpg 300w, https:\/\/blogs.univ-tlse2.fr\/mediationdelamusique\/files\/2025\/01\/IMG-20250117-WA0001-edited-150x150.jpg 150w, https:\/\/blogs.univ-tlse2.fr\/mediationdelamusique\/files\/2025\/01\/IMG-20250117-WA0001-edited-100x100.jpg 100w\" sizes=\"auto, (max-width: 702px) 100vw, 702px\" \/><\/figure>\n<\/figure>\n<\/div>\n<\/div>\n\n\n\n<div class=\"wp-block-columns is-layout-flex wp-container-core-columns-is-layout-9d6595d7 wp-block-columns-is-layout-flex\">\n<div class=\"wp-block-column is-layout-flow wp-block-column-is-layout-flow\" style=\"flex-basis:33.33%\">\n<figure class=\"wp-block-gallery has-nested-images columns-default is-cropped wp-block-gallery-2 is-layout-flex wp-block-gallery-is-layout-flex\">\n<figure class=\"wp-block-image size-full\"><img loading=\"lazy\" decoding=\"async\" width=\"368\" height=\"368\" data-id=\"473\" src=\"https:\/\/blogs.univ-tlse2.fr\/mediationdelamusique\/files\/2024\/03\/airy-photo-avatar-of-user-profile.png\" alt=\"\" class=\"wp-image-473\" srcset=\"https:\/\/blogs.univ-tlse2.fr\/mediationdelamusique\/files\/2024\/03\/airy-photo-avatar-of-user-profile.png 368w, https:\/\/blogs.univ-tlse2.fr\/mediationdelamusique\/files\/2024\/03\/airy-photo-avatar-of-user-profile-300x300.png 300w, https:\/\/blogs.univ-tlse2.fr\/mediationdelamusique\/files\/2024\/03\/airy-photo-avatar-of-user-profile-150x150.png 150w, https:\/\/blogs.univ-tlse2.fr\/mediationdelamusique\/files\/2024\/03\/airy-photo-avatar-of-user-profile-100x100.png 100w\" sizes=\"auto, (max-width: 368px) 100vw, 368px\" \/><\/figure>\n<\/figure>\n<\/div>\n\n\n\n<div class=\"wp-block-column is-vertically-aligned-center is-layout-flow wp-block-column-is-layout-flow\" style=\"flex-basis:66.66%\">\n<p><strong>Camille Dupleich<\/strong><\/p>\n\n\n\n<p><strong>Licence Musique et Arts<\/strong> <\/p>\n\n\n\n<p>Universit\u00e9 Toulouse Jean-Jaur\u00e8s<\/p>\n\n\n\n<p><strong>Stage : <\/strong><\/p>\n<\/div>\n<\/div>\n\n\n\n<div class=\"wp-block-columns are-vertically-aligned-center is-layout-flex wp-container-core-columns-is-layout-9d6595d7 wp-block-columns-is-layout-flex\">\n<div class=\"wp-block-column is-vertically-aligned-center is-layout-flow wp-block-column-is-layout-flow\" style=\"flex-basis:66.66%\">\n<p><strong>Soeren Guennou<\/strong><\/p>\n\n\n\n<p><strong>Licence Musicologie<\/strong><\/p>\n\n\n\n<p>Universit\u00e9 Rennes 2<\/p>\n\n\n\n<p><strong>Stage <\/strong>: Music&rsquo;halle.<\/p>\n<\/div>\n\n\n\n<div class=\"wp-block-column is-vertically-aligned-center is-layout-flow wp-block-column-is-layout-flow\" style=\"flex-basis:33.33%\">\n<figure class=\"wp-block-gallery has-nested-images columns-default is-cropped wp-block-gallery-3 is-layout-flex wp-block-gallery-is-layout-flex\">\n<figure class=\"wp-block-image size-full\"><img loading=\"lazy\" decoding=\"async\" width=\"368\" height=\"368\" data-id=\"487\" src=\"https:\/\/blogs.univ-tlse2.fr\/mediationdelamusique\/files\/2024\/03\/airy-photo-avatar-of-user-profile-1.png\" alt=\"\" class=\"wp-image-487\" srcset=\"https:\/\/blogs.univ-tlse2.fr\/mediationdelamusique\/files\/2024\/03\/airy-photo-avatar-of-user-profile-1.png 368w, https:\/\/blogs.univ-tlse2.fr\/mediationdelamusique\/files\/2024\/03\/airy-photo-avatar-of-user-profile-1-300x300.png 300w, https:\/\/blogs.univ-tlse2.fr\/mediationdelamusique\/files\/2024\/03\/airy-photo-avatar-of-user-profile-1-150x150.png 150w, https:\/\/blogs.univ-tlse2.fr\/mediationdelamusique\/files\/2024\/03\/airy-photo-avatar-of-user-profile-1-100x100.png 100w\" sizes=\"auto, (max-width: 368px) 100vw, 368px\" \/><\/figure>\n<\/figure>\n<\/div>\n<\/div>\n\n\n\n<div class=\"wp-block-columns is-layout-flex wp-container-core-columns-is-layout-9d6595d7 wp-block-columns-is-layout-flex\">\n<div class=\"wp-block-column is-layout-flow wp-block-column-is-layout-flow\" style=\"flex-basis:33.33%\">\n<figure class=\"wp-block-gallery has-nested-images columns-default is-cropped wp-block-gallery-4 is-layout-flex wp-block-gallery-is-layout-flex\">\n<figure class=\"wp-block-image size-full is-style-rounded\"><img loading=\"lazy\" decoding=\"async\" width=\"518\" height=\"518\" data-id=\"559\" src=\"https:\/\/blogs.univ-tlse2.fr\/mediationdelamusique\/files\/2025\/01\/IMG-20250117-WA0008-edited-3.jpg\" alt=\"\" class=\"wp-image-559\" srcset=\"https:\/\/blogs.univ-tlse2.fr\/mediationdelamusique\/files\/2025\/01\/IMG-20250117-WA0008-edited-3.jpg 518w, https:\/\/blogs.univ-tlse2.fr\/mediationdelamusique\/files\/2025\/01\/IMG-20250117-WA0008-edited-3-300x300.jpg 300w, https:\/\/blogs.univ-tlse2.fr\/mediationdelamusique\/files\/2025\/01\/IMG-20250117-WA0008-edited-3-150x150.jpg 150w, https:\/\/blogs.univ-tlse2.fr\/mediationdelamusique\/files\/2025\/01\/IMG-20250117-WA0008-edited-3-100x100.jpg 100w\" sizes=\"auto, (max-width: 518px) 100vw, 518px\" \/><\/figure>\n<\/figure>\n<\/div>\n\n\n\n<div class=\"wp-block-column is-vertically-aligned-center is-layout-flow wp-block-column-is-layout-flow\" style=\"flex-basis:66.66%\">\n<p><strong>Aya Kouassi<\/strong><\/p>\n\n\n\n<p><strong>Licence pluridisciplinaire science sociale et culture du territoire<\/strong><br><br>Universit\u00e9 Toulouse Jean-Jaur\u00e8s<br><strong><br>Licence Musique et musicologie<\/strong><\/p>\n\n\n\n<p>Universit\u00e9 de Strasbourg<\/p>\n\n\n\n<p><strong>Stage :<\/strong> Assistante charg\u00e9e de production chez la fondation Magic System.<\/p>\n<\/div>\n<\/div>\n\n\n\n<div class=\"wp-block-columns is-layout-flex wp-container-core-columns-is-layout-9d6595d7 wp-block-columns-is-layout-flex\">\n<div class=\"wp-block-column is-vertically-aligned-center is-layout-flow wp-block-column-is-layout-flow\" style=\"flex-basis:66.66%\">\n<p><strong>Laurine Maron<\/strong><\/p>\n\n\n\n<p><strong>Licence science de l&rsquo;\u00e9ducation<\/strong><br><strong>Master MEEF &#8211; Mention premier degr\u00e9<\/strong><\/p>\n\n\n\n<p>INSPE &#8211; Universit\u00e9 de Reims Champagne-Ardenne<\/p>\n\n\n\n<p><strong>Stage :<\/strong> Gestion de projets, coordination des Quartiers d&rsquo;\u00e9t\u00e9 et production du Concours international d&rsquo;orgue de l&rsquo;association Toulouse Les Orgues.<\/p>\n<\/div>\n\n\n\n<div class=\"wp-block-column is-layout-flow wp-block-column-is-layout-flow\" style=\"flex-basis:33.33%\">\n<figure class=\"wp-block-gallery has-nested-images columns-default is-cropped wp-block-gallery-5 is-layout-flex wp-block-gallery-is-layout-flex\">\n<figure class=\"wp-block-image size-full is-style-rounded\"><img loading=\"lazy\" decoding=\"async\" width=\"2515\" height=\"2515\" data-id=\"655\" src=\"https:\/\/blogs.univ-tlse2.fr\/mediationdelamusique\/files\/2025\/04\/photo-profil-laurine-maron-edited-1.png\" alt=\"\" class=\"wp-image-655\" srcset=\"https:\/\/blogs.univ-tlse2.fr\/mediationdelamusique\/files\/2025\/04\/photo-profil-laurine-maron-edited-1.png 2515w, https:\/\/blogs.univ-tlse2.fr\/mediationdelamusique\/files\/2025\/04\/photo-profil-laurine-maron-edited-1-300x300.png 300w, https:\/\/blogs.univ-tlse2.fr\/mediationdelamusique\/files\/2025\/04\/photo-profil-laurine-maron-edited-1-1024x1024.png 1024w, https:\/\/blogs.univ-tlse2.fr\/mediationdelamusique\/files\/2025\/04\/photo-profil-laurine-maron-edited-1-150x150.png 150w, https:\/\/blogs.univ-tlse2.fr\/mediationdelamusique\/files\/2025\/04\/photo-profil-laurine-maron-edited-1-768x768.png 768w, https:\/\/blogs.univ-tlse2.fr\/mediationdelamusique\/files\/2025\/04\/photo-profil-laurine-maron-edited-1-1536x1536.png 1536w, https:\/\/blogs.univ-tlse2.fr\/mediationdelamusique\/files\/2025\/04\/photo-profil-laurine-maron-edited-1-2048x2048.png 2048w, https:\/\/blogs.univ-tlse2.fr\/mediationdelamusique\/files\/2025\/04\/photo-profil-laurine-maron-edited-1-100x100.png 100w\" sizes=\"auto, (max-width: 767px) 89vw, (max-width: 1000px) 54vw, (max-width: 1071px) 543px, 580px\" \/><\/figure>\n<\/figure>\n<\/div>\n<\/div>\n\n\n\n<div class=\"wp-block-columns is-layout-flex wp-container-core-columns-is-layout-9d6595d7 wp-block-columns-is-layout-flex\">\n<div class=\"wp-block-column is-layout-flow wp-block-column-is-layout-flow\" style=\"flex-basis:33.33%\">\n<figure class=\"wp-block-gallery has-nested-images columns-default is-cropped wp-block-gallery-6 is-layout-flex wp-block-gallery-is-layout-flex\">\n<figure class=\"wp-block-image size-full is-style-rounded\"><img loading=\"lazy\" decoding=\"async\" width=\"563\" height=\"563\" data-id=\"553\" src=\"https:\/\/blogs.univ-tlse2.fr\/mediationdelamusique\/files\/2025\/01\/IMG-20250116-WA0005-edited-1.jpg\" alt=\"\" class=\"wp-image-553\" srcset=\"https:\/\/blogs.univ-tlse2.fr\/mediationdelamusique\/files\/2025\/01\/IMG-20250116-WA0005-edited-1.jpg 563w, https:\/\/blogs.univ-tlse2.fr\/mediationdelamusique\/files\/2025\/01\/IMG-20250116-WA0005-edited-1-300x300.jpg 300w, https:\/\/blogs.univ-tlse2.fr\/mediationdelamusique\/files\/2025\/01\/IMG-20250116-WA0005-edited-1-150x150.jpg 150w, https:\/\/blogs.univ-tlse2.fr\/mediationdelamusique\/files\/2025\/01\/IMG-20250116-WA0005-edited-1-100x100.jpg 100w\" sizes=\"auto, (max-width: 563px) 100vw, 563px\" \/><\/figure>\n<\/figure>\n<\/div>\n\n\n\n<div class=\"wp-block-column is-vertically-aligned-center is-layout-flow wp-block-column-is-layout-flow\" style=\"flex-basis:66.66%\">\n<p><strong>Juan Carlos Marquez Flores<\/strong><\/p>\n\n\n\n<p><strong>Licence Musicologie &#8211; option jazz<\/strong><\/p>\n\n\n\n<p>Universit\u00e9 Veracruzana, Mexique<\/p>\n\n\n\n<p><strong>Stage :<\/strong> Concepteur d&rsquo;un programme de m\u00e9diations scientifiques et d&rsquo;actions culturelles dans l&rsquo;association En Qu\u00eate de Patrimoine. Concevoir un programme d&rsquo;animations autour de projets \u00e9tudiants, planification des interventions, mener une communication adapt\u00e9e envers le public habitants.<\/p>\n<\/div>\n<\/div>\n\n\n\n<div class=\"wp-block-columns is-layout-flex wp-container-core-columns-is-layout-9d6595d7 wp-block-columns-is-layout-flex\">\n<div class=\"wp-block-column is-vertically-aligned-center is-layout-flow wp-block-column-is-layout-flow\" style=\"flex-basis:66.66%\">\n<p><strong>Kate Massein<\/strong><\/p>\n\n\n\n<p><strong>Licence Musique et musicologie<\/strong><\/p>\n\n\n\n<p>Universit\u00e9 Toulouse Jean-Jaur\u00e8s<\/p>\n\n\n\n<p><strong>Stage : <\/strong>Assistante de direction pour Abyssal Studio, Toulouse.<\/p>\n<\/div>\n\n\n\n<div class=\"wp-block-column is-layout-flow wp-block-column-is-layout-flow\" style=\"flex-basis:33.33%\">\n<figure class=\"wp-block-gallery has-nested-images columns-default is-cropped wp-block-gallery-7 is-layout-flex wp-block-gallery-is-layout-flex\">\n<figure class=\"wp-block-image size-full is-style-rounded\"><img loading=\"lazy\" decoding=\"async\" width=\"828\" height=\"828\" data-id=\"557\" src=\"https:\/\/blogs.univ-tlse2.fr\/mediationdelamusique\/files\/2025\/01\/IMG-20250115-WA0005-edited.jpg\" alt=\"\" class=\"wp-image-557\" srcset=\"https:\/\/blogs.univ-tlse2.fr\/mediationdelamusique\/files\/2025\/01\/IMG-20250115-WA0005-edited.jpg 828w, https:\/\/blogs.univ-tlse2.fr\/mediationdelamusique\/files\/2025\/01\/IMG-20250115-WA0005-edited-300x300.jpg 300w, https:\/\/blogs.univ-tlse2.fr\/mediationdelamusique\/files\/2025\/01\/IMG-20250115-WA0005-edited-150x150.jpg 150w, https:\/\/blogs.univ-tlse2.fr\/mediationdelamusique\/files\/2025\/01\/IMG-20250115-WA0005-edited-768x768.jpg 768w, https:\/\/blogs.univ-tlse2.fr\/mediationdelamusique\/files\/2025\/01\/IMG-20250115-WA0005-edited-100x100.jpg 100w\" sizes=\"auto, (max-width: 767px) 89vw, (max-width: 1000px) 54vw, (max-width: 1071px) 543px, 580px\" \/><\/figure>\n<\/figure>\n<\/div>\n<\/div>\n\n\n\n<div class=\"wp-block-columns is-layout-flex wp-container-core-columns-is-layout-9d6595d7 wp-block-columns-is-layout-flex\">\n<div class=\"wp-block-column is-layout-flow wp-block-column-is-layout-flow\" style=\"flex-basis:33.33%\">\n<figure class=\"wp-block-gallery has-nested-images columns-default is-cropped wp-block-gallery-8 is-layout-flex wp-block-gallery-is-layout-flex\">\n<figure class=\"wp-block-image size-large is-style-rounded\"><img loading=\"lazy\" decoding=\"async\" width=\"1536\" height=\"1536\" data-id=\"563\" src=\"https:\/\/blogs.univ-tlse2.fr\/mediationdelamusique\/files\/2025\/01\/IMG-20250115-WA0003-edited-1.jpg\" alt=\"\" class=\"wp-image-563\" srcset=\"https:\/\/blogs.univ-tlse2.fr\/mediationdelamusique\/files\/2025\/01\/IMG-20250115-WA0003-edited-1.jpg 1536w, https:\/\/blogs.univ-tlse2.fr\/mediationdelamusique\/files\/2025\/01\/IMG-20250115-WA0003-edited-1-300x300.jpg 300w, https:\/\/blogs.univ-tlse2.fr\/mediationdelamusique\/files\/2025\/01\/IMG-20250115-WA0003-edited-1-1024x1024.jpg 1024w, https:\/\/blogs.univ-tlse2.fr\/mediationdelamusique\/files\/2025\/01\/IMG-20250115-WA0003-edited-1-150x150.jpg 150w, https:\/\/blogs.univ-tlse2.fr\/mediationdelamusique\/files\/2025\/01\/IMG-20250115-WA0003-edited-1-768x768.jpg 768w, https:\/\/blogs.univ-tlse2.fr\/mediationdelamusique\/files\/2025\/01\/IMG-20250115-WA0003-edited-1-100x100.jpg 100w\" sizes=\"auto, (max-width: 767px) 89vw, (max-width: 1000px) 54vw, (max-width: 1071px) 543px, 580px\" \/><\/figure>\n<\/figure>\n<\/div>\n\n\n\n<div class=\"wp-block-column is-vertically-aligned-center is-layout-flow wp-block-column-is-layout-flow\" style=\"flex-basis:66.66%\">\n<p><strong>Mat\u00e9o Mouzin<\/strong><\/p>\n\n\n\n<p><strong>Licence Communication<\/strong><\/p>\n\n\n\n<p>Ecole SupdePub de Bordeaux<\/p>\n\n\n\n<p><strong>Stage : <\/strong>Charg\u00e9 de m\u00e9diation musicale au Taquin, Toulouse.<\/p>\n<\/div>\n<\/div>\n\n\n\n<div class=\"wp-block-columns is-layout-flex wp-container-core-columns-is-layout-9d6595d7 wp-block-columns-is-layout-flex\">\n<div class=\"wp-block-column is-vertically-aligned-center is-layout-flow wp-block-column-is-layout-flow\" style=\"flex-basis:66.66%\">\n<p><strong>Lucas Nivel<\/strong><\/p>\n\n\n\n<p><strong>Licence Musicologie<\/strong><\/p>\n\n\n\n<p>Universit\u00e9 Rennes 2<\/p>\n\n\n\n<p><strong>Stage :<\/strong> Guide conf\u00e9rencier au Ch\u00e2teau de Gizeux, Indre et Loire et Charg\u00e9 du d\u00e9veloppement de projets au service des publics du Mus\u00e9e des Augustins, Toulouse.<\/p>\n<\/div>\n\n\n\n<div class=\"wp-block-column is-layout-flow wp-block-column-is-layout-flow\" style=\"flex-basis:33.33%\">\n<figure class=\"wp-block-gallery has-nested-images columns-default is-cropped wp-block-gallery-9 is-layout-flex wp-block-gallery-is-layout-flex\">\n<figure class=\"wp-block-image size-full\"><img loading=\"lazy\" decoding=\"async\" width=\"368\" height=\"368\" data-id=\"487\" src=\"https:\/\/blogs.univ-tlse2.fr\/mediationdelamusique\/files\/2024\/03\/airy-photo-avatar-of-user-profile-1.png\" alt=\"\" class=\"wp-image-487\" srcset=\"https:\/\/blogs.univ-tlse2.fr\/mediationdelamusique\/files\/2024\/03\/airy-photo-avatar-of-user-profile-1.png 368w, https:\/\/blogs.univ-tlse2.fr\/mediationdelamusique\/files\/2024\/03\/airy-photo-avatar-of-user-profile-1-300x300.png 300w, https:\/\/blogs.univ-tlse2.fr\/mediationdelamusique\/files\/2024\/03\/airy-photo-avatar-of-user-profile-1-150x150.png 150w, https:\/\/blogs.univ-tlse2.fr\/mediationdelamusique\/files\/2024\/03\/airy-photo-avatar-of-user-profile-1-100x100.png 100w\" sizes=\"auto, (max-width: 368px) 100vw, 368px\" \/><\/figure>\n<\/figure>\n<\/div>\n<\/div>\n\n\n\n<div class=\"wp-block-columns is-layout-flex wp-container-core-columns-is-layout-9d6595d7 wp-block-columns-is-layout-flex\">\n<div class=\"wp-block-column is-layout-flow wp-block-column-is-layout-flow\" style=\"flex-basis:33.33%\">\n<figure class=\"wp-block-gallery has-nested-images columns-default is-cropped wp-block-gallery-10 is-layout-flex wp-block-gallery-is-layout-flex\">\n<figure class=\"wp-block-image size-full is-style-rounded\"><img loading=\"lazy\" decoding=\"async\" width=\"891\" height=\"891\" data-id=\"566\" src=\"https:\/\/blogs.univ-tlse2.fr\/mediationdelamusique\/files\/2025\/01\/IMG-20250117-WA0000-edited-1.jpg\" alt=\"\" class=\"wp-image-566\" srcset=\"https:\/\/blogs.univ-tlse2.fr\/mediationdelamusique\/files\/2025\/01\/IMG-20250117-WA0000-edited-1.jpg 891w, https:\/\/blogs.univ-tlse2.fr\/mediationdelamusique\/files\/2025\/01\/IMG-20250117-WA0000-edited-1-300x300.jpg 300w, https:\/\/blogs.univ-tlse2.fr\/mediationdelamusique\/files\/2025\/01\/IMG-20250117-WA0000-edited-1-150x150.jpg 150w, https:\/\/blogs.univ-tlse2.fr\/mediationdelamusique\/files\/2025\/01\/IMG-20250117-WA0000-edited-1-768x768.jpg 768w, https:\/\/blogs.univ-tlse2.fr\/mediationdelamusique\/files\/2025\/01\/IMG-20250117-WA0000-edited-1-100x100.jpg 100w\" sizes=\"auto, (max-width: 767px) 89vw, (max-width: 1000px) 54vw, (max-width: 1071px) 543px, 580px\" \/><\/figure>\n<\/figure>\n<\/div>\n\n\n\n<div class=\"wp-block-column is-vertically-aligned-center is-layout-flow wp-block-column-is-layout-flow\" style=\"flex-basis:66.66%\">\n<p><strong>Tiffany Roudi\u00e8re<\/strong><\/p>\n\n\n\n<p><strong>Licence Musique et arts<\/strong><\/p>\n\n\n\n<p>Universit\u00e9 Toulouse Jean-Jaur\u00e8s<\/p>\n\n\n\n<p><strong>Stage : <\/strong>Charg\u00e9e de communication pour l&rsquo;association La Maison Clinquante.<\/p>\n<\/div>\n<\/div>\n\n\n\n<div class=\"wp-block-columns is-layout-flex wp-container-core-columns-is-layout-9d6595d7 wp-block-columns-is-layout-flex\">\n<div class=\"wp-block-column is-vertically-aligned-center is-layout-flow wp-block-column-is-layout-flow\" style=\"flex-basis:66.66%\">\n<p><strong>Tina Ternisien<\/strong><\/p>\n\n\n\n<p><strong>Licence Musique et musicologie<\/strong><\/p>\n\n\n\n<p>Universit\u00e9 Toulouse Jean-Jaur\u00e8s<\/p>\n\n\n\n<p><strong>Stage : <\/strong><\/p>\n<\/div>\n\n\n\n<div class=\"wp-block-column is-layout-flow wp-block-column-is-layout-flow\" style=\"flex-basis:33.33%\">\n<figure class=\"wp-block-gallery has-nested-images columns-default is-cropped wp-block-gallery-11 is-layout-flex wp-block-gallery-is-layout-flex\">\n<figure class=\"wp-block-image size-full is-style-rounded\"><img loading=\"lazy\" decoding=\"async\" width=\"516\" height=\"516\" data-id=\"569\" src=\"https:\/\/blogs.univ-tlse2.fr\/mediationdelamusique\/files\/2025\/01\/IMG-20250116-WA0003-edited.jpg\" alt=\"\" class=\"wp-image-569\" srcset=\"https:\/\/blogs.univ-tlse2.fr\/mediationdelamusique\/files\/2025\/01\/IMG-20250116-WA0003-edited.jpg 516w, https:\/\/blogs.univ-tlse2.fr\/mediationdelamusique\/files\/2025\/01\/IMG-20250116-WA0003-edited-300x300.jpg 300w, https:\/\/blogs.univ-tlse2.fr\/mediationdelamusique\/files\/2025\/01\/IMG-20250116-WA0003-edited-150x150.jpg 150w, https:\/\/blogs.univ-tlse2.fr\/mediationdelamusique\/files\/2025\/01\/IMG-20250116-WA0003-edited-100x100.jpg 100w\" sizes=\"auto, (max-width: 516px) 100vw, 516px\" \/><\/figure>\n<\/figure>\n<\/div>\n<\/div>\n\n\n\n<p><\/p>\n","protected":false},"excerpt":{"rendered":"<p>Ma\u00eblys Duclos Licence Musicologie Universit\u00e9 Nice C\u00f4te d&rsquo;Azur Service civique : Les belles fanes, Archivage des collectages musicaux et des enqu\u00eates r\u00e9alis\u00e9es pr\u00e9c\u00e9demment. Organisation de concerts et de projets de m\u00e9diation musicale. Cr\u00e9ation d&rsquo;affiches et mise \u00e0 jour des r\u00e9seaux sociaux. Camille Dupleich Licence Musique et Arts Universit\u00e9 Toulouse Jean-Jaur\u00e8s Stage : Soeren Guennou Licence &hellip; <\/p>\n<p class=\"link-more\"><a href=\"https:\/\/blogs.univ-tlse2.fr\/mediationdelamusique\/la-promo-2023-2025\/\" class=\"more-link\">Continuer la lecture<span class=\"screen-reader-text\"> de &laquo;&nbsp;La promo 2023\/2025&nbsp;&raquo;<\/span><\/a><\/p>\n","protected":false},"author":1078,"featured_media":0,"parent":0,"menu_order":0,"comment_status":"closed","ping_status":"closed","template":"","meta":{"footnotes":""},"class_list":["post-536","page","type-page","status-publish","hentry"],"_links":{"self":[{"href":"https:\/\/blogs.univ-tlse2.fr\/mediationdelamusique\/wp-json\/wp\/v2\/pages\/536","targetHints":{"allow":["GET"]}}],"collection":[{"href":"https:\/\/blogs.univ-tlse2.fr\/mediationdelamusique\/wp-json\/wp\/v2\/pages"}],"about":[{"href":"https:\/\/blogs.univ-tlse2.fr\/mediationdelamusique\/wp-json\/wp\/v2\/types\/page"}],"author":[{"embeddable":true,"href":"https:\/\/blogs.univ-tlse2.fr\/mediationdelamusique\/wp-json\/wp\/v2\/users\/1078"}],"replies":[{"embeddable":true,"href":"https:\/\/blogs.univ-tlse2.fr\/mediationdelamusique\/wp-json\/wp\/v2\/comments?post=536"}],"version-history":[{"count":21,"href":"https:\/\/blogs.univ-tlse2.fr\/mediationdelamusique\/wp-json\/wp\/v2\/pages\/536\/revisions"}],"predecessor-version":[{"id":656,"href":"https:\/\/blogs.univ-tlse2.fr\/mediationdelamusique\/wp-json\/wp\/v2\/pages\/536\/revisions\/656"}],"wp:attachment":[{"href":"https:\/\/blogs.univ-tlse2.fr\/mediationdelamusique\/wp-json\/wp\/v2\/media?parent=536"}],"curies":[{"name":"wp","href":"https:\/\/api.w.org\/{rel}","templated":true}]}}