 {"id":55,"date":"2022-03-07T19:46:16","date_gmt":"2022-03-07T18:46:16","guid":{"rendered":"https:\/\/blogs.univ-tlse2.fr\/mediationdelamusique\/?page_id=55"},"modified":"2022-03-09T14:16:27","modified_gmt":"2022-03-09T13:16:27","slug":"debouches","status":"publish","type":"page","link":"https:\/\/blogs.univ-tlse2.fr\/mediationdelamusique\/debouches\/","title":{"rendered":"D\u00e9bouch\u00e9s"},"content":{"rendered":"\n<p><strong>Secteurs d\u2019activit\u00e9\u00a0:<\/strong><\/p>\n\n\n\n<ul class=\"wp-block-list\"><li>Domaine de la m\u00e9diation culturelle<\/li><li>Animation culturelle<\/li><li>Communication<\/li><\/ul>\n\n\n\n<p><strong>M\u00e9tiers\u00a0:<\/strong><\/p>\n\n\n\n<ul class=\"wp-block-list\"><li>Pilotage de projets de m\u00e9diation aupr\u00e8s d\u2019institutions culturelles et musicales (orchestres, centres culturels, salles de concerts, \u2026)<\/li><li>Expertise-conseil aupr\u00e8s des collectivit\u00e9s territoriales<\/li><li>Charg\u00e9 d\u2019\u00e9tudes aupr\u00e8s d\u2019associations culturelles et\/ou musicales<\/li><li>Chef de projet \u00e9ducatif<\/li><li>Responsable de service \u00e9ducatif et culturel<\/li><li>Conf\u00e9rencier de la musique<\/li><\/ul>\n","protected":false},"excerpt":{"rendered":"<p>Secteurs d\u2019activit\u00e9\u00a0: Domaine de la m\u00e9diation culturelle Animation culturelle Communication M\u00e9tiers\u00a0: Pilotage de projets de m\u00e9diation aupr\u00e8s d\u2019institutions culturelles et musicales (orchestres, centres culturels, salles de concerts, \u2026) Expertise-conseil aupr\u00e8s des collectivit\u00e9s territoriales Charg\u00e9 d\u2019\u00e9tudes aupr\u00e8s d\u2019associations culturelles et\/ou musicales Chef de projet \u00e9ducatif Responsable de service \u00e9ducatif et culturel Conf\u00e9rencier de la musique<\/p>\n","protected":false},"author":1078,"featured_media":0,"parent":0,"menu_order":0,"comment_status":"closed","ping_status":"closed","template":"","meta":{"footnotes":""},"class_list":["post-55","page","type-page","status-publish","hentry"],"_links":{"self":[{"href":"https:\/\/blogs.univ-tlse2.fr\/mediationdelamusique\/wp-json\/wp\/v2\/pages\/55","targetHints":{"allow":["GET"]}}],"collection":[{"href":"https:\/\/blogs.univ-tlse2.fr\/mediationdelamusique\/wp-json\/wp\/v2\/pages"}],"about":[{"href":"https:\/\/blogs.univ-tlse2.fr\/mediationdelamusique\/wp-json\/wp\/v2\/types\/page"}],"author":[{"embeddable":true,"href":"https:\/\/blogs.univ-tlse2.fr\/mediationdelamusique\/wp-json\/wp\/v2\/users\/1078"}],"replies":[{"embeddable":true,"href":"https:\/\/blogs.univ-tlse2.fr\/mediationdelamusique\/wp-json\/wp\/v2\/comments?post=55"}],"version-history":[{"count":2,"href":"https:\/\/blogs.univ-tlse2.fr\/mediationdelamusique\/wp-json\/wp\/v2\/pages\/55\/revisions"}],"predecessor-version":[{"id":99,"href":"https:\/\/blogs.univ-tlse2.fr\/mediationdelamusique\/wp-json\/wp\/v2\/pages\/55\/revisions\/99"}],"wp:attachment":[{"href":"https:\/\/blogs.univ-tlse2.fr\/mediationdelamusique\/wp-json\/wp\/v2\/media?parent=55"}],"curies":[{"name":"wp","href":"https:\/\/api.w.org\/{rel}","templated":true}]}}