 {"id":590,"date":"2025-02-15T20:46:50","date_gmt":"2025-02-15T19:46:50","guid":{"rendered":"https:\/\/blogs.univ-tlse2.fr\/mediationdelamusique\/?page_id=590"},"modified":"2025-04-26T15:32:15","modified_gmt":"2025-04-26T13:32:15","slug":"enquete-ecole-les-elements","status":"publish","type":"page","link":"https:\/\/blogs.univ-tlse2.fr\/mediationdelamusique\/enquete-ecole-les-elements\/","title":{"rendered":"Enqu\u00eate \u00e9cole &#8211; Les El\u00e9ments"},"content":{"rendered":"<div class=\"wp-block-image\">\n<figure class=\"aligncenter is-resized\"><img loading=\"lazy\" decoding=\"async\" width=\"1018\" height=\"1024\" src=\"https:\/\/blogs.univ-tlse2.fr\/mediationdelamusique\/files\/2025\/04\/ELEM_LOG3MENTIONS_Noir-1018x1024.png\" alt=\"\" class=\"wp-image-647\" style=\"width:195px;height:auto\" srcset=\"https:\/\/blogs.univ-tlse2.fr\/mediationdelamusique\/files\/2025\/04\/ELEM_LOG3MENTIONS_Noir-1018x1024.png 1018w, https:\/\/blogs.univ-tlse2.fr\/mediationdelamusique\/files\/2025\/04\/ELEM_LOG3MENTIONS_Noir-298x300.png 298w, https:\/\/blogs.univ-tlse2.fr\/mediationdelamusique\/files\/2025\/04\/ELEM_LOG3MENTIONS_Noir-150x150.png 150w, https:\/\/blogs.univ-tlse2.fr\/mediationdelamusique\/files\/2025\/04\/ELEM_LOG3MENTIONS_Noir-768x772.png 768w, https:\/\/blogs.univ-tlse2.fr\/mediationdelamusique\/files\/2025\/04\/ELEM_LOG3MENTIONS_Noir-1527x1536.png 1527w, https:\/\/blogs.univ-tlse2.fr\/mediationdelamusique\/files\/2025\/04\/ELEM_LOG3MENTIONS_Noir-100x100.png 100w, https:\/\/blogs.univ-tlse2.fr\/mediationdelamusique\/files\/2025\/04\/ELEM_LOG3MENTIONS_Noir.png 1901w\" sizes=\"auto, (max-width: 767px) 89vw, (max-width: 1000px) 54vw, (max-width: 1071px) 543px, 580px\" \/><\/figure>\n<\/div>\n\n\n<p id=\"block-d96b58d4-c73b-43f1-9571-1e21a09997fd\"><strong>Ch\u0153ur de chambre Les \u00e9l\u00e9ments &#8211; Les pratiques et les sp\u00e9cificit\u00e9s des chanteurs amateurs<\/strong><\/p>\n\n\n\n<p id=\"block-638565e7-251c-4d4b-9d7b-efa239fae220\">Dans le cadre d&rsquo;une commande pass\u00e9e par Les El\u00e9ments, centre national d&rsquo;art vocal Occitanie, nous avons \u00e9t\u00e9 charg\u00e9s de prendre contact avec diverses personnes impliqu\u00e9es dans la pratique chorale amateur pour les interroger sur leur rapport au chant. <br><br>Dans ce contexte, il est important de souligner que la pratique chorale amateur concerne un large public, avec pr\u00e8s de 3,5 millions de chanteurs amateurs en France.<\/p>\n\n\n\n<p id=\"block-9f3878d8-7698-4a22-8d02-92ce16343e95\">Cette enqu\u00eate s&rsquo;est d\u00e9roul\u00e9e en plusieurs \u00e9tapes majeures.&nbsp;<\/p>\n\n\n\n<p id=\"block-3577f422-9250-4818-a5b7-cd4e552cf36d\"><strong>L&rsquo;\u00e9laboration de la grille d&rsquo;entretien<\/strong><\/p>\n\n\n\n<p id=\"block-11a52b68-0e87-4378-a5f0-eb8307defccf\">Notre grille d&rsquo;entretien a \u00e9t\u00e9 con\u00e7ue sous forme semi-directive, avec des questions formul\u00e9es de mani\u00e8re ouverte, afin de favoriser des r\u00e9ponses d\u00e9taill\u00e9es de la part des participants et participantes et d&rsquo;\u00e9viter les r\u00e9ponses ferm\u00e9es.<\/p>\n\n\n\n<p>Nous l&rsquo;avons d\u00e9limit\u00e9e en 6 th\u00e9matiques :<\/p>\n\n\n\n<ol class=\"wp-block-list\">\n<li>Pratique chorale de l&rsquo;enqu\u00eat\u00e9 <\/li>\n\n\n\n<li>Int\u00e9gration au choeur principal<\/li>\n\n\n\n<li>R\u00e9cits de son exp\u00e9rience individuelle en amateur<\/li>\n\n\n\n<li>Leur pratique d&rsquo;auditeur<\/li>\n\n\n\n<li>Collaboration amateur\/professionnels<\/li>\n\n\n\n<li>Retour sur sa pratique, prise de distance analytique, r\u00e9flexive<\/li>\n<\/ol>\n\n\n\n<p>Au total, nous nous sommes entretenus avec 14 chanteurs amateurs. <\/p>\n\n\n\n<p>Chacun des entretiens a \u00e9t\u00e9 retranscrit et analys\u00e9 afin d\u2019en d\u00e9gager des th\u00e9matiques fortes et dominantes. Gr\u00e2ce \u00e0 cela, un script a \u00e9t\u00e9 cr\u00e9\u00e9 et a permis d\u2019associer divers passages de chaque entretien, afin de r\u00e9aliser des \u00e9pisodes de podcast.<\/p>\n\n\n\n<p><strong>L&rsquo;\u00e9laboration du podcast audio<\/strong><\/p>\n\n\n\n<p>Le podcast a \u00e9t\u00e9 r\u00e9alis\u00e9 sous forme d&rsquo;\u00e9pisodes de 10 \u00e0 15 minutes, permettant de mettre en lumi\u00e8re le rapport des chanteurs amateurs  avec le chant choral dans un univers musical m\u00ealant amateurs et professionnels.<\/p>\n\n\n\n<p>Nous avons cr\u00e9\u00e9 un jingle musical original accompagn\u00e9 d&rsquo;une voix off, tous deux produits en interne, afin d\u2019assurer une transition fluide entre les \u00e9pisodes et d\u2019\u00e9tablir une coh\u00e9rence sonore tout au long du podcast. Cette touche personnelle permet de renforcer l\u2019unit\u00e9 du projet et de guider l\u2019auditeur d\u2019un \u00e9pisode \u00e0 l\u2019autre de mani\u00e8re harmonieuse.<\/p>\n\n\n\n<p><strong>Les conclusions de l&rsquo;enqu\u00eate<\/strong><\/p>\n\n\n\n<p>La cohabitation entre les chanteurs amateurs et professionnels semble favoriser le d\u00e9veloppement d&rsquo;exp\u00e9riences et de d\u00e9couvertes musicales au sein des chorales, enrichissantes et significatives pour les chanteurs amateurs. <br><br>L&rsquo;ambiance au sein des ch\u0153urs est essentielle pour eux, car la valeur du temps consacr\u00e9 \u00e0 la pratique chorale r\u00e9side dans la qualit\u00e9 des moments partag\u00e9s et des connexions sociales \u00e9tablies. <\/p>\n\n\n\n<p>Dans cette m\u00eame dynamique, les chanteurs amateurs assument souvent plusieurs r\u00f4les au sein de leur ch\u0153ur, au-del\u00e0 de celui de simple chanteur. Ils s&rsquo;investissent dans la communication, la promotion, l&rsquo;organisation d&rsquo;\u00e9v\u00e9nements, etc.  <\/p>\n\n\n\n<p><strong>S&rsquo;engager dans un ch\u0153ur amateur, c&rsquo;est consacrer du temps sans en attendre de retour, rejoindre un groupe o\u00f9 la musique cr\u00e9e des liens et o\u00f9 l&rsquo;on trouve un v\u00e9ritable sens \u00e0 partager ensemble.<\/strong><\/p>\n\n\n\n<p><\/p>\n","protected":false},"excerpt":{"rendered":"<p>Ch\u0153ur de chambre Les \u00e9l\u00e9ments &#8211; Les pratiques et les sp\u00e9cificit\u00e9s des chanteurs amateurs Dans le cadre d&rsquo;une commande pass\u00e9e par Les El\u00e9ments, centre national d&rsquo;art vocal Occitanie, nous avons \u00e9t\u00e9 charg\u00e9s de prendre contact avec diverses personnes impliqu\u00e9es dans la pratique chorale amateur pour les interroger sur leur rapport au chant. Dans ce contexte, &hellip; <\/p>\n<p class=\"link-more\"><a href=\"https:\/\/blogs.univ-tlse2.fr\/mediationdelamusique\/enquete-ecole-les-elements\/\" class=\"more-link\">Continuer la lecture<span class=\"screen-reader-text\"> de &laquo;&nbsp;Enqu\u00eate \u00e9cole &#8211; Les El\u00e9ments&nbsp;&raquo;<\/span><\/a><\/p>\n","protected":false},"author":1078,"featured_media":0,"parent":0,"menu_order":0,"comment_status":"closed","ping_status":"closed","template":"","meta":{"footnotes":""},"class_list":["post-590","page","type-page","status-publish","hentry"],"_links":{"self":[{"href":"https:\/\/blogs.univ-tlse2.fr\/mediationdelamusique\/wp-json\/wp\/v2\/pages\/590","targetHints":{"allow":["GET"]}}],"collection":[{"href":"https:\/\/blogs.univ-tlse2.fr\/mediationdelamusique\/wp-json\/wp\/v2\/pages"}],"about":[{"href":"https:\/\/blogs.univ-tlse2.fr\/mediationdelamusique\/wp-json\/wp\/v2\/types\/page"}],"author":[{"embeddable":true,"href":"https:\/\/blogs.univ-tlse2.fr\/mediationdelamusique\/wp-json\/wp\/v2\/users\/1078"}],"replies":[{"embeddable":true,"href":"https:\/\/blogs.univ-tlse2.fr\/mediationdelamusique\/wp-json\/wp\/v2\/comments?post=590"}],"version-history":[{"count":10,"href":"https:\/\/blogs.univ-tlse2.fr\/mediationdelamusique\/wp-json\/wp\/v2\/pages\/590\/revisions"}],"predecessor-version":[{"id":652,"href":"https:\/\/blogs.univ-tlse2.fr\/mediationdelamusique\/wp-json\/wp\/v2\/pages\/590\/revisions\/652"}],"wp:attachment":[{"href":"https:\/\/blogs.univ-tlse2.fr\/mediationdelamusique\/wp-json\/wp\/v2\/media?parent=590"}],"curies":[{"name":"wp","href":"https:\/\/api.w.org\/{rel}","templated":true}]}}