 {"id":63,"date":"2022-03-07T19:48:18","date_gmt":"2022-03-07T18:48:18","guid":{"rendered":"https:\/\/blogs.univ-tlse2.fr\/mediationdelamusique\/?page_id=63"},"modified":"2024-10-23T18:01:04","modified_gmt":"2024-10-23T16:01:04","slug":"equipe-pedagogique","status":"publish","type":"page","link":"https:\/\/blogs.univ-tlse2.fr\/mediationdelamusique\/equipe-pedagogique\/","title":{"rendered":"Membres UT2J"},"content":{"rendered":"\n<div class=\"wp-block-columns is-layout-flex wp-container-core-columns-is-layout-9d6595d7 wp-block-columns-is-layout-flex\">\n<div class=\"wp-block-column is-layout-flow wp-block-column-is-layout-flow\" style=\"flex-basis:33.33%\">\n<figure class=\"wp-block-gallery has-nested-images columns-default is-cropped wp-block-gallery-1 is-layout-flex wp-block-gallery-is-layout-flex\">\n<figure class=\"wp-block-image size-large\"><img loading=\"lazy\" decoding=\"async\" width=\"500\" height=\"500\" data-id=\"183\" src=\"https:\/\/blogs.univ-tlse2.fr\/mediationdelamusique\/files\/2022\/03\/275719804_1188005181942823_6804639397258110814_n-1.png\" alt=\"\" class=\"wp-image-183\" srcset=\"https:\/\/blogs.univ-tlse2.fr\/mediationdelamusique\/files\/2022\/03\/275719804_1188005181942823_6804639397258110814_n-1.png 500w, https:\/\/blogs.univ-tlse2.fr\/mediationdelamusique\/files\/2022\/03\/275719804_1188005181942823_6804639397258110814_n-1-300x300.png 300w, https:\/\/blogs.univ-tlse2.fr\/mediationdelamusique\/files\/2022\/03\/275719804_1188005181942823_6804639397258110814_n-1-150x150.png 150w, https:\/\/blogs.univ-tlse2.fr\/mediationdelamusique\/files\/2022\/03\/275719804_1188005181942823_6804639397258110814_n-1-100x100.png 100w\" sizes=\"auto, (max-width: 500px) 100vw, 500px\" \/><\/figure>\n<\/figure>\n<\/div>\n\n\n\n<div class=\"wp-block-column is-layout-flow wp-block-column-is-layout-flow\" style=\"flex-basis:66.66%\">\n<p><strong><br>Florence MOUCHET<\/strong><br><strong>Responsable p\u00e9dagogie<\/strong><br>Communication musicologique \/ S\u00e9minaire <br><em>Semestre 1<\/em> et 3<\/p>\n\n\n\n<p><a href=\"&#109;&#x61;i&#x6c;t&#x6f;:&#102;&#x6c;&#111;&#x72;e&#x6e;c&#x65;&#46;&#109;&#x6f;u&#x63;h&#x65;t&#x40;&#x75;&#110;&#x69;v&#x2d;t&#x6c;s&#101;&#x32;&#46;&#x66;r\">flor&#101;&#110;&#x63;&#x65;&#x2e;&#x6d;&#x6f;&#x75;chet&#64;&#117;&#110;&#x69;&#x76;&#x2d;&#x74;&#x6c;&#x73;e2&#46;f&#114;<\/a><\/p>\n<\/div>\n<\/div>\n\n\n\n<div class=\"wp-block-columns is-layout-flex wp-container-core-columns-is-layout-9d6595d7 wp-block-columns-is-layout-flex\">\n<div class=\"wp-block-column is-layout-flow wp-block-column-is-layout-flow\" style=\"flex-basis:66.66%\">\n<p><strong>St\u00e9phane ESCOUBET<br>Responsable p\u00e9dagogique<\/strong><br>S\u00e9minaires de m\u00e9diation<br><em>Semestre 1 et 2<\/em><\/p>\n\n\n\n<p><a href=\"&#x6d;a&#x69;&#x6c;t&#x6f;&#x3a;s&#x74;&#x65;p&#x68;&#x61;n&#x65;&#x2e;e&#x73;&#99;o&#x75;&#98;e&#x74;&#64;u&#x6e;&#105;v&#x2d;&#116;l&#x73;&#101;2&#x2e;&#102;r\">ste&#112;&#x68;&#x61;&#x6e;&#x65;&#46;es&#99;&#x6f;&#x75;&#x62;&#x65;t&#64;u&#110;&#105;&#x76;&#x2d;&#x74;&#x6c;se2&#46;&#x66;&#x72;<\/a><\/p>\n<\/div>\n\n\n\n<div class=\"wp-block-column is-layout-flow wp-block-column-is-layout-flow\" style=\"flex-basis:33.33%\">\n<figure class=\"wp-block-gallery has-nested-images columns-default is-cropped wp-block-gallery-2 is-layout-flex wp-block-gallery-is-layout-flex\">\n<figure class=\"wp-block-image size-large\"><img loading=\"lazy\" decoding=\"async\" width=\"500\" height=\"500\" data-id=\"179\" src=\"https:\/\/blogs.univ-tlse2.fr\/mediationdelamusique\/files\/2022\/03\/275184269_687979119022004_4868725664658427462_n.png\" alt=\"\" class=\"wp-image-179\" srcset=\"https:\/\/blogs.univ-tlse2.fr\/mediationdelamusique\/files\/2022\/03\/275184269_687979119022004_4868725664658427462_n.png 500w, https:\/\/blogs.univ-tlse2.fr\/mediationdelamusique\/files\/2022\/03\/275184269_687979119022004_4868725664658427462_n-300x300.png 300w, https:\/\/blogs.univ-tlse2.fr\/mediationdelamusique\/files\/2022\/03\/275184269_687979119022004_4868725664658427462_n-150x150.png 150w, https:\/\/blogs.univ-tlse2.fr\/mediationdelamusique\/files\/2022\/03\/275184269_687979119022004_4868725664658427462_n-100x100.png 100w\" sizes=\"auto, (max-width: 500px) 100vw, 500px\" \/><\/figure>\n<\/figure>\n<\/div>\n<\/div>\n\n\n\n<div class=\"wp-block-columns is-layout-flex wp-container-core-columns-is-layout-9d6595d7 wp-block-columns-is-layout-flex\">\n<div class=\"wp-block-column is-layout-flow wp-block-column-is-layout-flow\" style=\"flex-basis:33.33%\">\n<figure class=\"wp-block-gallery has-nested-images columns-default is-cropped wp-block-gallery-3 is-layout-flex wp-block-gallery-is-layout-flex\">\n<figure class=\"wp-block-image size-full\"><img loading=\"lazy\" decoding=\"async\" width=\"500\" height=\"500\" data-id=\"182\" src=\"https:\/\/blogs.univ-tlse2.fr\/mediationdelamusique\/files\/2022\/03\/275453318_1083714168861953_1651207987298086704_n.png\" alt=\"\" class=\"wp-image-182\" srcset=\"https:\/\/blogs.univ-tlse2.fr\/mediationdelamusique\/files\/2022\/03\/275453318_1083714168861953_1651207987298086704_n.png 500w, https:\/\/blogs.univ-tlse2.fr\/mediationdelamusique\/files\/2022\/03\/275453318_1083714168861953_1651207987298086704_n-300x300.png 300w, https:\/\/blogs.univ-tlse2.fr\/mediationdelamusique\/files\/2022\/03\/275453318_1083714168861953_1651207987298086704_n-150x150.png 150w, https:\/\/blogs.univ-tlse2.fr\/mediationdelamusique\/files\/2022\/03\/275453318_1083714168861953_1651207987298086704_n-100x100.png 100w\" sizes=\"auto, (max-width: 500px) 100vw, 500px\" \/><\/figure>\n<\/figure>\n<\/div>\n\n\n\n<div class=\"wp-block-column is-layout-flow wp-block-column-is-layout-flow\" style=\"flex-basis:66.66%\">\n<p><strong>Juliette MAGNIEZ<\/strong><br>M\u00e9diation: pratiques et enjeux 1<br><em>Semestre 1<\/em><\/p>\n\n\n\n<p><strong>Responsable de d\u00e9veloppement<\/strong><br><a href=\"https:\/\/www.les-elements.fr\/\" target=\"_blank\" rel=\"noreferrer noopener\">Ch\u0153ur de chambre Les \u00e9l\u00e9ments<\/a><\/p>\n\n\n\n<p>&#106;&#x75;&#108;&#x69;&#101;&#x74;&#116;&#x65;&#46;&#x6d;a&#x67;n&#x69;e&#x7a;&#64;&#x75;n&#x69;v&#x2d;t&#x6c;s&#x65;2&#x2e;f&#x72;<\/p>\n<\/div>\n<\/div>\n\n\n\n<figure class=\"wp-block-gallery has-nested-images columns-default is-cropped wp-block-gallery-4 is-layout-flex wp-block-gallery-is-layout-flex\">\n<figure class=\"wp-block-image size-large\"><img loading=\"lazy\" decoding=\"async\" width=\"1024\" height=\"58\" data-id=\"223\" src=\"https:\/\/blogs.univ-tlse2.fr\/mediationdelamusique\/files\/2022\/03\/manuel-nageli-7CcPLtywRso-unsplash-1-1024x58.jpg\" alt=\"\" class=\"wp-image-223\" srcset=\"https:\/\/blogs.univ-tlse2.fr\/mediationdelamusique\/files\/2022\/03\/manuel-nageli-7CcPLtywRso-unsplash-1-1024x58.jpg 1024w, https:\/\/blogs.univ-tlse2.fr\/mediationdelamusique\/files\/2022\/03\/manuel-nageli-7CcPLtywRso-unsplash-1-300x17.jpg 300w, https:\/\/blogs.univ-tlse2.fr\/mediationdelamusique\/files\/2022\/03\/manuel-nageli-7CcPLtywRso-unsplash-1-768x44.jpg 768w, https:\/\/blogs.univ-tlse2.fr\/mediationdelamusique\/files\/2022\/03\/manuel-nageli-7CcPLtywRso-unsplash-1-1536x87.jpg 1536w, https:\/\/blogs.univ-tlse2.fr\/mediationdelamusique\/files\/2022\/03\/manuel-nageli-7CcPLtywRso-unsplash-1-2048x117.jpg 2048w\" sizes=\"auto, (max-width: 767px) 89vw, (max-width: 1000px) 54vw, (max-width: 1071px) 543px, 580px\" \/><\/figure>\n<\/figure>\n\n\n\n<div class=\"wp-block-columns is-layout-flex wp-container-core-columns-is-layout-9d6595d7 wp-block-columns-is-layout-flex\">\n<div class=\"wp-block-column is-layout-flow wp-block-column-is-layout-flow\" style=\"flex-basis:66.66%\"><\/div>\n<\/div>\n\n\n\n<div class=\"wp-block-columns is-layout-flex wp-container-core-columns-is-layout-9d6595d7 wp-block-columns-is-layout-flex\">\n<div class=\"wp-block-column is-layout-flow wp-block-column-is-layout-flow\" style=\"flex-basis:33.33%\">\n<figure class=\"wp-block-gallery has-nested-images columns-default is-cropped wp-block-gallery-5 is-layout-flex wp-block-gallery-is-layout-flex\">\n<figure class=\"wp-block-image size-large is-style-default\"><img loading=\"lazy\" decoding=\"async\" width=\"500\" height=\"500\" data-id=\"355\" src=\"https:\/\/blogs.univ-tlse2.fr\/mediationdelamusique\/files\/2022\/03\/277082207_1629700754068550_5929267188954608877_n.png\" alt=\"\" class=\"wp-image-355\" srcset=\"https:\/\/blogs.univ-tlse2.fr\/mediationdelamusique\/files\/2022\/03\/277082207_1629700754068550_5929267188954608877_n.png 500w, https:\/\/blogs.univ-tlse2.fr\/mediationdelamusique\/files\/2022\/03\/277082207_1629700754068550_5929267188954608877_n-300x300.png 300w, https:\/\/blogs.univ-tlse2.fr\/mediationdelamusique\/files\/2022\/03\/277082207_1629700754068550_5929267188954608877_n-150x150.png 150w, https:\/\/blogs.univ-tlse2.fr\/mediationdelamusique\/files\/2022\/03\/277082207_1629700754068550_5929267188954608877_n-100x100.png 100w\" sizes=\"auto, (max-width: 500px) 100vw, 500px\" \/><\/figure>\n<\/figure>\n<\/div>\n\n\n\n<div class=\"wp-block-column is-layout-flow wp-block-column-is-layout-flow\" style=\"flex-basis:66.66%\">\n<p><strong>Thibault CHRISTOPHE<\/strong><br>S\u00e9minaire de m\u00e9diation 2<br><em>Semestre <\/em>2<\/p>\n\n\n\n<p>Universit\u00e9 Toulouse Jean-Jaur\u00e8s<\/p>\n<\/div>\n<\/div>\n\n\n\n<div class=\"wp-block-columns is-layout-flex wp-container-core-columns-is-layout-9d6595d7 wp-block-columns-is-layout-flex\">\n<div class=\"wp-block-column is-layout-flow wp-block-column-is-layout-flow\" style=\"flex-basis:66.66%\">\n<p><strong>Nicolas GOLOVTHENKO<\/strong><br>M\u00e9diation : pratiques et enjeux<br><em>Semestre 2<\/em><br><\/p>\n\n\n\n<p>n&#x69;&#x63;o&#x6c;&#x61;s&#x2e;&#x67;o&#108;&#x6f;v&#116;&#x63;h&#101;&#x6e;k&#111;&#x40;un&#x69;&#x76;-&#x74;&#x6c;s&#x65;&#x32;&#46;&#x66;&#x72;<\/p>\n<\/div>\n\n\n\n<div class=\"wp-block-column is-layout-flow wp-block-column-is-layout-flow\" style=\"flex-basis:33.33%\">\n<figure class=\"wp-block-gallery has-nested-images columns-default is-cropped wp-block-gallery-6 is-layout-flex wp-block-gallery-is-layout-flex\">\n<figure class=\"wp-block-image size-large\"><img loading=\"lazy\" decoding=\"async\" width=\"500\" height=\"500\" data-id=\"180\" src=\"https:\/\/blogs.univ-tlse2.fr\/mediationdelamusique\/files\/2022\/03\/275545858_339040108180686_1179450859741210028_n.png\" alt=\"\" class=\"wp-image-180\" srcset=\"https:\/\/blogs.univ-tlse2.fr\/mediationdelamusique\/files\/2022\/03\/275545858_339040108180686_1179450859741210028_n.png 500w, https:\/\/blogs.univ-tlse2.fr\/mediationdelamusique\/files\/2022\/03\/275545858_339040108180686_1179450859741210028_n-300x300.png 300w, https:\/\/blogs.univ-tlse2.fr\/mediationdelamusique\/files\/2022\/03\/275545858_339040108180686_1179450859741210028_n-150x150.png 150w, https:\/\/blogs.univ-tlse2.fr\/mediationdelamusique\/files\/2022\/03\/275545858_339040108180686_1179450859741210028_n-100x100.png 100w\" sizes=\"auto, (max-width: 500px) 100vw, 500px\" \/><\/figure>\n<\/figure>\n<\/div>\n<\/div>\n\n\n\n<div class=\"wp-block-columns is-layout-flex wp-container-core-columns-is-layout-9d6595d7 wp-block-columns-is-layout-flex\">\n<div class=\"wp-block-column is-layout-flow wp-block-column-is-layout-flow\" style=\"flex-basis:33.33%\">\n<figure class=\"wp-block-gallery has-nested-images columns-default is-cropped wp-block-gallery-7 is-layout-flex wp-block-gallery-is-layout-flex\">\n<figure class=\"wp-block-image size-full\"><img loading=\"lazy\" decoding=\"async\" width=\"500\" height=\"500\" data-id=\"238\" src=\"https:\/\/blogs.univ-tlse2.fr\/mediationdelamusique\/files\/2022\/03\/275621064_964162784265177_1266346474237195774_n-1.png\" alt=\"\" class=\"wp-image-238\" srcset=\"https:\/\/blogs.univ-tlse2.fr\/mediationdelamusique\/files\/2022\/03\/275621064_964162784265177_1266346474237195774_n-1.png 500w, https:\/\/blogs.univ-tlse2.fr\/mediationdelamusique\/files\/2022\/03\/275621064_964162784265177_1266346474237195774_n-1-300x300.png 300w, https:\/\/blogs.univ-tlse2.fr\/mediationdelamusique\/files\/2022\/03\/275621064_964162784265177_1266346474237195774_n-1-150x150.png 150w, https:\/\/blogs.univ-tlse2.fr\/mediationdelamusique\/files\/2022\/03\/275621064_964162784265177_1266346474237195774_n-1-100x100.png 100w\" sizes=\"auto, (max-width: 500px) 100vw, 500px\" \/><\/figure>\n<\/figure>\n<\/div>\n\n\n\n<div class=\"wp-block-column is-layout-flow wp-block-column-is-layout-flow\" style=\"flex-basis:66.66%\">\n<p><strong>Pascal GAILLARD<\/strong><br>Projet professionel<br><em>Semestre 3<\/em><\/p>\n\n\n\n<p><strong>Ma\u00eetre de conf\u00e9rence &#8211; Musique<\/strong><br>INSP\u00c9 Toulouse Occitanie-Pyr\u00e9n\u00e9es<\/p>\n\n\n\n<p><a href=\"melA('pascal.gaillard','','','univ-tlse2.fr');\">&#x70;as&#x63;al&#x2e;ga&#x69;ll&#x61;rd&#x40;un&#x69;&#118;-&#x74;&#108;s&#x65;&#50;&#46;&#x66;&#114;<\/a><\/p>\n<\/div>\n<\/div>\n\n\n\n<div class=\"wp-block-columns is-layout-flex wp-container-core-columns-is-layout-9d6595d7 wp-block-columns-is-layout-flex\">\n<div class=\"wp-block-column is-layout-flow wp-block-column-is-layout-flow\" style=\"flex-basis:66.66%\">\n<p><strong>Michel LEHMANN<\/strong><br>Esth\u00e9tique et interpr\u00e9tation musicale<br><em>Semestre 1<\/em><\/p>\n\n\n\n<p><a href=\"&#109;&#x61;i&#x6c;t&#x6f;:&#x6c;e&#x68;m&#97;&#x6e;&#110;&#x40;u&#x6e;i&#x76;-&#x74;l&#x73;e&#50;&#x2e;&#102;&#x72;\">l&#x65;h&#109;&#x61;n&#x6e;&#64;&#117;&#x6e;i&#x76;&#x2d;t&#x6c;s&#101;&#x32;&#46;&#x66;&#x72;<\/a><\/p>\n<\/div>\n\n\n\n<div class=\"wp-block-column is-layout-flow wp-block-column-is-layout-flow\" style=\"flex-basis:33.33%\">\n<figure class=\"wp-block-gallery has-nested-images columns-default is-cropped wp-block-gallery-8 is-layout-flex wp-block-gallery-is-layout-flex\">\n<figure class=\"wp-block-image size-large is-style-default\"><img loading=\"lazy\" decoding=\"async\" width=\"500\" height=\"500\" data-id=\"181\" src=\"https:\/\/blogs.univ-tlse2.fr\/mediationdelamusique\/files\/2022\/03\/275208486_701583010973657_5276960591970954808_n.png\" alt=\"\" class=\"wp-image-181\" srcset=\"https:\/\/blogs.univ-tlse2.fr\/mediationdelamusique\/files\/2022\/03\/275208486_701583010973657_5276960591970954808_n.png 500w, https:\/\/blogs.univ-tlse2.fr\/mediationdelamusique\/files\/2022\/03\/275208486_701583010973657_5276960591970954808_n-300x300.png 300w, https:\/\/blogs.univ-tlse2.fr\/mediationdelamusique\/files\/2022\/03\/275208486_701583010973657_5276960591970954808_n-150x150.png 150w, https:\/\/blogs.univ-tlse2.fr\/mediationdelamusique\/files\/2022\/03\/275208486_701583010973657_5276960591970954808_n-100x100.png 100w\" sizes=\"auto, (max-width: 500px) 100vw, 500px\" \/><\/figure>\n<\/figure>\n<\/div>\n<\/div>\n\n\n\n<div class=\"wp-block-columns is-layout-flex wp-container-core-columns-is-layout-9d6595d7 wp-block-columns-is-layout-flex\">\n<div class=\"wp-block-column is-layout-flow wp-block-column-is-layout-flow\" style=\"flex-basis:33.33%\">\n<figure class=\"wp-block-image size-full is-style-rounded\"><img loading=\"lazy\" decoding=\"async\" width=\"368\" height=\"368\" src=\"https:\/\/blogs.univ-tlse2.fr\/mediationdelamusique\/files\/2024\/03\/airy-photo-avatar-of-user-profile.png\" alt=\"\" class=\"wp-image-473\" srcset=\"https:\/\/blogs.univ-tlse2.fr\/mediationdelamusique\/files\/2024\/03\/airy-photo-avatar-of-user-profile.png 368w, https:\/\/blogs.univ-tlse2.fr\/mediationdelamusique\/files\/2024\/03\/airy-photo-avatar-of-user-profile-300x300.png 300w, https:\/\/blogs.univ-tlse2.fr\/mediationdelamusique\/files\/2024\/03\/airy-photo-avatar-of-user-profile-150x150.png 150w, https:\/\/blogs.univ-tlse2.fr\/mediationdelamusique\/files\/2024\/03\/airy-photo-avatar-of-user-profile-100x100.png 100w\" sizes=\"auto, (max-width: 368px) 100vw, 368px\" \/><\/figure>\n<\/div>\n\n\n\n<div class=\"wp-block-column is-layout-flow wp-block-column-is-layout-flow\" style=\"flex-basis:66.66%\">\n<p><strong>Audrey PARRON GRETTER <\/strong><br>S\u00e9minaire de m\u00e9diation<br><em>Semestre 1<\/em><\/p>\n\n\n\n<p><\/p>\n<\/div>\n<\/div>\n\n\n\n<div class=\"wp-block-group is-content-justification-right is-nowrap is-layout-flex wp-container-core-group-is-layout-fd526d70 wp-block-group-is-layout-flex\">\n<p><strong>Lorraine Soliman <\/strong><br>Approches m\u00e9tiers<br><em>Semestre 1<\/em> <\/p>\n\n\n\n<div class=\"wp-block-columns is-layout-flex wp-container-core-columns-is-layout-9d6595d7 wp-block-columns-is-layout-flex\">\n<div class=\"wp-block-column is-layout-flow wp-block-column-is-layout-flow\" style=\"flex-basis:100%\">\n<figure class=\"wp-block-image size-full is-resized is-style-rounded\"><img loading=\"lazy\" decoding=\"async\" width=\"368\" height=\"368\" src=\"https:\/\/blogs.univ-tlse2.fr\/mediationdelamusique\/files\/2024\/03\/airy-photo-avatar-of-user-profile.png\" alt=\"\" class=\"wp-image-473\" style=\"width:186px;height:auto\" srcset=\"https:\/\/blogs.univ-tlse2.fr\/mediationdelamusique\/files\/2024\/03\/airy-photo-avatar-of-user-profile.png 368w, https:\/\/blogs.univ-tlse2.fr\/mediationdelamusique\/files\/2024\/03\/airy-photo-avatar-of-user-profile-300x300.png 300w, https:\/\/blogs.univ-tlse2.fr\/mediationdelamusique\/files\/2024\/03\/airy-photo-avatar-of-user-profile-150x150.png 150w, https:\/\/blogs.univ-tlse2.fr\/mediationdelamusique\/files\/2024\/03\/airy-photo-avatar-of-user-profile-100x100.png 100w\" sizes=\"auto, (max-width: 368px) 100vw, 368px\" \/><\/figure>\n<\/div>\n<\/div>\n<\/div>\n\n\n\n<p><\/p>\n\n\n\n<div class=\"wp-block-group\"><div class=\"wp-block-group__inner-container is-layout-constrained wp-block-group-is-layout-constrained\"><\/div><\/div>\n","protected":false},"excerpt":{"rendered":"<p>Florence MOUCHETResponsable p\u00e9dagogieCommunication musicologique \/ S\u00e9minaire Semestre 1 et 3 &#102;l&#x6f;r&#x65;n&#x63;&#101;&#x2e;&#109;o&#x75;c&#x68;e&#x74;&#64;&#x75;&#110;&#x69;&#118;-&#x74;l&#x73;e&#x32;&#46;&#x66;&#114; St\u00e9phane ESCOUBETResponsable p\u00e9dagogiqueS\u00e9minaires de m\u00e9diationSemestre 1 et 2 s&#116;&#x65;&#x70;ha&#x6e;&#x65;&#46;e&#115;&#x63;&#x6f;u&#98;&#x65;&#x74;&#64;u&#x6e;&#x69;v-&#116;&#x6c;&#x73;e&#50;&#x2e;&#x66;r Juliette MAGNIEZM\u00e9diation: pratiques et enjeux 1Semestre 1 Responsable de d\u00e9veloppementCh\u0153ur de chambre Les \u00e9l\u00e9ments jul&#105;&#x65;&#x74;&#x74;&#x65;&#46;ma&#103;&#x6e;&#x69;&#x65;&#x7a;&#64;un&#105;&#118;&#x2d;&#x74;&#x6c;&#x73;e2&#46;&#102;&#x72; Thibault CHRISTOPHES\u00e9minaire de m\u00e9diation 2Semestre 2 Universit\u00e9 Toulouse Jean-Jaur\u00e8s Nicolas GOLOVTHENKOM\u00e9diation : pratiques et enjeuxSemestre 2 &#110;i&#x63;o&#x6c;a&#x73;&#46;&#x67;&#111;l&#x6f;v&#x74;c&#x68;e&#x6e;&#107;&#x6f;&#64;u&#x6e;i&#x76;-&#x74;&#108;&#x73;&#101;2&#x2e;f&#x72; Pascal GAILLARDProjet professionelSemestre &hellip; <\/p>\n<p class=\"link-more\"><a href=\"https:\/\/blogs.univ-tlse2.fr\/mediationdelamusique\/equipe-pedagogique\/\" class=\"more-link\">Continuer la lecture<span class=\"screen-reader-text\"> de &laquo;&nbsp;Membres UT2J&nbsp;&raquo;<\/span><\/a><\/p>\n","protected":false},"author":1078,"featured_media":0,"parent":0,"menu_order":0,"comment_status":"closed","ping_status":"closed","template":"","meta":{"footnotes":""},"class_list":["post-63","page","type-page","status-publish","hentry"],"_links":{"self":[{"href":"https:\/\/blogs.univ-tlse2.fr\/mediationdelamusique\/wp-json\/wp\/v2\/pages\/63","targetHints":{"allow":["GET"]}}],"collection":[{"href":"https:\/\/blogs.univ-tlse2.fr\/mediationdelamusique\/wp-json\/wp\/v2\/pages"}],"about":[{"href":"https:\/\/blogs.univ-tlse2.fr\/mediationdelamusique\/wp-json\/wp\/v2\/types\/page"}],"author":[{"embeddable":true,"href":"https:\/\/blogs.univ-tlse2.fr\/mediationdelamusique\/wp-json\/wp\/v2\/users\/1078"}],"replies":[{"embeddable":true,"href":"https:\/\/blogs.univ-tlse2.fr\/mediationdelamusique\/wp-json\/wp\/v2\/comments?post=63"}],"version-history":[{"count":18,"href":"https:\/\/blogs.univ-tlse2.fr\/mediationdelamusique\/wp-json\/wp\/v2\/pages\/63\/revisions"}],"predecessor-version":[{"id":516,"href":"https:\/\/blogs.univ-tlse2.fr\/mediationdelamusique\/wp-json\/wp\/v2\/pages\/63\/revisions\/516"}],"wp:attachment":[{"href":"https:\/\/blogs.univ-tlse2.fr\/mediationdelamusique\/wp-json\/wp\/v2\/media?parent=63"}],"curies":[{"name":"wp","href":"https:\/\/api.w.org\/{rel}","templated":true}]}}