 {"id":73,"date":"2016-05-22T17:15:26","date_gmt":"2016-05-22T15:15:26","guid":{"rendered":"https:\/\/blogs.univ-tlse2.fr\/mediterranean\/?page_id=73"},"modified":"2016-09-23T19:52:50","modified_gmt":"2016-09-23T17:52:50","slug":"programme","status":"publish","type":"page","link":"https:\/\/blogs.univ-tlse2.fr\/mediterranean\/en\/programme\/","title":{"rendered":"Programme"},"content":{"rendered":"<p>Colloque international<\/p>\n<p><a href=\"https:\/\/blogs.univ-tlse2.fr\/mediterranean\/\">https:\/\/blogs.univ-tlse2.fr\/mediterranean\/<\/a><\/p>\n<p><em>The Mediterranean and its hinterlands: <\/em><\/p>\n<p><em>\u2018le pays en profondeur\u2019.<\/em><\/p>\n<p>&nbsp;<\/p>\n<p>28-29-30 septembre 2016<\/p>\n<p>&nbsp;<\/p>\n<p>Laboratoire Cultures Anglo-Saxonnes (CAS)<\/p>\n<p>Universit\u00e9 Toulouse &#8211; Jean Jaur\u00e8s<\/p>\n<p>Maison de la Recherche<\/p>\n<p>&nbsp;<\/p>\n<p>&nbsp;<\/p>\n<p>mercredi 28 septembre 2016<\/p>\n<p>13h30-14h Accueil (salle D28)<\/p>\n<p>14h-14h30 Ouverture du colloque (salle D29)<\/p>\n<p><strong>Nathalie Cochoy<\/strong> (Professeur, directrice du CAS)<\/p>\n<p><strong>14h30-15h30 <\/strong><strong> \u00a0Conf\u00e9rence pl\u00e9ni\u00e8re\u00a0:\u00a0David Abulafia (universit\u00e9 de Cambridge) <\/strong>(salle D29)<\/p>\n<p>Pr\u00e9sent\u00e9 par\u00a0Mark Noble (Georgia State University)<\/p>\n<p>&nbsp;<\/p>\n<p><strong><br \/>\n<\/strong><\/p>\n<p><strong>Atelier 1a\u00a0<\/strong>&#8211; <strong>Po\u00e9tiques et politiques de la M\u00e9diterran\u00e9e<\/strong> (salle D29)<\/p>\n<p>Mod\u00e9rateur\u00a0: Corinne Alexandre-Garner (universit\u00e9 Paris-Ouest)<\/p>\n<p><strong>15h30 <\/strong> \u00a0Barbara Papastavrou-Korionotaki (universit\u00e9 d\u2019Ath\u00e8nes)<\/p>\n<p>\u00ab\u00a0A Chypre, Aphrodite \u2018s\u2019est bris\u00e9e en mille morceaux\u2019. Fragments d\u2019une \u00e9criture po\u00e9tique red\u00e9finie et m\u00e9moire \u2018m\u00e9thistorique\u2019.\u00a0\u00bb<\/p>\n<p><strong>16h <\/strong> \u00a0Isabelle Keller-Privat (UT2J)<\/p>\n<p>\u00ab\u00a0Lawrence Durrell\u2019s Mediterranean Hinterlands: the Secret Flow of the Poet\u2019s Heraldic Universe. \u00bb<\/p>\n<p><strong>16h30 <\/strong> \u00a0Helen Goethals (UT2J)<\/p>\n<p>\u00ab Hinterlands of a Liberal Poet in Greece: Louis MacNeice\u2019s <em>Ten Burnt Offerings<\/em> (1952). \u00bb<\/p>\n<p><strong>\u00a0<\/strong><\/p>\n<p><strong>Atelier 1b \u2013 Histoire et histoires des migrations en M\u00e9diterran\u00e9e <\/strong>(salle D31)<\/p>\n<p>Mod\u00e9rateur\u00a0: Claire Cazajous (UT2J)<\/p>\n<p><strong>15h30<\/strong>\u00a0 Vincent Latour (UT2J)<\/p>\n<p>\u00ab\u00a0Royaume-Uni\u00a0: une attractivit\u00e9 migratoire paradoxale.\u00a0\u00bb<\/p>\n<p><strong>16h00<\/strong> \u00a0Flavien Bardet (universit\u00e9 de Bordeaux Montaigne)<\/p>\n<p>\u00ab\u00a0Modernisation et occidentalisation\u00a0: l\u2019ing\u00e9nierie ethnique au secours du choc des civilisations en Palestine pr\u00e9-mandataire (1900-1918).\u00a0\u00bb<\/p>\n<p><strong>16h30<\/strong> \u00a0Jacqueline Jondot (UT2J)<\/p>\n<p>\u00ab\u00a0Gregory Wortabet: Syria for the West.\u00a0\u00bb<\/p>\n<p><strong>17h00 <\/strong> \u00a0Olga Pat\u00e9raki-Chatziantoniou (Universit\u00e9 Ouverte Hell\u00e9nique, Patras)<\/p>\n<p>\u00ab\u00a0A partir de l\u2019\u0153uvre de Gerald Durrell, la gr\u00e9cit\u00e9 en question\u00a0\u00bb<\/p>\n<p>&nbsp;<\/p>\n<p>&nbsp;<\/p>\n<p><em><br \/>\n<\/em><\/p>\n<p><em>17h-18h Pause-caf\u00e9<\/em> (salle D28)<\/p>\n<p><strong>18h-19h <\/strong><strong> \u00a0<\/strong><strong> \u00a0Librairie Etudes\u00a0: M\u00e9langes m\u00e9diterran\u00e9ens (lectures)<\/strong><\/p>\n<p><em>D\u00eener libre en ville<\/em><\/p>\n<p>&nbsp;<\/p>\n<p>jeudi 29 septembre 2016<\/p>\n<p>8h30 Accueil (salle D28)<br \/>\n<strong><br \/>\n<\/strong><\/p>\n<p><strong>9h-10h <\/strong><strong><em> \u00a0<\/em>Conf\u00e9rence pl\u00e9ni\u00e8re\u00a0:\u00a0Stephen Romer (universit\u00e9 de Tours) <\/strong>(salle D29)<\/p>\n<p>Pr\u00e9sent\u00e9 par\u00a0Shannon Finck (Georgia State University)<\/p>\n<p>&nbsp;<\/p>\n<p><strong>\u00ab\u00a0\u2018C\u2019\u00e9tait ma nouvelle naissance\u2026\u2019 Yves Bonnefoy\u2019s Hinterlands.\u00a0\u00bb<\/strong><\/p>\n<p><em>10h-10h30 Pause-caf\u00e9 <\/em>(salle D28)<\/p>\n<p>&nbsp;<\/p>\n<p>&nbsp;<\/p>\n<p><strong>Atelier 2a \u2013 Du mouvement et de l\u2019immobilit\u00e9 de la M\u00e9diterran\u00e9e (salle D29)<\/strong><\/p>\n<p>Mod\u00e9rateur : Eric Doumerc (UT2J)<\/p>\n<p><strong>10h30<\/strong> \u00a0Aur\u00e9lien Saby (Lyc\u00e9e H\u00e9l\u00e8ne Boucher, Paris)<\/p>\n<p>\u00ab Stillness in John Fuller\u2019s Mediterranean Landscapes. \u00bb<\/p>\n<p><strong>11h<\/strong> \u00a0\u00a0James Gifford (Fairleigh Dickinson University, Vancouver)<\/p>\n<p>\u00ab An Improbably Moveable Mediterranean: Translating and Transplanting the Art et Libert\u00e9 Group. \u00bb<\/p>\n<p><strong>11h30<\/strong> \u00a0\u00a0Candice Lemaire (Universit\u00e9 de Bourgogne)<\/p>\n<p>\u00ab \u2018With his classics in mind\u2019 : la M\u00e9diterran\u00e9e frostienne ou l\u2019appel des muses antiques. \u00bb<\/p>\n<p><strong>12h<\/strong>\u00a0 \u00a0Christophe Imbert (UT2J)\u00a0 \u00ab \u2018il tremolar della marina\u2019 : voyage litt\u00e9raire autour d&#8217;une image de la mer et de la lumi\u00e8re. \u00bb<\/p>\n<p>&nbsp;<\/p>\n<p>&nbsp;<\/p>\n<p><strong>Atelier 2b &#8211; Mythes m\u00e9diterran\u00e9ens (salle D31)<\/strong><\/p>\n<p>Mod\u00e9rateur : Luis Gonz\u00e1lez (UT2J FRAMESPA \/ PUM)<\/p>\n<p><strong>10h30<\/strong> \u00a0\u00a0Jean Berton (UT2J)<\/p>\n<p>\u00ab Inters\u00e9mioticit\u00e9 et interethnicit\u00e9 dans <em>De Etruria Regali<\/em> de Thomas Dempster. \u00bb<\/p>\n<p><strong>11h<\/strong>\u00a0 \u00a0Armelle Sabatier (universit\u00e9 Paris-II Panth\u00e9on-Assas)<\/p>\n<p>\u00ab Les couleurs de la M\u00e9diterran\u00e9e dans The Merchant of Venice de Shakespeare. \u00bb<\/p>\n<p><strong>11h30<\/strong> \u00a0Rapha\u00eblle Costa de Beauregard (UT2J)<\/p>\n<p>\u00ab The Colours of the Mediterranean Dream in William Shakespeare\u2019s Antony and Cleopatra. \u00bb<\/p>\n<p><strong>12h<\/strong> \u00a0Michael Paschalis (universit\u00e9 de Cr\u00e8te)<\/p>\n<p>\u00ab\u2018And like this insubstantial pageant faded\u2019: The Fragility of Intertextual Mediterranean Dreams. \u00bb<\/p>\n<p>&nbsp;<\/p>\n<p>&nbsp;<\/p>\n<p><em>\u00a0<\/em><\/p>\n<p><em><br \/>\n<\/em><\/p>\n<p><em>12h30-13h30 Pause-d\u00e9jeuner <\/em>(salle D28)<\/p>\n<p>13h30 Accueil (salle D28)<\/p>\n<p><strong>14h-15h <\/strong><strong> \u00a0Conf\u00e9rence pl\u00e9ni\u00e8re\u00a0: Nicholas Purcell\u00a0(universit\u00e9 d\u2019Oxford) <\/strong>(salle D29)<\/p>\n<p>Pr\u00e9sent\u00e9 par Corinne Bonnet (UT2J)<\/p>\n<p><strong>\u00ab\u00a0On joining up and keeping apart\u2014the edges of Mediterranean space.\u00a0\u00bb<\/strong><\/p>\n<p><strong>\u00a0<\/strong><\/p>\n<p><em>15h-15h30 Pause-caf\u00e9<\/em><\/p>\n<p><strong>\u00a0<\/strong><\/p>\n<p><strong><br \/>\n<\/strong><\/p>\n<p><strong>Atelier 3a &#8211; Arch\u00e9ologie et arri\u00e8re-pays\u00a0: <\/strong><\/p>\n<p><strong>quelles formes de connectivit\u00e9 entre le littoral et l\u2019arri\u00e8re-pays\u00a0?<\/strong> (salle D29)<\/p>\n<p>Mod\u00e9rateur\u00a0: Corinne Bonnet (UT2J)<\/p>\n<p><strong>15h30 <\/strong> \u00a0Marie de Jonghe (universit\u00e9 Paris-I Panth\u00e9on-Sorbonne)<\/p>\n<p>\u00ab\u00a0\u2018\u00catre Ph\u00e9nicien\u2019 en M\u00e9diterran\u00e9e occidentale. Identit\u00e9s et <em>connectivity<\/em> du point de vue des n\u00e9cropoles.\u00a0\u00bb<\/p>\n<p><strong>16h <\/strong> \u00a0Elodie Guillon (UT2J)<\/p>\n<p>\u00ab\u00a0Ibiza punique, un exemple de <em>connectivity<\/em> m\u00e9diterran\u00e9enne antique (IV<sup>e<\/sup>-II<sup>e<\/sup> si\u00e8cles av. J.-C.).\u00a0\u00bb<\/p>\n<p><strong>16h30 <\/strong> \u00a0Giuseppe Garbati (ISMA \u2013 CNR, Rome)<\/p>\n<p>\u00ab\u00a0The Connecting Gods: The Waters and Shores of the Mediterranean in the Religion of Sardinia in the 5th to 2nd Centuries BC.\u00a0\u00bb<\/p>\n<p><strong>Atelier 3b &#8211; Vin, vigne et patrimoine culinaire sur la rive sud de la M\u00e9diterran\u00e9e<\/strong> (salle D31)<\/p>\n<p>Mod\u00e9rateur\u00a0: Danielle Cornot (UT2J)<\/p>\n<p><strong>15h30 <\/strong> \u00a0Driss Boumeggouti (UT2J)<\/p>\n<p>\u00ab\u00a0Les discours normatifs sur l&#8217;alimentation au Maroc : s&#8217;appuyer sur\u00a0 la tradition pour s&#8217;inscrire dans la modernit\u00e9.\u00a0\u00bb<\/p>\n<p><strong>16h <\/strong> \u00a0Wided Moumen (UT2J)<\/p>\n<p>\u00ab\u00a0Viticulture et politiques publiques en Tunisie.\u00a0\u00bb<\/p>\n<p><strong>16h30 <\/strong> \u00a0Sa\u00efd Benjelloun (UT2J)<\/p>\n<p>\u00ab\u00a0Le vin dans la litt\u00e9rature arabe.\u00a0\u00bb<\/p>\n<p>&nbsp;<\/p>\n<p><strong>\u00a0<\/strong><\/p>\n<p><em>17h<\/em> <em>D\u00e9gustation de th\u00e9 \u00e0 la menthe et de p\u00e2tisseries tunisiennes<\/em> (salle D28)<\/p>\n<p><strong>18h-19h <\/strong><strong> \u00a0Lecture-\u00e9cran perform\u00e9e : Fran\u00e7oise Goria et Pascal Poyet <\/strong>(salle D29)<\/p>\n<p>Pr\u00e9sent\u00e9s par Nathalie Cochoy (UT2J)<\/p>\n<p><strong>\u00ab\u00a0Un suppl\u00e9ment d\u2019aventure.\u00a0\u00bb<\/strong><\/p>\n<p><strong>20h D\u00eener m\u00e9diterran\u00e9en<\/strong><\/p>\n<p><em>Aux D\u00e9lices du Liban<\/em><\/p>\n<p>64 rue Riquet, 31000 Toulouse<\/p>\n<p>&nbsp;<\/p>\n<p>vendredi 30 septembre 2016<\/p>\n<p>&nbsp;<\/p>\n<p>8h30 Accueil (salle D28)<\/p>\n<p><strong>9h-10h <\/strong><strong> \u00a0Conf\u00e9rence pl\u00e9ni\u00e8re : C\u00e9cile Oumhani\u00a0<\/strong>(salle D29)<\/p>\n<p>Pr\u00e9sent\u00e9e par Claire Omhov\u00e8re (universit\u00e9 Paul-Val\u00e9ry Montpellier)<\/p>\n<p><strong>\u00a0\u00ab\u00a0Le paysage, lieu d\u2019un <em>repaysement.<\/em>\u00a0\u00bb<\/strong><\/p>\n<p><strong>\u00a0<\/strong><\/p>\n<p><em>10h-10h30 pause-caf\u00e9 <\/em>(salle D29)<\/p>\n<p>&nbsp;<\/p>\n<p><em><br \/>\n<\/em><\/p>\n<p><strong>Atelier 4a -Voyages en M\u00e9diterran\u00e9e <\/strong>(salle D29)<\/p>\n<p>Mod\u00e9rateur\u00a0: Colette Selles (UT2J)<\/p>\n<p><strong>10h30 <\/strong> \u00a0Fran\u00e7oise Besson (UT2J)<\/p>\n<p>\u00ab\u00a0Transfert botanique et rencontre des cultures m\u00e9diterran\u00e9ennes et atlantiques\u00a0dans un r\u00e9cit de voyage de N. Scott Momaday en Espagne : <em>Granada: a Vision of the Unforeseen.<\/em>\u00a0\u00bb<\/p>\n<p><strong>11h00<\/strong> \u00a0Catherine Delmas (universit\u00e9 de Grenoble-Alpes)<\/p>\n<p>\u00abIslomania and Durrell&#8217;s &#8216;Idea&#8217; of the Mediterranean Landscape. \u00bb<\/p>\n<p><strong>11h30<\/strong> \u00a0Virginia Allen-Terry Sherman (universit\u00e9 de Grenoble-Alpes)<\/p>\n<p>\u00ab\u00a0Sacred foods as sensorial landscape in the travel works of Lawrence Durrell. \u00bb<\/p>\n<p><strong>12h00<\/strong> \u00a0Irina Kantarbaeva-Bill (UT2J)<\/p>\n<p>\u00abShifting Winds and Images of the Ottoman Mediterranean\u00a0in the Elizabethan World. \u00bb<\/p>\n<p><strong>Atelier 4b &#8211; Inspirations m\u00e9diterran\u00e9ennes <\/strong>(salle D31)<\/p>\n<p>Mod\u00e9rateur\u00a0: Christophe Imbert (UT2J)<\/p>\n<p><strong>10h30 <\/strong> \u00a0Introduction des d\u00e9bats par Christophe Imbert<\/p>\n<p><strong>11h<\/strong> \u00a0Etienne Maignan (UT2J)<\/p>\n<p>\u00ab\u00a0Du r\u00e9cit de voyage romantique \u00e0 l\u2019essai m\u00e9diterran\u00e9en\u00a0:\u00a0l\u2019improbable dialogue entre Camus et Maurras.\u00a0\u00bb<\/p>\n<p><strong>11h30<\/strong> \u00a0H\u00e9l\u00e8ne Rufat (Universitat Pompeu Fabra de Barcelone)<\/p>\n<p>\u00ab\u00a0Du mythe \u00e0 la r\u00eaverie m\u00e9diterran\u00e9enne, autour d&#8217;Albert Camus.\u00a0\u00bb<\/p>\n<p><strong>12h<\/strong> \u00a0Anne Teulade (universit\u00e9 de Nantes)<\/p>\n<p>\u00ab\u00a0Boire l&#8217;horizon: l&#8217;essai m\u00e9diterran\u00e9en selon Jacques Lacarri\u00e8re.\u00a0\u00bb<\/p>\n<p>&nbsp;<\/p>\n<p>&nbsp;<\/p>\n<p><em>12h30-13h30 Pause-d\u00e9jeuner <\/em>(salle D28)<\/p>\n<p>13h30-14h Accueil (salle D28)<\/p>\n<p>&nbsp;<\/p>\n<p><strong>14h-15h <\/strong><strong> \u00a0Conf\u00e9rence pl\u00e9ni\u00e8re\u00a0: Corinne Alexandre-Garner (Universit\u00e9 Paris Ouest) et B\u00e9atrice Commeng\u00e9 (voyageur et \u00e9crivain) <\/strong>(salle D29)<\/p>\n<p>Pr\u00e9sent\u00e9es par\u00a0Nathalie Vincent-Arnaud<\/p>\n<p><strong>\u00ab\u00a0Ecrire le paysage.\u00a0\u00bb<\/strong><\/p>\n<p>&nbsp;<\/p>\n<p><em>15h-15h30 Pause caf\u00e9 <\/em>(salle D28)<\/p>\n<p>&nbsp;<\/p>\n<p><strong>Atelier 5a &#8211; M\u00e9diterran\u00e9e moderniste <\/strong>(salle D29)<\/p>\n<p>Mod\u00e9rateur\u00a0: Catherine Delyfer (UT2J<\/p>\n<p><strong><br \/>\n<\/strong><\/p>\n<p><strong>15h30 <\/strong> \u00a0David Scourfield (Maynooth University, Irlande)<\/p>\n<p>\u00ab Classical Land\/scapes: Transformative Spaces in E. M. Forster\u2019s Early Short Fiction. \u00bb<\/p>\n<p><strong>16h <\/strong> \u00a0Stavros Stavrou Karayanni (Cyprus European University)<\/p>\n<p>\u00ab \u2018Waters of Cyprus, Syria, and Egypt\u2019: Cavafy and the Politics of Vernacular Cosmopolitanism. \u00bb<\/p>\n<p><strong>16h30 <\/strong> \u00a0Lindsay Parker (University of Victoria)<\/p>\n<p>\u00ab Climax in Memoirs: Subjectivity and Historical Narratives of Mediterranean Conflict.<\/p>\n<p><strong>\u00a0<\/strong><\/p>\n<p><strong>\u00a0<\/strong><\/p>\n<p><strong>Atelier 5b &#8211; Inspirations m\u00e9diterran\u00e9ennes <\/strong>(salle D31)<\/p>\n<p>Mod\u00e9rateur\u00a0: Christophe Imbert (UT2J)<\/p>\n<p>&nbsp;<\/p>\n<p><strong>15h30 <\/strong> \u00a0Philippe Marty (Universit\u00e9 Paul Val\u00e9ry)<\/p>\n<p>\u00ab\u00a0S\u00e9journer, l\u2019essai. Heidegger, <em>Aufenthalte<\/em>, et Camus, Herbert, Durrell.\u00a0\u00bb<\/p>\n<p><strong>16h \u00a0<\/strong>Franck Hofmann (Centre Marc Bloch, Berlin)<\/p>\n<p>\u00ab\u00a0\u00c9crire le Sud : la pratique de l&#8217;essai, un mode de vie.\u00a0\u00bb<\/p>\n<p><strong>\u00a0<\/strong><\/p>\n<p><strong><br \/>\n<\/strong><\/p>\n<p><strong>\u00a0<\/strong><\/p>\n<p><strong>18h30 <\/strong><strong> \u00a0Visite conf\u00e9rence \u00ab\u00a0De l\u2019Egypte \u00e0 l\u2019Inde\u00a0\u00bb<\/strong><\/p>\n<p><strong>suivie d\u2019un cocktail de gala au Mus\u00e9e Georges Labit.<\/strong><\/p>\n<p>&nbsp;<\/p>\n<p>Mus\u00e9e Georges Labit<\/p>\n<p>Arts de l\u2019Asie \u2013 Arts de l\u2019Egypte antique<\/p>\n<p>17 rue du Japon, 31400 Toulouse<\/p>","protected":false},"excerpt":{"rendered":"<p>Colloque international https:\/\/blogs.univ-tlse2.fr\/mediterranean\/ The Mediterranean and its hinterlands: \u2018le pays en profondeur\u2019. &nbsp; 28-29-30 septembre 2016 &nbsp; Laboratoire Cultures Anglo-Saxonnes (CAS) Universit\u00e9 Toulouse &#8211; Jean Jaur\u00e8s Maison de la Recherche &nbsp; &nbsp; mercredi 28 septembre 2016 13h30-14h Accueil (salle D28) 14h-14h30 Ouverture du colloque (salle D29) Nathalie Cochoy (Professeur, directrice du CAS) 14h30-15h30 \u00a0Conf\u00e9rence pl\u00e9ni\u00e8re\u00a0:\u00a0David [&hellip;]<\/p>\n","protected":false},"author":135,"featured_media":0,"parent":0,"menu_order":0,"comment_status":"closed","ping_status":"closed","template":"","meta":{"footnotes":""},"class_list":["post-73","page","type-page","status-publish","hentry"],"_links":{"self":[{"href":"https:\/\/blogs.univ-tlse2.fr\/mediterranean\/en\/wp-json\/wp\/v2\/pages\/73","targetHints":{"allow":["GET"]}}],"collection":[{"href":"https:\/\/blogs.univ-tlse2.fr\/mediterranean\/en\/wp-json\/wp\/v2\/pages"}],"about":[{"href":"https:\/\/blogs.univ-tlse2.fr\/mediterranean\/en\/wp-json\/wp\/v2\/types\/page"}],"author":[{"embeddable":true,"href":"https:\/\/blogs.univ-tlse2.fr\/mediterranean\/en\/wp-json\/wp\/v2\/users\/135"}],"replies":[{"embeddable":true,"href":"https:\/\/blogs.univ-tlse2.fr\/mediterranean\/en\/wp-json\/wp\/v2\/comments?post=73"}],"version-history":[{"count":12,"href":"https:\/\/blogs.univ-tlse2.fr\/mediterranean\/en\/wp-json\/wp\/v2\/pages\/73\/revisions"}],"predecessor-version":[{"id":127,"href":"https:\/\/blogs.univ-tlse2.fr\/mediterranean\/en\/wp-json\/wp\/v2\/pages\/73\/revisions\/127"}],"wp:attachment":[{"href":"https:\/\/blogs.univ-tlse2.fr\/mediterranean\/en\/wp-json\/wp\/v2\/media?parent=73"}],"curies":[{"name":"wp","href":"https:\/\/api.w.org\/{rel}","templated":true}]}}