 {"id":160,"date":"2022-06-10T13:54:56","date_gmt":"2022-06-10T11:54:56","guid":{"rendered":"https:\/\/blogs.univ-tlse2.fr\/mes-premiers-pas\/?page_id=160"},"modified":"2025-06-24T12:17:31","modified_gmt":"2025-06-24T10:17:31","slug":"se-restaurer","status":"publish","type":"page","link":"https:\/\/blogs.univ-tlse2.fr\/mes-premiers-pas\/se-restaurer\/","title":{"rendered":"Se restaurer"},"content":{"rendered":"\n<h1 class=\"wp-block-heading has-text-align-center has-black-color has-text-color has-background\" style=\"background-color:#edb612;text-transform:uppercase\">se restaurer<\/h1>\n\n\n\n<p class=\"has-medium-font-size\">Le campus Mirail dispose de plusieurs lieux de restauration.<\/p>\n\n\n\n<div class=\"wp-block-group is-nowrap is-layout-flex wp-container-core-group-is-layout-ad2f72ca wp-block-group-is-layout-flex\">\n<div class=\"wp-block-atomic-blocks-ab-accordion ab-block-accordion ab-font-size-24\"><details><summary class=\"ab-accordion-title\"><img loading=\"lazy\" decoding=\"async\" width=\"2864\" height=\"2033\" class=\"wp-image-2079\" style=\"width: 30px\" src=\"https:\/\/blogs.univ-tlse2.fr\/mes-premiers-pas\/files\/2023\/08\/Puce-Accordeon-Bleu.png\" alt=\"\" srcset=\"https:\/\/blogs.univ-tlse2.fr\/mes-premiers-pas\/files\/2023\/08\/Puce-Accordeon-Bleu.png 2864w, https:\/\/blogs.univ-tlse2.fr\/mes-premiers-pas\/files\/2023\/08\/Puce-Accordeon-Bleu-300x213.png 300w, https:\/\/blogs.univ-tlse2.fr\/mes-premiers-pas\/files\/2023\/08\/Puce-Accordeon-Bleu-1024x727.png 1024w, https:\/\/blogs.univ-tlse2.fr\/mes-premiers-pas\/files\/2023\/08\/Puce-Accordeon-Bleu-768x545.png 768w, https:\/\/blogs.univ-tlse2.fr\/mes-premiers-pas\/files\/2023\/08\/Puce-Accordeon-Bleu-1536x1090.png 1536w, https:\/\/blogs.univ-tlse2.fr\/mes-premiers-pas\/files\/2023\/08\/Puce-Accordeon-Bleu-2048x1454.png 2048w, https:\/\/blogs.univ-tlse2.fr\/mes-premiers-pas\/files\/2023\/08\/Puce-Accordeon-Bleu-500x355.png 500w, https:\/\/blogs.univ-tlse2.fr\/mes-premiers-pas\/files\/2023\/08\/Puce-Accordeon-Bleu-800x568.png 800w, https:\/\/blogs.univ-tlse2.fr\/mes-premiers-pas\/files\/2023\/08\/Puce-Accordeon-Bleu-1280x909.png 1280w, https:\/\/blogs.univ-tlse2.fr\/mes-premiers-pas\/files\/2023\/08\/Puce-Accordeon-Bleu-1920x1363.png 1920w\" sizes=\"auto, (max-width: 2864px) 100vw, 2864px\" \/><strong><a href=\"https:\/\/blogs.univ-tlse2.fr\/mes-premiers-pas\/localisation-resto-u\/\">Le Resto U&rsquo; et la Cafet&rsquo;<\/a> Arum<\/strong><\/summary><div class=\"ab-accordion-text\">\n<p class=\"has-medium-font-size\">G\u00e9r\u00e9 par le Crous, ils sont situ\u00e9s \u00e0 l&rsquo;entr\u00e9e du campus, c\u00f4t\u00e9 m\u00e9tro et proposent, du lundi au vendredi, des menus complets et une offre caf\u00e9t\u00e9ria \u00e0 prix \u00e9tudiant<sup>**<\/sup>.<\/p>\n\n\n\n<p class=\"has-black-color has-text-color has-medium-font-size\"><\/p>\n\n\n\n<p class=\"has-black-color has-text-color has-medium-font-size\"><strong>Le Resto U&rsquo;<\/strong> propose une restauration th\u00e9matique avec 4 stands : cuisine traditionnelle, cuisine du monde ou plat complet, pizzas et p\u00e2tes garnies, grillades. Ouvert de 11h30 \u00e0 13h30.<\/p>\n\n\n\n<p class=\"has-medium-font-size\"><strong>La Cafet&rsquo;<\/strong> offre une vente sur place ou \u00e0 emporter avec 2 formules compl\u00e8tes, des sandwichs chauds et froids, des salades, des plats chauds, des viennoiserie, p\u00e2tisserie et boissons. Ouverte de 8h \u00e0 15h<sup>*<\/sup> avec Wifi gratuit.<\/p>\n\n\n\n<p class=\"has-white-background-color has-background has-medium-font-size\"><sup><img loading=\"lazy\" decoding=\"async\" width=\"4855\" height=\"5032\" class=\"wp-image-2398\" style=\"width: 30px\" src=\"https:\/\/blogs.univ-tlse2.fr\/mes-premiers-pas\/files\/2023\/09\/Bon-a-savoir-jaune.png\" alt=\"\" srcset=\"https:\/\/blogs.univ-tlse2.fr\/mes-premiers-pas\/files\/2023\/09\/Bon-a-savoir-jaune.png 4855w, https:\/\/blogs.univ-tlse2.fr\/mes-premiers-pas\/files\/2023\/09\/Bon-a-savoir-jaune-289x300.png 289w, https:\/\/blogs.univ-tlse2.fr\/mes-premiers-pas\/files\/2023\/09\/Bon-a-savoir-jaune-988x1024.png 988w, https:\/\/blogs.univ-tlse2.fr\/mes-premiers-pas\/files\/2023\/09\/Bon-a-savoir-jaune-768x796.png 768w, https:\/\/blogs.univ-tlse2.fr\/mes-premiers-pas\/files\/2023\/09\/Bon-a-savoir-jaune-1482x1536.png 1482w, https:\/\/blogs.univ-tlse2.fr\/mes-premiers-pas\/files\/2023\/09\/Bon-a-savoir-jaune-1976x2048.png 1976w, https:\/\/blogs.univ-tlse2.fr\/mes-premiers-pas\/files\/2023\/09\/Bon-a-savoir-jaune-500x518.png 500w, https:\/\/blogs.univ-tlse2.fr\/mes-premiers-pas\/files\/2023\/09\/Bon-a-savoir-jaune-800x829.png 800w, https:\/\/blogs.univ-tlse2.fr\/mes-premiers-pas\/files\/2023\/09\/Bon-a-savoir-jaune-1280x1327.png 1280w, https:\/\/blogs.univ-tlse2.fr\/mes-premiers-pas\/files\/2023\/09\/Bon-a-savoir-jaune-1920x1990.png 1920w\" sizes=\"auto, (max-width: 4855px) 100vw, 4855px\" \/><\/sup> Le Crous propose une gamme d&rsquo;objets durables en vente dans les Cafet&rsquo; et Crous &amp; go&rsquo; : sac, gourde et mug r\u00e9utilisables, couverts inox&#8230;<\/p>\n<\/div><\/details><\/div>\n<\/div>\n\n\n\n<div class=\"wp-block-atomic-blocks-ab-accordion ab-block-accordion ab-font-size-24\"><details><summary class=\"ab-accordion-title\"><img decoding=\"async\" style=\"width: 30px\" src=\"https:\/\/blogs.univ-tlse2.fr\/mes-premiers-pas\/files\/2023\/08\/Puce-Accordeon-Bleu.png\" alt=\"\" \/><strong>Le Crous Truck&rsquo;<\/strong><\/summary><div class=\"ab-accordion-text\">\n<p class=\"has-medium-font-size\">Pr\u00e9sent sous la Canop\u00e9e, il propose, de 11h30 \u00e0 13h30<sup>*<\/sup>, du lundi au vendredi, une carte tendance \u00e0 d\u00e9guster sur le pouce \u00e0 prix \u00e9tudiant<sup>**<\/sup>.<\/p>\n<\/div><\/details><\/div>\n\n\n\n<div class=\"wp-block-atomic-blocks-ab-accordion ab-block-accordion ab-font-size-24\"><details><summary class=\"ab-accordion-title\"><img decoding=\"async\" style=\"width: 30px\" src=\"https:\/\/blogs.univ-tlse2.fr\/mes-premiers-pas\/files\/2023\/08\/Puce-Accordeon-Bleu.png\" alt=\"\" \/><strong>Crous &amp; go&rsquo; <a href=\"https:\/\/blogs.univ-tlse2.fr\/mes-premiers-pas\/localisation-la-cafet\/\">La Cantine<\/a><\/strong><\/summary><div class=\"ab-accordion-text\">\n<p class=\"has-medium-font-size\">Situ\u00e9 \u00e0 l\u2019angle du b\u00e2timent Accueil, sous la Canop\u00e9e, cet espace libre-service a \u00e9t\u00e9 con\u00e7u pour composer son d\u00e9jeuner au fil de ses envies \u00e0 partir de produits choisis directement dans des vitrines, et pr\u00e9par\u00e9s par les \u00e9quipes du Crous.<\/p>\n\n\n\n<p class=\"has-medium-font-size\">V\u00e9ritable lieu de vie, La Cantine propose des ambiances adapt\u00e9es aux diff\u00e9rents temps de la journ\u00e9e : espace de restauration, de travail, de d\u00e9tente et est \u00e9quip\u00e9 d\u2019une TV et du wifi. Il est ouvert du lundi au vendredi de 8h \u00e0 17h<sup>*<\/sup>.<\/p>\n<\/div><\/details><\/div>\n\n\n\n<div class=\"wp-block-atomic-blocks-ab-accordion ab-block-accordion ab-font-size-24\"><details><summary class=\"ab-accordion-title\"><img decoding=\"async\" style=\"width: 30px\" src=\"https:\/\/blogs.univ-tlse2.fr\/mes-premiers-pas\/files\/2023\/08\/Puce-Accordeon-Bleu.png\" alt=\"\" \/><strong>La restauration priv\u00e9e<\/strong><\/summary><div class=\"ab-accordion-text\">\n<p class=\"has-medium-font-size\">Une offre de restauration priv\u00e9e est \u00e9galement propos\u00e9e sur le campus (restaurants entre le m\u00e9tro et le campus, etc.).<\/p>\n<\/div><\/details><\/div>\n\n\n\n<div style=\"background-color:#497db7;padding-left:4%;padding-right:3%;padding-bottom:2%;padding-top:2.5%;margin-top:3%\" class=\"wp-block-atomic-blocks-ab-container ab-block-container\"><div class=\"ab-container-inside\"><div class=\"ab-container-content\">\n<h2 class=\"wp-block-heading has-text-align-center has-white-color has-text-color\"><sup><img loading=\"lazy\" decoding=\"async\" width=\"4855\" height=\"5032\" class=\"wp-image-2398\" style=\"width: 35px\" src=\"https:\/\/blogs.univ-tlse2.fr\/mes-premiers-pas\/files\/2023\/09\/Bon-a-savoir-jaune.png\" alt=\"\" srcset=\"https:\/\/blogs.univ-tlse2.fr\/mes-premiers-pas\/files\/2023\/09\/Bon-a-savoir-jaune.png 4855w, https:\/\/blogs.univ-tlse2.fr\/mes-premiers-pas\/files\/2023\/09\/Bon-a-savoir-jaune-289x300.png 289w, https:\/\/blogs.univ-tlse2.fr\/mes-premiers-pas\/files\/2023\/09\/Bon-a-savoir-jaune-988x1024.png 988w, https:\/\/blogs.univ-tlse2.fr\/mes-premiers-pas\/files\/2023\/09\/Bon-a-savoir-jaune-768x796.png 768w, https:\/\/blogs.univ-tlse2.fr\/mes-premiers-pas\/files\/2023\/09\/Bon-a-savoir-jaune-1482x1536.png 1482w, https:\/\/blogs.univ-tlse2.fr\/mes-premiers-pas\/files\/2023\/09\/Bon-a-savoir-jaune-1976x2048.png 1976w, https:\/\/blogs.univ-tlse2.fr\/mes-premiers-pas\/files\/2023\/09\/Bon-a-savoir-jaune-500x518.png 500w, https:\/\/blogs.univ-tlse2.fr\/mes-premiers-pas\/files\/2023\/09\/Bon-a-savoir-jaune-800x829.png 800w, https:\/\/blogs.univ-tlse2.fr\/mes-premiers-pas\/files\/2023\/09\/Bon-a-savoir-jaune-1280x1327.png 1280w, https:\/\/blogs.univ-tlse2.fr\/mes-premiers-pas\/files\/2023\/09\/Bon-a-savoir-jaune-1920x1990.png 1920w\" sizes=\"auto, (max-width: 4855px) 100vw, 4855px\" \/><\/sup> Se restaurer avec le Crous<\/h2>\n\n\n\n<p class=\"has-black-color has-text-color has-medium-font-size\">Rapide, simple et s\u00e9curis\u00e9, Izly est le moyen de paiement sans contact sur le campus ! Il est disponible via sa carte \u00e9tudiante ou son smartphone par QR code gr\u00e2ce \u00e0 l\u2019application Izly !<\/p>\n\n\n\n<p class=\"has-black-color has-text-color has-medium-font-size\"><strong>Une offre vari\u00e9e et \u00e9quilibr\u00e9e<\/strong> <br>Chaque jour, les chefs proposent en Resto U&rsquo; un repas complet et \u00e9quilibr\u00e9, cuisin\u00e9 sur place. En Cafet&rsquo;, vous retrouvez des formules avec sandwich ou salade et un dessert. Le repas est \u00e0 1\u20ac pour les boursiers ou en situation de pr\u00e9carit\u00e9 financi\u00e8re et \u00e0 3,30\u20ac pour les non boursiers.<\/p>\n\n\n\n<p class=\"has-black-color has-text-color has-medium-font-size\"><strong>Une cuisine et des produits faits maison<\/strong> <br>Tous les jours, les chefs cuisinent pour vous en Resto U\u2019 et pr\u00e9parent sandwichs et salades dans les ateliers de production. Les desserts sont confectionn\u00e9s par un chef p\u00e2tissier. De nombreux produits utilis\u00e9s sont issus des fili\u00e8res responsables et locales, et des menus v\u00e9g\u00e9tariens sont propos\u00e9s quotidiennement.<\/p>\n\n\n\n<div class=\"wp-block-buttons is-content-justification-right is-layout-flex wp-container-core-buttons-is-layout-765c4724 wp-block-buttons-is-layout-flex\">\n<div class=\"wp-block-button is-style-outline is-style-outline--1\"><a class=\"wp-block-button__link has-black-color has-text-color wp-element-button\" href=\"https:\/\/www.crous-toulouse.fr\/restauration\/\" style=\"border-radius:0px\">www.crous-toulouse.fr<br>Restauration<\/a><\/div>\n<\/div>\n<\/div><\/div><\/div>\n\n\n\n<div style=\"height:50px\" aria-hidden=\"true\" class=\"wp-block-spacer\"><\/div>\n\n\n\n<p class=\"has-small-font-size\"><sup>*<\/sup>horaires susceptibles d\u2019\u00e9voluer en fonction de la p\u00e9riode de l\u2019ann\u00e9e. Plus d\u2019infos sur www.crous-toulouse.fr\/oumanger.<br><sup>**<\/sup>via un paiement Izly ou CB sur pr\u00e9sentation d\u2019un justificatif.<\/p>\n","protected":false},"excerpt":{"rendered":"<p>se restaurer Le campus Mirail dispose de plusieurs lieux de restauration. *horaires susceptibles d\u2019\u00e9voluer en fonction de la p\u00e9riode de l\u2019ann\u00e9e. Plus d\u2019infos sur www.crous-toulouse.fr\/oumanger.**via un paiement Izly ou CB sur pr\u00e9sentation d\u2019un justificatif.<\/p>\n","protected":false},"author":1145,"featured_media":0,"parent":0,"menu_order":0,"comment_status":"closed","ping_status":"closed","template":"","meta":{"_vp_format_video_url":"","_vp_image_focal_point":[],"footnotes":"","_links_to":"","_links_to_target":""},"class_list":["post-160","page","type-page","status-publish","hentry","entry"],"featured_image_src":null,"featured_image_src_square":null,"_links":{"self":[{"href":"https:\/\/blogs.univ-tlse2.fr\/mes-premiers-pas\/wp-json\/wp\/v2\/pages\/160","targetHints":{"allow":["GET"]}}],"collection":[{"href":"https:\/\/blogs.univ-tlse2.fr\/mes-premiers-pas\/wp-json\/wp\/v2\/pages"}],"about":[{"href":"https:\/\/blogs.univ-tlse2.fr\/mes-premiers-pas\/wp-json\/wp\/v2\/types\/page"}],"author":[{"embeddable":true,"href":"https:\/\/blogs.univ-tlse2.fr\/mes-premiers-pas\/wp-json\/wp\/v2\/users\/1145"}],"replies":[{"embeddable":true,"href":"https:\/\/blogs.univ-tlse2.fr\/mes-premiers-pas\/wp-json\/wp\/v2\/comments?post=160"}],"version-history":[{"count":27,"href":"https:\/\/blogs.univ-tlse2.fr\/mes-premiers-pas\/wp-json\/wp\/v2\/pages\/160\/revisions"}],"predecessor-version":[{"id":3590,"href":"https:\/\/blogs.univ-tlse2.fr\/mes-premiers-pas\/wp-json\/wp\/v2\/pages\/160\/revisions\/3590"}],"wp:attachment":[{"href":"https:\/\/blogs.univ-tlse2.fr\/mes-premiers-pas\/wp-json\/wp\/v2\/media?parent=160"}],"curies":[{"name":"wp","href":"https:\/\/api.w.org\/{rel}","templated":true}]}}