 {"id":168,"date":"2022-06-10T13:55:48","date_gmt":"2022-06-10T11:55:48","guid":{"rendered":"https:\/\/blogs.univ-tlse2.fr\/mes-premiers-pas\/?page_id=168"},"modified":"2024-09-03T09:47:14","modified_gmt":"2024-09-03T07:47:14","slug":"sengager-realiser-des-projets","status":"publish","type":"page","link":"https:\/\/blogs.univ-tlse2.fr\/mes-premiers-pas\/sengager-realiser-des-projets\/","title":{"rendered":"S\u2019engager, r\u00e9aliser des projets"},"content":{"rendered":"\n<div style=\"background-color:#edb612;padding-bottom:1.5%;padding-top:2.5%\" class=\"wp-block-atomic-blocks-ab-container ab-block-container\"><div class=\"ab-container-inside\"><div class=\"ab-container-content\">\n<div class=\"wp-block-atomic-blocks-ab-columns ab-layout-columns-1 one-column\"><div class=\"ab-layout-column-wrap ab-block-layout-column-gap-2 ab-is-responsive-column\">\n<div class=\"wp-block-atomic-blocks-ab-column ab-block-layout-column\"><div class=\"ab-block-layout-column-inner\">\n<h1 class=\"wp-block-heading has-text-align-center has-black-color has-text-color\">S&rsquo;ENGAGER, R\u00c9ALISER DES PROJETS<\/h1>\n<\/div><\/div>\n<\/div><\/div>\n<\/div><\/div><\/div>\n\n\n\n<div style=\"height:8px\" aria-hidden=\"true\" class=\"wp-block-spacer\"><\/div>\n\n\n\n<p class=\"has-medium-font-size\">L\u2019UT2J accompagne les \u00e9tudiant\u00b7e\u00b7s d\u00e9sireux\u00b7ses de s\u2019investir et de monter des projets solidaires, citoyens ou culturels via le p\u00f4le des associations et des initiatives \u00e9tudiantes (PAIE). Au service de la vie \u00e9tudiante, il facilite les \u00e9changes entre les associations impliqu\u00e9es<br>dans la vie et l\u2019animation de l\u2019UT2J, accueille, conseille et propose \u00e9ventuellement des financements aux \u00e9tudiant\u00b7e\u00b7s d\u00e9sireux\u00b7ses de monter des projets. <br>Le PAIE peut \u00e9galement mettre \u00e0 disposition des espaces d\u00e9di\u00e9s \u00e0 la vie \u00e9tudiante (<a href=\"https:\/\/blogs.univ-tlse2.fr\/mes-premiers-pas\/sortir-se-divertir-les-activites-sur-le-campus\/\" data-type=\"page\" data-id=\"166\" target=\"_blank\" rel=\"noreferrer noopener\">voir La Maison des initiatives \u00e9tudiantes<\/a>).<\/p>\n\n\n\n<p class=\"has-text-color has-medium-font-size\" style=\"color:#eb3a29\"><sup><img loading=\"lazy\" decoding=\"async\" width=\"3524\" height=\"5719\" class=\"wp-image-2216\" style=\"width: 25px\" src=\"https:\/\/blogs.univ-tlse2.fr\/mes-premiers-pas\/files\/2023\/09\/A-Noter3.png\" alt=\"\" srcset=\"https:\/\/blogs.univ-tlse2.fr\/mes-premiers-pas\/files\/2023\/09\/A-Noter3.png 3524w, https:\/\/blogs.univ-tlse2.fr\/mes-premiers-pas\/files\/2023\/09\/A-Noter3-185x300.png 185w, https:\/\/blogs.univ-tlse2.fr\/mes-premiers-pas\/files\/2023\/09\/A-Noter3-631x1024.png 631w, https:\/\/blogs.univ-tlse2.fr\/mes-premiers-pas\/files\/2023\/09\/A-Noter3-768x1246.png 768w, https:\/\/blogs.univ-tlse2.fr\/mes-premiers-pas\/files\/2023\/09\/A-Noter3-946x1536.png 946w, https:\/\/blogs.univ-tlse2.fr\/mes-premiers-pas\/files\/2023\/09\/A-Noter3-1262x2048.png 1262w, https:\/\/blogs.univ-tlse2.fr\/mes-premiers-pas\/files\/2023\/09\/A-Noter3-500x811.png 500w, https:\/\/blogs.univ-tlse2.fr\/mes-premiers-pas\/files\/2023\/09\/A-Noter3-800x1298.png 800w, https:\/\/blogs.univ-tlse2.fr\/mes-premiers-pas\/files\/2023\/09\/A-Noter3-1280x2077.png 1280w, https:\/\/blogs.univ-tlse2.fr\/mes-premiers-pas\/files\/2023\/09\/A-Noter3-1920x3116.png 1920w\" sizes=\"auto, (max-width: 3524px) 100vw, 3524px\" \/><\/sup><strong> <\/strong><strong>Les espaces d\u2019exposition, de repr\u00e9sentation et de r\u00e9union de la MIE sont empruntables par tou\u00b7te\u00b7s les \u00e9tudiant\u00b7e\u00b7s via une demande aupr\u00e8s du PAIE.<\/strong><\/p>\n\n\n\n<div style=\"background-color:#497db7;padding-left:2%;padding-right:2%;padding-bottom:1%;padding-top:1%\" class=\"wp-block-atomic-blocks-ab-container ab-block-container\"><div class=\"ab-container-inside\"><div class=\"ab-container-content\">\n<div class=\"wp-block-atomic-blocks-ab-columns ab-layout-columns-1 one-column ab-has-custom-background-color\" style=\"background-color:#497db7\"><div class=\"ab-layout-column-wrap ab-block-layout-column-gap-2 ab-is-responsive-column\">\n<div class=\"wp-block-atomic-blocks-ab-column ab-block-layout-column\"><div class=\"ab-block-layout-column-inner\" style=\"padding:12px\">\n<h2 class=\"wp-block-heading\"><sup><img loading=\"lazy\" decoding=\"async\" width=\"4855\" height=\"5032\" class=\"wp-image-2398\" style=\"width: 35px\" src=\"https:\/\/blogs.univ-tlse2.fr\/mes-premiers-pas\/files\/2023\/09\/Bon-a-savoir-jaune.png\" alt=\"\" srcset=\"https:\/\/blogs.univ-tlse2.fr\/mes-premiers-pas\/files\/2023\/09\/Bon-a-savoir-jaune.png 4855w, https:\/\/blogs.univ-tlse2.fr\/mes-premiers-pas\/files\/2023\/09\/Bon-a-savoir-jaune-289x300.png 289w, https:\/\/blogs.univ-tlse2.fr\/mes-premiers-pas\/files\/2023\/09\/Bon-a-savoir-jaune-988x1024.png 988w, https:\/\/blogs.univ-tlse2.fr\/mes-premiers-pas\/files\/2023\/09\/Bon-a-savoir-jaune-768x796.png 768w, https:\/\/blogs.univ-tlse2.fr\/mes-premiers-pas\/files\/2023\/09\/Bon-a-savoir-jaune-1482x1536.png 1482w, https:\/\/blogs.univ-tlse2.fr\/mes-premiers-pas\/files\/2023\/09\/Bon-a-savoir-jaune-1976x2048.png 1976w, https:\/\/blogs.univ-tlse2.fr\/mes-premiers-pas\/files\/2023\/09\/Bon-a-savoir-jaune-500x518.png 500w, https:\/\/blogs.univ-tlse2.fr\/mes-premiers-pas\/files\/2023\/09\/Bon-a-savoir-jaune-800x829.png 800w, https:\/\/blogs.univ-tlse2.fr\/mes-premiers-pas\/files\/2023\/09\/Bon-a-savoir-jaune-1280x1327.png 1280w, https:\/\/blogs.univ-tlse2.fr\/mes-premiers-pas\/files\/2023\/09\/Bon-a-savoir-jaune-1920x1990.png 1920w\" sizes=\"auto, (max-width: 4855px) 100vw, 4855px\" \/><\/sup> Financer son projet avec la CVEC<\/h2>\n\n\n\n<p class=\"has-medium-font-size\"><strong>Les fonds collect\u00e9s par la <a href=\"https:\/\/www.univ-tlse2.fr\/accueil\/vie-campus\/cvec\/la-cvec-quest-ce-que-cest\" data-type=\"link\" data-id=\"https:\/\/www.univ-tlse2.fr\/accueil\/vie-campus\/cvec\/la-cvec-quest-ce-que-cest\">CVEC<\/a> servent \u00e0 promouvoir un meilleur accueil et accompagnement des \u00e9tudiants, qu\u2019il soit social, culturel, sanitaire ou sportif. Ils servent aussi \u00e0 la m\u00e9decine pr\u00e9ventive et, plus g\u00e9n\u00e9ralement, \u00e0 la sant\u00e9. Ils visent ainsi un meilleur confort de vie aux \u00e9tudiants, dans leurs \u00e9tudes mais aussi dans leur vie personnelle. Les projets peuvent \u00eatre port\u00e9s par des associations, \u00e9tudiantes ou non, et sont vot\u00e9s en commission.<\/strong><\/p>\n\n\n\n<h2 class=\"wp-block-heading\"><sup><img loading=\"lazy\" decoding=\"async\" width=\"4855\" height=\"5032\" class=\"wp-image-2398\" style=\"width: 35px\" src=\"https:\/\/blogs.univ-tlse2.fr\/mes-premiers-pas\/files\/2023\/09\/Bon-a-savoir-jaune.png\" alt=\"\" srcset=\"https:\/\/blogs.univ-tlse2.fr\/mes-premiers-pas\/files\/2023\/09\/Bon-a-savoir-jaune.png 4855w, https:\/\/blogs.univ-tlse2.fr\/mes-premiers-pas\/files\/2023\/09\/Bon-a-savoir-jaune-289x300.png 289w, https:\/\/blogs.univ-tlse2.fr\/mes-premiers-pas\/files\/2023\/09\/Bon-a-savoir-jaune-988x1024.png 988w, https:\/\/blogs.univ-tlse2.fr\/mes-premiers-pas\/files\/2023\/09\/Bon-a-savoir-jaune-768x796.png 768w, https:\/\/blogs.univ-tlse2.fr\/mes-premiers-pas\/files\/2023\/09\/Bon-a-savoir-jaune-1482x1536.png 1482w, https:\/\/blogs.univ-tlse2.fr\/mes-premiers-pas\/files\/2023\/09\/Bon-a-savoir-jaune-1976x2048.png 1976w, https:\/\/blogs.univ-tlse2.fr\/mes-premiers-pas\/files\/2023\/09\/Bon-a-savoir-jaune-500x518.png 500w, https:\/\/blogs.univ-tlse2.fr\/mes-premiers-pas\/files\/2023\/09\/Bon-a-savoir-jaune-800x829.png 800w, https:\/\/blogs.univ-tlse2.fr\/mes-premiers-pas\/files\/2023\/09\/Bon-a-savoir-jaune-1280x1327.png 1280w, https:\/\/blogs.univ-tlse2.fr\/mes-premiers-pas\/files\/2023\/09\/Bon-a-savoir-jaune-1920x1990.png 1920w\" sizes=\"auto, (max-width: 4855px) 100vw, 4855px\" \/><\/sup> Financer son projet avec le FSDIE<\/h2>\n\n\n\n<p class=\"has-medium-font-size\"><strong>L\u2019universit\u00e9 peut attribuer des subventions \u00e0 des associations \u00e9tudiantes de l&rsquo;Universit\u00e9 Toulouse-Jean Jaur\u00e8s via<strong> le fonds de solidarit\u00e9 et de d\u00e9veloppement des initiatives \u00e9tudiantes (FSDIE).<\/strong>Ces projets doivent toucher au domaine de la culture, du sport, de l\u2019environnement, de la solidarit\u00e9 ou de l\u2019engagement citoyen.<\/strong><\/p>\n<\/div><\/div>\n<\/div><\/div>\n<\/div><\/div><\/div>\n\n\n\n<div style=\"height:20px\" aria-hidden=\"true\" class=\"wp-block-spacer\"><\/div>\n\n\n\n<div class=\"wp-block-atomic-blocks-ab-accordion ab-block-accordion ab-font-size-24\"><details open><summary class=\"ab-accordion-title\"><sup><img loading=\"lazy\" decoding=\"async\" width=\"4105\" height=\"3244\" class=\"wp-image-2461\" style=\"width: 30px\" src=\"https:\/\/blogs.univ-tlse2.fr\/mes-premiers-pas\/files\/2023\/09\/Contact-service-Jaune.png\" alt=\"\" srcset=\"https:\/\/blogs.univ-tlse2.fr\/mes-premiers-pas\/files\/2023\/09\/Contact-service-Jaune.png 4105w, https:\/\/blogs.univ-tlse2.fr\/mes-premiers-pas\/files\/2023\/09\/Contact-service-Jaune-300x237.png 300w, https:\/\/blogs.univ-tlse2.fr\/mes-premiers-pas\/files\/2023\/09\/Contact-service-Jaune-1024x809.png 1024w, https:\/\/blogs.univ-tlse2.fr\/mes-premiers-pas\/files\/2023\/09\/Contact-service-Jaune-768x607.png 768w, https:\/\/blogs.univ-tlse2.fr\/mes-premiers-pas\/files\/2023\/09\/Contact-service-Jaune-1536x1214.png 1536w, https:\/\/blogs.univ-tlse2.fr\/mes-premiers-pas\/files\/2023\/09\/Contact-service-Jaune-2048x1618.png 2048w, https:\/\/blogs.univ-tlse2.fr\/mes-premiers-pas\/files\/2023\/09\/Contact-service-Jaune-500x395.png 500w, https:\/\/blogs.univ-tlse2.fr\/mes-premiers-pas\/files\/2023\/09\/Contact-service-Jaune-800x632.png 800w, https:\/\/blogs.univ-tlse2.fr\/mes-premiers-pas\/files\/2023\/09\/Contact-service-Jaune-1280x1012.png 1280w, https:\/\/blogs.univ-tlse2.fr\/mes-premiers-pas\/files\/2023\/09\/Contact-service-Jaune-1920x1517.png 1920w\" sizes=\"auto, (max-width: 4105px) 100vw, 4105px\" \/><\/sup><strong> <\/strong><strong>Division de la vie \u00e9tudiante (Dive)<\/strong><\/summary><div class=\"ab-accordion-text\">\n<p class=\"has-medium-font-size\"><strong>P\u00f4le des associations et des initiatives \u00e9tudiantes (PAIE)<br><\/strong><sup><img loading=\"lazy\" decoding=\"async\" width=\"5336\" height=\"5719\" class=\"wp-image-2177\" style=\"width: 20px\" src=\"https:\/\/blogs.univ-tlse2.fr\/mes-premiers-pas\/files\/2023\/09\/pointeur-bleu.png\" alt=\"\" srcset=\"https:\/\/blogs.univ-tlse2.fr\/mes-premiers-pas\/files\/2023\/09\/pointeur-bleu.png 5336w, https:\/\/blogs.univ-tlse2.fr\/mes-premiers-pas\/files\/2023\/09\/pointeur-bleu-280x300.png 280w, https:\/\/blogs.univ-tlse2.fr\/mes-premiers-pas\/files\/2023\/09\/pointeur-bleu-955x1024.png 955w, https:\/\/blogs.univ-tlse2.fr\/mes-premiers-pas\/files\/2023\/09\/pointeur-bleu-768x823.png 768w, https:\/\/blogs.univ-tlse2.fr\/mes-premiers-pas\/files\/2023\/09\/pointeur-bleu-1433x1536.png 1433w, https:\/\/blogs.univ-tlse2.fr\/mes-premiers-pas\/files\/2023\/09\/pointeur-bleu-1911x2048.png 1911w, https:\/\/blogs.univ-tlse2.fr\/mes-premiers-pas\/files\/2023\/09\/pointeur-bleu-500x536.png 500w, https:\/\/blogs.univ-tlse2.fr\/mes-premiers-pas\/files\/2023\/09\/pointeur-bleu-800x857.png 800w, https:\/\/blogs.univ-tlse2.fr\/mes-premiers-pas\/files\/2023\/09\/pointeur-bleu-1280x1372.png 1280w, https:\/\/blogs.univ-tlse2.fr\/mes-premiers-pas\/files\/2023\/09\/pointeur-bleu-1920x2058.png 1920w\" sizes=\"auto, (max-width: 5336px) 100vw, 5336px\" \/><\/sup><strong> Campus Mirail, Maison des initiatives \u00e9tudiantes (MIE)<\/strong><br><a rel=\"noreferrer noopener\" href=\"m&#x61;il&#x74;o:&#x70;a&#105;&#x65;&#64;&#117;&#x6e;i&#118;&#x2d;t&#108;&#x73;e&#50;&#x2e;f&#114;\" target=\"_blank\">&#x70;&#x61;&#x69;&#x65;&#x40;&#117;&#110;iv-tl&#x73;&#x65;&#x32;&#x2e;&#x66;&#x72;<\/a><br>05 61 50 24 11 ou 42 47<\/p>\n<\/div><\/details><\/div>\n\n\n\n<div class=\"wp-block-buttons is-content-justification-right is-layout-flex wp-container-core-buttons-is-layout-765c4724 wp-block-buttons-is-layout-flex\">\n<div class=\"wp-block-button is-style-outline is-style-outline--1\"><a class=\"wp-block-button__link wp-element-button\" href=\"https:\/\/www.univ-tlse2.fr\/accueil\/vie-des-campus\/vie-etudiante\" style=\"border-radius:0px\" target=\"_blank\" rel=\"noreferrer noopener\">www.univ-tlse2.fr<br>Vie \u00e9tudiante<\/a><\/div>\n<\/div>\n","protected":false},"excerpt":{"rendered":"<p>L\u2019UT2J accompagne les \u00e9tudiant\u00b7e\u00b7s d\u00e9sireux\u00b7ses de s\u2019investir et de monter des projets solidaires, citoyens ou culturels via le p\u00f4le des associations et des initiatives \u00e9tudiantes (PAIE). Au service de la vie \u00e9tudiante, il facilite les \u00e9changes entre les associations impliqu\u00e9esdans la vie et l\u2019animation de l\u2019UT2J, accueille, conseille et propose \u00e9ventuellement des financements aux \u00e9tudiant\u00b7e\u00b7s [&hellip;]<\/p>\n","protected":false},"author":1145,"featured_media":0,"parent":0,"menu_order":0,"comment_status":"closed","ping_status":"closed","template":"","meta":{"_vp_format_video_url":"","_vp_image_focal_point":[],"footnotes":"","_links_to":"","_links_to_target":""},"class_list":["post-168","page","type-page","status-publish","hentry","entry"],"featured_image_src":null,"featured_image_src_square":null,"_links":{"self":[{"href":"https:\/\/blogs.univ-tlse2.fr\/mes-premiers-pas\/wp-json\/wp\/v2\/pages\/168","targetHints":{"allow":["GET"]}}],"collection":[{"href":"https:\/\/blogs.univ-tlse2.fr\/mes-premiers-pas\/wp-json\/wp\/v2\/pages"}],"about":[{"href":"https:\/\/blogs.univ-tlse2.fr\/mes-premiers-pas\/wp-json\/wp\/v2\/types\/page"}],"author":[{"embeddable":true,"href":"https:\/\/blogs.univ-tlse2.fr\/mes-premiers-pas\/wp-json\/wp\/v2\/users\/1145"}],"replies":[{"embeddable":true,"href":"https:\/\/blogs.univ-tlse2.fr\/mes-premiers-pas\/wp-json\/wp\/v2\/comments?post=168"}],"version-history":[{"count":18,"href":"https:\/\/blogs.univ-tlse2.fr\/mes-premiers-pas\/wp-json\/wp\/v2\/pages\/168\/revisions"}],"predecessor-version":[{"id":3281,"href":"https:\/\/blogs.univ-tlse2.fr\/mes-premiers-pas\/wp-json\/wp\/v2\/pages\/168\/revisions\/3281"}],"wp:attachment":[{"href":"https:\/\/blogs.univ-tlse2.fr\/mes-premiers-pas\/wp-json\/wp\/v2\/media?parent=168"}],"curies":[{"name":"wp","href":"https:\/\/api.w.org\/{rel}","templated":true}]}}