 {"id":2967,"date":"2023-12-02T09:27:43","date_gmt":"2023-12-02T08:27:43","guid":{"rendered":"https:\/\/blogs.univ-tlse2.fr\/mes-premiers-pas\/?page_id=2967"},"modified":"2023-12-18T17:13:09","modified_gmt":"2023-12-18T16:13:09","slug":"sinscrire-ut2j","status":"publish","type":"page","link":"https:\/\/blogs.univ-tlse2.fr\/mes-premiers-pas\/sinscrire-ut2j\/","title":{"rendered":"S&rsquo;inscrire \u00e0 l&rsquo;UT2J"},"content":{"rendered":"\n<div class=\"wp-block-atomic-blocks-ab-columns ab-layout-columns-1 one-column\"><div class=\"ab-layout-column-wrap ab-block-layout-column-gap-2 ab-is-responsive-column\">\n<div class=\"wp-block-atomic-blocks-ab-column ab-block-layout-column\"><div class=\"ab-block-layout-column-inner\">\n<h1 class=\"wp-block-heading has-text-align-center has-white-color has-text-color has-background\" style=\"background-color:#2d9f7b\">S&rsquo;INSCRIRE \u00e0 l&rsquo;ut2j<\/h1>\n\n\n\n<p class=\"has-medium-font-size\">Suivant votre situation \u2013 nouveau bachelier, \u00e9tudiant en r\u00e9orientation ou dipl\u00f4m\u00e9\u00b7e de licence \u2013, vous devez passer par diff\u00e9rentes plateformes pour candidater et vous pr\u00e9inscrire \u00e0 l&rsquo;UT2J. <\/p>\n\n\n\n<p class=\"has-medium-font-size\"><img loading=\"lazy\" decoding=\"async\" width=\"5636\" height=\"5719\" class=\"wp-image-2212\" style=\"width: 20px\" src=\"https:\/\/blogs.univ-tlse2.fr\/mes-premiers-pas\/files\/2023\/09\/Double-fleche-Vert.png\" alt=\"\" srcset=\"https:\/\/blogs.univ-tlse2.fr\/mes-premiers-pas\/files\/2023\/09\/Double-fleche-Vert.png 5636w, https:\/\/blogs.univ-tlse2.fr\/mes-premiers-pas\/files\/2023\/09\/Double-fleche-Vert-296x300.png 296w, https:\/\/blogs.univ-tlse2.fr\/mes-premiers-pas\/files\/2023\/09\/Double-fleche-Vert-1009x1024.png 1009w, https:\/\/blogs.univ-tlse2.fr\/mes-premiers-pas\/files\/2023\/09\/Double-fleche-Vert-768x779.png 768w, https:\/\/blogs.univ-tlse2.fr\/mes-premiers-pas\/files\/2023\/09\/Double-fleche-Vert-1514x1536.png 1514w, https:\/\/blogs.univ-tlse2.fr\/mes-premiers-pas\/files\/2023\/09\/Double-fleche-Vert-2018x2048.png 2018w, https:\/\/blogs.univ-tlse2.fr\/mes-premiers-pas\/files\/2023\/09\/Double-fleche-Vert-500x507.png 500w, https:\/\/blogs.univ-tlse2.fr\/mes-premiers-pas\/files\/2023\/09\/Double-fleche-Vert-800x812.png 800w, https:\/\/blogs.univ-tlse2.fr\/mes-premiers-pas\/files\/2023\/09\/Double-fleche-Vert-1280x1299.png 1280w, https:\/\/blogs.univ-tlse2.fr\/mes-premiers-pas\/files\/2023\/09\/Double-fleche-Vert-1920x1948.png 1920w\" sizes=\"auto, (max-width: 5636px) 100vw, 5636px\" \/> <a href=\"https:\/\/www.parcoursup.fr\/\">Parcoursup<\/a> pour la premi\u00e8re ann\u00e9e (L1)<\/p>\n\n\n\n<p class=\"has-medium-font-size\"><img loading=\"lazy\" decoding=\"async\" width=\"5636\" height=\"5719\" class=\"wp-image-2212\" style=\"width: 20px\" src=\"https:\/\/blogs.univ-tlse2.fr\/mes-premiers-pas\/files\/2023\/09\/Double-fleche-Vert.png\" alt=\"\" srcset=\"https:\/\/blogs.univ-tlse2.fr\/mes-premiers-pas\/files\/2023\/09\/Double-fleche-Vert.png 5636w, https:\/\/blogs.univ-tlse2.fr\/mes-premiers-pas\/files\/2023\/09\/Double-fleche-Vert-296x300.png 296w, https:\/\/blogs.univ-tlse2.fr\/mes-premiers-pas\/files\/2023\/09\/Double-fleche-Vert-1009x1024.png 1009w, https:\/\/blogs.univ-tlse2.fr\/mes-premiers-pas\/files\/2023\/09\/Double-fleche-Vert-768x779.png 768w, https:\/\/blogs.univ-tlse2.fr\/mes-premiers-pas\/files\/2023\/09\/Double-fleche-Vert-1514x1536.png 1514w, https:\/\/blogs.univ-tlse2.fr\/mes-premiers-pas\/files\/2023\/09\/Double-fleche-Vert-2018x2048.png 2018w, https:\/\/blogs.univ-tlse2.fr\/mes-premiers-pas\/files\/2023\/09\/Double-fleche-Vert-500x507.png 500w, https:\/\/blogs.univ-tlse2.fr\/mes-premiers-pas\/files\/2023\/09\/Double-fleche-Vert-800x812.png 800w, https:\/\/blogs.univ-tlse2.fr\/mes-premiers-pas\/files\/2023\/09\/Double-fleche-Vert-1280x1299.png 1280w, https:\/\/blogs.univ-tlse2.fr\/mes-premiers-pas\/files\/2023\/09\/Double-fleche-Vert-1920x1948.png 1920w\" sizes=\"auto, (max-width: 5636px) 100vw, 5636px\" \/> <a href=\"https:\/\/ecandidat.univ-tlse2.fr\/#!accueilView\">eCandidat<\/a> puis <a href=\"https:\/\/www.monmaster.gouv.fr\/\">MonMaster<\/a> pour les ann\u00e9es suivantes<\/p>\n\n\n\n<p class=\"has-medium-font-size\">Attention, les calendriers ne sont pas les m\u00eames pour chacune de ces plateformes et vous trouverez sur chacune d&rsquo;entre elles les informations n\u00e9cessaires.<\/p>\n\n\n\n<p class=\"has-medium-font-size\">Par la suite, la d\u00e9marche est sensiblement la m\u00eame pour toutes et tous :<\/p>\n\n\n\n<p class=\"has-medium-font-size\"><img loading=\"lazy\" decoding=\"async\" width=\"5636\" height=\"5719\" class=\"wp-image-2212\" style=\"width: 20px\" src=\"https:\/\/blogs.univ-tlse2.fr\/mes-premiers-pas\/files\/2023\/09\/Double-fleche-Vert.png\" alt=\"\" srcset=\"https:\/\/blogs.univ-tlse2.fr\/mes-premiers-pas\/files\/2023\/09\/Double-fleche-Vert.png 5636w, https:\/\/blogs.univ-tlse2.fr\/mes-premiers-pas\/files\/2023\/09\/Double-fleche-Vert-296x300.png 296w, https:\/\/blogs.univ-tlse2.fr\/mes-premiers-pas\/files\/2023\/09\/Double-fleche-Vert-1009x1024.png 1009w, https:\/\/blogs.univ-tlse2.fr\/mes-premiers-pas\/files\/2023\/09\/Double-fleche-Vert-768x779.png 768w, https:\/\/blogs.univ-tlse2.fr\/mes-premiers-pas\/files\/2023\/09\/Double-fleche-Vert-1514x1536.png 1514w, https:\/\/blogs.univ-tlse2.fr\/mes-premiers-pas\/files\/2023\/09\/Double-fleche-Vert-2018x2048.png 2018w, https:\/\/blogs.univ-tlse2.fr\/mes-premiers-pas\/files\/2023\/09\/Double-fleche-Vert-500x507.png 500w, https:\/\/blogs.univ-tlse2.fr\/mes-premiers-pas\/files\/2023\/09\/Double-fleche-Vert-800x812.png 800w, https:\/\/blogs.univ-tlse2.fr\/mes-premiers-pas\/files\/2023\/09\/Double-fleche-Vert-1280x1299.png 1280w, https:\/\/blogs.univ-tlse2.fr\/mes-premiers-pas\/files\/2023\/09\/Double-fleche-Vert-1920x1948.png 1920w\" sizes=\"auto, (max-width: 5636px) 100vw, 5636px\" \/> acquittement de la&nbsp;Contribution Vie \u00c9tudiante et de Campus (CVEC)<sup>*<\/sup> <\/p>\n\n\n\n<p class=\"has-medium-font-size\"><img loading=\"lazy\" decoding=\"async\" width=\"5636\" height=\"5719\" class=\"wp-image-2212\" style=\"width: 20px\" src=\"https:\/\/blogs.univ-tlse2.fr\/mes-premiers-pas\/files\/2023\/09\/Double-fleche-Vert.png\" alt=\"\" srcset=\"https:\/\/blogs.univ-tlse2.fr\/mes-premiers-pas\/files\/2023\/09\/Double-fleche-Vert.png 5636w, https:\/\/blogs.univ-tlse2.fr\/mes-premiers-pas\/files\/2023\/09\/Double-fleche-Vert-296x300.png 296w, https:\/\/blogs.univ-tlse2.fr\/mes-premiers-pas\/files\/2023\/09\/Double-fleche-Vert-1009x1024.png 1009w, https:\/\/blogs.univ-tlse2.fr\/mes-premiers-pas\/files\/2023\/09\/Double-fleche-Vert-768x779.png 768w, https:\/\/blogs.univ-tlse2.fr\/mes-premiers-pas\/files\/2023\/09\/Double-fleche-Vert-1514x1536.png 1514w, https:\/\/blogs.univ-tlse2.fr\/mes-premiers-pas\/files\/2023\/09\/Double-fleche-Vert-2018x2048.png 2018w, https:\/\/blogs.univ-tlse2.fr\/mes-premiers-pas\/files\/2023\/09\/Double-fleche-Vert-500x507.png 500w, https:\/\/blogs.univ-tlse2.fr\/mes-premiers-pas\/files\/2023\/09\/Double-fleche-Vert-800x812.png 800w, https:\/\/blogs.univ-tlse2.fr\/mes-premiers-pas\/files\/2023\/09\/Double-fleche-Vert-1280x1299.png 1280w, https:\/\/blogs.univ-tlse2.fr\/mes-premiers-pas\/files\/2023\/09\/Double-fleche-Vert-1920x1948.png 1920w\" sizes=\"auto, (max-width: 5636px) 100vw, 5636px\" \/> inscription administrative en ligne<\/p>\n\n\n\n<p class=\"has-medium-font-size\"><img loading=\"lazy\" decoding=\"async\" width=\"5636\" height=\"5719\" class=\"wp-image-2212\" style=\"width: 20px\" src=\"https:\/\/blogs.univ-tlse2.fr\/mes-premiers-pas\/files\/2023\/09\/Double-fleche-Vert.png\" alt=\"\" srcset=\"https:\/\/blogs.univ-tlse2.fr\/mes-premiers-pas\/files\/2023\/09\/Double-fleche-Vert.png 5636w, https:\/\/blogs.univ-tlse2.fr\/mes-premiers-pas\/files\/2023\/09\/Double-fleche-Vert-296x300.png 296w, https:\/\/blogs.univ-tlse2.fr\/mes-premiers-pas\/files\/2023\/09\/Double-fleche-Vert-1009x1024.png 1009w, https:\/\/blogs.univ-tlse2.fr\/mes-premiers-pas\/files\/2023\/09\/Double-fleche-Vert-768x779.png 768w, https:\/\/blogs.univ-tlse2.fr\/mes-premiers-pas\/files\/2023\/09\/Double-fleche-Vert-1514x1536.png 1514w, https:\/\/blogs.univ-tlse2.fr\/mes-premiers-pas\/files\/2023\/09\/Double-fleche-Vert-2018x2048.png 2018w, https:\/\/blogs.univ-tlse2.fr\/mes-premiers-pas\/files\/2023\/09\/Double-fleche-Vert-500x507.png 500w, https:\/\/blogs.univ-tlse2.fr\/mes-premiers-pas\/files\/2023\/09\/Double-fleche-Vert-800x812.png 800w, https:\/\/blogs.univ-tlse2.fr\/mes-premiers-pas\/files\/2023\/09\/Double-fleche-Vert-1280x1299.png 1280w, https:\/\/blogs.univ-tlse2.fr\/mes-premiers-pas\/files\/2023\/09\/Double-fleche-Vert-1920x1948.png 1920w\" sizes=\"auto, (max-width: 5636px) 100vw, 5636px\" \/> connexion \u00e0 l&rsquo;ENT de l&rsquo;UT2J<\/p>\n\n\n\n<p><sup><img loading=\"lazy\" decoding=\"async\" width=\"3524\" height=\"5719\" class=\"wp-image-2216\" style=\"width: 25px\" src=\"https:\/\/blogs.univ-tlse2.fr\/mes-premiers-pas\/files\/2023\/09\/A-Noter3.png\" alt=\"\" srcset=\"https:\/\/blogs.univ-tlse2.fr\/mes-premiers-pas\/files\/2023\/09\/A-Noter3.png 3524w, https:\/\/blogs.univ-tlse2.fr\/mes-premiers-pas\/files\/2023\/09\/A-Noter3-185x300.png 185w, https:\/\/blogs.univ-tlse2.fr\/mes-premiers-pas\/files\/2023\/09\/A-Noter3-631x1024.png 631w, https:\/\/blogs.univ-tlse2.fr\/mes-premiers-pas\/files\/2023\/09\/A-Noter3-768x1246.png 768w, https:\/\/blogs.univ-tlse2.fr\/mes-premiers-pas\/files\/2023\/09\/A-Noter3-946x1536.png 946w, https:\/\/blogs.univ-tlse2.fr\/mes-premiers-pas\/files\/2023\/09\/A-Noter3-1262x2048.png 1262w, https:\/\/blogs.univ-tlse2.fr\/mes-premiers-pas\/files\/2023\/09\/A-Noter3-500x811.png 500w, https:\/\/blogs.univ-tlse2.fr\/mes-premiers-pas\/files\/2023\/09\/A-Noter3-800x1298.png 800w, https:\/\/blogs.univ-tlse2.fr\/mes-premiers-pas\/files\/2023\/09\/A-Noter3-1280x2077.png 1280w, https:\/\/blogs.univ-tlse2.fr\/mes-premiers-pas\/files\/2023\/09\/A-Noter3-1920x3116.png 1920w\" sizes=\"auto, (max-width: 3524px) 100vw, 3524px\" \/><\/sup><strong> Cette \u00e9tape essentielle permet le d\u00e9p\u00f4t des pi\u00e8ces justificatives, l&rsquo;inscription p\u00e9dagogique, l&rsquo;inscription aux cours et la cr\u00e9ation de sa carte \u00e9tudiante.<\/strong><\/p>\n\n\n\n<p class=\"has-medium-font-size\"><img loading=\"lazy\" decoding=\"async\" width=\"5636\" height=\"5719\" class=\"wp-image-2212\" style=\"width: 20px\" src=\"https:\/\/blogs.univ-tlse2.fr\/mes-premiers-pas\/files\/2023\/09\/Double-fleche-Vert.png\" alt=\"\" srcset=\"https:\/\/blogs.univ-tlse2.fr\/mes-premiers-pas\/files\/2023\/09\/Double-fleche-Vert.png 5636w, https:\/\/blogs.univ-tlse2.fr\/mes-premiers-pas\/files\/2023\/09\/Double-fleche-Vert-296x300.png 296w, https:\/\/blogs.univ-tlse2.fr\/mes-premiers-pas\/files\/2023\/09\/Double-fleche-Vert-1009x1024.png 1009w, https:\/\/blogs.univ-tlse2.fr\/mes-premiers-pas\/files\/2023\/09\/Double-fleche-Vert-768x779.png 768w, https:\/\/blogs.univ-tlse2.fr\/mes-premiers-pas\/files\/2023\/09\/Double-fleche-Vert-1514x1536.png 1514w, https:\/\/blogs.univ-tlse2.fr\/mes-premiers-pas\/files\/2023\/09\/Double-fleche-Vert-2018x2048.png 2018w, https:\/\/blogs.univ-tlse2.fr\/mes-premiers-pas\/files\/2023\/09\/Double-fleche-Vert-500x507.png 500w, https:\/\/blogs.univ-tlse2.fr\/mes-premiers-pas\/files\/2023\/09\/Double-fleche-Vert-800x812.png 800w, https:\/\/blogs.univ-tlse2.fr\/mes-premiers-pas\/files\/2023\/09\/Double-fleche-Vert-1280x1299.png 1280w, https:\/\/blogs.univ-tlse2.fr\/mes-premiers-pas\/files\/2023\/09\/Double-fleche-Vert-1920x1948.png 1920w\" sizes=\"auto, (max-width: 5636px) 100vw, 5636px\" \/> inscription p\u00e9dagogique sur le campus (selon les cas et principalement pour les premi\u00e8res ann\u00e9es de Licence)<\/p>\n\n\n\n<div style=\"background-color:#2d9f7b;padding-left:2%;padding-right:2%;padding-bottom:2%;padding-top:2%\" class=\"wp-block-atomic-blocks-ab-container ab-block-container\"><div class=\"ab-container-inside\"><div class=\"ab-container-content\" style=\"max-width:1600px\">\n<p style=\"font-size:18px\"><sup><img loading=\"lazy\" decoding=\"async\" width=\"4952\" height=\"5102\" class=\"wp-image-2234\" style=\"width: 30px\" src=\"https:\/\/blogs.univ-tlse2.fr\/mes-premiers-pas\/files\/2023\/09\/Bon-a-savoir3.png\" alt=\"\" srcset=\"https:\/\/blogs.univ-tlse2.fr\/mes-premiers-pas\/files\/2023\/09\/Bon-a-savoir3.png 4952w, https:\/\/blogs.univ-tlse2.fr\/mes-premiers-pas\/files\/2023\/09\/Bon-a-savoir3-291x300.png 291w, https:\/\/blogs.univ-tlse2.fr\/mes-premiers-pas\/files\/2023\/09\/Bon-a-savoir3-994x1024.png 994w, https:\/\/blogs.univ-tlse2.fr\/mes-premiers-pas\/files\/2023\/09\/Bon-a-savoir3-768x791.png 768w, https:\/\/blogs.univ-tlse2.fr\/mes-premiers-pas\/files\/2023\/09\/Bon-a-savoir3-1491x1536.png 1491w, https:\/\/blogs.univ-tlse2.fr\/mes-premiers-pas\/files\/2023\/09\/Bon-a-savoir3-1988x2048.png 1988w, https:\/\/blogs.univ-tlse2.fr\/mes-premiers-pas\/files\/2023\/09\/Bon-a-savoir3-500x515.png 500w, https:\/\/blogs.univ-tlse2.fr\/mes-premiers-pas\/files\/2023\/09\/Bon-a-savoir3-800x824.png 800w, https:\/\/blogs.univ-tlse2.fr\/mes-premiers-pas\/files\/2023\/09\/Bon-a-savoir3-1280x1319.png 1280w, https:\/\/blogs.univ-tlse2.fr\/mes-premiers-pas\/files\/2023\/09\/Bon-a-savoir3-1920x1978.png 1920w\" sizes=\"auto, (max-width: 4952px) 100vw, 4952px\" \/><\/sup><strong> Cette proc\u00e9dure ne concerne pas les \u00e9tudiant\u00b7e\u00b7s en \u00e9change (\u00c9rasmus, convention, partenariat, etc). Voir <\/strong><a href=\"https:\/\/blogs.univ-tlse2.fr\/mes-premiers-pas\/etre-accompagne%c2%b7e-les-dispositifs-particuliers\/\" data-type=\"URL\" data-id=\"https:\/\/blogs.univ-tlse2.fr\/mes-premiers-pas\/etre-accompagne%c2%b7e-les-dispositifs-particuliers\/\">\u00catre accompagn\u00e9\u00b7e, les dispositif particulier<\/a><\/p>\n<\/div><\/div><\/div>\n\n\n\n<p style=\"font-size:15px\"><sup>*<\/sup> il existe diff\u00e9rentes situations d&rsquo;exon\u00e9ration, \u00e0 v\u00e9rifier sur <a href=\"https:\/\/cvec.etudiant.gouv.fr\/\">https:\/\/cvec.etudiant.gouv.fr\/<\/a><\/p>\n<\/div><\/div>\n<\/div><\/div>\n\n\n\n<div class=\"wp-block-buttons is-content-justification-right is-layout-flex wp-container-core-buttons-is-layout-765c4724 wp-block-buttons-is-layout-flex\">\n<div class=\"wp-block-button is-style-outline is-style-outline--1\"><a class=\"wp-block-button__link wp-element-button\" href=\"https:\/\/www.univ-tlse2.fr\/accueil\/formation-insertion\/inscriptions-scolarite\/sinscrire\" style=\"border-radius:0px\">www.univ-tlse2.fr<br>S&rsquo;inscrire<\/a><\/div>\n<\/div>\n","protected":false},"excerpt":{"rendered":"","protected":false},"author":1145,"featured_media":0,"parent":0,"menu_order":0,"comment_status":"closed","ping_status":"closed","template":"","meta":{"_vp_format_video_url":"","_vp_image_focal_point":[],"footnotes":"","_links_to":"","_links_to_target":""},"class_list":["post-2967","page","type-page","status-publish","hentry","entry"],"featured_image_src":null,"featured_image_src_square":null,"_links":{"self":[{"href":"https:\/\/blogs.univ-tlse2.fr\/mes-premiers-pas\/wp-json\/wp\/v2\/pages\/2967","targetHints":{"allow":["GET"]}}],"collection":[{"href":"https:\/\/blogs.univ-tlse2.fr\/mes-premiers-pas\/wp-json\/wp\/v2\/pages"}],"about":[{"href":"https:\/\/blogs.univ-tlse2.fr\/mes-premiers-pas\/wp-json\/wp\/v2\/types\/page"}],"author":[{"embeddable":true,"href":"https:\/\/blogs.univ-tlse2.fr\/mes-premiers-pas\/wp-json\/wp\/v2\/users\/1145"}],"replies":[{"embeddable":true,"href":"https:\/\/blogs.univ-tlse2.fr\/mes-premiers-pas\/wp-json\/wp\/v2\/comments?post=2967"}],"version-history":[{"count":5,"href":"https:\/\/blogs.univ-tlse2.fr\/mes-premiers-pas\/wp-json\/wp\/v2\/pages\/2967\/revisions"}],"predecessor-version":[{"id":3008,"href":"https:\/\/blogs.univ-tlse2.fr\/mes-premiers-pas\/wp-json\/wp\/v2\/pages\/2967\/revisions\/3008"}],"wp:attachment":[{"href":"https:\/\/blogs.univ-tlse2.fr\/mes-premiers-pas\/wp-json\/wp\/v2\/media?parent=2967"}],"curies":[{"name":"wp","href":"https:\/\/api.w.org\/{rel}","templated":true}]}}