 {"id":3218,"date":"2024-08-27T15:59:19","date_gmt":"2024-08-27T13:59:19","guid":{"rendered":"https:\/\/blogs.univ-tlse2.fr\/mes-premiers-pas\/?page_id=3218"},"modified":"2024-08-27T15:59:19","modified_gmt":"2024-08-27T13:59:19","slug":"where-to-find-your-classroom","status":"publish","type":"page","link":"https:\/\/blogs.univ-tlse2.fr\/mes-premiers-pas\/where-to-find-your-classroom\/","title":{"rendered":"Where to find your classroom"},"content":{"rendered":"\n<div class=\"wp-block-atomic-blocks-ab-columns ab-layout-columns-1 one-column\"><div class=\"ab-layout-column-wrap ab-block-layout-column-gap-2 ab-is-responsive-column\">\n<div class=\"wp-block-atomic-blocks-ab-column ab-block-layout-column\"><div class=\"ab-block-layout-column-inner\">\n<h1 class=\"wp-block-heading has-text-align-center has-white-color has-text-color has-background has-link-color wp-elements-7727db80cf250387cc8cda68aea8b3e0\" style=\"background-color:#2ea091\">Where to find your classroom<\/h1>\n<\/div><\/div>\n<\/div><\/div>\n\n\n\n<div class=\"wp-block-atomic-blocks-ab-container ab-block-container\"><div class=\"ab-container-inside\"><div class=\"ab-container-content\">\n<p class=\"has-medium-font-size\"><strong><img loading=\"lazy\" decoding=\"async\" width=\"1084\" height=\"731\" class=\"wp-image-3185\" style=\"width: 25px\" src=\"https:\/\/blogs.univ-tlse2.fr\/mes-premiers-pas\/files\/2024\/08\/Puce-paragraphe-Bleu.png\" alt=\"\" srcset=\"https:\/\/blogs.univ-tlse2.fr\/mes-premiers-pas\/files\/2024\/08\/Puce-paragraphe-Bleu.png 1084w, https:\/\/blogs.univ-tlse2.fr\/mes-premiers-pas\/files\/2024\/08\/Puce-paragraphe-Bleu-300x202.png 300w, https:\/\/blogs.univ-tlse2.fr\/mes-premiers-pas\/files\/2024\/08\/Puce-paragraphe-Bleu-1024x691.png 1024w, https:\/\/blogs.univ-tlse2.fr\/mes-premiers-pas\/files\/2024\/08\/Puce-paragraphe-Bleu-768x518.png 768w, https:\/\/blogs.univ-tlse2.fr\/mes-premiers-pas\/files\/2024\/08\/Puce-paragraphe-Bleu-500x337.png 500w, https:\/\/blogs.univ-tlse2.fr\/mes-premiers-pas\/files\/2024\/08\/Puce-paragraphe-Bleu-800x539.png 800w\" sizes=\"auto, (max-width: 1084px) 100vw, 1084px\" \/> If your room starts with&#8230;then go to:<\/strong><\/p>\n<\/div><\/div><\/div>\n\n\n\n<div class=\"wp-block-columns is-layout-flex wp-container-core-columns-is-layout-9d6595d7 wp-block-columns-is-layout-flex\">\n<div class=\"wp-block-column is-layout-flow wp-block-column-is-layout-flow\" style=\"flex-basis:25%\">\n<p class=\"has-medium-font-size\"><mark style=\"background-color:#ffffff;color:#2ea091\" class=\"has-inline-color\"><strong> A, C or D<\/strong><\/mark> _____<strong><br><\/strong><br><strong><mark style=\"background-color:#ffffff;color:#2ea091\" class=\"has-inline-color\"> AC<\/mark><\/strong> ___________<br><strong><br><mark style=\"background-color:#ffffff;color:#2ea091\" class=\"has-inline-color\">AR<\/mark><\/strong> ___________<br><strong><br><mark style=\"background-color:#ffffff;color:#2ea091\" class=\"has-inline-color\">B32<\/mark><\/strong> __________<br><strong><br><mark style=\"background-color:#ffffff;color:#2ea091\" class=\"has-inline-color\">CA<\/mark><\/strong> ____________<br><strong><br><\/strong><mark style=\"background-color:#ffffff;color:#2ea091\" class=\"has-inline-color\"><strong>FC<\/strong><\/mark> ____________<br><strong><br><mark style=\"background-color:#ffffff;color:#2ea091\" class=\"has-inline-color\">GA<\/mark><\/strong> ___________<br><strong><br><mark style=\"background-color:#ffffff;color:#2ea091\" class=\"has-inline-color\">GH, GS or G<\/mark><\/strong> ___<br><strong><br><mark style=\"background-color:#ffffff;color:#2ea091\" class=\"has-inline-color\">LA<\/mark><\/strong> ____________<br><strong><br><mark style=\"background-color:#ffffff;color:#2ea091\" class=\"has-inline-color\">M or MP<\/mark> <\/strong> ______<br><strong><br><mark style=\"background-color:#ffffff;color:#2ea091\" class=\"has-inline-color\">MDS<\/mark> <mark style=\"background-color:#ffffff;color:#2ea091\" class=\"has-inline-color\">or MS<\/mark><\/strong> ____<br><strong><br><mark style=\"background-color:#ffffff;color:#2ea091\" class=\"has-inline-color\">UO<\/mark> <\/strong>___________<\/p>\n<\/div>\n\n\n\n<div class=\"wp-block-column is-layout-flow wp-block-column-is-layout-flow\" style=\"flex-basis:60.34%\">\n<p class=\"has-medium-font-size\"><img loading=\"lazy\" decoding=\"async\" width=\"698\" height=\"731\" class=\"wp-image-3188\" style=\"width: 15px\" src=\"https:\/\/blogs.univ-tlse2.fr\/mes-premiers-pas\/files\/2024\/08\/Puce2-paragraphe-Vert.png\" alt=\"\" srcset=\"https:\/\/blogs.univ-tlse2.fr\/mes-premiers-pas\/files\/2024\/08\/Puce2-paragraphe-Vert.png 698w, https:\/\/blogs.univ-tlse2.fr\/mes-premiers-pas\/files\/2024\/08\/Puce2-paragraphe-Vert-286x300.png 286w, https:\/\/blogs.univ-tlse2.fr\/mes-premiers-pas\/files\/2024\/08\/Puce2-paragraphe-Vert-500x524.png 500w\" sizes=\"auto, (max-width: 698px) 100vw, 698px\" \/> <strong>La Maison de la Recherche<\/strong><br><br><img loading=\"lazy\" decoding=\"async\" width=\"698\" height=\"731\" class=\"wp-image-3188\" style=\"width: 15px\" src=\"https:\/\/blogs.univ-tlse2.fr\/mes-premiers-pas\/files\/2024\/08\/Puce2-paragraphe-Vert.png\" alt=\"\" srcset=\"https:\/\/blogs.univ-tlse2.fr\/mes-premiers-pas\/files\/2024\/08\/Puce2-paragraphe-Vert.png 698w, https:\/\/blogs.univ-tlse2.fr\/mes-premiers-pas\/files\/2024\/08\/Puce2-paragraphe-Vert-286x300.png 286w, https:\/\/blogs.univ-tlse2.fr\/mes-premiers-pas\/files\/2024\/08\/Puce2-paragraphe-Vert-500x524.png 500w\" sizes=\"auto, (max-width: 698px) 100vw, 698px\" \/> <strong>L\u2019Accueil<\/strong><br><br><strong><img loading=\"lazy\" decoding=\"async\" width=\"698\" height=\"731\" class=\"wp-image-3188\" style=\"width: 15px\" src=\"https:\/\/blogs.univ-tlse2.fr\/mes-premiers-pas\/files\/2024\/08\/Puce2-paragraphe-Vert.png\" alt=\"\" srcset=\"https:\/\/blogs.univ-tlse2.fr\/mes-premiers-pas\/files\/2024\/08\/Puce2-paragraphe-Vert.png 698w, https:\/\/blogs.univ-tlse2.fr\/mes-premiers-pas\/files\/2024\/08\/Puce2-paragraphe-Vert-286x300.png 286w, https:\/\/blogs.univ-tlse2.fr\/mes-premiers-pas\/files\/2024\/08\/Puce2-paragraphe-Vert-500x524.png 500w\" sizes=\"auto, (max-width: 698px) 100vw, 698px\" \/> <mark style=\"background-color:#ffffff;color:#2ea091\" class=\"has-inline-color\"><\/mark>L\u2019Arche<\/strong><br><br><mark style=\"background-color:#ffffff;color:#2ea091\" class=\"has-inline-color\"><\/mark><img loading=\"lazy\" decoding=\"async\" width=\"698\" height=\"731\" class=\"wp-image-3188\" style=\"width: 15px\" src=\"https:\/\/blogs.univ-tlse2.fr\/mes-premiers-pas\/files\/2024\/08\/Puce2-paragraphe-Vert.png\" alt=\"\" srcset=\"https:\/\/blogs.univ-tlse2.fr\/mes-premiers-pas\/files\/2024\/08\/Puce2-paragraphe-Vert.png 698w, https:\/\/blogs.univ-tlse2.fr\/mes-premiers-pas\/files\/2024\/08\/Puce2-paragraphe-Vert-286x300.png 286w, https:\/\/blogs.univ-tlse2.fr\/mes-premiers-pas\/files\/2024\/08\/Puce2-paragraphe-Vert-500x524.png 500w\" sizes=\"auto, (max-width: 698px) 100vw, 698px\" \/> <mark style=\"background-color:#ffffff;color:#2ea091\" class=\"has-inline-color\"><\/mark><strong>Henri Mayer<\/strong><br><br><strong><mark style=\"background-color:#ffffff;color:#2ea091\" class=\"has-inline-color\"><\/mark><img loading=\"lazy\" decoding=\"async\" width=\"698\" height=\"731\" class=\"wp-image-3188\" style=\"width: 15px\" src=\"https:\/\/blogs.univ-tlse2.fr\/mes-premiers-pas\/files\/2024\/08\/Puce2-paragraphe-Vert.png\" alt=\"\" srcset=\"https:\/\/blogs.univ-tlse2.fr\/mes-premiers-pas\/files\/2024\/08\/Puce2-paragraphe-Vert.png 698w, https:\/\/blogs.univ-tlse2.fr\/mes-premiers-pas\/files\/2024\/08\/Puce2-paragraphe-Vert-286x300.png 286w, https:\/\/blogs.univ-tlse2.fr\/mes-premiers-pas\/files\/2024\/08\/Puce2-paragraphe-Vert-500x524.png 500w\" sizes=\"auto, (max-width: 698px) 100vw, 698px\" \/> Georges Candilis<\/strong><br><br><strong><img loading=\"lazy\" decoding=\"async\" width=\"698\" height=\"731\" class=\"wp-image-3188\" style=\"width: 15px\" src=\"https:\/\/blogs.univ-tlse2.fr\/mes-premiers-pas\/files\/2024\/08\/Puce2-paragraphe-Vert.png\" alt=\"\" srcset=\"https:\/\/blogs.univ-tlse2.fr\/mes-premiers-pas\/files\/2024\/08\/Puce2-paragraphe-Vert.png 698w, https:\/\/blogs.univ-tlse2.fr\/mes-premiers-pas\/files\/2024\/08\/Puce2-paragraphe-Vert-286x300.png 286w, https:\/\/blogs.univ-tlse2.fr\/mes-premiers-pas\/files\/2024\/08\/Puce2-paragraphe-Vert-500x524.png 500w\" sizes=\"auto, (max-width: 698px) 100vw, 698px\" \/> La Fabrique<\/strong><br><br><strong><mark style=\"background-color:#ffffff;color:#2ea091\" class=\"has-inline-color\"><\/mark><img loading=\"lazy\" decoding=\"async\" width=\"698\" height=\"731\" class=\"wp-image-3188\" style=\"width: 15px\" src=\"https:\/\/blogs.univ-tlse2.fr\/mes-premiers-pas\/files\/2024\/08\/Puce2-paragraphe-Vert.png\" alt=\"\" srcset=\"https:\/\/blogs.univ-tlse2.fr\/mes-premiers-pas\/files\/2024\/08\/Puce2-paragraphe-Vert.png 698w, https:\/\/blogs.univ-tlse2.fr\/mes-premiers-pas\/files\/2024\/08\/Puce2-paragraphe-Vert-286x300.png 286w, https:\/\/blogs.univ-tlse2.fr\/mes-premiers-pas\/files\/2024\/08\/Puce2-paragraphe-Vert-500x524.png 500w\" sizes=\"auto, (max-width: 698px) 100vw, 698px\" \/> <mark style=\"background-color:#ffffff;color:#2ea091\" class=\"has-inline-color\"><\/mark>Le Gai Savoir<\/strong><br><br><strong><img loading=\"lazy\" decoding=\"async\" width=\"698\" height=\"731\" class=\"wp-image-3188\" style=\"width: 15px\" src=\"https:\/\/blogs.univ-tlse2.fr\/mes-premiers-pas\/files\/2024\/08\/Puce2-paragraphe-Vert.png\" alt=\"\" srcset=\"https:\/\/blogs.univ-tlse2.fr\/mes-premiers-pas\/files\/2024\/08\/Puce2-paragraphe-Vert.png 698w, https:\/\/blogs.univ-tlse2.fr\/mes-premiers-pas\/files\/2024\/08\/Puce2-paragraphe-Vert-286x300.png 286w, https:\/\/blogs.univ-tlse2.fr\/mes-premiers-pas\/files\/2024\/08\/Puce2-paragraphe-Vert-500x524.png 500w\" sizes=\"auto, (max-width: 698px) 100vw, 698px\" \/> Olympe de Gouges<\/strong><br><br><strong><img loading=\"lazy\" decoding=\"async\" width=\"698\" height=\"731\" class=\"wp-image-3188\" style=\"width: 15px\" src=\"https:\/\/blogs.univ-tlse2.fr\/mes-premiers-pas\/files\/2024\/08\/Puce2-paragraphe-Vert.png\" alt=\"\" srcset=\"https:\/\/blogs.univ-tlse2.fr\/mes-premiers-pas\/files\/2024\/08\/Puce2-paragraphe-Vert.png 698w, https:\/\/blogs.univ-tlse2.fr\/mes-premiers-pas\/files\/2024\/08\/Puce2-paragraphe-Vert-286x300.png 286w, https:\/\/blogs.univ-tlse2.fr\/mes-premiers-pas\/files\/2024\/08\/Puce2-paragraphe-Vert-500x524.png 500w\" sizes=\"auto, (max-width: 698px) 100vw, 698px\" \/> \u00c9rasme<\/strong><br><br><strong><img loading=\"lazy\" decoding=\"async\" width=\"698\" height=\"731\" class=\"wp-image-3188\" style=\"width: 15px\" src=\"https:\/\/blogs.univ-tlse2.fr\/mes-premiers-pas\/files\/2024\/08\/Puce2-paragraphe-Vert.png\" alt=\"\" srcset=\"https:\/\/blogs.univ-tlse2.fr\/mes-premiers-pas\/files\/2024\/08\/Puce2-paragraphe-Vert.png 698w, https:\/\/blogs.univ-tlse2.fr\/mes-premiers-pas\/files\/2024\/08\/Puce2-paragraphe-Vert-286x300.png 286w, https:\/\/blogs.univ-tlse2.fr\/mes-premiers-pas\/files\/2024\/08\/Puce2-paragraphe-Vert-500x524.png 500w\" sizes=\"auto, (max-width: 698px) 100vw, 698px\" \/> Philippe Malrieu<\/strong><br><br><strong><img loading=\"lazy\" decoding=\"async\" width=\"698\" height=\"731\" class=\"wp-image-3188\" style=\"width: 15px\" src=\"https:\/\/blogs.univ-tlse2.fr\/mes-premiers-pas\/files\/2024\/08\/Puce2-paragraphe-Vert.png\" alt=\"\" srcset=\"https:\/\/blogs.univ-tlse2.fr\/mes-premiers-pas\/files\/2024\/08\/Puce2-paragraphe-Vert.png 698w, https:\/\/blogs.univ-tlse2.fr\/mes-premiers-pas\/files\/2024\/08\/Puce2-paragraphe-Vert-286x300.png 286w, https:\/\/blogs.univ-tlse2.fr\/mes-premiers-pas\/files\/2024\/08\/Puce2-paragraphe-Vert-500x524.png 500w\" sizes=\"auto, (max-width: 698px) 100vw, 698px\" \/> La Maison des Solidarit\u00e9s<\/strong><br><br><strong><img loading=\"lazy\" decoding=\"async\" width=\"698\" height=\"731\" class=\"wp-image-3188\" style=\"width: 15px\" src=\"https:\/\/blogs.univ-tlse2.fr\/mes-premiers-pas\/files\/2024\/08\/Puce2-paragraphe-Vert.png\" alt=\"\" srcset=\"https:\/\/blogs.univ-tlse2.fr\/mes-premiers-pas\/files\/2024\/08\/Puce2-paragraphe-Vert.png 698w, https:\/\/blogs.univ-tlse2.fr\/mes-premiers-pas\/files\/2024\/08\/Puce2-paragraphe-Vert-286x300.png 286w, https:\/\/blogs.univ-tlse2.fr\/mes-premiers-pas\/files\/2024\/08\/Puce2-paragraphe-Vert-500x524.png 500w\" sizes=\"auto, (max-width: 698px) 100vw, 698px\" \/> Universit\u00e9 Ouverte<\/strong><\/p>\n<\/div>\n\n\n\n<div class=\"wp-block-column is-layout-flow wp-block-column-is-layout-flow\" style=\"flex-basis:33.33%\"><\/div>\n<\/div>\n\n\n\n<div style=\"height:45px\" aria-hidden=\"true\" class=\"wp-block-spacer\"><\/div>\n\n\n\n<p class=\"has-medium-font-size\"><strong><img loading=\"lazy\" decoding=\"async\" width=\"1084\" height=\"731\" class=\"wp-image-3185\" style=\"width: 25px\" src=\"https:\/\/blogs.univ-tlse2.fr\/mes-premiers-pas\/files\/2024\/08\/Puce-paragraphe-Bleu.png\" alt=\"\" srcset=\"https:\/\/blogs.univ-tlse2.fr\/mes-premiers-pas\/files\/2024\/08\/Puce-paragraphe-Bleu.png 1084w, https:\/\/blogs.univ-tlse2.fr\/mes-premiers-pas\/files\/2024\/08\/Puce-paragraphe-Bleu-300x202.png 300w, https:\/\/blogs.univ-tlse2.fr\/mes-premiers-pas\/files\/2024\/08\/Puce-paragraphe-Bleu-1024x691.png 1024w, https:\/\/blogs.univ-tlse2.fr\/mes-premiers-pas\/files\/2024\/08\/Puce-paragraphe-Bleu-768x518.png 768w, https:\/\/blogs.univ-tlse2.fr\/mes-premiers-pas\/files\/2024\/08\/Puce-paragraphe-Bleu-500x337.png 500w, https:\/\/blogs.univ-tlse2.fr\/mes-premiers-pas\/files\/2024\/08\/Puce-paragraphe-Bleu-800x539.png 800w\" sizes=\"auto, (max-width: 1084px) 100vw, 1084px\" \/> What about the auditoriums?<\/strong><\/p>\n\n\n\n<ul class=\"wp-block-list\">\n<li class=\"has-medium-font-size\"><strong><mark style=\"background-color:#ffffff;color:#2ea091\" class=\"has-inline-color\">Lecture theatres A to F<\/mark><\/strong> are located in the corridor between the <strong>Olympe de Gouges et Philippe Malrieu buildings<\/strong><br><\/li>\n\n\n\n<li class=\"has-medium-font-size\"><strong><mark style=\"background-color:#ffffff;color:#2ea091\" class=\"has-inline-color\">Lecture theatre GA1<\/mark><\/strong> is located in the <strong>Gai Savoir building<\/strong><br><\/li>\n\n\n\n<li class=\"has-medium-font-size\"><mark style=\"background-color:#ffffff;color:#2ea091\" class=\"has-inline-color\"><strong>Lecture theatres ODG1 \u00e0 ODG4<\/strong><\/mark> are in the <strong>Olympe de Gouges building<\/strong><br><\/li>\n\n\n\n<li class=\"has-medium-font-size\"><strong><mark style=\"background-color:#ffffff;color:#2ea091\" class=\"has-inline-color\">Lecture theatres MDS1 et MDS2<\/mark><\/strong> are located in the <strong>Maison des Solidarit\u00e9s building <\/strong>(access to the rear of the building, between La Pr\u00e9sidence and La Maison des solidarit\u00e9s buildings)<br><\/li>\n\n\n\n<li class=\"has-medium-font-size\"><strong><mark style=\"background-color:#ffffff;color:#2ea091\" class=\"has-inline-color\">Lecture theatre 9<\/mark><\/strong> is in the <strong>L\u2019Arche building<\/strong><br><\/li>\n\n\n\n<li class=\"has-medium-font-size\"><mark style=\"background-color:#ffffff;color:#2ea091\" class=\"has-inline-color\"><strong>Lecture theatre 12<\/strong><\/mark> is in the <strong>\u00c9rasme building<\/strong><br><\/li>\n\n\n\n<li class=\"has-medium-font-size\"><mark style=\"background-color:#ffffff;color:#2ea091\" class=\"has-inline-color\"><strong>Lecture theatre Philippe Malrieu<\/strong><\/mark> is located in the <strong>Philippe Malrieu building<\/strong><br><\/li>\n\n\n\n<li class=\"has-medium-font-size\"><strong><mark style=\"background-color:#ffffff;color:#2ea091\" class=\"has-inline-color\">Le Grand amphi<\/mark><\/strong> (Grand Amphi in French) is located in the <strong>Accueil building<\/strong><\/li>\n<\/ul>\n\n\n\n<div style=\"height:45px\" aria-hidden=\"true\" class=\"wp-block-spacer\"><\/div>\n\n\n\n<p class=\"has-medium-font-size\"><strong><img loading=\"lazy\" decoding=\"async\" width=\"1084\" height=\"731\" class=\"wp-image-3185\" style=\"width: 25px\" src=\"https:\/\/blogs.univ-tlse2.fr\/mes-premiers-pas\/files\/2024\/08\/Puce-paragraphe-Bleu.png\" alt=\"\" srcset=\"https:\/\/blogs.univ-tlse2.fr\/mes-premiers-pas\/files\/2024\/08\/Puce-paragraphe-Bleu.png 1084w, https:\/\/blogs.univ-tlse2.fr\/mes-premiers-pas\/files\/2024\/08\/Puce-paragraphe-Bleu-300x202.png 300w, https:\/\/blogs.univ-tlse2.fr\/mes-premiers-pas\/files\/2024\/08\/Puce-paragraphe-Bleu-1024x691.png 1024w, https:\/\/blogs.univ-tlse2.fr\/mes-premiers-pas\/files\/2024\/08\/Puce-paragraphe-Bleu-768x518.png 768w, https:\/\/blogs.univ-tlse2.fr\/mes-premiers-pas\/files\/2024\/08\/Puce-paragraphe-Bleu-500x337.png 500w, https:\/\/blogs.univ-tlse2.fr\/mes-premiers-pas\/files\/2024\/08\/Puce-paragraphe-Bleu-800x539.png 800w\" sizes=\"auto, (max-width: 1084px) 100vw, 1084px\" \/> Good to know<\/strong><\/p>\n\n\n\n<ul class=\"wp-block-list\">\n<li class=\"has-medium-font-size\">These letters are followed by a series of numbers from <strong>001 \u00e0 399.<\/strong><br><\/li>\n\n\n\n<li class=\"has-medium-font-size\">The hundreds digit indicates the floor.<br><strong>e.g.:<\/strong> LA320 identifies a classroom located on the third floor of the \u00c9rasme building.<\/li>\n<\/ul>\n","protected":false},"excerpt":{"rendered":"<p>A, C or D _____ AC ___________AR ___________B32 __________CA ____________FC ____________GA ___________GH, GS or G ___LA ____________M or MP ______MDS or MS ____UO ___________ La Maison de la Recherche L\u2019Accueil L\u2019Arche Henri Mayer Georges Candilis La Fabrique Le Gai Savoir Olympe de Gouges \u00c9rasme Philippe Malrieu La Maison des Solidarit\u00e9s Universit\u00e9 Ouverte What about the [&hellip;]<\/p>\n","protected":false},"author":1145,"featured_media":0,"parent":0,"menu_order":0,"comment_status":"closed","ping_status":"closed","template":"","meta":{"_vp_format_video_url":"","_vp_image_focal_point":[],"footnotes":"","_links_to":"","_links_to_target":""},"class_list":["post-3218","page","type-page","status-publish","hentry","entry"],"featured_image_src":null,"featured_image_src_square":null,"_links":{"self":[{"href":"https:\/\/blogs.univ-tlse2.fr\/mes-premiers-pas\/wp-json\/wp\/v2\/pages\/3218","targetHints":{"allow":["GET"]}}],"collection":[{"href":"https:\/\/blogs.univ-tlse2.fr\/mes-premiers-pas\/wp-json\/wp\/v2\/pages"}],"about":[{"href":"https:\/\/blogs.univ-tlse2.fr\/mes-premiers-pas\/wp-json\/wp\/v2\/types\/page"}],"author":[{"embeddable":true,"href":"https:\/\/blogs.univ-tlse2.fr\/mes-premiers-pas\/wp-json\/wp\/v2\/users\/1145"}],"replies":[{"embeddable":true,"href":"https:\/\/blogs.univ-tlse2.fr\/mes-premiers-pas\/wp-json\/wp\/v2\/comments?post=3218"}],"version-history":[{"count":1,"href":"https:\/\/blogs.univ-tlse2.fr\/mes-premiers-pas\/wp-json\/wp\/v2\/pages\/3218\/revisions"}],"predecessor-version":[{"id":3219,"href":"https:\/\/blogs.univ-tlse2.fr\/mes-premiers-pas\/wp-json\/wp\/v2\/pages\/3218\/revisions\/3219"}],"wp:attachment":[{"href":"https:\/\/blogs.univ-tlse2.fr\/mes-premiers-pas\/wp-json\/wp\/v2\/media?parent=3218"}],"curies":[{"name":"wp","href":"https:\/\/api.w.org\/{rel}","templated":true}]}}