 {"id":47,"date":"2022-06-09T16:46:10","date_gmt":"2022-06-09T14:46:10","guid":{"rendered":"https:\/\/blogs.univ-tlse2.fr\/mes-premiers-pas\/?page_id=47"},"modified":"2025-06-27T16:25:59","modified_gmt":"2025-06-27T14:25:59","slug":"bienvenue-a-lut2j","status":"publish","type":"page","link":"https:\/\/blogs.univ-tlse2.fr\/mes-premiers-pas\/bienvenue-a-lut2j\/","title":{"rendered":"L&rsquo;universit\u00e9 en bref"},"content":{"rendered":"\n<h1 class=\"wp-block-heading has-text-align-center has-white-color has-text-color has-background\" style=\"background-color:#6b1486;text-transform:uppercase\">l&rsquo;UNIVERSIT\u00c9 EN BREF<\/h1>\n\n\n\n<div class=\"wp-block-atomic-blocks-ab-accordion ab-font-size-24 ab-block-accordion ab-font-size-24\"><details><summary class=\"ab-accordion-title\"><sup><img loading=\"lazy\" decoding=\"async\" width=\"1414\" height=\"1357\" class=\"wp-image-3164\" style=\"width: 25px\" src=\"https:\/\/blogs.univ-tlse2.fr\/mes-premiers-pas\/files\/2024\/08\/Menu-MaVieCampus-PP2425.png\" alt=\"\" srcset=\"https:\/\/blogs.univ-tlse2.fr\/mes-premiers-pas\/files\/2024\/08\/Menu-MaVieCampus-PP2425.png 1414w, https:\/\/blogs.univ-tlse2.fr\/mes-premiers-pas\/files\/2024\/08\/Menu-MaVieCampus-PP2425-300x288.png 300w, https:\/\/blogs.univ-tlse2.fr\/mes-premiers-pas\/files\/2024\/08\/Menu-MaVieCampus-PP2425-1024x983.png 1024w, https:\/\/blogs.univ-tlse2.fr\/mes-premiers-pas\/files\/2024\/08\/Menu-MaVieCampus-PP2425-768x737.png 768w, https:\/\/blogs.univ-tlse2.fr\/mes-premiers-pas\/files\/2024\/08\/Menu-MaVieCampus-PP2425-500x480.png 500w, https:\/\/blogs.univ-tlse2.fr\/mes-premiers-pas\/files\/2024\/08\/Menu-MaVieCampus-PP2425-800x768.png 800w, https:\/\/blogs.univ-tlse2.fr\/mes-premiers-pas\/files\/2024\/08\/Menu-MaVieCampus-PP2425-1280x1228.png 1280w\" sizes=\"auto, (max-width: 1414px) 100vw, 1414px\" \/><\/sup> <strong><mark style=\"background-color:#f2f2f2\" class=\"has-inline-color has-black-color\">Une universit\u00e9 pluridisciplinaire<\/mark><\/strong><\/summary><div class=\"ab-accordion-text\">\n<p class=\"has-medium-font-size\">Belle, plurielle et cr\u00e9ative, l\u2019Universit\u00e9 Toulouse &#8211; Jean Jaur\u00e8s figure parmi les meilleures universit\u00e9s fran\u00e7aises d\u2019arts, lettres et langues et de sciences humaines et sociales, tant du point de vue de la formation que de la recherche. Elle est pluridisciplinaire puisqu\u2019elle embrasse aussi de mani\u00e8re innovante le champ des sciences et des technologies, avec des d\u00e9partements de maths-info, d\u2019\u00e9conomie et de gestion.<\/p>\n<\/div><\/details><\/div>\n\n\n\n<div class=\"wp-block-atomic-blocks-ab-accordion ab-block-accordion ab-font-size-24\"><details><summary class=\"ab-accordion-title\"><sup><img loading=\"lazy\" decoding=\"async\" width=\"1414\" height=\"1357\" class=\"wp-image-3164\" style=\"width: 25px\" src=\"https:\/\/blogs.univ-tlse2.fr\/mes-premiers-pas\/files\/2024\/08\/Menu-MaVieCampus-PP2425.png\" alt=\"\" srcset=\"https:\/\/blogs.univ-tlse2.fr\/mes-premiers-pas\/files\/2024\/08\/Menu-MaVieCampus-PP2425.png 1414w, https:\/\/blogs.univ-tlse2.fr\/mes-premiers-pas\/files\/2024\/08\/Menu-MaVieCampus-PP2425-300x288.png 300w, https:\/\/blogs.univ-tlse2.fr\/mes-premiers-pas\/files\/2024\/08\/Menu-MaVieCampus-PP2425-1024x983.png 1024w, https:\/\/blogs.univ-tlse2.fr\/mes-premiers-pas\/files\/2024\/08\/Menu-MaVieCampus-PP2425-768x737.png 768w, https:\/\/blogs.univ-tlse2.fr\/mes-premiers-pas\/files\/2024\/08\/Menu-MaVieCampus-PP2425-500x480.png 500w, https:\/\/blogs.univ-tlse2.fr\/mes-premiers-pas\/files\/2024\/08\/Menu-MaVieCampus-PP2425-800x768.png 800w, https:\/\/blogs.univ-tlse2.fr\/mes-premiers-pas\/files\/2024\/08\/Menu-MaVieCampus-PP2425-1280x1228.png 1280w\" sizes=\"auto, (max-width: 1414px) 100vw, 1414px\" \/> <\/sup><strong><mark style=\"background-color:#f2f2f2\" class=\"has-inline-color has-black-color\">Une universit\u00e9 soucieuse de la r\u00e9ussite de ses \u00e9tudiant\u00b7e\u00b7s<\/mark><\/strong><\/summary><div class=\"ab-accordion-text\">\n<p class=\"has-medium-font-size\">En mati\u00e8re d\u2019accompagnement \u00e0 la r\u00e9ussite des \u00e9tudiant\u00b7es l\u2019UT2J se distingue par son engagement pour l\u2019accueil et l\u2019int\u00e9gration des \u00e9tudiant\u00b7es de premi\u00e8re ann\u00e9e, notamment avec un dispositif de \u00ab\u00a0pair \u00e0 pair\u00a0\u00bb avec les \u00e9tudiant\u00b7es de deuxi\u00e8me ann\u00e9e et au-del\u00e0.<\/p>\n<\/div><\/details><\/div>\n\n\n\n<div class=\"wp-block-atomic-blocks-ab-accordion ab-block-accordion ab-font-size-24\"><details><summary class=\"ab-accordion-title\"><sup><img loading=\"lazy\" decoding=\"async\" width=\"1414\" height=\"1357\" class=\"wp-image-3164\" style=\"width: 25px\" src=\"https:\/\/blogs.univ-tlse2.fr\/mes-premiers-pas\/files\/2024\/08\/Menu-MaVieCampus-PP2425.png\" alt=\"\" srcset=\"https:\/\/blogs.univ-tlse2.fr\/mes-premiers-pas\/files\/2024\/08\/Menu-MaVieCampus-PP2425.png 1414w, https:\/\/blogs.univ-tlse2.fr\/mes-premiers-pas\/files\/2024\/08\/Menu-MaVieCampus-PP2425-300x288.png 300w, https:\/\/blogs.univ-tlse2.fr\/mes-premiers-pas\/files\/2024\/08\/Menu-MaVieCampus-PP2425-1024x983.png 1024w, https:\/\/blogs.univ-tlse2.fr\/mes-premiers-pas\/files\/2024\/08\/Menu-MaVieCampus-PP2425-768x737.png 768w, https:\/\/blogs.univ-tlse2.fr\/mes-premiers-pas\/files\/2024\/08\/Menu-MaVieCampus-PP2425-500x480.png 500w, https:\/\/blogs.univ-tlse2.fr\/mes-premiers-pas\/files\/2024\/08\/Menu-MaVieCampus-PP2425-800x768.png 800w, https:\/\/blogs.univ-tlse2.fr\/mes-premiers-pas\/files\/2024\/08\/Menu-MaVieCampus-PP2425-1280x1228.png 1280w\" sizes=\"auto, (max-width: 1414px) 100vw, 1414px\" \/> <\/sup><strong><mark style=\"background-color:#f2f2f2\" class=\"has-inline-color has-black-color\">Une vie \u00e9tudiante et culturelle riche<\/mark><\/strong><\/summary><div class=\"ab-accordion-text\">\n<p class=\"has-medium-font-size\">Particuli\u00e8rement dynamique sur le plan de la vie \u00e9tudiante, culturelle et associative, elle poss\u00e8de le seul b\u00e2timent culturel universitaire d\u2019envergure en Europe, La Fabrique, qui propose plus de 200 spectacles en acc\u00e8s libre par an dans une salle de spectacle d\u00e9di\u00e9e de plus de 170 places (La Sc\u00e8ne) ainsi que plusieurs espaces d\u2019exposition de haut niveau.<br>L\u2019universit\u00e9 dispose aussi d\u2019un espace d\u00e9di\u00e9 aux rencontres et \u00e0 la vie associative, la Maison des initiatives \u00e9tudiantes, ainsi que d&rsquo;un espace de \u00ab\u00a0tiers lieu\u00a0\u00bb d\u00e9di\u00e9 chaque mois aux projets artistiques (mais pas que) des \u00e9tudiant\u00b7es.<\/p>\n\n\n\n<div class=\"wp-block-atomic-blocks-ab-container ab-block-container\"><div class=\"ab-container-inside\"><div class=\"ab-container-content\"><\/div><\/div><\/div>\n<\/div><\/details><\/div>\n\n\n\n<div style=\"background-color:#6b1486;padding-left:2%;padding-right:2%;padding-bottom:2%;padding-top:2%;margin-bottom:7%\" class=\"wp-block-atomic-blocks-ab-container ab-block-container\"><div class=\"ab-container-inside\"><div class=\"ab-container-content\">\n<p class=\"has-white-color has-text-color has-link-color has-medium-font-size wp-elements-bbf0a74ca0ac093144c8e65f977de95e\" style=\"text-transform:uppercase\">  <sup><img loading=\"lazy\" decoding=\"async\" width=\"2477\" height=\"2552\" class=\"wp-image-3268\" style=\"width: 45px\" src=\"https:\/\/blogs.univ-tlse2.fr\/mes-premiers-pas\/files\/2024\/08\/Bon-a-savoir-PP2425-1.png\" alt=\"\" srcset=\"https:\/\/blogs.univ-tlse2.fr\/mes-premiers-pas\/files\/2024\/08\/Bon-a-savoir-PP2425-1.png 2477w, https:\/\/blogs.univ-tlse2.fr\/mes-premiers-pas\/files\/2024\/08\/Bon-a-savoir-PP2425-1-291x300.png 291w, https:\/\/blogs.univ-tlse2.fr\/mes-premiers-pas\/files\/2024\/08\/Bon-a-savoir-PP2425-1-994x1024.png 994w, https:\/\/blogs.univ-tlse2.fr\/mes-premiers-pas\/files\/2024\/08\/Bon-a-savoir-PP2425-1-768x791.png 768w, https:\/\/blogs.univ-tlse2.fr\/mes-premiers-pas\/files\/2024\/08\/Bon-a-savoir-PP2425-1-1491x1536.png 1491w, https:\/\/blogs.univ-tlse2.fr\/mes-premiers-pas\/files\/2024\/08\/Bon-a-savoir-PP2425-1-1988x2048.png 1988w, https:\/\/blogs.univ-tlse2.fr\/mes-premiers-pas\/files\/2024\/08\/Bon-a-savoir-PP2425-1-500x515.png 500w, https:\/\/blogs.univ-tlse2.fr\/mes-premiers-pas\/files\/2024\/08\/Bon-a-savoir-PP2425-1-800x824.png 800w, https:\/\/blogs.univ-tlse2.fr\/mes-premiers-pas\/files\/2024\/08\/Bon-a-savoir-PP2425-1-1280x1319.png 1280w, https:\/\/blogs.univ-tlse2.fr\/mes-premiers-pas\/files\/2024\/08\/Bon-a-savoir-PP2425-1-1920x1978.png 1920w\" sizes=\"auto, (max-width: 2477px) 100vw, 2477px\" \/><\/sup> <strong>Bon \u00e0 Savoir<\/strong><\/p>\n\n\n\n<p class=\"has-white-color has-text-color has-link-color has-medium-font-size wp-elements-96e7eff76d0150eba8aa12db0fe67186\"><img loading=\"lazy\" decoding=\"async\" width=\"1084\" height=\"731\" class=\"wp-image-3181\" style=\"width: 20px\" src=\"https:\/\/blogs.univ-tlse2.fr\/mes-premiers-pas\/files\/2024\/08\/Puce-paragraphe-Jaune.png\" alt=\"\" srcset=\"https:\/\/blogs.univ-tlse2.fr\/mes-premiers-pas\/files\/2024\/08\/Puce-paragraphe-Jaune.png 1084w, https:\/\/blogs.univ-tlse2.fr\/mes-premiers-pas\/files\/2024\/08\/Puce-paragraphe-Jaune-300x202.png 300w, https:\/\/blogs.univ-tlse2.fr\/mes-premiers-pas\/files\/2024\/08\/Puce-paragraphe-Jaune-1024x691.png 1024w, https:\/\/blogs.univ-tlse2.fr\/mes-premiers-pas\/files\/2024\/08\/Puce-paragraphe-Jaune-768x518.png 768w, https:\/\/blogs.univ-tlse2.fr\/mes-premiers-pas\/files\/2024\/08\/Puce-paragraphe-Jaune-500x337.png 500w, https:\/\/blogs.univ-tlse2.fr\/mes-premiers-pas\/files\/2024\/08\/Puce-paragraphe-Jaune-800x539.png 800w\" sizes=\"auto, (max-width: 1084px) 100vw, 1084px\" \/> <strong>Pendant vos \u00e9tudes \u00e0 l\u2019UT2J et durant les ann\u00e9es qui suivent votre sortie de l\u2019universit\u00e9, l\u2019Observatoire de la Vie \u00c9tudiante (OVE) vous sollicitera, \u00e0 plusieurs reprises, pour r\u00e9pondre \u00e0 des enqu\u00eates par questionnaire.<\/strong><br><strong>Ces r\u00e9ponses permettront \u00e0 l&rsquo;OVE de mieux connaitre la population \u00e9tudiante et son devenir afin que l&rsquo;\u00e9tablissement propose des formations et services plus adapt\u00e9s aux besoins des \u00e9tudiants et \u00e9tudiantes.&nbsp;<\/strong><\/p>\n\n\n\n<p class=\"has-white-color has-text-color has-link-color has-medium-font-size wp-elements-5fab1163ed3107d1130e677028294220\"><img loading=\"lazy\" decoding=\"async\" width=\"1084\" height=\"731\" class=\"wp-image-3181\" style=\"width: 20px\" src=\"https:\/\/blogs.univ-tlse2.fr\/mes-premiers-pas\/files\/2024\/08\/Puce-paragraphe-Jaune.png\" alt=\"\" srcset=\"https:\/\/blogs.univ-tlse2.fr\/mes-premiers-pas\/files\/2024\/08\/Puce-paragraphe-Jaune.png 1084w, https:\/\/blogs.univ-tlse2.fr\/mes-premiers-pas\/files\/2024\/08\/Puce-paragraphe-Jaune-300x202.png 300w, https:\/\/blogs.univ-tlse2.fr\/mes-premiers-pas\/files\/2024\/08\/Puce-paragraphe-Jaune-1024x691.png 1024w, https:\/\/blogs.univ-tlse2.fr\/mes-premiers-pas\/files\/2024\/08\/Puce-paragraphe-Jaune-768x518.png 768w, https:\/\/blogs.univ-tlse2.fr\/mes-premiers-pas\/files\/2024\/08\/Puce-paragraphe-Jaune-500x337.png 500w, https:\/\/blogs.univ-tlse2.fr\/mes-premiers-pas\/files\/2024\/08\/Puce-paragraphe-Jaune-800x539.png 800w\" sizes=\"auto, (max-width: 1084px) 100vw, 1084px\" \/> <strong>Par votre participation<\/strong> <strong>aux enqu\u00eates<\/strong> <strong>vous contribuerez \u00e0 l\u2019am\u00e9lioration des formations et des conditions d\u2019\u00e9tudes de l\u2019ensemble des \u00e9tudiant\u00b7e<\/strong>\u00b7<strong>s<\/strong> <strong>!<\/strong><\/p>\n\n\n\n<p class=\"has-white-color has-text-color has-link-color has-medium-font-size wp-elements-70ecd01754288c3bb3e26669fde02440\"><strong><a href=\"https:\/\/blogs.univ-tlse2.fr\/mes-premiers-pas\/lobservatoire-de-la-vie-etudiante\/\" data-type=\"page\" data-id=\"3270\">En savoir + sur l&rsquo;OVE et acc\u00e9dez aux donn\u00e9es chiffr\u00e9es de l&rsquo;UT2J<\/a><br><\/strong><\/p>\n<\/div><\/div><\/div>\n\n\n\n<p class=\"has-text-align-center has-large-font-size\"><strong>ZOOM SUR LA R\u00c9USSITE \u00c9TUDIANTE<\/strong><\/p>\n\n\n\n<figure class=\"wp-block-table is-style-stripes has-medium-font-size\"><table class=\"has-luminous-vivid-amber-background-color has-background has-fixed-layout\"><tbody><tr><td class=\"has-text-align-center\" data-align=\"center\"><\/td><td class=\"has-text-align-center\" data-align=\"center\"><br><strong>+ de 6 300 dipl\u00f4m\u00e9\u00b7e\u00b7s<\/strong><br><br><img decoding=\"async\" src=\"https:\/\/blogs.univ-tlse2.fr\/mes-premiers-pas\/files\/2023\/09\/Diplome-reussite-1024x727.png\" alt=\"\"><br><\/td><td class=\"has-text-align-center\" data-align=\"center\"><\/td><\/tr><tr><td class=\"has-text-align-center\" data-align=\"center\"><strong>Licence g\u00e9n\u00e9rale<\/strong><br><strong>3 240<\/strong> dipl\u00f4m\u00e9\u00b7e\u00b7s<br>89% de taux de r\u00e9ussite<\/td><td class=\"has-text-align-center\" data-align=\"center\"><strong>Master 2<\/strong><br><strong>2 411<\/strong> dipl\u00f4m\u00e9\u00b7e\u00b7s<br>95% de taux de r\u00e9ussite<\/td><td class=\"has-text-align-center\" data-align=\"center\"><strong>BUT 3<\/strong><br><strong>285<\/strong> dipl\u00f4m\u00e9\u00b7e\u00b7s<br>94% de taux de r\u00e9ussite<\/td><\/tr><tr><td class=\"has-text-align-center\" data-align=\"center\"><strong>Licence professionnelle<\/strong><br><strong>262<\/strong> dipl\u00f4m\u00e9\u00b7e\u00b7s<br>84% de taux de r\u00e9ussite<\/td><td class=\"has-text-align-center\" data-align=\"center\"><\/td><td class=\"has-text-align-center\" data-align=\"center\"><strong>Doctorat<\/strong><br><strong>124<\/strong> dipl\u00f4m\u00e9\u00b7e\u00b7s<br>100% de taux de r\u00e9ussite<br><br><\/td><\/tr><\/tbody><\/table><\/figure>\n\n\n\n<p class=\"has-vivid-purple-color has-text-color has-link-color wp-elements-0030279597245d60be19815a41e7c440\">Chiffres promotion 2023-2024 sur la base des \u00e9tudiant\u00b7e\u00b7s pr\u00e9sent\u00b7e\u00b7s aux examens ou inscrit\u00b7e\u00b7s.<\/p>\n\n\n\n<div style=\"height:0px\" aria-hidden=\"true\" class=\"wp-block-spacer\"><\/div>\n\n\n\n<div style=\"background-color:#ffffff;padding-bottom:1.5%;padding-top:1.5%\" class=\"wp-block-atomic-blocks-ab-container aligncenter ab-block-container\"><div class=\"ab-container-inside\"><div class=\"ab-container-content\"><\/div><\/div><\/div>\n","protected":false},"excerpt":{"rendered":"<p>l&rsquo;UNIVERSIT\u00c9 EN BREF ZOOM SUR LA R\u00c9USSITE \u00c9TUDIANTE + de 6 300 dipl\u00f4m\u00e9\u00b7e\u00b7s Licence g\u00e9n\u00e9rale3 240 dipl\u00f4m\u00e9\u00b7e\u00b7s89% de taux de r\u00e9ussite Master 22 411 dipl\u00f4m\u00e9\u00b7e\u00b7s95% de taux de r\u00e9ussite BUT 3285 dipl\u00f4m\u00e9\u00b7e\u00b7s94% de taux de r\u00e9ussite Licence professionnelle262 dipl\u00f4m\u00e9\u00b7e\u00b7s84% de taux de r\u00e9ussite Doctorat124 dipl\u00f4m\u00e9\u00b7e\u00b7s100% de taux de r\u00e9ussite Chiffres promotion 2023-2024 sur la base [&hellip;]<\/p>\n","protected":false},"author":1145,"featured_media":0,"parent":0,"menu_order":0,"comment_status":"closed","ping_status":"closed","template":"","meta":{"_vp_format_video_url":"","_vp_image_focal_point":[],"footnotes":"","_links_to":"","_links_to_target":""},"class_list":["post-47","page","type-page","status-publish","hentry","entry"],"featured_image_src":null,"featured_image_src_square":null,"_links":{"self":[{"href":"https:\/\/blogs.univ-tlse2.fr\/mes-premiers-pas\/wp-json\/wp\/v2\/pages\/47","targetHints":{"allow":["GET"]}}],"collection":[{"href":"https:\/\/blogs.univ-tlse2.fr\/mes-premiers-pas\/wp-json\/wp\/v2\/pages"}],"about":[{"href":"https:\/\/blogs.univ-tlse2.fr\/mes-premiers-pas\/wp-json\/wp\/v2\/types\/page"}],"author":[{"embeddable":true,"href":"https:\/\/blogs.univ-tlse2.fr\/mes-premiers-pas\/wp-json\/wp\/v2\/users\/1145"}],"replies":[{"embeddable":true,"href":"https:\/\/blogs.univ-tlse2.fr\/mes-premiers-pas\/wp-json\/wp\/v2\/comments?post=47"}],"version-history":[{"count":153,"href":"https:\/\/blogs.univ-tlse2.fr\/mes-premiers-pas\/wp-json\/wp\/v2\/pages\/47\/revisions"}],"predecessor-version":[{"id":3709,"href":"https:\/\/blogs.univ-tlse2.fr\/mes-premiers-pas\/wp-json\/wp\/v2\/pages\/47\/revisions\/3709"}],"wp:attachment":[{"href":"https:\/\/blogs.univ-tlse2.fr\/mes-premiers-pas\/wp-json\/wp\/v2\/media?parent=47"}],"curies":[{"name":"wp","href":"https:\/\/api.w.org\/{rel}","templated":true}]}}