 {"id":67,"date":"2022-06-10T10:15:38","date_gmt":"2022-06-10T08:15:38","guid":{"rendered":"https:\/\/blogs.univ-tlse2.fr\/mes-premiers-pas\/?page_id=67"},"modified":"2024-08-29T10:40:32","modified_gmt":"2024-08-29T08:40:32","slug":"luniversite-comment-ca-marche","status":"publish","type":"page","link":"https:\/\/blogs.univ-tlse2.fr\/mes-premiers-pas\/luniversite-comment-ca-marche\/","title":{"rendered":"L&rsquo;universit\u00e9 comment \u00e7a marche ?"},"content":{"rendered":"\n<h1 class=\"wp-block-heading has-text-align-center has-white-color has-text-color has-background\" style=\"background-color:#6a147f;text-transform:uppercase\">L&rsquo;universit\u00c9, comment \u00e7a marche ?<\/h1>\n\n\n\n<p class=\"has-medium-font-size\">\u00c0 l\u2019universit\u00e9, les d\u00e9cisions se prennent au sein de conseils et commissions \u00e9lus, o\u00f9 les \u00e9tudiant\u00b7e\u00b7s sont repr\u00e9sent\u00e9\u00b7e\u00b7s.<\/p>\n\n\n\n<div class=\"wp-block-atomic-blocks-ab-accordion ab-block-accordion ab-font-size-24\"><details><summary class=\"ab-accordion-title\"><sup><img loading=\"lazy\" decoding=\"async\" width=\"1414\" height=\"1357\" class=\"wp-image-3164\" style=\"width: 25px\" src=\"https:\/\/blogs.univ-tlse2.fr\/mes-premiers-pas\/files\/2024\/08\/Menu-MaVieCampus-PP2425.png\" alt=\"\" srcset=\"https:\/\/blogs.univ-tlse2.fr\/mes-premiers-pas\/files\/2024\/08\/Menu-MaVieCampus-PP2425.png 1414w, https:\/\/blogs.univ-tlse2.fr\/mes-premiers-pas\/files\/2024\/08\/Menu-MaVieCampus-PP2425-300x288.png 300w, https:\/\/blogs.univ-tlse2.fr\/mes-premiers-pas\/files\/2024\/08\/Menu-MaVieCampus-PP2425-1024x983.png 1024w, https:\/\/blogs.univ-tlse2.fr\/mes-premiers-pas\/files\/2024\/08\/Menu-MaVieCampus-PP2425-768x737.png 768w, https:\/\/blogs.univ-tlse2.fr\/mes-premiers-pas\/files\/2024\/08\/Menu-MaVieCampus-PP2425-500x480.png 500w, https:\/\/blogs.univ-tlse2.fr\/mes-premiers-pas\/files\/2024\/08\/Menu-MaVieCampus-PP2425-800x768.png 800w, https:\/\/blogs.univ-tlse2.fr\/mes-premiers-pas\/files\/2024\/08\/Menu-MaVieCampus-PP2425-1280x1228.png 1280w\" sizes=\"auto, (max-width: 1414px) 100vw, 1414px\" \/> <\/sup><strong><mark style=\"background-color:#f2f2f2\" class=\"has-inline-color has-black-color\">Conseil d&rsquo;administration &#8211; CA<\/mark><\/strong><\/summary><div class=\"ab-accordion-text\">\n<p class=\"has-text-color has-medium-font-size\" style=\"color:#6a147f\"><strong>6 \u00e9lu\u00b7e\u00b7s \u00e9tudiant\u00b7e\u00b7s<\/strong> (usagers) sur 36 membres.<\/p>\n\n\n\n<p class=\"has-medium-font-size\">Il d\u00e9termine la politique de l&rsquo;\u00e9tablissement et \u00e9lit la ou le pr\u00e9sident\u00b7e de l&rsquo;universit\u00e9.<\/p>\n<\/div><\/details><\/div>\n\n\n\n<div class=\"wp-block-atomic-blocks-ab-accordion ab-block-accordion ab-font-size-24\"><details><summary class=\"ab-accordion-title\"><sup><img loading=\"lazy\" decoding=\"async\" width=\"1414\" height=\"1357\" class=\"wp-image-3164\" style=\"width: 25px\" src=\"https:\/\/blogs.univ-tlse2.fr\/mes-premiers-pas\/files\/2024\/08\/Menu-MaVieCampus-PP2425.png\" alt=\"\" srcset=\"https:\/\/blogs.univ-tlse2.fr\/mes-premiers-pas\/files\/2024\/08\/Menu-MaVieCampus-PP2425.png 1414w, https:\/\/blogs.univ-tlse2.fr\/mes-premiers-pas\/files\/2024\/08\/Menu-MaVieCampus-PP2425-300x288.png 300w, https:\/\/blogs.univ-tlse2.fr\/mes-premiers-pas\/files\/2024\/08\/Menu-MaVieCampus-PP2425-1024x983.png 1024w, https:\/\/blogs.univ-tlse2.fr\/mes-premiers-pas\/files\/2024\/08\/Menu-MaVieCampus-PP2425-768x737.png 768w, https:\/\/blogs.univ-tlse2.fr\/mes-premiers-pas\/files\/2024\/08\/Menu-MaVieCampus-PP2425-500x480.png 500w, https:\/\/blogs.univ-tlse2.fr\/mes-premiers-pas\/files\/2024\/08\/Menu-MaVieCampus-PP2425-800x768.png 800w, https:\/\/blogs.univ-tlse2.fr\/mes-premiers-pas\/files\/2024\/08\/Menu-MaVieCampus-PP2425-1280x1228.png 1280w\" sizes=\"auto, (max-width: 1414px) 100vw, 1414px\" \/><\/sup> <strong><mark style=\"background-color:#f2f2f2\" class=\"has-inline-color has-black-color\">Conseil acad\u00e9mique &#8211; Cac<\/mark><\/strong><\/summary><div class=\"ab-accordion-text\">\n<p class=\"has-text-color has-medium-font-size\" style=\"color:#6a147f\">Le conseil acad\u00e9mique compte 80 membres dont <strong>22 repr\u00e9sentant\u00b7e\u00b7s \u00e9tudiant\u00b7e\u00b7s<\/strong>.<\/p>\n\n\n\n<p class=\"has-medium-font-size\">Instance principalement consultative, il est organis\u00e9 en diff\u00e9rentes formations dont la commission formation et vie universitaire (CFVU) et la commission de la recherche (CR). Il pr\u00e9sente \u00e9galement une formation pl\u00e9ni\u00e8re (r\u00e9union des membres de la CFVU et de la CR) et une formation restreinte seulement les enseignants-chercheurs et assimil\u00e9s membres des deux commissions pr\u00e9c\u00e9demment cit\u00e9es. Le conseil acad\u00e9mique est le garant des libert\u00e9s universitaires.<\/p>\n\n\n\n<div class=\"wp-block-atomic-blocks-ab-accordion ab-block-accordion ab-font-size-16\"><details><summary class=\"ab-accordion-title\"><img loading=\"lazy\" decoding=\"async\" width=\"1574\" height=\"1573\" class=\"wp-image-3263\" style=\"width: 20px\" src=\"https:\/\/blogs.univ-tlse2.fr\/mes-premiers-pas\/files\/2024\/08\/Puce-Sous-Accordeon.png\" alt=\"\" srcset=\"https:\/\/blogs.univ-tlse2.fr\/mes-premiers-pas\/files\/2024\/08\/Puce-Sous-Accordeon.png 1574w, https:\/\/blogs.univ-tlse2.fr\/mes-premiers-pas\/files\/2024\/08\/Puce-Sous-Accordeon-300x300.png 300w, https:\/\/blogs.univ-tlse2.fr\/mes-premiers-pas\/files\/2024\/08\/Puce-Sous-Accordeon-1024x1024.png 1024w, https:\/\/blogs.univ-tlse2.fr\/mes-premiers-pas\/files\/2024\/08\/Puce-Sous-Accordeon-150x150.png 150w, https:\/\/blogs.univ-tlse2.fr\/mes-premiers-pas\/files\/2024\/08\/Puce-Sous-Accordeon-768x768.png 768w, https:\/\/blogs.univ-tlse2.fr\/mes-premiers-pas\/files\/2024\/08\/Puce-Sous-Accordeon-1536x1536.png 1536w, https:\/\/blogs.univ-tlse2.fr\/mes-premiers-pas\/files\/2024\/08\/Puce-Sous-Accordeon-600x600.png 600w, https:\/\/blogs.univ-tlse2.fr\/mes-premiers-pas\/files\/2024\/08\/Puce-Sous-Accordeon-500x500.png 500w, https:\/\/blogs.univ-tlse2.fr\/mes-premiers-pas\/files\/2024\/08\/Puce-Sous-Accordeon-800x799.png 800w, https:\/\/blogs.univ-tlse2.fr\/mes-premiers-pas\/files\/2024\/08\/Puce-Sous-Accordeon-1280x1279.png 1280w\" sizes=\"auto, (max-width: 1574px) 100vw, 1574px\" \/> Commission formation et vie universitaire &#8211; CFVU<\/summary><div class=\"ab-accordion-text\">\n<p class=\"has-text-color has-medium-font-size\" style=\"color:#6a147f\"><strong>16 repr\u00e9sentant\u00b7e\u00b7s \u00e9tudiant\u00b7e\u00b7s<\/strong> (usagers) sur 40 membres.<\/p>\n\n\n\n<p class=\"has-medium-font-size\">Elle traite toute question ayant trait aux formations et \u00e0 la vie sur le campus, qu\u2019elle soit culturelle, sportive, associative ou citoyenne.<\/p>\n<\/div><\/details><\/div>\n\n\n\n<div class=\"wp-block-atomic-blocks-ab-accordion ab-block-accordion ab-font-size-16\"><details><summary class=\"ab-accordion-title\"><img loading=\"lazy\" decoding=\"async\" width=\"1574\" height=\"1573\" class=\"wp-image-3263\" style=\"width: 20px\" src=\"https:\/\/blogs.univ-tlse2.fr\/mes-premiers-pas\/files\/2024\/08\/Puce-Sous-Accordeon.png\" alt=\"\" srcset=\"https:\/\/blogs.univ-tlse2.fr\/mes-premiers-pas\/files\/2024\/08\/Puce-Sous-Accordeon.png 1574w, https:\/\/blogs.univ-tlse2.fr\/mes-premiers-pas\/files\/2024\/08\/Puce-Sous-Accordeon-300x300.png 300w, https:\/\/blogs.univ-tlse2.fr\/mes-premiers-pas\/files\/2024\/08\/Puce-Sous-Accordeon-1024x1024.png 1024w, https:\/\/blogs.univ-tlse2.fr\/mes-premiers-pas\/files\/2024\/08\/Puce-Sous-Accordeon-150x150.png 150w, https:\/\/blogs.univ-tlse2.fr\/mes-premiers-pas\/files\/2024\/08\/Puce-Sous-Accordeon-768x768.png 768w, https:\/\/blogs.univ-tlse2.fr\/mes-premiers-pas\/files\/2024\/08\/Puce-Sous-Accordeon-1536x1536.png 1536w, https:\/\/blogs.univ-tlse2.fr\/mes-premiers-pas\/files\/2024\/08\/Puce-Sous-Accordeon-600x600.png 600w, https:\/\/blogs.univ-tlse2.fr\/mes-premiers-pas\/files\/2024\/08\/Puce-Sous-Accordeon-500x500.png 500w, https:\/\/blogs.univ-tlse2.fr\/mes-premiers-pas\/files\/2024\/08\/Puce-Sous-Accordeon-800x799.png 800w, https:\/\/blogs.univ-tlse2.fr\/mes-premiers-pas\/files\/2024\/08\/Puce-Sous-Accordeon-1280x1279.png 1280w\" sizes=\"auto, (max-width: 1574px) 100vw, 1574px\" \/> Commission de la recherche &#8211; CR<\/summary><div class=\"ab-accordion-text\">\n<p class=\"has-text-color has-medium-font-size\" style=\"color:#6a147f\"><strong>6 repr\u00e9sentant\u00b7e\u00b7s \u00e9tudiant\u00b7e\u00b7s (doctorants)<\/strong> sur 40 membres.<\/p>\n\n\n\n<p class=\"has-medium-font-size\">Elle r\u00e9partit l&rsquo;enveloppe des moyens destin\u00e9e \u00e0 la recherche dans le cadre de la strat\u00e9gie arr\u00eat\u00e9e par le conseil d&rsquo;administration. Elle est consult\u00e9e sur diff\u00e9rentes questions relatives \u00e0 la recherche.<\/p>\n<\/div><\/details><\/div>\n<\/div><\/details><\/div>\n\n\n\n<div class=\"wp-block-atomic-blocks-ab-container ab-block-container\"><div class=\"ab-container-inside\"><div class=\"ab-container-content\">\n<div class=\"wp-block-atomic-blocks-ab-columns ab-layout-columns-1 ab-1-col-equal\"><div class=\"ab-layout-column-wrap ab-block-layout-column-gap-2 ab-is-responsive-column\">\n<div class=\"wp-block-atomic-blocks-ab-column ab-block-layout-column\"><div class=\"ab-block-layout-column-inner ab-has-custom-background-color\" style=\"padding-top:15px;padding-bottom:15px;background-color:#6b1486\">\n<h1 class=\"wp-block-heading has-text-align-center has-white-color has-text-color\">Vice-pr\u00e9sidence \u00e9tudiante<\/h1>\n\n\n\n<p class=\"has-text-align-center has-white-color has-text-color has-background has-medium-font-size\" style=\"background-color:#6b1486\"><strong>\u00c9lu\u00b7e par le conseil acad\u00e9mique, elle\u00b7il repr\u00e9sente les \u00e9tudiant\u00b7e\u00b7s au sein de l\u2019universit\u00e9 et aupr\u00e8s de la pr\u00e9sidence.<br>\u00c9lu\u00b7e pour 2 ans, elle\u00b7il est consult\u00e9\u00b7e sur les points concernant la vie \u00e9tudiante et les projets universitaires. Actuellement, le vice-pr\u00e9sident \u00e9tudiant est <mark style=\"background-color:#ffffff\" class=\"has-inline-color\"><a href=\"&#x6d;&#x61;&#x69;&#x6c;&#x74;&#x6f;&#x3a;&#x76;&#x70;&#x65;&#x40;&#117;&#110;&#105;&#118;-tlse2&#46;fr\" target=\"_blank\" rel=\"noreferrer noopener\">Rapha\u00ebl Montazaud<\/a>.<\/mark><\/strong><\/p>\n<\/div><\/div>\n<\/div><\/div>\n<\/div><\/div><\/div>\n","protected":false},"excerpt":{"rendered":"<p>L&rsquo;universit\u00c9, comment \u00e7a marche ? \u00c0 l\u2019universit\u00e9, les d\u00e9cisions se prennent au sein de conseils et commissions \u00e9lus, o\u00f9 les \u00e9tudiant\u00b7e\u00b7s sont repr\u00e9sent\u00e9\u00b7e\u00b7s.<\/p>\n","protected":false},"author":1145,"featured_media":0,"parent":0,"menu_order":0,"comment_status":"closed","ping_status":"closed","template":"","meta":{"_vp_format_video_url":"","_vp_image_focal_point":[],"footnotes":"","_links_to":"","_links_to_target":""},"class_list":["post-67","page","type-page","status-publish","hentry","entry"],"featured_image_src":null,"featured_image_src_square":null,"_links":{"self":[{"href":"https:\/\/blogs.univ-tlse2.fr\/mes-premiers-pas\/wp-json\/wp\/v2\/pages\/67","targetHints":{"allow":["GET"]}}],"collection":[{"href":"https:\/\/blogs.univ-tlse2.fr\/mes-premiers-pas\/wp-json\/wp\/v2\/pages"}],"about":[{"href":"https:\/\/blogs.univ-tlse2.fr\/mes-premiers-pas\/wp-json\/wp\/v2\/types\/page"}],"author":[{"embeddable":true,"href":"https:\/\/blogs.univ-tlse2.fr\/mes-premiers-pas\/wp-json\/wp\/v2\/users\/1145"}],"replies":[{"embeddable":true,"href":"https:\/\/blogs.univ-tlse2.fr\/mes-premiers-pas\/wp-json\/wp\/v2\/comments?post=67"}],"version-history":[{"count":38,"href":"https:\/\/blogs.univ-tlse2.fr\/mes-premiers-pas\/wp-json\/wp\/v2\/pages\/67\/revisions"}],"predecessor-version":[{"id":3264,"href":"https:\/\/blogs.univ-tlse2.fr\/mes-premiers-pas\/wp-json\/wp\/v2\/pages\/67\/revisions\/3264"}],"wp:attachment":[{"href":"https:\/\/blogs.univ-tlse2.fr\/mes-premiers-pas\/wp-json\/wp\/v2\/media?parent=67"}],"curies":[{"name":"wp","href":"https:\/\/api.w.org\/{rel}","templated":true}]}}