 {"id":674,"date":"2022-06-21T12:07:15","date_gmt":"2022-06-21T10:07:15","guid":{"rendered":"https:\/\/blogs.univ-tlse2.fr\/mes-premiers-pas\/?page_id=674"},"modified":"2023-09-06T09:38:48","modified_gmt":"2023-09-06T07:38:48","slug":"les-offres-exclusives-arts-et-cultures","status":"publish","type":"page","link":"https:\/\/blogs.univ-tlse2.fr\/mes-premiers-pas\/les-offres-exclusives-arts-et-cultures\/","title":{"rendered":"Les offres exclusives arts et cultures"},"content":{"rendered":"\n<div class=\"wp-block-atomic-blocks-ab-container ab-block-container\"><div class=\"ab-container-inside\"><div class=\"ab-container-content\"><\/div><\/div><\/div>\n\n\n\n<div style=\"background-color:#edb612;padding-bottom:1%;padding-top:2%\" class=\"wp-block-atomic-blocks-ab-container ab-block-container\"><div class=\"ab-container-inside\"><div class=\"ab-container-content\">\n<div class=\"wp-block-atomic-blocks-ab-columns ab-layout-columns-1 one-column ab-has-custom-background-color\" style=\"background-color:#edb612\"><div class=\"ab-layout-column-wrap ab-block-layout-column-gap-2 ab-is-responsive-column\">\n<div class=\"wp-block-atomic-blocks-ab-column ab-block-layout-column\"><div class=\"ab-block-layout-column-inner\">\n<h1 class=\"wp-block-heading has-text-align-center has-black-color has-text-color\">LES OFFRES EXCLUSIVES ARTS ET CULTURE<\/h1>\n<\/div><\/div>\n<\/div><\/div>\n<\/div><\/div><\/div>\n\n\n\n<div style=\"height:15px\" aria-hidden=\"true\" class=\"wp-block-spacer\"><\/div>\n\n\n\n<p class=\"has-medium-font-size\">\u00c9tudiant\u00b7e\u00b7s \u00e0 l\u2019UT2J, profitez des offres propos\u00e9es par nos partenaires !<\/p>\n\n\n\n<div style=\"background-color:#497db7;padding-left:2%;padding-right:2%;padding-bottom:1.5%;padding-top:1.5%\" class=\"wp-block-atomic-blocks-ab-container ab-block-container\"><div class=\"ab-container-inside\"><div class=\"ab-container-content\">\n<div class=\"wp-block-atomic-blocks-ab-columns ab-layout-columns-1 one-column ab-has-custom-background-color\" style=\"background-color:#497db7\"><div class=\"ab-layout-column-wrap ab-block-layout-column-gap-2 ab-is-responsive-column\">\n<div class=\"wp-block-atomic-blocks-ab-column ab-block-layout-column\"><div class=\"ab-block-layout-column-inner\" style=\"padding:12px\">\n<h2 class=\"wp-block-heading\"><sup><img loading=\"lazy\" decoding=\"async\" width=\"4855\" height=\"5032\" class=\"wp-image-2398\" style=\"width: 30px\" src=\"https:\/\/blogs.univ-tlse2.fr\/mes-premiers-pas\/files\/2023\/09\/Bon-a-savoir-jaune.png\" alt=\"\" srcset=\"https:\/\/blogs.univ-tlse2.fr\/mes-premiers-pas\/files\/2023\/09\/Bon-a-savoir-jaune.png 4855w, https:\/\/blogs.univ-tlse2.fr\/mes-premiers-pas\/files\/2023\/09\/Bon-a-savoir-jaune-289x300.png 289w, https:\/\/blogs.univ-tlse2.fr\/mes-premiers-pas\/files\/2023\/09\/Bon-a-savoir-jaune-988x1024.png 988w, https:\/\/blogs.univ-tlse2.fr\/mes-premiers-pas\/files\/2023\/09\/Bon-a-savoir-jaune-768x796.png 768w, https:\/\/blogs.univ-tlse2.fr\/mes-premiers-pas\/files\/2023\/09\/Bon-a-savoir-jaune-1482x1536.png 1482w, https:\/\/blogs.univ-tlse2.fr\/mes-premiers-pas\/files\/2023\/09\/Bon-a-savoir-jaune-1976x2048.png 1976w, https:\/\/blogs.univ-tlse2.fr\/mes-premiers-pas\/files\/2023\/09\/Bon-a-savoir-jaune-500x518.png 500w, https:\/\/blogs.univ-tlse2.fr\/mes-premiers-pas\/files\/2023\/09\/Bon-a-savoir-jaune-800x829.png 800w, https:\/\/blogs.univ-tlse2.fr\/mes-premiers-pas\/files\/2023\/09\/Bon-a-savoir-jaune-1280x1327.png 1280w, https:\/\/blogs.univ-tlse2.fr\/mes-premiers-pas\/files\/2023\/09\/Bon-a-savoir-jaune-1920x1990.png 1920w\" sizes=\"auto, (max-width: 4855px) 100vw, 4855px\" \/><\/sup> Th\u00e9\u00e2tre Garonne<\/h2>\n\n\n\n<p class=\"has-medium-font-size\"><strong>Le Carnet Jeune \u00e0 15 euros les 3 spectacles (au lieu de 30 euros)<\/strong>.<br>Au-del\u00e0 des 3 premiers spectacles, la place \u00e0 10 \u20ac seulement.<\/p>\n\n\n\n<p class=\"has-medium-font-size\">Offre limit\u00e9e \u00e0 200 carnets, r\u00e9serv\u00e9e \u00e0 tous les \u00e9tudiant\u00b7e\u00b7s UT2J.<\/p>\n\n\n\n<p class=\"has-medium-font-size\"><strong>Comment profiter de cette offre ?<\/strong><br>Pr\u00e9sentez-vous \u00e0 la billetterie du <a href=\"https:\/\/www.theatregaronne.com\/\" target=\"_blank\" rel=\"noreferrer noopener\">th\u00e9\u00e2tre Garonne<\/a> du lundi au vendredi de 13h30 \u00e0 18h30, muni\u00b7e de votre carte \u00e9tudiante UT2J (offre non accessible en ligne).<\/p>\n<\/div><\/div>\n<\/div><\/div>\n<\/div><\/div><\/div>\n\n\n\n<div style=\"height:15px\" aria-hidden=\"true\" class=\"wp-block-spacer\"><\/div>\n\n\n\n<div style=\"background-color:#497db7;padding-left:2%;padding-right:2%;padding-bottom:1.5%;padding-top:1.5%\" class=\"wp-block-atomic-blocks-ab-container ab-block-container\"><div class=\"ab-container-inside\"><div class=\"ab-container-content\">\n<div class=\"wp-block-atomic-blocks-ab-columns ab-layout-columns-1 one-column ab-has-custom-background-color\" style=\"background-color:#497db7\"><div class=\"ab-layout-column-wrap ab-block-layout-column-gap-2 ab-is-responsive-column\">\n<div class=\"wp-block-atomic-blocks-ab-column ab-block-layout-column\"><div class=\"ab-block-layout-column-inner\" style=\"padding:12px\">\n<h2 class=\"wp-block-heading\"><sup><img loading=\"lazy\" decoding=\"async\" width=\"4855\" height=\"5032\" class=\"wp-image-2398\" style=\"width: 30px\" src=\"https:\/\/blogs.univ-tlse2.fr\/mes-premiers-pas\/files\/2023\/09\/Bon-a-savoir-jaune.png\" alt=\"\" srcset=\"https:\/\/blogs.univ-tlse2.fr\/mes-premiers-pas\/files\/2023\/09\/Bon-a-savoir-jaune.png 4855w, https:\/\/blogs.univ-tlse2.fr\/mes-premiers-pas\/files\/2023\/09\/Bon-a-savoir-jaune-289x300.png 289w, https:\/\/blogs.univ-tlse2.fr\/mes-premiers-pas\/files\/2023\/09\/Bon-a-savoir-jaune-988x1024.png 988w, https:\/\/blogs.univ-tlse2.fr\/mes-premiers-pas\/files\/2023\/09\/Bon-a-savoir-jaune-768x796.png 768w, https:\/\/blogs.univ-tlse2.fr\/mes-premiers-pas\/files\/2023\/09\/Bon-a-savoir-jaune-1482x1536.png 1482w, https:\/\/blogs.univ-tlse2.fr\/mes-premiers-pas\/files\/2023\/09\/Bon-a-savoir-jaune-1976x2048.png 1976w, https:\/\/blogs.univ-tlse2.fr\/mes-premiers-pas\/files\/2023\/09\/Bon-a-savoir-jaune-500x518.png 500w, https:\/\/blogs.univ-tlse2.fr\/mes-premiers-pas\/files\/2023\/09\/Bon-a-savoir-jaune-800x829.png 800w, https:\/\/blogs.univ-tlse2.fr\/mes-premiers-pas\/files\/2023\/09\/Bon-a-savoir-jaune-1280x1327.png 1280w, https:\/\/blogs.univ-tlse2.fr\/mes-premiers-pas\/files\/2023\/09\/Bon-a-savoir-jaune-1920x1990.png 1920w\" sizes=\"auto, (max-width: 4855px) 100vw, 4855px\" \/><\/sup> La cin\u00e9math\u00e8que de Toulouse<\/h2>\n\n\n\n<p class=\"has-black-color has-text-color has-medium-font-size\"><strong>Une r\u00e9duction exclusive r\u00e9serv\u00e9e aux \u00e9tudiant\u00b7e\u00b7s UT2J pour un an de cin\u00e9ma illimit\u00e9<\/strong><\/p>\n<\/div><\/div>\n<\/div><\/div>\n<\/div><\/div><\/div>\n\n\n\n<div style=\"height:15px\" aria-hidden=\"true\" class=\"wp-block-spacer\"><\/div>\n\n\n\n<div style=\"background-color:#497db7;padding-left:2%;padding-bottom:1.5%;padding-top:1.5%\" class=\"wp-block-atomic-blocks-ab-container ab-block-container\"><div class=\"ab-container-inside\"><div class=\"ab-container-content\">\n<div class=\"wp-block-atomic-blocks-ab-columns ab-layout-columns-1 one-column ab-has-custom-background-color\" style=\"background-color:#497db7\"><div class=\"ab-layout-column-wrap ab-block-layout-column-gap-2 ab-is-responsive-column\">\n<div class=\"wp-block-atomic-blocks-ab-column ab-block-layout-column\"><div class=\"ab-block-layout-column-inner\" style=\"padding:12px\">\n<h2 class=\"wp-block-heading\"> <sup><img loading=\"lazy\" decoding=\"async\" width=\"4855\" height=\"5032\" class=\"wp-image-2398\" style=\"width: 30px\" src=\"https:\/\/blogs.univ-tlse2.fr\/mes-premiers-pas\/files\/2023\/09\/Bon-a-savoir-jaune.png\" alt=\"\" srcset=\"https:\/\/blogs.univ-tlse2.fr\/mes-premiers-pas\/files\/2023\/09\/Bon-a-savoir-jaune.png 4855w, https:\/\/blogs.univ-tlse2.fr\/mes-premiers-pas\/files\/2023\/09\/Bon-a-savoir-jaune-289x300.png 289w, https:\/\/blogs.univ-tlse2.fr\/mes-premiers-pas\/files\/2023\/09\/Bon-a-savoir-jaune-988x1024.png 988w, https:\/\/blogs.univ-tlse2.fr\/mes-premiers-pas\/files\/2023\/09\/Bon-a-savoir-jaune-768x796.png 768w, https:\/\/blogs.univ-tlse2.fr\/mes-premiers-pas\/files\/2023\/09\/Bon-a-savoir-jaune-1482x1536.png 1482w, https:\/\/blogs.univ-tlse2.fr\/mes-premiers-pas\/files\/2023\/09\/Bon-a-savoir-jaune-1976x2048.png 1976w, https:\/\/blogs.univ-tlse2.fr\/mes-premiers-pas\/files\/2023\/09\/Bon-a-savoir-jaune-500x518.png 500w, https:\/\/blogs.univ-tlse2.fr\/mes-premiers-pas\/files\/2023\/09\/Bon-a-savoir-jaune-800x829.png 800w, https:\/\/blogs.univ-tlse2.fr\/mes-premiers-pas\/files\/2023\/09\/Bon-a-savoir-jaune-1280x1327.png 1280w, https:\/\/blogs.univ-tlse2.fr\/mes-premiers-pas\/files\/2023\/09\/Bon-a-savoir-jaune-1920x1990.png 1920w\" sizes=\"auto, (max-width: 4855px) 100vw, 4855px\" \/><\/sup> La cave Po\u00e9sie<\/h2>\n\n\n\n<p class=\"has-medium-font-size\">Ce lieu embl\u00e9matique des sorties culturelles \u00e0 Toulouse rejoint nos offres exclusives sp\u00e9ciales \u00e9tudiant\u00b7e\u00b7s UT2J ! <\/p>\n<\/div><\/div>\n<\/div><\/div>\n<\/div><\/div><\/div>\n","protected":false},"excerpt":{"rendered":"<p>\u00c9tudiant\u00b7e\u00b7s \u00e0 l\u2019UT2J, profitez des offres propos\u00e9es par nos partenaires !<\/p>\n","protected":false},"author":1145,"featured_media":0,"parent":0,"menu_order":0,"comment_status":"closed","ping_status":"closed","template":"","meta":{"_vp_format_video_url":"","_vp_image_focal_point":[],"footnotes":"","_links_to":"","_links_to_target":""},"class_list":["post-674","page","type-page","status-publish","hentry","entry"],"featured_image_src":null,"featured_image_src_square":null,"_links":{"self":[{"href":"https:\/\/blogs.univ-tlse2.fr\/mes-premiers-pas\/wp-json\/wp\/v2\/pages\/674","targetHints":{"allow":["GET"]}}],"collection":[{"href":"https:\/\/blogs.univ-tlse2.fr\/mes-premiers-pas\/wp-json\/wp\/v2\/pages"}],"about":[{"href":"https:\/\/blogs.univ-tlse2.fr\/mes-premiers-pas\/wp-json\/wp\/v2\/types\/page"}],"author":[{"embeddable":true,"href":"https:\/\/blogs.univ-tlse2.fr\/mes-premiers-pas\/wp-json\/wp\/v2\/users\/1145"}],"replies":[{"embeddable":true,"href":"https:\/\/blogs.univ-tlse2.fr\/mes-premiers-pas\/wp-json\/wp\/v2\/comments?post=674"}],"version-history":[{"count":15,"href":"https:\/\/blogs.univ-tlse2.fr\/mes-premiers-pas\/wp-json\/wp\/v2\/pages\/674\/revisions"}],"predecessor-version":[{"id":2702,"href":"https:\/\/blogs.univ-tlse2.fr\/mes-premiers-pas\/wp-json\/wp\/v2\/pages\/674\/revisions\/2702"}],"wp:attachment":[{"href":"https:\/\/blogs.univ-tlse2.fr\/mes-premiers-pas\/wp-json\/wp\/v2\/media?parent=674"}],"curies":[{"name":"wp","href":"https:\/\/api.w.org\/{rel}","templated":true}]}}