 {"id":93,"date":"2022-06-10T10:26:15","date_gmt":"2022-06-10T08:26:15","guid":{"rendered":"https:\/\/blogs.univ-tlse2.fr\/mes-premiers-pas\/?page_id=93"},"modified":"2024-09-13T16:25:23","modified_gmt":"2024-09-13T14:25:23","slug":"les-examens","status":"publish","type":"page","link":"https:\/\/blogs.univ-tlse2.fr\/mes-premiers-pas\/les-examens\/","title":{"rendered":"Les examens"},"content":{"rendered":"\n<div class=\"wp-block-atomic-blocks-ab-columns ab-layout-columns-1 one-column\"><div class=\"ab-layout-column-wrap ab-block-layout-column-gap-2 ab-is-responsive-column\">\n<div class=\"wp-block-atomic-blocks-ab-column ab-block-layout-column\"><div class=\"ab-block-layout-column-inner ab-has-custom-background-color\" style=\"margin-top:31px;margin-bottom:31px;background-color:#2d9f7b\">\n<h1 class=\"wp-block-heading has-text-align-center has-white-color has-text-color has-background\" style=\"background-color:#2d9f7b\">LES EXAMENS<\/h1>\n<\/div><\/div>\n<\/div><\/div>\n\n\n\n<div class=\"wp-block-atomic-blocks-ab-accordion ab-block-accordion ab-font-size-24\"><details><summary class=\"ab-accordion-title\"><img loading=\"lazy\" decoding=\"async\" width=\"2864\" height=\"2033\" class=\"wp-image-2083\" style=\"width: 30px\" src=\"https:\/\/blogs.univ-tlse2.fr\/mes-premiers-pas\/files\/2023\/08\/Puce-Accordeon-Rouge.png\" alt=\"\" srcset=\"https:\/\/blogs.univ-tlse2.fr\/mes-premiers-pas\/files\/2023\/08\/Puce-Accordeon-Rouge.png 2864w, https:\/\/blogs.univ-tlse2.fr\/mes-premiers-pas\/files\/2023\/08\/Puce-Accordeon-Rouge-300x213.png 300w, https:\/\/blogs.univ-tlse2.fr\/mes-premiers-pas\/files\/2023\/08\/Puce-Accordeon-Rouge-1024x727.png 1024w, https:\/\/blogs.univ-tlse2.fr\/mes-premiers-pas\/files\/2023\/08\/Puce-Accordeon-Rouge-768x545.png 768w, https:\/\/blogs.univ-tlse2.fr\/mes-premiers-pas\/files\/2023\/08\/Puce-Accordeon-Rouge-1536x1090.png 1536w, https:\/\/blogs.univ-tlse2.fr\/mes-premiers-pas\/files\/2023\/08\/Puce-Accordeon-Rouge-2048x1454.png 2048w, https:\/\/blogs.univ-tlse2.fr\/mes-premiers-pas\/files\/2023\/08\/Puce-Accordeon-Rouge-500x355.png 500w, https:\/\/blogs.univ-tlse2.fr\/mes-premiers-pas\/files\/2023\/08\/Puce-Accordeon-Rouge-800x568.png 800w, https:\/\/blogs.univ-tlse2.fr\/mes-premiers-pas\/files\/2023\/08\/Puce-Accordeon-Rouge-1280x909.png 1280w, https:\/\/blogs.univ-tlse2.fr\/mes-premiers-pas\/files\/2023\/08\/Puce-Accordeon-Rouge-1920x1363.png 1920w\" sizes=\"auto, (max-width: 2864px) 100vw, 2864px\" \/><mark style=\"background-color:#f2f2f2;color:#2d9f7b\" class=\"has-inline-color\"><strong>Les r\u00e9gimes d&rsquo;examen, contr\u00f4le continu ou contr\u00f4le terminal SED<\/strong><\/mark><\/summary><div class=\"ab-accordion-text\">\n<p class=\"has-medium-font-size\"><strong>Pour la plupart des unit\u00e9s d\u2019enseignement, le choix est possible entre deux r\u00e9gimes d\u2019examen :<\/strong><br><img loading=\"lazy\" decoding=\"async\" width=\"2668\" height=\"2861\" class=\"wp-image-2305\" style=\"width: 20px\" src=\"https:\/\/blogs.univ-tlse2.fr\/mes-premiers-pas\/files\/2023\/09\/Double-fleche-Noir.png\" alt=\"\" srcset=\"https:\/\/blogs.univ-tlse2.fr\/mes-premiers-pas\/files\/2023\/09\/Double-fleche-Noir.png 2668w, https:\/\/blogs.univ-tlse2.fr\/mes-premiers-pas\/files\/2023\/09\/Double-fleche-Noir-280x300.png 280w, https:\/\/blogs.univ-tlse2.fr\/mes-premiers-pas\/files\/2023\/09\/Double-fleche-Noir-955x1024.png 955w, https:\/\/blogs.univ-tlse2.fr\/mes-premiers-pas\/files\/2023\/09\/Double-fleche-Noir-768x824.png 768w, https:\/\/blogs.univ-tlse2.fr\/mes-premiers-pas\/files\/2023\/09\/Double-fleche-Noir-1432x1536.png 1432w, https:\/\/blogs.univ-tlse2.fr\/mes-premiers-pas\/files\/2023\/09\/Double-fleche-Noir-1910x2048.png 1910w, https:\/\/blogs.univ-tlse2.fr\/mes-premiers-pas\/files\/2023\/09\/Double-fleche-Noir-500x536.png 500w, https:\/\/blogs.univ-tlse2.fr\/mes-premiers-pas\/files\/2023\/09\/Double-fleche-Noir-800x858.png 800w, https:\/\/blogs.univ-tlse2.fr\/mes-premiers-pas\/files\/2023\/09\/Double-fleche-Noir-1280x1373.png 1280w, https:\/\/blogs.univ-tlse2.fr\/mes-premiers-pas\/files\/2023\/09\/Double-fleche-Noir-1920x2059.png 1920w\" sizes=\"auto, (max-width: 2668px) 100vw, 2668px\" \/> le contr\u00f4le continu (CC) : obligation d\u2019assiduit\u00e9 et \u00e9valuation tout au long de l\u2019ann\u00e9e<br><img loading=\"lazy\" decoding=\"async\" width=\"2668\" height=\"2861\" class=\"wp-image-2305\" style=\"width: 20px\" src=\"https:\/\/blogs.univ-tlse2.fr\/mes-premiers-pas\/files\/2023\/09\/Double-fleche-Noir.png\" alt=\"\" srcset=\"https:\/\/blogs.univ-tlse2.fr\/mes-premiers-pas\/files\/2023\/09\/Double-fleche-Noir.png 2668w, https:\/\/blogs.univ-tlse2.fr\/mes-premiers-pas\/files\/2023\/09\/Double-fleche-Noir-280x300.png 280w, https:\/\/blogs.univ-tlse2.fr\/mes-premiers-pas\/files\/2023\/09\/Double-fleche-Noir-955x1024.png 955w, https:\/\/blogs.univ-tlse2.fr\/mes-premiers-pas\/files\/2023\/09\/Double-fleche-Noir-768x824.png 768w, https:\/\/blogs.univ-tlse2.fr\/mes-premiers-pas\/files\/2023\/09\/Double-fleche-Noir-1432x1536.png 1432w, https:\/\/blogs.univ-tlse2.fr\/mes-premiers-pas\/files\/2023\/09\/Double-fleche-Noir-1910x2048.png 1910w, https:\/\/blogs.univ-tlse2.fr\/mes-premiers-pas\/files\/2023\/09\/Double-fleche-Noir-500x536.png 500w, https:\/\/blogs.univ-tlse2.fr\/mes-premiers-pas\/files\/2023\/09\/Double-fleche-Noir-800x858.png 800w, https:\/\/blogs.univ-tlse2.fr\/mes-premiers-pas\/files\/2023\/09\/Double-fleche-Noir-1280x1373.png 1280w, https:\/\/blogs.univ-tlse2.fr\/mes-premiers-pas\/files\/2023\/09\/Double-fleche-Noir-1920x2059.png 1920w\" sizes=\"auto, (max-width: 2668px) 100vw, 2668px\" \/> C\u2019est le contr\u00f4le continu qui est appliqu\u00e9 par d\u00e9faut lors de votre inscription p\u00e9dagogique (<a href=\"https:\/\/blogs.univ-tlse2.fr\/mes-premiers-pas\/sinscrire-se-reinscrire\/\" data-type=\"page\" data-id=\"79\" target=\"_blank\" rel=\"noreferrer noopener\">voir S\u2019inscrire, se r\u00e9inscrire<\/a>).<br><br>Si vous le souhaitez, pour toutes ou pour certaines de vos UE, vous pourrez choisir de vous inscrire en enseignement \u00e0 distance et donc de ne pas assister aux cours en pr\u00e9sentiel (<a href=\"https:\/\/blogs.univ-tlse2.fr\/mes-premiers-pas\/se-former-autrement\/\" data-type=\"page\" data-id=\"99\" target=\"_blank\" rel=\"noreferrer noopener\">voir Se former autrement<\/a>), sous r\u00e9serve que l\u2019UE soit ouverte via cette modalit\u00e9 d\u2019\u00e9tudes.<\/p>\n\n\n\n<p class=\"has-medium-font-size\">Dans ce cas, c\u2019est le contr\u00f4le terminal (CT) qui s\u2019appliquera : une premi\u00e8re \u00e9valuation se d\u00e9roule en fin de chaque semestre et le rattrapage (appel\u00e9 \u00ab&nbsp;seconde chance&nbsp;\u00bb) est organis\u00e9 en juin.<br><\/p>\n<\/div><\/details><\/div>\n\n\n\n<div class=\"wp-block-atomic-blocks-ab-accordion ab-block-accordion ab-font-size-24\"><details><summary class=\"ab-accordion-title\"><img loading=\"lazy\" decoding=\"async\" width=\"2864\" height=\"2033\" class=\"wp-image-2083\" style=\"width: 30px\" src=\"https:\/\/blogs.univ-tlse2.fr\/mes-premiers-pas\/files\/2023\/08\/Puce-Accordeon-Rouge.png\" alt=\"\" srcset=\"https:\/\/blogs.univ-tlse2.fr\/mes-premiers-pas\/files\/2023\/08\/Puce-Accordeon-Rouge.png 2864w, https:\/\/blogs.univ-tlse2.fr\/mes-premiers-pas\/files\/2023\/08\/Puce-Accordeon-Rouge-300x213.png 300w, https:\/\/blogs.univ-tlse2.fr\/mes-premiers-pas\/files\/2023\/08\/Puce-Accordeon-Rouge-1024x727.png 1024w, https:\/\/blogs.univ-tlse2.fr\/mes-premiers-pas\/files\/2023\/08\/Puce-Accordeon-Rouge-768x545.png 768w, https:\/\/blogs.univ-tlse2.fr\/mes-premiers-pas\/files\/2023\/08\/Puce-Accordeon-Rouge-1536x1090.png 1536w, https:\/\/blogs.univ-tlse2.fr\/mes-premiers-pas\/files\/2023\/08\/Puce-Accordeon-Rouge-2048x1454.png 2048w, https:\/\/blogs.univ-tlse2.fr\/mes-premiers-pas\/files\/2023\/08\/Puce-Accordeon-Rouge-500x355.png 500w, https:\/\/blogs.univ-tlse2.fr\/mes-premiers-pas\/files\/2023\/08\/Puce-Accordeon-Rouge-800x568.png 800w, https:\/\/blogs.univ-tlse2.fr\/mes-premiers-pas\/files\/2023\/08\/Puce-Accordeon-Rouge-1280x909.png 1280w, https:\/\/blogs.univ-tlse2.fr\/mes-premiers-pas\/files\/2023\/08\/Puce-Accordeon-Rouge-1920x1363.png 1920w\" sizes=\"auto, (max-width: 2864px) 100vw, 2864px\" \/><strong><mark style=\"background-color:#f2f2f2;color:#2d9f7b\" class=\"has-inline-color\">Les \u00e9preuves ou partiels<\/mark><\/strong><\/summary><div class=\"ab-accordion-text\">\n<p class=\"has-medium-font-size\"><strong>En licence en contr\u00f4le continu, une ou plusieurs \u00e9valuations interm\u00e9diaires sont organis\u00e9es durant le semestre, sur le temps du cours.<\/strong><br><img loading=\"lazy\" decoding=\"async\" width=\"2668\" height=\"2861\" class=\"wp-image-2305\" style=\"width: 20px\" src=\"https:\/\/blogs.univ-tlse2.fr\/mes-premiers-pas\/files\/2023\/09\/Double-fleche-Noir.png\" alt=\"\" srcset=\"https:\/\/blogs.univ-tlse2.fr\/mes-premiers-pas\/files\/2023\/09\/Double-fleche-Noir.png 2668w, https:\/\/blogs.univ-tlse2.fr\/mes-premiers-pas\/files\/2023\/09\/Double-fleche-Noir-280x300.png 280w, https:\/\/blogs.univ-tlse2.fr\/mes-premiers-pas\/files\/2023\/09\/Double-fleche-Noir-955x1024.png 955w, https:\/\/blogs.univ-tlse2.fr\/mes-premiers-pas\/files\/2023\/09\/Double-fleche-Noir-768x824.png 768w, https:\/\/blogs.univ-tlse2.fr\/mes-premiers-pas\/files\/2023\/09\/Double-fleche-Noir-1432x1536.png 1432w, https:\/\/blogs.univ-tlse2.fr\/mes-premiers-pas\/files\/2023\/09\/Double-fleche-Noir-1910x2048.png 1910w, https:\/\/blogs.univ-tlse2.fr\/mes-premiers-pas\/files\/2023\/09\/Double-fleche-Noir-500x536.png 500w, https:\/\/blogs.univ-tlse2.fr\/mes-premiers-pas\/files\/2023\/09\/Double-fleche-Noir-800x858.png 800w, https:\/\/blogs.univ-tlse2.fr\/mes-premiers-pas\/files\/2023\/09\/Double-fleche-Noir-1280x1373.png 1280w, https:\/\/blogs.univ-tlse2.fr\/mes-premiers-pas\/files\/2023\/09\/Double-fleche-Noir-1920x2059.png 1920w\" sizes=\"auto, (max-width: 2668px) 100vw, 2668px\" \/> A la fin du semestre, une ou plusieurs \u00e9valuations \u00ab&nbsp;finales&nbsp;\u00bb sont organis\u00e9es&nbsp;: elles tiennent lieu de seconde chance pour rattraper toutes les absences ou mauvaises notes obtenues aux \u00e9valuations interm\u00e9diaires.<\/p>\n\n\n\n<p class=\"has-medium-font-size\">Ce syst\u00e8me de seconde chance est un mode de calcul de la note de l&rsquo;UE :<br><br>\u2013 Premi\u00e8re chance : on fait la moyenne coefficient\u00e9e de toutes les notes (interm\u00e9diaires et finale(s))<br>\u2013 Seconde chance : note de l\u2019\u00e9valuation finale (ou la moyenne si plusieurs \u00e9valuations)<br>Note de l\u2019UE : on compare les 2 notes et on conserve la meilleure.<br><br>Les examens pr\u00e9vus en pr\u00e9sentiel, sont organis\u00e9s uniquement sur les campus de l\u2019universit\u00e9.<\/p>\n\n\n\n<p class=\"has-medium-font-size\"><strong>En licence au SED, les \u00e9valuations de 1<sup>e<\/sup> chance sont organis\u00e9es \u00e0 la fin de chaque semestre. La 2<sup>e<\/sup> chance se d\u00e9roule en juin.<\/strong><\/p>\n\n\n\n<p class=\"has-medium-font-size\"><strong>Pour calculer la note finale \u00e0 l\u2019UE, on compare la note (ou la moyenne) des \u00e9valuations de 1<sup>e<\/sup> chance \u00e0 celle de la 2<sup>e<\/sup> chance, et on conserve la meilleure.<\/strong><\/p>\n\n\n\n<p class=\"has-medium-font-size\">Les dates des partiels en cours de semestre (contr\u00f4le continu) sont indiqu\u00e9es par chaque enseignant\u00b7e. Les dates des \u00e9preuves de fin de semestre sont disponibles via l\u2019espace num\u00e9rique de travail (ENT) sur l\u2019emploi du temps en ligne.<br><br>Les examens pr\u00e9vus en pr\u00e9sentiel, sont organis\u00e9s uniquement sur les campus de l\u2019universit\u00e9.<\/p>\n<\/div><\/details><\/div>\n\n\n\n<div class=\"wp-block-atomic-blocks-ab-accordion ab-block-accordion ab-font-size-24\"><details><summary class=\"ab-accordion-title\"><img loading=\"lazy\" decoding=\"async\" width=\"2864\" height=\"2033\" class=\"wp-image-2083\" style=\"width: 30px\" src=\"https:\/\/blogs.univ-tlse2.fr\/mes-premiers-pas\/files\/2023\/08\/Puce-Accordeon-Rouge.png\" alt=\"\" srcset=\"https:\/\/blogs.univ-tlse2.fr\/mes-premiers-pas\/files\/2023\/08\/Puce-Accordeon-Rouge.png 2864w, https:\/\/blogs.univ-tlse2.fr\/mes-premiers-pas\/files\/2023\/08\/Puce-Accordeon-Rouge-300x213.png 300w, https:\/\/blogs.univ-tlse2.fr\/mes-premiers-pas\/files\/2023\/08\/Puce-Accordeon-Rouge-1024x727.png 1024w, https:\/\/blogs.univ-tlse2.fr\/mes-premiers-pas\/files\/2023\/08\/Puce-Accordeon-Rouge-768x545.png 768w, https:\/\/blogs.univ-tlse2.fr\/mes-premiers-pas\/files\/2023\/08\/Puce-Accordeon-Rouge-1536x1090.png 1536w, https:\/\/blogs.univ-tlse2.fr\/mes-premiers-pas\/files\/2023\/08\/Puce-Accordeon-Rouge-2048x1454.png 2048w, https:\/\/blogs.univ-tlse2.fr\/mes-premiers-pas\/files\/2023\/08\/Puce-Accordeon-Rouge-500x355.png 500w, https:\/\/blogs.univ-tlse2.fr\/mes-premiers-pas\/files\/2023\/08\/Puce-Accordeon-Rouge-800x568.png 800w, https:\/\/blogs.univ-tlse2.fr\/mes-premiers-pas\/files\/2023\/08\/Puce-Accordeon-Rouge-1280x909.png 1280w, https:\/\/blogs.univ-tlse2.fr\/mes-premiers-pas\/files\/2023\/08\/Puce-Accordeon-Rouge-1920x1363.png 1920w\" sizes=\"auto, (max-width: 2864px) 100vw, 2864px\" \/><mark style=\"background-color:#f2f2f2;color:#2d9f7b\" class=\"has-inline-color\"><strong>Le r\u00e9gime sp\u00e9cial d\u2019\u00e9tudes<\/strong><\/mark><\/summary><div class=\"ab-accordion-text\">\n<p class=\"has-medium-font-size\">Le principe consiste \u00e0 permettre aux \u00e9tudiant\u00b7e\u00b7s inscrit\u00b7e\u00b7s sous le r\u00e9gime du contr\u00f4le continu de <strong>concilier le d\u00e9roulement de leurs \u00e9tudes avec des besoins sp\u00e9cifiques<\/strong>.<\/p>\n\n\n\n<p class=\"has-medium-font-size\">Sous certaines conditions, des am\u00e9nagements d\u2019examens sont possibles&nbsp;:<\/p>\n<\/div><\/details><\/div>\n\n\n\n<div class=\"wp-block-atomic-blocks-ab-accordion ab-block-accordion ab-font-size-24\"><details><summary class=\"ab-accordion-title\"><img loading=\"lazy\" decoding=\"async\" width=\"2864\" height=\"2033\" class=\"wp-image-2083\" style=\"width: 30px\" src=\"https:\/\/blogs.univ-tlse2.fr\/mes-premiers-pas\/files\/2023\/08\/Puce-Accordeon-Rouge.png\" alt=\"\" srcset=\"https:\/\/blogs.univ-tlse2.fr\/mes-premiers-pas\/files\/2023\/08\/Puce-Accordeon-Rouge.png 2864w, https:\/\/blogs.univ-tlse2.fr\/mes-premiers-pas\/files\/2023\/08\/Puce-Accordeon-Rouge-300x213.png 300w, https:\/\/blogs.univ-tlse2.fr\/mes-premiers-pas\/files\/2023\/08\/Puce-Accordeon-Rouge-1024x727.png 1024w, https:\/\/blogs.univ-tlse2.fr\/mes-premiers-pas\/files\/2023\/08\/Puce-Accordeon-Rouge-768x545.png 768w, https:\/\/blogs.univ-tlse2.fr\/mes-premiers-pas\/files\/2023\/08\/Puce-Accordeon-Rouge-1536x1090.png 1536w, https:\/\/blogs.univ-tlse2.fr\/mes-premiers-pas\/files\/2023\/08\/Puce-Accordeon-Rouge-2048x1454.png 2048w, https:\/\/blogs.univ-tlse2.fr\/mes-premiers-pas\/files\/2023\/08\/Puce-Accordeon-Rouge-500x355.png 500w, https:\/\/blogs.univ-tlse2.fr\/mes-premiers-pas\/files\/2023\/08\/Puce-Accordeon-Rouge-800x568.png 800w, https:\/\/blogs.univ-tlse2.fr\/mes-premiers-pas\/files\/2023\/08\/Puce-Accordeon-Rouge-1280x909.png 1280w, https:\/\/blogs.univ-tlse2.fr\/mes-premiers-pas\/files\/2023\/08\/Puce-Accordeon-Rouge-1920x1363.png 1920w\" sizes=\"auto, (max-width: 2864px) 100vw, 2864px\" \/><mark style=\"background-color:#f2f2f2;color:#2d9f7b\" class=\"has-inline-color\"><strong>Dispense d\u2019examen<\/strong><\/mark><\/summary><div class=\"ab-accordion-text\">\n<p class=\"has-medium-font-size\">En cas d\u2019<strong>absence justifi\u00e9e<\/strong> par le r\u00e9gime sp\u00e9cial d\u2019\u00e9tudes \u00e0 une <strong>\u00e9valuation interm\u00e9diaire<\/strong>, l\u2019\u00e9tudiant\u00b7e peut en demander la <strong>neutralisation<\/strong> : la note ne sera donc pas prise en compte dans le calcul de la moyenne.<\/p>\n\n\n\n<p class=\"has-vivid-red-color has-text-color has-link-color has-medium-font-size wp-elements-1a607dcf190ab1ad185f7215867ab4a1\">La neutralisation de l\u2019\u00e9valuation finale n\u2019est pas possible.<\/p>\n<\/div><\/details><\/div>\n\n\n\n<div class=\"wp-block-atomic-blocks-ab-accordion ab-block-accordion ab-font-size-24\"><details><summary class=\"ab-accordion-title\"><img loading=\"lazy\" decoding=\"async\" width=\"2864\" height=\"2033\" class=\"wp-image-2083\" style=\"width: 30px\" src=\"https:\/\/blogs.univ-tlse2.fr\/mes-premiers-pas\/files\/2023\/08\/Puce-Accordeon-Rouge.png\" alt=\"\" srcset=\"https:\/\/blogs.univ-tlse2.fr\/mes-premiers-pas\/files\/2023\/08\/Puce-Accordeon-Rouge.png 2864w, https:\/\/blogs.univ-tlse2.fr\/mes-premiers-pas\/files\/2023\/08\/Puce-Accordeon-Rouge-300x213.png 300w, https:\/\/blogs.univ-tlse2.fr\/mes-premiers-pas\/files\/2023\/08\/Puce-Accordeon-Rouge-1024x727.png 1024w, https:\/\/blogs.univ-tlse2.fr\/mes-premiers-pas\/files\/2023\/08\/Puce-Accordeon-Rouge-768x545.png 768w, https:\/\/blogs.univ-tlse2.fr\/mes-premiers-pas\/files\/2023\/08\/Puce-Accordeon-Rouge-1536x1090.png 1536w, https:\/\/blogs.univ-tlse2.fr\/mes-premiers-pas\/files\/2023\/08\/Puce-Accordeon-Rouge-2048x1454.png 2048w, https:\/\/blogs.univ-tlse2.fr\/mes-premiers-pas\/files\/2023\/08\/Puce-Accordeon-Rouge-500x355.png 500w, https:\/\/blogs.univ-tlse2.fr\/mes-premiers-pas\/files\/2023\/08\/Puce-Accordeon-Rouge-800x568.png 800w, https:\/\/blogs.univ-tlse2.fr\/mes-premiers-pas\/files\/2023\/08\/Puce-Accordeon-Rouge-1280x909.png 1280w, https:\/\/blogs.univ-tlse2.fr\/mes-premiers-pas\/files\/2023\/08\/Puce-Accordeon-Rouge-1920x1363.png 1920w\" sizes=\"auto, (max-width: 2864px) 100vw, 2864px\" \/><strong><mark style=\"background-color:#f2f2f2;color:#2d9f7b\" class=\"has-inline-color\">\u00c9valuation de remplacement<\/mark><\/strong><\/summary><div class=\"ab-accordion-text\">\n<p class=\"has-medium-font-size\">En cas d\u2019<strong>absence justifi\u00e9e <\/strong>par le r\u00e9gime sp\u00e9cial d\u2019\u00e9tudes \u00e0 une <strong>\u00e9valuation finale<\/strong>, il peut en demander le <strong>remplacement<\/strong>.<br>Il n\u2019est pas possible de d\u00e9poser une demande de remplacement pour une \u00e9valuation interm\u00e9diaire en cours de semestre, celle-ci peut seulement \u00eatre neutralis\u00e9e.<\/p>\n<\/div><\/details><\/div>\n\n\n\n<div style=\"height:21px\" aria-hidden=\"true\" class=\"wp-block-spacer\"><\/div>\n\n\n\n<p class=\"has-text-color has-medium-font-size\" style=\"color:#eb3a29\"><strong><sup><img loading=\"lazy\" decoding=\"async\" width=\"3524\" height=\"5719\" class=\"wp-image-2216\" style=\"width: 25px\" src=\"https:\/\/blogs.univ-tlse2.fr\/mes-premiers-pas\/files\/2023\/09\/A-Noter3.png\" alt=\"\" srcset=\"https:\/\/blogs.univ-tlse2.fr\/mes-premiers-pas\/files\/2023\/09\/A-Noter3.png 3524w, https:\/\/blogs.univ-tlse2.fr\/mes-premiers-pas\/files\/2023\/09\/A-Noter3-185x300.png 185w, https:\/\/blogs.univ-tlse2.fr\/mes-premiers-pas\/files\/2023\/09\/A-Noter3-631x1024.png 631w, https:\/\/blogs.univ-tlse2.fr\/mes-premiers-pas\/files\/2023\/09\/A-Noter3-768x1246.png 768w, https:\/\/blogs.univ-tlse2.fr\/mes-premiers-pas\/files\/2023\/09\/A-Noter3-946x1536.png 946w, https:\/\/blogs.univ-tlse2.fr\/mes-premiers-pas\/files\/2023\/09\/A-Noter3-1262x2048.png 1262w, https:\/\/blogs.univ-tlse2.fr\/mes-premiers-pas\/files\/2023\/09\/A-Noter3-500x811.png 500w, https:\/\/blogs.univ-tlse2.fr\/mes-premiers-pas\/files\/2023\/09\/A-Noter3-800x1298.png 800w, https:\/\/blogs.univ-tlse2.fr\/mes-premiers-pas\/files\/2023\/09\/A-Noter3-1280x2077.png 1280w, https:\/\/blogs.univ-tlse2.fr\/mes-premiers-pas\/files\/2023\/09\/A-Noter3-1920x3116.png 1920w\" sizes=\"auto, (max-width: 3524px) 100vw, 3524px\" \/><\/sup><\/strong> <strong>La neutralisation ou l\u2019\u00e9valuation de remplacement doivent \u00eatre d\u00e9pos\u00e9es pour chaque \u00e9valuation concern\u00e9e aupr\u00e8s de la scolarit\u00e9 de la composante p\u00e9dagogique de rattachement de l\u2019UE via un formulaire au plus tard 72h apr\u00e8s l\u2019\u00e9preuve. La date de l&rsquo;\u00e9valuation de remplacement est propos\u00e9e par la scolarit\u00e9 de la composante p\u00e9dagogique et ne peut pas faire l\u2019objet d\u2019une nouvelle justification d\u2019absence.<\/strong><\/p>\n\n\n\n<p class=\"has-medium-font-size\"><strong><a href=\"https:\/\/www.univ-tlse2.fr\/accueil\/formation-insertion\/inscriptions-scolarite\/regime-special-detudes\">En savoir + sur le r\u00e9gime sp\u00e9cial d&rsquo;\u00e9tudes<\/a><\/strong><\/p>\n\n\n\n<div class=\"wp-block-buttons is-content-justification-right is-layout-flex wp-container-core-buttons-is-layout-765c4724 wp-block-buttons-is-layout-flex\">\n<div class=\"wp-block-button is-style-outline is-style-outline--1\"><a class=\"wp-block-button__link wp-element-button\" href=\"https:\/\/www.univ-tlse2.fr\/accueil\/formation-insertion\/inscriptions-scolarite\/notes-et-resultats-dexamens\" style=\"border-radius:0px\" target=\"_blank\" rel=\"noreferrer noopener\">www.univ-tlse2.fr<br>Notes et r\u00e9sultats<\/a><\/div>\n<\/div>\n\n\n\n<p><\/p>\n","protected":false},"excerpt":{"rendered":"<p>La neutralisation ou l\u2019\u00e9valuation de remplacement doivent \u00eatre d\u00e9pos\u00e9es pour chaque \u00e9valuation concern\u00e9e aupr\u00e8s de la scolarit\u00e9 de la composante p\u00e9dagogique de rattachement de l\u2019UE via un formulaire au plus tard 72h apr\u00e8s l\u2019\u00e9preuve. La date de l&rsquo;\u00e9valuation de remplacement est propos\u00e9e par la scolarit\u00e9 de la composante p\u00e9dagogique et ne peut pas faire l\u2019objet [&hellip;]<\/p>\n","protected":false},"author":1145,"featured_media":0,"parent":0,"menu_order":0,"comment_status":"closed","ping_status":"closed","template":"","meta":{"_vp_format_video_url":"","_vp_image_focal_point":[],"footnotes":"","_links_to":"","_links_to_target":""},"class_list":["post-93","page","type-page","status-publish","hentry","entry"],"featured_image_src":null,"featured_image_src_square":null,"_links":{"self":[{"href":"https:\/\/blogs.univ-tlse2.fr\/mes-premiers-pas\/wp-json\/wp\/v2\/pages\/93","targetHints":{"allow":["GET"]}}],"collection":[{"href":"https:\/\/blogs.univ-tlse2.fr\/mes-premiers-pas\/wp-json\/wp\/v2\/pages"}],"about":[{"href":"https:\/\/blogs.univ-tlse2.fr\/mes-premiers-pas\/wp-json\/wp\/v2\/types\/page"}],"author":[{"embeddable":true,"href":"https:\/\/blogs.univ-tlse2.fr\/mes-premiers-pas\/wp-json\/wp\/v2\/users\/1145"}],"replies":[{"embeddable":true,"href":"https:\/\/blogs.univ-tlse2.fr\/mes-premiers-pas\/wp-json\/wp\/v2\/comments?post=93"}],"version-history":[{"count":31,"href":"https:\/\/blogs.univ-tlse2.fr\/mes-premiers-pas\/wp-json\/wp\/v2\/pages\/93\/revisions"}],"predecessor-version":[{"id":3519,"href":"https:\/\/blogs.univ-tlse2.fr\/mes-premiers-pas\/wp-json\/wp\/v2\/pages\/93\/revisions\/3519"}],"wp:attachment":[{"href":"https:\/\/blogs.univ-tlse2.fr\/mes-premiers-pas\/wp-json\/wp\/v2\/media?parent=93"}],"curies":[{"name":"wp","href":"https:\/\/api.w.org\/{rel}","templated":true}]}}