 {"id":3,"date":"2009-11-03T15:37:00","date_gmt":"2009-11-03T14:37:00","guid":{"rendered":"https:\/\/blogs.univ-tlse2.fr\/mordicus\/?page_id=3"},"modified":"2009-11-03T21:01:06","modified_gmt":"2009-11-03T20:01:06","slug":"accueil","status":"publish","type":"page","link":"https:\/\/blogs.univ-tlse2.fr\/mordicus\/accueil\/","title":{"rendered":"Pr\u00e9sentation"},"content":{"rendered":"<p style=\"text-align: justify\">Mordicus, jeune journal universitaire, est n\u00e9 dans l&rsquo;imagination de Nadine, \u00e9tudiante de Lettres Modernes et LEA \u00e0 l&rsquo;UTM.<\/p>\n<p style=\"text-align: justify\">Elle a r\u00e9ussi \u00e0 r\u00e9unir autour de ce projet de nombreux participants qui ont r\u00e9pondu \u00e0 l&rsquo;appel :\u00a0Laurent, Sabrina, Vivien, Pierre, Louise, Johan, Marine, Samba,&#8230;<br \/>\nSuite \u00e0 la p\u00e9riode agit\u00e9e du deuxi\u00e8me semestre de l&rsquo;an dernier, certains sont partis vers d&rsquo;autres horizons, d&rsquo;autres ont persist\u00e9. Apr\u00e8s avoir r\u00e9fl\u00e9chi, test\u00e9, t\u00e2tonn\u00e9, bref, apr\u00e8s bien des tours et des d\u00e9tours, l&rsquo;\u00e9quipe de r\u00e9daction est fi\u00e8re de vous pr\u00e9senter enfin la version num\u00e9rique de Mordicus, le journal fait pour et par vous, lecteurs.<\/p>\n","protected":false},"excerpt":{"rendered":"<p>Mordicus, jeune journal universitaire, est n\u00e9 dans l&rsquo;imagination de Nadine, \u00e9tudiante de Lettres Modernes et LEA \u00e0 l&rsquo;UTM. Elle a r\u00e9ussi \u00e0 r\u00e9unir autour de ce projet de nombreux participants qui ont r\u00e9pondu \u00e0 l&rsquo;appel :\u00a0Laurent, Sabrina, Vivien, Pierre, Louise, Johan, Marine, Samba,&#8230; Suite \u00e0 la p\u00e9riode agit\u00e9e du deuxi\u00e8me semestre de l&rsquo;an dernier, certains [&hellip;]<\/p>\n","protected":false},"author":18,"featured_media":0,"parent":0,"menu_order":1,"comment_status":"open","ping_status":"open","template":"","meta":{"footnotes":""},"class_list":["post-3","page","type-page","status-publish","hentry"],"_links":{"self":[{"href":"https:\/\/blogs.univ-tlse2.fr\/mordicus\/wp-json\/wp\/v2\/pages\/3","targetHints":{"allow":["GET"]}}],"collection":[{"href":"https:\/\/blogs.univ-tlse2.fr\/mordicus\/wp-json\/wp\/v2\/pages"}],"about":[{"href":"https:\/\/blogs.univ-tlse2.fr\/mordicus\/wp-json\/wp\/v2\/types\/page"}],"author":[{"embeddable":true,"href":"https:\/\/blogs.univ-tlse2.fr\/mordicus\/wp-json\/wp\/v2\/users\/18"}],"replies":[{"embeddable":true,"href":"https:\/\/blogs.univ-tlse2.fr\/mordicus\/wp-json\/wp\/v2\/comments?post=3"}],"version-history":[{"count":12,"href":"https:\/\/blogs.univ-tlse2.fr\/mordicus\/wp-json\/wp\/v2\/pages\/3\/revisions"}],"predecessor-version":[{"id":13,"href":"https:\/\/blogs.univ-tlse2.fr\/mordicus\/wp-json\/wp\/v2\/pages\/3\/revisions\/13"}],"wp:attachment":[{"href":"https:\/\/blogs.univ-tlse2.fr\/mordicus\/wp-json\/wp\/v2\/media?parent=3"}],"curies":[{"name":"wp","href":"https:\/\/api.w.org\/{rel}","templated":true}]}}