 {"id":30,"date":"2009-11-03T16:25:20","date_gmt":"2009-11-03T15:25:20","guid":{"rendered":"https:\/\/blogs.univ-tlse2.fr\/mordicus\/?page_id=30"},"modified":"2010-01-14T12:48:07","modified_gmt":"2010-01-14T11:48:07","slug":"infos-pratiques","status":"publish","type":"page","link":"https:\/\/blogs.univ-tlse2.fr\/mordicus\/infos-pratiques\/","title":{"rendered":"Infos pratiques"},"content":{"rendered":"<ul>\n<li><strong><em>Comment nous contacter ?<\/em><\/strong><\/li>\n<\/ul>\n<p>Nous sommes joignables par mail : <a href=\"&#x6d;&#x61;&#x69;&#x6c;&#x74;&#x6f;&#x3a;&#x6d;&#x6f;&#x72;&#x64;&#105;&#99;&#117;&#115;&#46;mf&#64;gmail&#x2e;&#x63;&#x6f;&#x6d;\">&#109;&#x6f;r&#x64;i&#99;&#x75;s&#x2e;m&#x66;&#64;&#103;&#x6d;a&#x69;l&#x2e;&#x63;&#111;&#x6d;<\/a>.<\/p>\n<ul>\n<li><strong><em>O\u00f9 nous trouver ?<\/em><\/strong><\/li>\n<\/ul>\n<p>Nous aurons bient\u00f4t un local \u00e0 la MIE (Maison des Initiatives Etudiantes), ex-MDE, \u00e0 c\u00f4t\u00e9 du restau U. Nous serons \u00e9galement pr\u00e9sents sur la fac lors des distributions du journal papier.<\/p>\n<ul>\n<li><strong><em>Comment participer ?<\/em><\/strong><\/li>\n<\/ul>\n<p>En envoyant vos contributions par mail de pr\u00e9f\u00e9rence aux formats :<br \/>\n&#8211;\u00a0pour les textes : .doc, .odf, .pdf, .txt, .rtf\u00a0;<br \/>\n&#8211;\u00a0pour les images :\u00a0.jpg, .gif, .png<br \/>\navec nos noms et pr\u00e9noms (ou votre pseudo si vous pr\u00e9f\u00e9rez).<br \/>\nPour les autres documents (notamment les vid\u00e9os&#8230;) : nous contacter pr\u00e9alablement.<\/p>\n","protected":false},"excerpt":{"rendered":"<p>Comment nous contacter ? Nous sommes joignables par mail : m&#x6f;&#x72;d&#105;&#x63;us&#x2e;&#x6d;f&#64;&#x67;ma&#x69;&#x6c;&#46;&#99;&#x6f;m. O\u00f9 nous trouver ? Nous aurons bient\u00f4t un local \u00e0 la MIE (Maison des Initiatives Etudiantes), ex-MDE, \u00e0 c\u00f4t\u00e9 du restau U. Nous serons \u00e9galement pr\u00e9sents sur la fac lors des distributions du journal papier. Comment participer ? En envoyant vos contributions par mail [&hellip;]<\/p>\n","protected":false},"author":18,"featured_media":0,"parent":0,"menu_order":3,"comment_status":"open","ping_status":"open","template":"","meta":{"footnotes":""},"class_list":["post-30","page","type-page","status-publish","hentry"],"_links":{"self":[{"href":"https:\/\/blogs.univ-tlse2.fr\/mordicus\/wp-json\/wp\/v2\/pages\/30","targetHints":{"allow":["GET"]}}],"collection":[{"href":"https:\/\/blogs.univ-tlse2.fr\/mordicus\/wp-json\/wp\/v2\/pages"}],"about":[{"href":"https:\/\/blogs.univ-tlse2.fr\/mordicus\/wp-json\/wp\/v2\/types\/page"}],"author":[{"embeddable":true,"href":"https:\/\/blogs.univ-tlse2.fr\/mordicus\/wp-json\/wp\/v2\/users\/18"}],"replies":[{"embeddable":true,"href":"https:\/\/blogs.univ-tlse2.fr\/mordicus\/wp-json\/wp\/v2\/comments?post=30"}],"version-history":[{"count":5,"href":"https:\/\/blogs.univ-tlse2.fr\/mordicus\/wp-json\/wp\/v2\/pages\/30\/revisions"}],"predecessor-version":[{"id":122,"href":"https:\/\/blogs.univ-tlse2.fr\/mordicus\/wp-json\/wp\/v2\/pages\/30\/revisions\/122"}],"wp:attachment":[{"href":"https:\/\/blogs.univ-tlse2.fr\/mordicus\/wp-json\/wp\/v2\/media?parent=30"}],"curies":[{"name":"wp","href":"https:\/\/api.w.org\/{rel}","templated":true}]}}