 {"id":34,"date":"2009-11-03T16:30:11","date_gmt":"2009-11-03T15:30:11","guid":{"rendered":"https:\/\/blogs.univ-tlse2.fr\/mordicus\/?page_id=34"},"modified":"2009-11-20T11:32:09","modified_gmt":"2009-11-20T10:32:09","slug":"rubriques","status":"publish","type":"page","link":"https:\/\/blogs.univ-tlse2.fr\/mordicus\/rubriques\/","title":{"rendered":"Rubriques"},"content":{"rendered":"<p>COURRIER DES LECTEURS<\/p>\n<p><a href=\"https:\/\/blogs.univ-tlse2.fr\/mordicus\/category\/culturel\/\">CULTUREL<\/a><\/p>\n<p>\u2014 Agenda<br \/>\n\u2014 Cin\u00e9ma<br \/>\n\u2014 Conf\u00e9rences<br \/>\n\u2014 Expositions<br \/>\n\u2014 Mus\u00e9es<br \/>\n\u2014 Musique<br \/>\n\u2014 Sorties litt\u00e9raires<br \/>\n\u2014 Th\u00e9\u00e2tre<\/p>\n<p>JEUNES TALENTS DU MIRAIL <span style=\"font-size: xx-small\">&#8230;et plus largement de Toulouse Artistes en tous genres : bienvenue !<\/span><\/p>\n<p><a href=\"https:\/\/blogs.univ-tlse2.fr\/mordicus\/category\/litteraire\">LITTERAIRE<\/a><br \/>\n\u2014 Graine d&rsquo;auteurs Tous styles : po\u00e9sie, fiction, chanson\u2026<br \/>\n\u2014 Rubrique Philosophique <span style=\"font-size: xx-small\">\u00ab\u00a0Et si&#8230;\u00a0\u00bb<\/span><\/p>\n<p><a href=\"https:\/\/blogs.univ-tlse2.fr\/mordicus\/category\/societe\">SOCIETE<\/a><br \/>\n\u2014 Faits sociaux<br \/>\n\u2014 T\u00e9moignages<\/p>\n<p><a href=\"https:\/\/blogs.univ-tlse2.fr\/mordicus\/category\/sport\">SPORTS<\/a><\/p>\n<p>TRIBUNE OUVERTE\u00a0 D\u00e9battez sur un sujet lanc\u00e9 par un lecteur ou un membre de la r\u00e9daction&#8230;<\/p>\n<p><a href=\"https:\/\/blogs.univ-tlse2.fr\/mordicus\/category\/vie-etudiante\/\">VIE ETUDIANTE<\/a><br \/>\n\u2014 \u00ab\u00a0Gal\u00e8res d&rsquo;\u00e9tudiants\u00a0\u00bb<br \/>\n\u2014 Bons plans<br \/>\n\u2014 Orientation<br \/>\n\u2014 Petites annonces<br \/>\n\u2014 T\u00e9moignez<br \/>\n\u2014 Vie de la fac \/ des facs<\/p>\n","protected":false},"excerpt":{"rendered":"<p>COURRIER DES LECTEURS CULTUREL \u2014 Agenda \u2014 Cin\u00e9ma \u2014 Conf\u00e9rences \u2014 Expositions \u2014 Mus\u00e9es \u2014 Musique \u2014 Sorties litt\u00e9raires \u2014 Th\u00e9\u00e2tre JEUNES TALENTS DU MIRAIL &#8230;et plus largement de Toulouse Artistes en tous genres : bienvenue ! LITTERAIRE \u2014 Graine d&rsquo;auteurs Tous styles : po\u00e9sie, fiction, chanson\u2026 \u2014 Rubrique Philosophique \u00ab\u00a0Et si&#8230;\u00a0\u00bb SOCIETE \u2014 Faits [&hellip;]<\/p>\n","protected":false},"author":18,"featured_media":0,"parent":0,"menu_order":0,"comment_status":"open","ping_status":"open","template":"","meta":{"footnotes":""},"class_list":["post-34","page","type-page","status-publish","hentry"],"_links":{"self":[{"href":"https:\/\/blogs.univ-tlse2.fr\/mordicus\/wp-json\/wp\/v2\/pages\/34","targetHints":{"allow":["GET"]}}],"collection":[{"href":"https:\/\/blogs.univ-tlse2.fr\/mordicus\/wp-json\/wp\/v2\/pages"}],"about":[{"href":"https:\/\/blogs.univ-tlse2.fr\/mordicus\/wp-json\/wp\/v2\/types\/page"}],"author":[{"embeddable":true,"href":"https:\/\/blogs.univ-tlse2.fr\/mordicus\/wp-json\/wp\/v2\/users\/18"}],"replies":[{"embeddable":true,"href":"https:\/\/blogs.univ-tlse2.fr\/mordicus\/wp-json\/wp\/v2\/comments?post=34"}],"version-history":[{"count":13,"href":"https:\/\/blogs.univ-tlse2.fr\/mordicus\/wp-json\/wp\/v2\/pages\/34\/revisions"}],"predecessor-version":[{"id":62,"href":"https:\/\/blogs.univ-tlse2.fr\/mordicus\/wp-json\/wp\/v2\/pages\/34\/revisions\/62"}],"wp:attachment":[{"href":"https:\/\/blogs.univ-tlse2.fr\/mordicus\/wp-json\/wp\/v2\/media?parent=34"}],"curies":[{"name":"wp","href":"https:\/\/api.w.org\/{rel}","templated":true}]}}