 {"id":124,"date":"2021-01-21T11:26:48","date_gmt":"2021-01-21T10:26:48","guid":{"rendered":"https:\/\/blogs.univ-tlse2.fr\/mp2i\/?page_id=124"},"modified":"2025-02-10T13:23:20","modified_gmt":"2025-02-10T12:23:20","slug":"debouches","status":"publish","type":"page","link":"https:\/\/blogs.univ-tlse2.fr\/mp2i\/debouches\/","title":{"rendered":"D\u00e9bouch\u00e9s"},"content":{"rendered":"\n<p>Vous  trouverez sur cette page les principaux d\u00e9bouch\u00e9s du dipl\u00f4me et des t\u00e9moignages d&rsquo;anciens \u00e9tudiants.<\/p>\n\n\n\n<p>100% d&rsquo;insertion professionnelle \u00e0 18 mois selon la derni\u00e8re enqu\u00eate de l&rsquo;Observatoire de la vie \u00e9tudiante dont 60% en emploi mois d&rsquo;un mois suivant l&rsquo;obtention du dipl\u00f4me.<\/p>\n\n\n\n<h2 class=\"wp-block-heading\">M\u00e9tiers accessibles<\/h2>\n\n\n\n<p>Le Master offre des perspectives professionnelles vari\u00e9es, en lien avec la tendance au d\u00e9veloppement des approches projets dans les organisations. A titre indicatif, voici une liste des principaux m\u00e9tiers accessibles :<\/p>\n\n\n\n<ul class=\"wp-block-list\">\n<li>Assistant puis Chef de projet en industrie (PMO)<\/li>\n\n\n\n<li>Chef de projet R&amp;D et innovation<\/li>\n\n\n\n<li>Consultant expert dans le domaine de l&rsquo;ing\u00e9nierie de projet<\/li>\n\n\n\n<li>Charg\u00e9 de mission soutien et appui \u00e0 l&rsquo;innovation<\/li>\n\n\n\n<li>Chef de projet dans des administrations et des ONG<\/li>\n\n\n\n<li>Chef d&rsquo;entreprise\/Dirigeant de soci\u00e9t\u00e9<\/li>\n\n\n\n<li>Responsable m\u00e9thodes qualit\u00e9<\/li>\n\n\n\n<li>Ing\u00e9nieur d&rsquo;affaires<\/li>\n<\/ul>\n\n\n\n<h2 class=\"wp-block-heading\">Secteurs d&rsquo;activit\u00e9s<\/h2>\n\n\n\n<p>Le Master forme des futurs chefs de projet capables d&rsquo;\u00e9voluer dans des environnements sectoriels multiples:<\/p>\n\n\n\n<ul class=\"wp-block-list\">\n<li>A\u00e9ronautique<\/li>\n\n\n\n<li>B\u00e2timent<\/li>\n\n\n\n<li>Agroalimentaire<\/li>\n\n\n\n<li>Sant\u00e9<\/li>\n\n\n\n<li>Conseil et expertise<\/li>\n\n\n\n<li>Administration territoriale<\/li>\n\n\n\n<li>D\u00e9veloppement \u00e9conomique<\/li>\n<\/ul>\n\n\n\n<h2 class=\"wp-block-heading\">Poursuite d&rsquo;\u00e9tude<\/h2>\n\n\n\n<p>Pour les \u00e9tudiants souhaitant continuer leur cursus universitaire, il est possible de poursuivre de s&rsquo;inscrire en th\u00e8se de doctorat en Sciences de Gestion ou en Sciences \u00c9conomiques. <\/p>\n","protected":false},"excerpt":{"rendered":"<p>Vous trouverez sur cette page les principaux d\u00e9bouch\u00e9s du dipl\u00f4me et des t\u00e9moignages d&rsquo;anciens \u00e9tudiants. 100% d&rsquo;insertion professionnelle \u00e0 18 mois selon la derni\u00e8re enqu\u00eate de l&rsquo;Observatoire de la vie \u00e9tudiante dont 60% en emploi mois d&rsquo;un mois suivant l&rsquo;obtention du dipl\u00f4me. M\u00e9tiers accessibles Le Master offre des perspectives professionnelles vari\u00e9es, en lien avec la [&hellip;]<\/p>\n","protected":false},"author":883,"featured_media":0,"parent":0,"menu_order":0,"comment_status":"closed","ping_status":"closed","template":"","meta":{"footnotes":""},"class_list":["post-124","page","type-page","status-publish","hentry","post-preview"],"_links":{"self":[{"href":"https:\/\/blogs.univ-tlse2.fr\/mp2i\/wp-json\/wp\/v2\/pages\/124","targetHints":{"allow":["GET"]}}],"collection":[{"href":"https:\/\/blogs.univ-tlse2.fr\/mp2i\/wp-json\/wp\/v2\/pages"}],"about":[{"href":"https:\/\/blogs.univ-tlse2.fr\/mp2i\/wp-json\/wp\/v2\/types\/page"}],"author":[{"embeddable":true,"href":"https:\/\/blogs.univ-tlse2.fr\/mp2i\/wp-json\/wp\/v2\/users\/883"}],"replies":[{"embeddable":true,"href":"https:\/\/blogs.univ-tlse2.fr\/mp2i\/wp-json\/wp\/v2\/comments?post=124"}],"version-history":[{"count":6,"href":"https:\/\/blogs.univ-tlse2.fr\/mp2i\/wp-json\/wp\/v2\/pages\/124\/revisions"}],"predecessor-version":[{"id":396,"href":"https:\/\/blogs.univ-tlse2.fr\/mp2i\/wp-json\/wp\/v2\/pages\/124\/revisions\/396"}],"wp:attachment":[{"href":"https:\/\/blogs.univ-tlse2.fr\/mp2i\/wp-json\/wp\/v2\/media?parent=124"}],"curies":[{"name":"wp","href":"https:\/\/api.w.org\/{rel}","templated":true}]}}