 {"id":19,"date":"2021-01-19T10:40:12","date_gmt":"2021-01-19T09:40:12","guid":{"rendered":"https:\/\/blogs.univ-tlse2.fr\/mp2i\/?page_id=19"},"modified":"2026-02-16T15:58:27","modified_gmt":"2026-02-16T14:58:27","slug":"accueil","status":"publish","type":"page","link":"https:\/\/blogs.univ-tlse2.fr\/mp2i\/","title":{"rendered":"Bienvenue sur le site du Master MP2I"},"content":{"rendered":"\n<p class=\"has-dark-gray-color has-text-color has-background\" style=\"background-color:#ffffff9c\">Le Master MP2I, Management de Projets Industriels et Innovants, rattach\u00e9 \u00e0 la Mention Sciences Sociales de l&rsquo;Universit\u00e9 Toulouse II Jean Jaur\u00e8s propose des enseignements dans le domaine de la gestion de projets industriels et innovants.<\/p>\n\n\n\n<p>Cliquez pour voir notre vid\u00e9o de pr\u00e9sentation:<\/p>\n\n\n\n<figure class=\"wp-block-image size-large\"><a href=\"https:\/\/prismes.univ-toulouse.fr\/player.php?code=2IJJIDCy&amp;width=100%25&amp;height=100%25&amp;lang=FR\"><img loading=\"lazy\" decoding=\"async\" width=\"1024\" height=\"575\" src=\"https:\/\/blogs.univ-tlse2.fr\/mp2i\/files\/2026\/02\/generated-image7-1024x575.jpg\" alt=\"\" class=\"wp-image-444\" srcset=\"https:\/\/blogs.univ-tlse2.fr\/mp2i\/files\/2026\/02\/generated-image7-1024x575.jpg 1024w, https:\/\/blogs.univ-tlse2.fr\/mp2i\/files\/2026\/02\/generated-image7-300x169.jpg 300w, https:\/\/blogs.univ-tlse2.fr\/mp2i\/files\/2026\/02\/generated-image7-768x431.jpg 768w, https:\/\/blogs.univ-tlse2.fr\/mp2i\/files\/2026\/02\/generated-image7-1536x863.jpg 1536w, https:\/\/blogs.univ-tlse2.fr\/mp2i\/files\/2026\/02\/generated-image7-2048x1151.jpg 2048w, https:\/\/blogs.univ-tlse2.fr\/mp2i\/files\/2026\/02\/generated-image7-676x380.jpg 676w\" sizes=\"auto, (max-width: 1024px) 100vw, 1024px\" \/><\/a><\/figure>\n\n\n\n<p><\/p>\n\n\n\n<p>Ce parcours (M1 et M2) permet aux \u00e9tudiants d\u2019occuper des postes de cadre dans l\u2019industrie (a\u00e9ronautique, automobile, BTP, agroalimentaire, services\u2026), de consultant ou d\u2019expert dans l\u2019appui \u00e0 l\u2019innovation.<\/p>\n\n\n\n<p>L\u2019enseignement et l\u2019insertion professionnelle sont encadr\u00e9s par une \u00e9quipe pluridisciplinaire compos\u00e9e d\u2019universitaires et de professionnels sp\u00e9cialistes du domaine.<\/p>\n\n\n\n<p>La formation est partenaire du PMI France (<strong><a href=\"https:\/\/pmi-france.org\/\">cliquez pour <\/a><a href=\"https:\/\/pmi-france.org\/\" target=\"_blank\" rel=\"noreferrer noopener\">en <\/a><a href=\"https:\/\/pmi-france.org\/\">savoir plus<\/a><\/strong>).<\/p>\n\n\n<div class=\"wp-block-image\">\n<figure class=\"aligncenter size-large\"><img loading=\"lazy\" decoding=\"async\" width=\"1024\" height=\"392\" src=\"https:\/\/blogs.univ-tlse2.fr\/mp2i\/files\/2023\/09\/pmi_chp_logo_france_hrz_fc_rgb-1024x392.png\" alt=\"\" class=\"wp-image-310\" srcset=\"https:\/\/blogs.univ-tlse2.fr\/mp2i\/files\/2023\/09\/pmi_chp_logo_france_hrz_fc_rgb-1024x392.png 1024w, https:\/\/blogs.univ-tlse2.fr\/mp2i\/files\/2023\/09\/pmi_chp_logo_france_hrz_fc_rgb-300x115.png 300w, https:\/\/blogs.univ-tlse2.fr\/mp2i\/files\/2023\/09\/pmi_chp_logo_france_hrz_fc_rgb-768x294.png 768w, https:\/\/blogs.univ-tlse2.fr\/mp2i\/files\/2023\/09\/pmi_chp_logo_france_hrz_fc_rgb-676x258.png 676w, https:\/\/blogs.univ-tlse2.fr\/mp2i\/files\/2023\/09\/pmi_chp_logo_france_hrz_fc_rgb.png 1360w\" sizes=\"auto, (max-width: 1024px) 100vw, 1024px\" \/><\/figure>\n<\/div>\n\n\n<div class=\"wp-block-buttons is-layout-flex wp-block-buttons-is-layout-flex\">\n<div class=\"wp-block-button\"><a class=\"wp-block-button__link wp-element-button\" href=\"https:\/\/blogs.univ-tlse2.fr\/mp2i\/a-propos\/\">En savoir plus<\/a><\/div>\n<\/div>\n\n\n\n<hr class=\"wp-block-separator has-css-opacity\" \/>\n\n\n\n<p><strong>L&rsquo;actualit\u00e9 du Master: <\/strong><\/p>\n\n\n<ul class=\"wp-block-latest-posts__list wp-block-latest-posts\"><li><a class=\"wp-block-latest-posts__post-title\" href=\"https:\/\/blogs.univ-tlse2.fr\/mp2i\/2026\/02\/27\/retour-sur-le-concours-deloquence-2026-du-master-mp2i\/\">Retour sur le concours d\u2019\u00e9loquence 2026 du Master MP2I<\/a><\/li>\n<li><a class=\"wp-block-latest-posts__post-title\" href=\"https:\/\/blogs.univ-tlse2.fr\/mp2i\/2026\/02\/23\/%f0%9f%8e%93-candidatures-ouvertes-master-management-de-projets-industriels-et-innovants-mp2i\/\">\ud83c\udf93 CANDIDATURES OUVERTES \u2013 Master Management de Projets Industriels et Innovants (MP2I)<\/a><\/li>\n<li><a class=\"wp-block-latest-posts__post-title\" href=\"https:\/\/blogs.univ-tlse2.fr\/mp2i\/2026\/02\/16\/decouvrez-le-master-mp2i-management-de-projets-industriels-et-innovants\/\">D\u00e9couvrez le Master MP2I : Management de Projets Industriels et Innovants<\/a><\/li>\n<li><a class=\"wp-block-latest-posts__post-title\" href=\"https:\/\/blogs.univ-tlse2.fr\/mp2i\/2026\/02\/13\/le-master-mp2i-vous-donne-rendez-vous-aux-journees-portes-ouvertes-de-luniversite-toulouse-jean-jaures\/\">Le Master MP2I vous donne rendez-vous aux Journ\u00e9es Portes Ouvertes de l\u2019Universit\u00e9 Toulouse \u2013 Jean Jaur\u00e8s<\/a><\/li>\n<li><a class=\"wp-block-latest-posts__post-title\" href=\"https:\/\/blogs.univ-tlse2.fr\/mp2i\/2026\/02\/02\/le-concours-deloquence-annuel-du-master-mp2i-revient-a-luniversite-toulouse-jean-jaures-le-12-fevrier-prochain-en-partenariat-avec-lart-de-dire-pour-une-edition-encore-plu\/\">Le concours d\u2019\u00e9loquence annuel du Master MP2I revient \u00e0 l\u2019Universit\u00e9 Toulouse Jean Jaur\u00e8s le 12 f\u00e9vrier prochain, en partenariat avec L\u2019art de dire, pour une \u00e9dition encore plus ambitieuse ouverte \u00e0 toutes et tous.<\/a><\/li>\n<\/ul>\n\n\n<hr class=\"wp-block-separator has-css-opacity\" \/>\n\n\n\n<p>Vous pouvez aussi retrouver des informations sur le site de l&rsquo;UT2J : <a rel=\"noreferrer noopener\" href=\"https:\/\/www.univ-tlse2.fr\/\" target=\"_blank\">https:\/\/www.univ-tlse2.fr\/<\/a><\/p>\n","protected":false},"excerpt":{"rendered":"<p>Le Master MP2I, Management de Projets Industriels et Innovants, rattach\u00e9 \u00e0 la Mention Sciences Sociales de l&rsquo;Universit\u00e9 Toulouse II Jean Jaur\u00e8s propose des enseignements dans le domaine de la gestion de projets industriels et innovants. Cliquez pour voir notre vid\u00e9o de pr\u00e9sentation: Ce parcours (M1 et M2) permet aux \u00e9tudiants d\u2019occuper des postes de cadre [&hellip;]<\/p>\n","protected":false},"author":883,"featured_media":0,"parent":0,"menu_order":0,"comment_status":"closed","ping_status":"closed","template":"","meta":{"footnotes":""},"class_list":["post-19","page","type-page","status-publish","hentry","post-preview"],"_links":{"self":[{"href":"https:\/\/blogs.univ-tlse2.fr\/mp2i\/wp-json\/wp\/v2\/pages\/19","targetHints":{"allow":["GET"]}}],"collection":[{"href":"https:\/\/blogs.univ-tlse2.fr\/mp2i\/wp-json\/wp\/v2\/pages"}],"about":[{"href":"https:\/\/blogs.univ-tlse2.fr\/mp2i\/wp-json\/wp\/v2\/types\/page"}],"author":[{"embeddable":true,"href":"https:\/\/blogs.univ-tlse2.fr\/mp2i\/wp-json\/wp\/v2\/users\/883"}],"replies":[{"embeddable":true,"href":"https:\/\/blogs.univ-tlse2.fr\/mp2i\/wp-json\/wp\/v2\/comments?post=19"}],"version-history":[{"count":23,"href":"https:\/\/blogs.univ-tlse2.fr\/mp2i\/wp-json\/wp\/v2\/pages\/19\/revisions"}],"predecessor-version":[{"id":445,"href":"https:\/\/blogs.univ-tlse2.fr\/mp2i\/wp-json\/wp\/v2\/pages\/19\/revisions\/445"}],"wp:attachment":[{"href":"https:\/\/blogs.univ-tlse2.fr\/mp2i\/wp-json\/wp\/v2\/media?parent=19"}],"curies":[{"name":"wp","href":"https:\/\/api.w.org\/{rel}","templated":true}]}}