 {"id":49,"date":"2021-01-19T16:02:08","date_gmt":"2021-01-19T15:02:08","guid":{"rendered":"https:\/\/blogs.univ-tlse2.fr\/mp2i\/?page_id=49"},"modified":"2025-01-31T14:37:09","modified_gmt":"2025-01-31T13:37:09","slug":"equipe-pedagogique","status":"publish","type":"page","link":"https:\/\/blogs.univ-tlse2.fr\/mp2i\/equipe-pedagogique\/","title":{"rendered":"Equipe p\u00e9dagogique"},"content":{"rendered":"\n<h2 class=\"wp-block-heading\">Responsables<\/h2>\n\n\n\n<p>Philippe JEAN-AMANS &#8211; philippe.jean-amans [at] univ-tlse2.fr<\/p>\n\n\n\n<p>Geoffroy LABROUCHE &#8211; geoffroy.labrouche [at] univ-tlse2.fr<\/p>\n\n\n\n<p>Fr\u00e9d\u00e9ric RODRIGUEZ &#8211; frederic.rodriguez [at] univ-tlse2.fr<\/p>\n\n\n\n<p><\/p>\n\n\n\n<h2 class=\"wp-block-heading\">Gestionnaire de scolarit\u00e9<\/h2>\n\n\n\n<div class=\"wp-block-group\"><div class=\"wp-block-group__inner-container is-layout-flow wp-block-group-is-layout-flow\">\n<p>Mme Baraka Ahamada &#8211; baraka.ahamada [at] univ-tlse2.fr<\/p>\n\n\n\n<p><\/p>\n<\/div><\/div>\n\n\n\n<hr class=\"wp-block-separator has-css-opacity\" \/>\n\n\n\n<h2 class=\"wp-block-heading\">Conseil de perfectionnement<\/h2>\n\n\n\n<p>Le conseil de perfectionnement du Master se r\u00e9unit au moins 2 fois par an. Il est compos\u00e9 d&rsquo;universitaires et de professionnels. La composition actuelle est la suivante:<\/p>\n\n\n\n<ul class=\"wp-block-list\">\n<li>Composition \u00e0 venir pour 2025\/2026<\/li>\n<\/ul>\n\n\n\n<p><\/p>\n","protected":false},"excerpt":{"rendered":"<p>Responsables Philippe JEAN-AMANS &#8211; philippe.jean-amans [at] univ-tlse2.fr Geoffroy LABROUCHE &#8211; geoffroy.labrouche [at] univ-tlse2.fr Fr\u00e9d\u00e9ric RODRIGUEZ &#8211; frederic.rodriguez [at] univ-tlse2.fr Gestionnaire de scolarit\u00e9 Mme Baraka Ahamada &#8211; baraka.ahamada [at] univ-tlse2.fr Conseil de perfectionnement Le conseil de perfectionnement du Master se r\u00e9unit au moins 2 fois par an. Il est compos\u00e9 d&rsquo;universitaires et de professionnels. La composition [&hellip;]<\/p>\n","protected":false},"author":883,"featured_media":0,"parent":0,"menu_order":0,"comment_status":"closed","ping_status":"closed","template":"","meta":{"footnotes":""},"class_list":["post-49","page","type-page","status-publish","hentry","post-preview"],"_links":{"self":[{"href":"https:\/\/blogs.univ-tlse2.fr\/mp2i\/wp-json\/wp\/v2\/pages\/49","targetHints":{"allow":["GET"]}}],"collection":[{"href":"https:\/\/blogs.univ-tlse2.fr\/mp2i\/wp-json\/wp\/v2\/pages"}],"about":[{"href":"https:\/\/blogs.univ-tlse2.fr\/mp2i\/wp-json\/wp\/v2\/types\/page"}],"author":[{"embeddable":true,"href":"https:\/\/blogs.univ-tlse2.fr\/mp2i\/wp-json\/wp\/v2\/users\/883"}],"replies":[{"embeddable":true,"href":"https:\/\/blogs.univ-tlse2.fr\/mp2i\/wp-json\/wp\/v2\/comments?post=49"}],"version-history":[{"count":7,"href":"https:\/\/blogs.univ-tlse2.fr\/mp2i\/wp-json\/wp\/v2\/pages\/49\/revisions"}],"predecessor-version":[{"id":378,"href":"https:\/\/blogs.univ-tlse2.fr\/mp2i\/wp-json\/wp\/v2\/pages\/49\/revisions\/378"}],"wp:attachment":[{"href":"https:\/\/blogs.univ-tlse2.fr\/mp2i\/wp-json\/wp\/v2\/media?parent=49"}],"curies":[{"name":"wp","href":"https:\/\/api.w.org\/{rel}","templated":true}]}}