 {"id":50,"date":"2021-01-19T16:02:08","date_gmt":"2021-01-19T15:02:08","guid":{"rendered":"https:\/\/blogs.univ-tlse2.fr\/mp2i\/?page_id=50"},"modified":"2026-01-28T10:13:03","modified_gmt":"2026-01-28T09:13:03","slug":"admission","status":"publish","type":"page","link":"https:\/\/blogs.univ-tlse2.fr\/mp2i\/admission\/","title":{"rendered":"Modalit\u00e9s d&rsquo;acc\u00e8s et admission"},"content":{"rendered":"\n<p class=\"has-text-align-left has-background\" style=\"background-color:#c4dbe5\">Les candidatures pour l&rsquo;ann\u00e9e 2026\/2027 ont lieu sur la Plateforme Mon Master.<br>Vous retrouverez le Master MP2I dans la Mention <strong>Sciences Sociales<\/strong> de l&rsquo;Universit\u00e9 Toulouse 2.<br><br>Dates de d\u00e9p\u00f4t des candidatures: 17 f\u00e9vrier 2026 au 16 mars 2026<\/p>\n\n\n\n<p><strong>IMPORTANT: <\/strong> pour les \u00e9tudiants souhaitant candidater pour une entr\u00e9e directe en M2, les s\u00e9lections se feront via la plateforme \u00ab\u00a0Ecandidat\u00a0\u00bb de l&rsquo;UT2J.<\/p>\n\n\n\n<p><\/p>\n\n\n\n<p><\/p>\n\n\n\n<h2 class=\"wp-block-heading\" id=\"effectifs\">Effectifs<\/h2>\n\n\n\n<p>Les promotions sont compos\u00e9es d&rsquo;un vingtaine d&rsquo;\u00e9tudiants par an.<\/p>\n\n\n\n<h2 class=\"wp-block-heading\" id=\"formations-requises\">Formations requises<\/h2>\n\n\n\n<ul class=\"wp-block-list\">\n<li>En M1 : niveau licence ou \u00e9quivalent dans les domaines de la gestion ou sciences humaines<\/li>\n\n\n\n<li>En M2 : niveau M1 ou \u00e9quivalent ou exp\u00e9rience dans le domaine industriel<\/li>\n\n\n\n<li>Possibilit\u00e9 de VAE et de VA85 pour les reprises d\u2019\u00e9tudes (<a href=\"https:\/\/www.univ-tlse2.fr\/accueil\/formation-insertion\/formation-continue\" data-type=\"URL\" data-id=\"https:\/\/www.univ-tlse2.fr\/accueil\/formation-insertion\/formation-continue\" target=\"_blank\" rel=\"noreferrer noopener\">plus d&rsquo;informations&#8230;<\/a>)<\/li>\n<\/ul>\n\n\n\n<h2 class=\"wp-block-heading\" id=\"modalites-de-candidature\">Modalit\u00e9s de candidature<\/h2>\n\n\n\n<ul class=\"wp-block-list\">\n<li>Dossier de candidature<\/li>\n\n\n\n<li>Entretien de recrutement<\/li>\n<\/ul>\n","protected":false},"excerpt":{"rendered":"<p>Les candidatures pour l&rsquo;ann\u00e9e 2026\/2027 ont lieu sur la Plateforme Mon Master.Vous retrouverez le Master MP2I dans la Mention Sciences Sociales de l&rsquo;Universit\u00e9 Toulouse 2. Dates de d\u00e9p\u00f4t des candidatures: 17 f\u00e9vrier 2026 au 16 mars 2026 IMPORTANT: pour les \u00e9tudiants souhaitant candidater pour une entr\u00e9e directe en M2, les s\u00e9lections se feront via la [&hellip;]<\/p>\n","protected":false},"author":883,"featured_media":0,"parent":0,"menu_order":0,"comment_status":"closed","ping_status":"closed","template":"","meta":{"footnotes":""},"class_list":["post-50","page","type-page","status-publish","hentry","post-preview"],"_links":{"self":[{"href":"https:\/\/blogs.univ-tlse2.fr\/mp2i\/wp-json\/wp\/v2\/pages\/50","targetHints":{"allow":["GET"]}}],"collection":[{"href":"https:\/\/blogs.univ-tlse2.fr\/mp2i\/wp-json\/wp\/v2\/pages"}],"about":[{"href":"https:\/\/blogs.univ-tlse2.fr\/mp2i\/wp-json\/wp\/v2\/types\/page"}],"author":[{"embeddable":true,"href":"https:\/\/blogs.univ-tlse2.fr\/mp2i\/wp-json\/wp\/v2\/users\/883"}],"replies":[{"embeddable":true,"href":"https:\/\/blogs.univ-tlse2.fr\/mp2i\/wp-json\/wp\/v2\/comments?post=50"}],"version-history":[{"count":29,"href":"https:\/\/blogs.univ-tlse2.fr\/mp2i\/wp-json\/wp\/v2\/pages\/50\/revisions"}],"predecessor-version":[{"id":433,"href":"https:\/\/blogs.univ-tlse2.fr\/mp2i\/wp-json\/wp\/v2\/pages\/50\/revisions\/433"}],"wp:attachment":[{"href":"https:\/\/blogs.univ-tlse2.fr\/mp2i\/wp-json\/wp\/v2\/media?parent=50"}],"curies":[{"name":"wp","href":"https:\/\/api.w.org\/{rel}","templated":true}]}}