 {"id":52,"date":"2021-01-19T16:02:08","date_gmt":"2021-01-19T15:02:08","guid":{"rendered":"https:\/\/blogs.univ-tlse2.fr\/mp2i\/?page_id=52"},"modified":"2022-03-02T15:39:27","modified_gmt":"2022-03-02T14:39:27","slug":"organisation","status":"publish","type":"page","link":"https:\/\/blogs.univ-tlse2.fr\/mp2i\/organisation\/","title":{"rendered":"Organisation"},"content":{"rendered":"\n<p>Vous trouverez sur cette page l&rsquo;organisation des enseignements du Master MP2I.<\/p>\n\n\n\n<h2 class=\"wp-block-heading\">Pr\u00e9sentation du cursus<\/h2>\n\n\n\n<p>Le cursus s&rsquo;organise autour de deux ann\u00e9es construites sur le m\u00eame mod\u00e8le:<\/p>\n\n\n\n<ul class=\"wp-block-list\"><li>Une p\u00e9riode de cours de Septembre \u00e0 F\u00e9vrier comportant des plages horaires sp\u00e9cifiques pour les projets de mise en situation (journ\u00e9e du lundi et mardi matin),<\/li><li>Une p\u00e9riode de stage obligatoire entre F\u00e9vrier et Septembre.<\/li><\/ul>\n\n\n\n<p>Les \u00e9tudiants alternent donc des p\u00e9riodes d&rsquo;apprentissage des fondamentaux et des outils n\u00e9cessaires au pilotage et \u00e0 la gestion de projet avec des p\u00e9riodes p\u00e9riodes de professionnalisation sous forme de projets tuteur\u00e9s et de stages. Les \u00e9tudiants se voient \u00e9galement proposer des s\u00e9minaires anim\u00e9s par des professionnels et d&rsquo;anciens \u00e9tudiants \u00e0 propos des perspectives d&rsquo;insertion professionnelle et de la r\u00e9alit\u00e9 des diff\u00e9rents m\u00e9tiers accessibles.<\/p>\n\n\n\n<p>La formation est ouverte \u00e0 l&rsquo;apprentissage, \u00e0 l\u2019alternance et \u00e0 la VAE.<\/p>\n\n\n\n<h2 class=\"wp-block-heading\">Programme du Master 1 <\/h2>\n\n\n\n<p><mark class=\"has-inline-color has-light-gray-color\">400h d&rsquo;enseignement r\u00e9parties entre Septembre et F\u00e9vrier + stage obligatoire<\/mark><\/p>\n\n\n\n<div class=\"wp-block-group\"><div class=\"wp-block-group__inner-container is-layout-flow wp-block-group-is-layout-flow\">\n<div class=\"wp-block-group\"><div class=\"wp-block-group__inner-container is-layout-flow wp-block-group-is-layout-flow\">\n<p>UE 701 =&gt; Management de projet (50h)<br>UE 702 =&gt; Bo\u00eete \u00e0 outils du projet (50h)<br>UE703 =&gt; Statistiques vers les big data (25h)<br>UE 704 =&gt; Paradigmes et m\u00e9thodes en SHS (25h)<br>UE705 =&gt; Insertion professionnelle (25h)<br>UE 706 =&gt; Anglais professionnel (25h)<\/p>\n\n\n\n<p>UE 801 =&gt; Stage et m\u00e9moire<br>UE 802 =&gt; Management des organisations (100h)<br>UE 803 =&gt; Informatique appliqu\u00e9e \u00e0 l&rsquo;IA &#8211; Vers l&rsquo;analyse pr\u00e9dictive (25h)<br>UE 804 =&gt; Projet recherche (25h)<br>UE 805 =&gt; Programme incubateur et entrepreneuriat (25h)<br>UE 806 =&gt; Anglais professionnel (25h)<\/p>\n<\/div><\/div>\n<\/div><\/div>\n\n\n\n<h2 class=\"wp-block-heading\">Programme du Master 2<\/h2>\n\n\n\n<p><mark class=\"has-inline-color has-light-gray-color\">400h d&rsquo;enseignement r\u00e9parties entre Septembre et F\u00e9vrier + stage obligatoire<\/mark><\/p>\n\n\n\n<p>UE 901 =&gt; Pilotage de projet (100h)<br>UE 902 =&gt; Management des syst\u00e8mes productifs (75h)<br>UE 903 =&gt; Accompagnement projet professionnel et RSE (75h)<br>UE 904 =&gt; M\u00e9thodologie de la recherche (25h)<br>UE 905 =&gt; Projet tuteur\u00e9 1 (25h)<br>UE 906 =&gt; Anglais professionnel (25h)<\/p>\n\n\n\n<p>UE 1001 =&gt; M\u00e9moire<br>UE 1002 =&gt; S\u00e9minaires et conf\u00e9rences (25h)<br>UE 1003 =&gt; Mod\u00e8les pr\u00e9dictifs et IA pour la recherche (25h)<br>UE 1004 =&gt; Projet tuteur\u00e9 2 (25h)<\/p>\n\n\n\n<hr class=\"wp-block-separator\" \/>\n\n\n\n<h2 class=\"wp-block-heading\">Partenaires<\/h2>\n\n\n\n<figure class=\"wp-block-gallery has-nested-images columns-default is-cropped wp-block-gallery-1 is-layout-flex wp-block-gallery-is-layout-flex\">\n<figure class=\"wp-block-image size-large\"><img loading=\"lazy\" decoding=\"async\" width=\"233\" height=\"216\" data-id=\"218\" src=\"https:\/\/blogs.univ-tlse2.fr\/mp2i\/files\/2021\/11\/index.png\" alt=\"\" class=\"wp-image-218\" \/><\/figure>\n\n\n\n<figure class=\"wp-block-image size-large\"><img loading=\"lazy\" decoding=\"async\" width=\"672\" height=\"477\" data-id=\"260\" src=\"https:\/\/blogs.univ-tlse2.fr\/mp2i\/files\/2022\/03\/Labels_ANITI_Jaune_Formation_Deployes.jpg\" alt=\"\" class=\"wp-image-260\" srcset=\"https:\/\/blogs.univ-tlse2.fr\/mp2i\/files\/2022\/03\/Labels_ANITI_Jaune_Formation_Deployes.jpg 672w, https:\/\/blogs.univ-tlse2.fr\/mp2i\/files\/2022\/03\/Labels_ANITI_Jaune_Formation_Deployes-300x213.jpg 300w\" sizes=\"auto, (max-width: 672px) 100vw, 672px\" \/><\/figure>\n<\/figure>\n\n\n\n<figure class=\"wp-block-image size-full is-resized\"><img loading=\"lazy\" decoding=\"async\" src=\"https:\/\/blogs.univ-tlse2.fr\/mp2i\/files\/2022\/03\/FabSpace-1.png\" alt=\"\" class=\"wp-image-262\" width=\"676\" height=\"245\" srcset=\"https:\/\/blogs.univ-tlse2.fr\/mp2i\/files\/2022\/03\/FabSpace-1.png 421w, https:\/\/blogs.univ-tlse2.fr\/mp2i\/files\/2022\/03\/FabSpace-1-300x109.png 300w\" sizes=\"auto, (max-width: 676px) 100vw, 676px\" \/><\/figure>\n\n\n\n<figure class=\"wp-block-image size-full is-resized\"><img loading=\"lazy\" decoding=\"async\" src=\"https:\/\/blogs.univ-tlse2.fr\/mp2i\/files\/2022\/03\/BANQUE_POPULAIRE_OC_LOGO_3LD_RVB.png\" alt=\"\" class=\"wp-image-263\" width=\"674\" height=\"286\" srcset=\"https:\/\/blogs.univ-tlse2.fr\/mp2i\/files\/2022\/03\/BANQUE_POPULAIRE_OC_LOGO_3LD_RVB.png 378w, https:\/\/blogs.univ-tlse2.fr\/mp2i\/files\/2022\/03\/BANQUE_POPULAIRE_OC_LOGO_3LD_RVB-300x127.png 300w\" sizes=\"auto, (max-width: 674px) 100vw, 674px\" \/><\/figure>\n\n\n\n<p><\/p>\n","protected":false},"excerpt":{"rendered":"<p>Vous trouverez sur cette page l&rsquo;organisation des enseignements du Master MP2I. Pr\u00e9sentation du cursus Le cursus s&rsquo;organise autour de deux ann\u00e9es construites sur le m\u00eame mod\u00e8le: Une p\u00e9riode de cours de Septembre \u00e0 F\u00e9vrier comportant des plages horaires sp\u00e9cifiques pour les projets de mise en situation (journ\u00e9e du lundi et mardi matin), Une p\u00e9riode de [&hellip;]<\/p>\n","protected":false},"author":883,"featured_media":0,"parent":0,"menu_order":0,"comment_status":"closed","ping_status":"closed","template":"","meta":{"footnotes":""},"class_list":["post-52","page","type-page","status-publish","hentry","post-preview"],"_links":{"self":[{"href":"https:\/\/blogs.univ-tlse2.fr\/mp2i\/wp-json\/wp\/v2\/pages\/52","targetHints":{"allow":["GET"]}}],"collection":[{"href":"https:\/\/blogs.univ-tlse2.fr\/mp2i\/wp-json\/wp\/v2\/pages"}],"about":[{"href":"https:\/\/blogs.univ-tlse2.fr\/mp2i\/wp-json\/wp\/v2\/types\/page"}],"author":[{"embeddable":true,"href":"https:\/\/blogs.univ-tlse2.fr\/mp2i\/wp-json\/wp\/v2\/users\/883"}],"replies":[{"embeddable":true,"href":"https:\/\/blogs.univ-tlse2.fr\/mp2i\/wp-json\/wp\/v2\/comments?post=52"}],"version-history":[{"count":14,"href":"https:\/\/blogs.univ-tlse2.fr\/mp2i\/wp-json\/wp\/v2\/pages\/52\/revisions"}],"predecessor-version":[{"id":264,"href":"https:\/\/blogs.univ-tlse2.fr\/mp2i\/wp-json\/wp\/v2\/pages\/52\/revisions\/264"}],"wp:attachment":[{"href":"https:\/\/blogs.univ-tlse2.fr\/mp2i\/wp-json\/wp\/v2\/media?parent=52"}],"curies":[{"name":"wp","href":"https:\/\/api.w.org\/{rel}","templated":true}]}}