 {"id":68,"date":"2021-01-19T16:15:20","date_gmt":"2021-01-19T15:15:20","guid":{"rendered":"https:\/\/blogs.univ-tlse2.fr\/mp2i\/?page_id=68"},"modified":"2023-10-05T13:19:22","modified_gmt":"2023-10-05T11:19:22","slug":"contact","status":"publish","type":"page","link":"https:\/\/blogs.univ-tlse2.fr\/mp2i\/contact\/","title":{"rendered":"Contacts"},"content":{"rendered":"\n<div class=\"wp-block-group\"><div class=\"wp-block-group__inner-container is-layout-flow wp-block-group-is-layout-flow\">\n<div class=\"wp-block-group\"><div class=\"wp-block-group__inner-container is-layout-flow wp-block-group-is-layout-flow\">\n<div class=\"wp-block-group\"><div class=\"wp-block-group__inner-container is-layout-flow wp-block-group-is-layout-flow\">\n<h2 class=\"wp-block-heading\">Responsables<\/h2>\n\n\n\n<p>Philippe JEAN-AMANS &#8211; philippe.jean-amans [at] univ-tlse2.fr<\/p>\n\n\n\n<p>Geoffroy LABROUCHE &#8211; geoffroy.labrouche [at] univ-tlse2.fr<\/p>\n\n\n\n<p>Fr\u00e9d\u00e9ric RODRIGUEZ &#8211; frederic.rodriguez [at] univ-tlse2.fr<\/p>\n\n\n\n<p><\/p>\n\n\n\n<h2 class=\"wp-block-heading\">Contact administratif<\/h2>\n\n\n\n<div class=\"wp-block-group\"><div class=\"wp-block-group__inner-container is-layout-flow wp-block-group-is-layout-flow\">\n<p>master.mp2i [at] univ-tlse2.fr<\/p>\n\n\n\n<p>Mme Baraka Ahamada &#8211; Gestionnaire de scolarit\u00e9 du Master<\/p>\n\n\n\n<p>Bureau GS034 &#8211; B\u00e2timent Olympe de Gouges<br>T\u00e9l : 05.61.50.40.76<br>Accueil: de 9h00 \u00e0 11h45 et de 14h00 \u00e0 16h00 (ferm\u00e9 le mercredi matin)<\/p>\n<\/div><\/div>\n<\/div><\/div>\n<\/div><\/div>\n<\/div><\/div>\n\n\n\n<div class=\"wp-block-file\"><a id=\"wp-block-file--media-22685511-015d-4925-bf26-9bbcf762f6b0\" href=\"https:\/\/blogs.univ-tlse2.fr\/mp2i\/files\/2021\/01\/Plan-2020-de-pliant-pliage-en-deux.pdf\">T\u00e9l\u00e9chargez le plan du Campus<\/a><a href=\"https:\/\/blogs.univ-tlse2.fr\/mp2i\/files\/2021\/01\/Plan-2020-de-pliant-pliage-en-deux.pdf\" class=\"wp-block-file__button wp-element-button\" download aria-describedby=\"wp-block-file--media-22685511-015d-4925-bf26-9bbcf762f6b0\">T\u00e9l\u00e9charger<\/a><\/div>\n\n\n\n<p><\/p>\n","protected":false},"excerpt":{"rendered":"<p>Responsables Philippe JEAN-AMANS &#8211; philippe.jean-amans [at] univ-tlse2.fr Geoffroy LABROUCHE &#8211; geoffroy.labrouche [at] univ-tlse2.fr Fr\u00e9d\u00e9ric RODRIGUEZ &#8211; frederic.rodriguez [at] univ-tlse2.fr Contact administratif master.mp2i [at] univ-tlse2.fr Mme Baraka Ahamada &#8211; Gestionnaire de scolarit\u00e9 du Master Bureau GS034 &#8211; B\u00e2timent Olympe de GougesT\u00e9l : 05.61.50.40.76Accueil: de 9h00 \u00e0 11h45 et de 14h00 \u00e0 16h00 (ferm\u00e9 le mercredi matin)<\/p>\n","protected":false},"author":883,"featured_media":0,"parent":0,"menu_order":0,"comment_status":"closed","ping_status":"closed","template":"","meta":{"footnotes":""},"class_list":["post-68","page","type-page","status-publish","hentry","post-preview"],"_links":{"self":[{"href":"https:\/\/blogs.univ-tlse2.fr\/mp2i\/wp-json\/wp\/v2\/pages\/68","targetHints":{"allow":["GET"]}}],"collection":[{"href":"https:\/\/blogs.univ-tlse2.fr\/mp2i\/wp-json\/wp\/v2\/pages"}],"about":[{"href":"https:\/\/blogs.univ-tlse2.fr\/mp2i\/wp-json\/wp\/v2\/types\/page"}],"author":[{"embeddable":true,"href":"https:\/\/blogs.univ-tlse2.fr\/mp2i\/wp-json\/wp\/v2\/users\/883"}],"replies":[{"embeddable":true,"href":"https:\/\/blogs.univ-tlse2.fr\/mp2i\/wp-json\/wp\/v2\/comments?post=68"}],"version-history":[{"count":10,"href":"https:\/\/blogs.univ-tlse2.fr\/mp2i\/wp-json\/wp\/v2\/pages\/68\/revisions"}],"predecessor-version":[{"id":319,"href":"https:\/\/blogs.univ-tlse2.fr\/mp2i\/wp-json\/wp\/v2\/pages\/68\/revisions\/319"}],"wp:attachment":[{"href":"https:\/\/blogs.univ-tlse2.fr\/mp2i\/wp-json\/wp\/v2\/media?parent=68"}],"curies":[{"name":"wp","href":"https:\/\/api.w.org\/{rel}","templated":true}]}}