 {"id":107,"date":"2013-10-15T10:57:55","date_gmt":"2013-10-15T08:57:55","guid":{"rendered":"https:\/\/blogs.univ-tlse2.fr\/musique-renaissance\/?page_id=107"},"modified":"2025-03-12T17:24:34","modified_gmt":"2025-03-12T16:24:34","slug":"traites","status":"publish","type":"page","link":"https:\/\/blogs.univ-tlse2.fr\/musique-renaissance\/theorie-pratique\/traites\/","title":{"rendered":"Trait\u00e9s"},"content":{"rendered":"<p>Voici certains trait\u00e9s que nous avons d\u00e9cortiqu\u00e9s pour vous :<\/p>\n<ol>\n<li><a title=\"La musique de la renaissance pour les nuls !\" href=\"https:\/\/blogs.univ-tlse2.fr\/musique-renaissance\/theorie-pratique\/traites\/la-musique-de-la-renaissance-pour-les-nuls\/\">Le trait\u00e9 de Blockland : <em>\u00a0\u00bb Introduction m\u00e9thodique et fort facile pour apprendre la musique pratique\u00a0\u00bb\u00a0<\/em><\/a><\/li>\n<li><a title=\"Trait\u00e9s sur les instruments (Virdung, Agricola)\" href=\"https:\/\/blogs.univ-tlse2.fr\/musique-renaissance\/theorie-pratique\/traites\/226-2\/\">Les trait\u00e9s de Sebastien Virdung et Martin Agricola<\/a><\/li>\n<li><a title=\"Trait\u00e9 de Maximilien Guilliaud\" href=\"https:\/\/blogs.univ-tlse2.fr\/musique-renaissance\/theorie-pratique\/traites\/traite-de-maximilien-guillaud\/\">Le Trait\u00e9 de Maximilien Guiltiaud<\/a><\/li>\n<li><a title=\"\u00ab\u00a0Trait\u00e9 de la musique pratique\u00a0\u00bb de Jean Yssandon\" href=\"https:\/\/blogs.univ-tlse2.fr\/musique-renaissance\/theorie-pratique\/traites\/traite-de-la-musique-pratique-de-jean-yssandon\/\">Le Trait\u00e9 de la musique pratique de Jean Yssandon<\/a><\/li>\n<\/ol>\n","protected":false},"excerpt":{"rendered":"<p>Voici certains trait\u00e9s que nous avons d\u00e9cortiqu\u00e9s pour vous : Le trait\u00e9 de Blockland : \u00a0\u00bb Introduction m\u00e9thodique et fort facile pour apprendre la musique pratique\u00a0\u00bb\u00a0 Les trait\u00e9s [..]<\/p>\n","protected":false},"author":205,"featured_media":0,"parent":21,"menu_order":2,"comment_status":"closed","ping_status":"open","template":"","meta":{"footnotes":""},"class_list":["post-107","page","type-page","status-publish","hentry"],"_links":{"self":[{"href":"https:\/\/blogs.univ-tlse2.fr\/musique-renaissance\/wp-json\/wp\/v2\/pages\/107","targetHints":{"allow":["GET"]}}],"collection":[{"href":"https:\/\/blogs.univ-tlse2.fr\/musique-renaissance\/wp-json\/wp\/v2\/pages"}],"about":[{"href":"https:\/\/blogs.univ-tlse2.fr\/musique-renaissance\/wp-json\/wp\/v2\/types\/page"}],"author":[{"embeddable":true,"href":"https:\/\/blogs.univ-tlse2.fr\/musique-renaissance\/wp-json\/wp\/v2\/users\/205"}],"replies":[{"embeddable":true,"href":"https:\/\/blogs.univ-tlse2.fr\/musique-renaissance\/wp-json\/wp\/v2\/comments?post=107"}],"version-history":[{"count":6,"href":"https:\/\/blogs.univ-tlse2.fr\/musique-renaissance\/wp-json\/wp\/v2\/pages\/107\/revisions"}],"predecessor-version":[{"id":734,"href":"https:\/\/blogs.univ-tlse2.fr\/musique-renaissance\/wp-json\/wp\/v2\/pages\/107\/revisions\/734"}],"up":[{"embeddable":true,"href":"https:\/\/blogs.univ-tlse2.fr\/musique-renaissance\/wp-json\/wp\/v2\/pages\/21"}],"wp:attachment":[{"href":"https:\/\/blogs.univ-tlse2.fr\/musique-renaissance\/wp-json\/wp\/v2\/media?parent=107"}],"curies":[{"name":"wp","href":"https:\/\/api.w.org\/{rel}","templated":true}]}}