 {"id":12,"date":"2013-07-25T19:59:22","date_gmt":"2013-07-25T18:59:22","guid":{"rendered":"https:\/\/blogs.univ-tlse2.fr\/musique-renaissance\/?page_id=12"},"modified":"2025-03-12T17:24:13","modified_gmt":"2025-03-12T16:24:13","slug":"instruments-voix","status":"publish","type":"page","link":"https:\/\/blogs.univ-tlse2.fr\/musique-renaissance\/instruments-voix\/","title":{"rendered":"Instruments \/ voix"},"content":{"rendered":"<p>Cette page et celles qui lui sont associ\u00e9es proposent une s\u00e9rie de ressources, documents et articles qui permettent de mieux conna\u00eetre les relations entre musique instrumentale et musique vocale dans l&rsquo;Europe du 16e si\u00e8cle.<\/p>\n<p>On y trouvera notamment des r\u00e9ponses aux questions suivantes:<\/p>\n<p>Quel est le degr\u00e9 d\u2019autonomie de la musique instrumentale par rapport aux compositions polyphoniques vocales\u00a0?<\/p>\n<p>Quel type de rapports entretiennent les instruments et les voix\u00a0?<\/p>\n<p>Que peut-on dire des genres, du style, de la notation des musiques pour les instruments et pour les voix ?<\/p>\n<p><strong>Baptiste Avalos, Julie Perrin, Morgan Marqui\u00e9, Sylvain Falipou<\/strong><\/p>\n","protected":false},"excerpt":{"rendered":"<p>Cette page et celles qui lui sont associ\u00e9es proposent une s\u00e9rie de ressources, documents et articles qui permettent de mieux conna\u00eetre les relations entre musique instrumentale et musique [..]<\/p>\n","protected":false},"author":205,"featured_media":0,"parent":0,"menu_order":0,"comment_status":"closed","ping_status":"closed","template":"","meta":{"footnotes":""},"class_list":["post-12","page","type-page","status-publish","hentry"],"_links":{"self":[{"href":"https:\/\/blogs.univ-tlse2.fr\/musique-renaissance\/wp-json\/wp\/v2\/pages\/12","targetHints":{"allow":["GET"]}}],"collection":[{"href":"https:\/\/blogs.univ-tlse2.fr\/musique-renaissance\/wp-json\/wp\/v2\/pages"}],"about":[{"href":"https:\/\/blogs.univ-tlse2.fr\/musique-renaissance\/wp-json\/wp\/v2\/types\/page"}],"author":[{"embeddable":true,"href":"https:\/\/blogs.univ-tlse2.fr\/musique-renaissance\/wp-json\/wp\/v2\/users\/205"}],"replies":[{"embeddable":true,"href":"https:\/\/blogs.univ-tlse2.fr\/musique-renaissance\/wp-json\/wp\/v2\/comments?post=12"}],"version-history":[{"count":9,"href":"https:\/\/blogs.univ-tlse2.fr\/musique-renaissance\/wp-json\/wp\/v2\/pages\/12\/revisions"}],"predecessor-version":[{"id":845,"href":"https:\/\/blogs.univ-tlse2.fr\/musique-renaissance\/wp-json\/wp\/v2\/pages\/12\/revisions\/845"}],"wp:attachment":[{"href":"https:\/\/blogs.univ-tlse2.fr\/musique-renaissance\/wp-json\/wp\/v2\/media?parent=12"}],"curies":[{"name":"wp","href":"https:\/\/api.w.org\/{rel}","templated":true}]}}