 {"id":17,"date":"2013-07-25T19:59:33","date_gmt":"2013-07-25T18:59:33","guid":{"rendered":"https:\/\/blogs.univ-tlse2.fr\/musique-renaissance\/?page_id=17"},"modified":"2025-03-12T17:24:13","modified_gmt":"2025-03-12T16:24:13","slug":"imitation-emprunt-dans-les-musiques-deglise","status":"publish","type":"page","link":"https:\/\/blogs.univ-tlse2.fr\/musique-renaissance\/imitation-emprunt-dans-les-musiques-deglise\/","title":{"rendered":"Imitation \/ emprunt dans les musiques d&rsquo;\u00e9glise"},"content":{"rendered":"<p>Cette page et celles qui lui sont associ\u00e9es proposent une s\u00e9rie de ressources, documents et articles qui permettent de mieux comprendre comment les musiques d&rsquo;\u00e9glise de la Renaissance r\u00e9utilisent des musiques pr\u00e9existantes.<\/p>\n<p>On y trouvera notamment des r\u00e9ponses aux questions suivantes:<\/p>\n<p>Quelles diff\u00e9rences y a-t-il entre les notions d&#8217;emprunt, d&rsquo;imitation, d&rsquo;hommage, de remploi, dans ce r\u00e9pertoire ?<\/p>\n<p>Comment expliquer les emprunts et r\u00e9f\u00e9rences \u00e0 la musique profane ?<\/p>\n<p>SERRE Romain<br \/>\nLAGUILLE L\u00e9o<br \/>\nREMY Luca<br \/>\nDEKNUDT Thibault<\/p>\n","protected":false},"excerpt":{"rendered":"<p>Cette page et celles qui lui sont associ\u00e9es proposent une s\u00e9rie de ressources, documents et articles qui permettent de mieux comprendre comment les musiques d&rsquo;\u00e9glise de la Renaissance [..]<\/p>\n","protected":false},"author":205,"featured_media":0,"parent":0,"menu_order":0,"comment_status":"closed","ping_status":"open","template":"","meta":{"footnotes":""},"class_list":["post-17","page","type-page","status-publish","hentry"],"_links":{"self":[{"href":"https:\/\/blogs.univ-tlse2.fr\/musique-renaissance\/wp-json\/wp\/v2\/pages\/17","targetHints":{"allow":["GET"]}}],"collection":[{"href":"https:\/\/blogs.univ-tlse2.fr\/musique-renaissance\/wp-json\/wp\/v2\/pages"}],"about":[{"href":"https:\/\/blogs.univ-tlse2.fr\/musique-renaissance\/wp-json\/wp\/v2\/types\/page"}],"author":[{"embeddable":true,"href":"https:\/\/blogs.univ-tlse2.fr\/musique-renaissance\/wp-json\/wp\/v2\/users\/205"}],"replies":[{"embeddable":true,"href":"https:\/\/blogs.univ-tlse2.fr\/musique-renaissance\/wp-json\/wp\/v2\/comments?post=17"}],"version-history":[{"count":9,"href":"https:\/\/blogs.univ-tlse2.fr\/musique-renaissance\/wp-json\/wp\/v2\/pages\/17\/revisions"}],"predecessor-version":[{"id":736,"href":"https:\/\/blogs.univ-tlse2.fr\/musique-renaissance\/wp-json\/wp\/v2\/pages\/17\/revisions\/736"}],"wp:attachment":[{"href":"https:\/\/blogs.univ-tlse2.fr\/musique-renaissance\/wp-json\/wp\/v2\/media?parent=17"}],"curies":[{"name":"wp","href":"https:\/\/api.w.org\/{rel}","templated":true}]}}