 {"id":21,"date":"2013-07-25T19:59:08","date_gmt":"2013-07-25T18:59:08","guid":{"rendered":"https:\/\/blogs.univ-tlse2.fr\/musique-renaissance\/?page_id=21"},"modified":"2025-03-12T17:24:52","modified_gmt":"2025-03-12T16:24:52","slug":"theorie-pratique","status":"publish","type":"page","link":"https:\/\/blogs.univ-tlse2.fr\/musique-renaissance\/theorie-pratique\/","title":{"rendered":"Th\u00e9orie \/ pratique"},"content":{"rendered":"<p>Bienvenue !<\/p>\n<p>Cette page et celles qui lui sont associ\u00e9es proposent une s\u00e9rie de ressources, documents et articles qui permettent de mieux comprendre les rapports entre th\u00e9orie et pratique de la musique au 16e si\u00e8cle.<br \/>\nOn y trouvera notamment des r\u00e9ponses aux questions suivantes:<br \/>\nQue nous disent les trait\u00e9s de musique ? Quel type d\u2019informations transmettent-ils ?<br \/>\nQuels sont les modes de transmission du savoir musical, peut-on parler d&rsquo;une p\u00e9dagogie musicale de la Renaissance ?<br \/>\n\u00c0 quel public sont destin\u00e9s les \u00e9crits th\u00e9oriques ?<\/p>\n<p>Chaque semaine nous proposerons diff\u00e9rents articles dont un compte-rendu du cours de Mr Canguilhem que nous essaierons, quand c&rsquo;est possible, de rattacher \u00e0 notre th\u00e9matique. Et pour un peu d&rsquo;amusement un quizz sera propos\u00e9 de temps en temps et de nouvelles id\u00e9es arriveront en cours de route!<br \/>\nN&rsquo;h\u00e9sitez pas \u00e0 laisser des commentaires, toutes critiques seront les bienvenues.<\/p>\n<p>Anne Castex<br \/>\nSophie Dh\u00e9rissard<br \/>\nMathilde Ducros<br \/>\nPauline Quinto<\/p>\n","protected":false},"excerpt":{"rendered":"<p>Bienvenue ! Cette page et celles qui lui sont associ\u00e9es proposent une s\u00e9rie de ressources, documents et articles qui permettent de mieux comprendre les rapports entre th\u00e9orie et [..]<\/p>\n","protected":false},"author":205,"featured_media":0,"parent":0,"menu_order":0,"comment_status":"closed","ping_status":"closed","template":"","meta":{"footnotes":""},"class_list":["post-21","page","type-page","status-publish","hentry"],"_links":{"self":[{"href":"https:\/\/blogs.univ-tlse2.fr\/musique-renaissance\/wp-json\/wp\/v2\/pages\/21","targetHints":{"allow":["GET"]}}],"collection":[{"href":"https:\/\/blogs.univ-tlse2.fr\/musique-renaissance\/wp-json\/wp\/v2\/pages"}],"about":[{"href":"https:\/\/blogs.univ-tlse2.fr\/musique-renaissance\/wp-json\/wp\/v2\/types\/page"}],"author":[{"embeddable":true,"href":"https:\/\/blogs.univ-tlse2.fr\/musique-renaissance\/wp-json\/wp\/v2\/users\/205"}],"replies":[{"embeddable":true,"href":"https:\/\/blogs.univ-tlse2.fr\/musique-renaissance\/wp-json\/wp\/v2\/comments?post=21"}],"version-history":[{"count":10,"href":"https:\/\/blogs.univ-tlse2.fr\/musique-renaissance\/wp-json\/wp\/v2\/pages\/21\/revisions"}],"predecessor-version":[{"id":846,"href":"https:\/\/blogs.univ-tlse2.fr\/musique-renaissance\/wp-json\/wp\/v2\/pages\/21\/revisions\/846"}],"wp:attachment":[{"href":"https:\/\/blogs.univ-tlse2.fr\/musique-renaissance\/wp-json\/wp\/v2\/media?parent=21"}],"curies":[{"name":"wp","href":"https:\/\/api.w.org\/{rel}","templated":true}]}}