 {"id":226,"date":"2013-11-05T02:01:07","date_gmt":"2013-11-05T00:01:07","guid":{"rendered":"https:\/\/blogs.univ-tlse2.fr\/musique-renaissance\/?page_id=226"},"modified":"2025-03-12T17:24:34","modified_gmt":"2025-03-12T16:24:34","slug":"226-2","status":"publish","type":"page","link":"https:\/\/blogs.univ-tlse2.fr\/musique-renaissance\/theorie-pratique\/traites\/226-2\/","title":{"rendered":"Trait\u00e9s sur les instruments (Virdung, Agricola)"},"content":{"rendered":"<h1>Musica getutscht de S\u00e9bastian Virdung (1511)<\/h1>\n<p>Au d\u00e9part, il n&rsquo;y avait aucune rationalisation de la taille des instruments, on ne les classait pas en famille. Une organisation appara\u00eet au XV<sup>e <\/sup>si\u00e8cle avec \u00a0une <span style=\"color: #ff6600\">conception instrumentale en famille<\/span>, les instruments ont un rapport de taille fixe. Le premier trait\u00e9 \u00e9crit sur les instruments est\u00a0<i>\u00a0Musica getutscht<\/i>\u00a0de S. Virdung en 1511.<\/p>\n<p>La premi\u00e8re nouveaut\u00e9 vient du fait que<span style=\"color: #008000\"> le trait\u00e9 soit \u00e9crit en allemand et non en latin<\/span>\u00a0comme le veut la tradition. L&rsquo;auteur a pour but d&rsquo;\u00e9largir le public touch\u00e9 et de faciliter la diffusion.<\/p>\n<p>Virdung propose une m\u00e9thode pour apprendre \u00e0 jouer avec les instruments qu&rsquo;il d\u00e9crit. Il explique aussi les r\u00e8gles de notations et pr\u00e9sente les instruments en famille (cordes, vents, percussions). Il fait des sch\u00e9mas pour clarifier ses explications. En voici des exemples :<\/p>\n<p>&nbsp;<\/p>\n<p><a href=\"https:\/\/blogs.univ-tlse2.fr\/musique-renaissance\/files\/2013\/11\/instr.png\"><img loading=\"lazy\" decoding=\"async\" alt=\"instr\" src=\"https:\/\/blogs.univ-tlse2.fr\/musique-renaissance\/files\/2013\/11\/instr.png\" width=\"543\" height=\"183\" \/><\/a><\/p>\n<p><span style=\"color: #ff6600\">L&rsquo;ensemble du trait\u00e9 est accessible<\/span>, m\u00eame si le texte est allemand, on peut aller voir les diff\u00e9rents sch\u00e9mas de Virdung :<\/p>\n<p><a href=\"http:\/\/erato.uvt.nl\/files\/imglnks\/usimg\/b\/b3\/IMSLP86312-PMLP176555-Virdung__Sebastian__Musica_Getutscht.pdf\">http:\/\/erato.uvt.nl\/files\/imglnks\/usimg\/b\/b3\/IMSLP86312-PMLP176555-Virdung__Sebastian__Musica_Getutscht.pdf<\/a><\/p>\n<p>Chaque famille a 3 membres qui ont tous un rapport de 5te entre eux. Les noms qu&rsquo;ils donnent sont ceux de la nomenclature vocale. Dans l&rsquo;exemple des fl\u00fbtes \u00e0 bec elles sont nomm\u00e9es suivant leur registre : cantus, altus, tenor, bassus. Les instruments sont construit d&rsquo;une certaine fa\u00e7on afin qu&rsquo;ils puissent doubler les parties de chants.<\/p>\n<p><span style=\"color: #ff6600\">Les instruments \u00e0 cordes<\/span> sont r\u00e9partis en 4 : les instruments \u00e0 claviers (virginal, clavecin, ect), ceux \u00e0 frettes utilisant des tablatures de luth (violes, <a title=\"Le luth au service de la voix I\" href=\"https:\/\/blogs.univ-tlse2.fr\/musique-renaissance\/instruments-voix\/le-luth-au-service-de-la-voix-i\/\">luth<\/a>, je vous renvoie au travail d&rsquo;un autre groupe qui d\u00e9crit l&rsquo;\u00e9criture du luth), ceux sans frettes ni clavier mais dont la notation n&rsquo;est pas pr\u00e9cis\u00e9 (harpe), et ceux de une \u00e0 trois cordes sans frettes (rebecs, trompette marine).<\/p>\n<p><span style=\"color: #ff6600\">Les instruments \u00e0 vents<\/span> comportent 3 cat\u00e9gories : ceux jou\u00e9s par une personne comportant des trous (bombardes, fl\u00fbtes, ect), sans trous (trombone, trompette), et enfin ceux dont le son n&rsquo;est pas produit par le musicien et qui peuvent avoir une notation en tablature (orgue, positif, r\u00e9gal).<a href=\"https:\/\/blogs.univ-tlse2.fr\/musique-renaissance\/files\/2013\/11\/inst.png\"><img loading=\"lazy\" decoding=\"async\" alt=\"inst\" src=\"https:\/\/blogs.univ-tlse2.fr\/musique-renaissance\/files\/2013\/11\/inst.png\" width=\"558\" height=\"409\" \/><\/a><\/p>\n<p>&nbsp;<\/p>\n<h1><i>Musica instrumentalis deudsch<\/i>\u00a0(1529) par Martin Agricola<\/h1>\n<p>Ce trait\u00e9 est l&rsquo;un des plus c\u00e9l\u00e8bre ouvrage d&rsquo;Agricola. Il le pr\u00e9sente comme une sorte d&rsquo;hommage \u00e0 Virdung. Martin Agricola s&rsquo;inspire des illustrations du trait\u00e9 de Virdung et de son mode de classification. Il enrichie les descriptions de d\u00e9tails sur la fa\u00e7on de jouer les instruments. C&rsquo;est un ouvrage<span style=\"color: #008000\"> th\u00e9orique et didactique<\/span> accessible au plus grand car il est \u00e9crit en allemand.<\/p>\n<p>Accessible sur internet :\u00a0<a href=\"http:\/\/gallica.bnf.fr\/ark:\/12148\/btv1b9064227j\/f14.image\">http:\/\/gallica.bnf.fr\/ark:\/12148\/btv1b9064227j\/f14.image<\/a><\/p>\n<p>Le trait\u00e9 est en quatorze parties et se compose de figures et de tableaux se rapportant soit aux instruments, soit \u00e0 la th\u00e9orie de la musique. Sur les dessins on remarque un ensemble <span style=\"color: #008000\">d\u2019instruments accompagn\u00e9s de la position des doigts sur une tablature<\/span>, ainsi que des notes et leur place sur la touche de l\u2019instrument.<\/p>\n<p>&nbsp;<\/p>\n<p>Pour aller plus loin :\u00a0<a href=\"http:\/\/crdp.ac-amiens.fr\/clouet\/musique_page2.html\">http:\/\/crdp.ac-amiens.fr\/clouet\/musique_page2.html<\/a><\/p>\n","protected":false},"excerpt":{"rendered":"<p>Musica getutscht de S\u00e9bastian Virdung (1511) Au d\u00e9part, il n&rsquo;y avait aucune rationalisation de la taille des instruments, on ne les classait pas en famille. Une organisation appara\u00eet [..]<\/p>\n","protected":false},"author":205,"featured_media":0,"parent":107,"menu_order":0,"comment_status":"closed","ping_status":"open","template":"","meta":{"footnotes":""},"class_list":["post-226","page","type-page","status-publish","hentry"],"_links":{"self":[{"href":"https:\/\/blogs.univ-tlse2.fr\/musique-renaissance\/wp-json\/wp\/v2\/pages\/226","targetHints":{"allow":["GET"]}}],"collection":[{"href":"https:\/\/blogs.univ-tlse2.fr\/musique-renaissance\/wp-json\/wp\/v2\/pages"}],"about":[{"href":"https:\/\/blogs.univ-tlse2.fr\/musique-renaissance\/wp-json\/wp\/v2\/types\/page"}],"author":[{"embeddable":true,"href":"https:\/\/blogs.univ-tlse2.fr\/musique-renaissance\/wp-json\/wp\/v2\/users\/205"}],"replies":[{"embeddable":true,"href":"https:\/\/blogs.univ-tlse2.fr\/musique-renaissance\/wp-json\/wp\/v2\/comments?post=226"}],"version-history":[{"count":10,"href":"https:\/\/blogs.univ-tlse2.fr\/musique-renaissance\/wp-json\/wp\/v2\/pages\/226\/revisions"}],"predecessor-version":[{"id":762,"href":"https:\/\/blogs.univ-tlse2.fr\/musique-renaissance\/wp-json\/wp\/v2\/pages\/226\/revisions\/762"}],"up":[{"embeddable":true,"href":"https:\/\/blogs.univ-tlse2.fr\/musique-renaissance\/wp-json\/wp\/v2\/pages\/107"}],"wp:attachment":[{"href":"https:\/\/blogs.univ-tlse2.fr\/musique-renaissance\/wp-json\/wp\/v2\/media?parent=226"}],"curies":[{"name":"wp","href":"https:\/\/api.w.org\/{rel}","templated":true}]}}