 {"id":324,"date":"2013-11-19T11:34:30","date_gmt":"2013-11-19T09:34:30","guid":{"rendered":"https:\/\/blogs.univ-tlse2.fr\/musique-renaissance\/?page_id=324"},"modified":"2025-03-12T17:24:52","modified_gmt":"2025-03-12T16:24:52","slug":"canon-de-baude-cordier-tout-par-compas","status":"publish","type":"page","link":"https:\/\/blogs.univ-tlse2.fr\/musique-renaissance\/theorie-pratique\/terminologie-definitions\/le-canon\/canon-de-baude-cordier-tout-par-compas\/","title":{"rendered":"Canon de Baude Cordier: Tout par compas"},"content":{"rendered":"<ul>\n<li><strong>Exemple\u00a0:<span style=\"color: #ff0000\"> Canon de Baude Cordier<\/span>,\u00a0<span style=\"color: #339966\"><em>Tout par compas\u00a0<\/em>\u00a0<\/span>:<\/strong><\/li>\n<\/ul>\n<p><strong><a href=\"http:\/\/http:\/\/upload.wikimedia.org\/wikipedia\/commons\/5\/51\/Cordier_circular_canon.gif\">\u00a0<\/a><\/strong><a href=\"https:\/\/blogs.univ-tlse2.fr\/musique-renaissance\/files\/2013\/10\/Cordier_circular_canon.gif\"><img loading=\"lazy\" decoding=\"async\" alt=\"Baude Cordier - Canon &quot;Tout par compas&quot;\" src=\"https:\/\/blogs.univ-tlse2.fr\/musique-renaissance\/files\/2013\/10\/Cordier_circular_canon.gif\" width=\"523\" height=\"738\" \/><\/a><\/p>\n<p>Voici une interpr\u00e9tation possible de ce canon :<\/p>\n<p>http:\/\/www.youtube.com\/watch?v=EBWEivGRyzk&#038;hd=1<\/p>\n<p>&nbsp;<\/p>\n<p><span style=\"color: #339966\">Baude Cordier<\/span> (v.1380-v.1440) est un compositeur ant\u00e9rieur \u00e0 la Renaissance. il appartient \u00e0 une \u00e9poque musicale du XIVe si\u00e8cle,<span style=\"color: #ff00ff\"> l&rsquo;Ars Nova\u00a0<\/span>fran\u00e7aise, qui\u00a0se caract\u00e9rise majoritairement par la nouveaut\u00e9\u00a0dans l&rsquo;art de noter et composer la musique.\u00a0Lorsqu&rsquo;on \u00e9tudie son canon<em>\u00a0<\/em>Tout par compas, dont le titre complet est\u00a0<span style=\"color: #0000ff\">Tout par compas suy compos\u00e9<\/span>, appartenant au<span style=\"color: #ff00ff\">\u00a0Codex de Chantilly<\/span>. Le titre en lui-m\u00eame est l&rsquo;indice qui permet de r\u00e9soudre l&rsquo;\u00e9nigme qu&rsquo;est la notation de la partition. En effet, \u00ab\u00a0tout par compas suy compos\u00e9\u00a0\u00bb signifie litt\u00e9ralement \u00ab\u00a0<span style=\"color: #0000ff\">j&rsquo;ai \u00e9t\u00e9 enti\u00e8rement compos\u00e9 avec un compas<\/span>\u00ab\u00a0, donc il faut lire la musique le long de la port\u00e9e en forme de cercle, chose peu pratique mais qui a le m\u00e9rite de cr\u00e9er un effet de mise en ab\u00eeme entre le titre, la notation et le canon puisque celui-ci est perp\u00e9tuel : on pourrait ainsi le chanter pour l&rsquo;\u00e9ternit\u00e9 en suivant cette partition circulaire. Aux quatre coins de la partition est \u00e9crit le texte des diff\u00e9rentes strophes, dont l&rsquo;une d&rsquo;elle (dans le coin sup\u00e9rieur gauche), est \u00e9crite le long d&rsquo;une petite port\u00e9e circulaire pour \u00ab\u00a0expliquer\u00a0\u00bb aux interpr\u00e8tes la fa\u00e7on dont le texte s&rsquo;\u00e9tale. Par cons\u00e9quent,\u00a0<em>Tout par compas\u00a0<\/em>est<em>\u00a0<\/em>un canon au sens ancien du terme tel que<span style=\"color: #339966\"> Johannes Tinctoris<\/span> l&rsquo;a d\u00e9fini, c&rsquo;est-\u00e0-dire une \u00e9nigme pour les interpr\u00e8tes dans la fa\u00e7on dont il est not\u00e9. Mais chez <span style=\"color: #339966\">Baude Cordier<\/span>, il d\u00e9tient cette dimension suppl\u00e9mentaire qui fait \u00e9cho \u00e0 la volont\u00e9 intellectualiste de <span style=\"color: #ff00ff\">l&rsquo;A<\/span><em><span style=\"color: #ff00ff\">rs Subtilior<\/span>,<\/em>\u00a0puisque la notion de cercle est \u00e0 la fois pr\u00e9sente dans le titre, la notation, la composition et l&rsquo;interpr\u00e9tation r\u00e9p\u00e9titive de cette pi\u00e8ce.<\/p>\n","protected":false},"excerpt":{"rendered":"<p>Exemple\u00a0: Canon de Baude Cordier,\u00a0Tout par compas\u00a0\u00a0: \u00a0 Voici une interpr\u00e9tation possible de ce canon : http:\/\/www.youtube.com\/watch?v=EBWEivGRyzk&#038;hd=1 &nbsp; Baude Cordier (v.1380-v.1440) est un compositeur ant\u00e9rieur \u00e0 la Renaissance. [..]<\/p>\n","protected":false},"author":205,"featured_media":0,"parent":196,"menu_order":0,"comment_status":"closed","ping_status":"open","template":"","meta":{"footnotes":""},"class_list":["post-324","page","type-page","status-publish","hentry"],"_links":{"self":[{"href":"https:\/\/blogs.univ-tlse2.fr\/musique-renaissance\/wp-json\/wp\/v2\/pages\/324","targetHints":{"allow":["GET"]}}],"collection":[{"href":"https:\/\/blogs.univ-tlse2.fr\/musique-renaissance\/wp-json\/wp\/v2\/pages"}],"about":[{"href":"https:\/\/blogs.univ-tlse2.fr\/musique-renaissance\/wp-json\/wp\/v2\/types\/page"}],"author":[{"embeddable":true,"href":"https:\/\/blogs.univ-tlse2.fr\/musique-renaissance\/wp-json\/wp\/v2\/users\/205"}],"replies":[{"embeddable":true,"href":"https:\/\/blogs.univ-tlse2.fr\/musique-renaissance\/wp-json\/wp\/v2\/comments?post=324"}],"version-history":[{"count":2,"href":"https:\/\/blogs.univ-tlse2.fr\/musique-renaissance\/wp-json\/wp\/v2\/pages\/324\/revisions"}],"predecessor-version":[{"id":372,"href":"https:\/\/blogs.univ-tlse2.fr\/musique-renaissance\/wp-json\/wp\/v2\/pages\/324\/revisions\/372"}],"up":[{"embeddable":true,"href":"https:\/\/blogs.univ-tlse2.fr\/musique-renaissance\/wp-json\/wp\/v2\/pages\/196"}],"wp:attachment":[{"href":"https:\/\/blogs.univ-tlse2.fr\/musique-renaissance\/wp-json\/wp\/v2\/media?parent=324"}],"curies":[{"name":"wp","href":"https:\/\/api.w.org\/{rel}","templated":true}]}}