 {"id":354,"date":"2013-11-20T00:14:58","date_gmt":"2013-11-19T22:14:58","guid":{"rendered":"https:\/\/blogs.univ-tlse2.fr\/musique-renaissance\/?page_id=354"},"modified":"2025-03-12T17:24:13","modified_gmt":"2025-03-12T16:24:13","slug":"la-musique-parisienne-de-la-renaissance","status":"publish","type":"page","link":"https:\/\/blogs.univ-tlse2.fr\/musique-renaissance\/la-chanson-francaise-1520-1580\/la-musique-parisienne-de-la-renaissance\/","title":{"rendered":"La musique Parisienne de la Renaissance"},"content":{"rendered":"<p><!--\nTD P { margin-bottom: 0cm; }P { margin-bottom: 0.21cm; }A:link {  }\n-->On assiste \u00e0 l&rsquo;\u00e9closion de la musique parisienne. Elle traduit l&rsquo;atmosph\u00e8re l\u00e9g\u00e8re et galante de la vie de cour. Les chansons ont \u00e9t\u00e9 surtout connues gr\u00e2ce aux publications nombreuses de l&rsquo;imprimeur fran\u00e7ais Attaignant et de Susato.<br \/>\nCette \u00e9cole d\u00e9veloppe notamment la recherche de couleur dans un esprit imitatif, d&rsquo;o\u00f9 l&rsquo;importance de <span style=\"color: #ffa500\">pi\u00e8ces descriptives<\/span> : chant des oiseaux, batailles, sc\u00e8nes de chasse&#8230;<br \/>\nUne grande place est donn\u00e9e \u00e0 la sonorit\u00e9 des paroles, qui sont mises en valeur.<\/p>\n<p>Caract\u00e9ristiques de la musique parisienne :<br \/>\n-m\u00e9lodie \u00e0 l&rsquo;aigu<br \/>\n-structure strophique<br \/>\n-rythme binaire<br \/>\n-paroles qui \u00e9voquent l&rsquo;amour plein de quiproquos, chansons rustiques<\/p>\n","protected":false},"excerpt":{"rendered":"<p>On assiste \u00e0 l&rsquo;\u00e9closion de la musique parisienne. Elle traduit l&rsquo;atmosph\u00e8re l\u00e9g\u00e8re et galante de la vie de cour. Les chansons ont \u00e9t\u00e9 surtout connues gr\u00e2ce aux publications [..]<\/p>\n","protected":false},"author":208,"featured_media":0,"parent":7,"menu_order":1,"comment_status":"closed","ping_status":"closed","template":"","meta":{"footnotes":""},"class_list":["post-354","page","type-page","status-publish","hentry"],"_links":{"self":[{"href":"https:\/\/blogs.univ-tlse2.fr\/musique-renaissance\/wp-json\/wp\/v2\/pages\/354","targetHints":{"allow":["GET"]}}],"collection":[{"href":"https:\/\/blogs.univ-tlse2.fr\/musique-renaissance\/wp-json\/wp\/v2\/pages"}],"about":[{"href":"https:\/\/blogs.univ-tlse2.fr\/musique-renaissance\/wp-json\/wp\/v2\/types\/page"}],"author":[{"embeddable":true,"href":"https:\/\/blogs.univ-tlse2.fr\/musique-renaissance\/wp-json\/wp\/v2\/users\/208"}],"replies":[{"embeddable":true,"href":"https:\/\/blogs.univ-tlse2.fr\/musique-renaissance\/wp-json\/wp\/v2\/comments?post=354"}],"version-history":[{"count":3,"href":"https:\/\/blogs.univ-tlse2.fr\/musique-renaissance\/wp-json\/wp\/v2\/pages\/354\/revisions"}],"predecessor-version":[{"id":747,"href":"https:\/\/blogs.univ-tlse2.fr\/musique-renaissance\/wp-json\/wp\/v2\/pages\/354\/revisions\/747"}],"up":[{"embeddable":true,"href":"https:\/\/blogs.univ-tlse2.fr\/musique-renaissance\/wp-json\/wp\/v2\/pages\/7"}],"wp:attachment":[{"href":"https:\/\/blogs.univ-tlse2.fr\/musique-renaissance\/wp-json\/wp\/v2\/media?parent=354"}],"curies":[{"name":"wp","href":"https:\/\/api.w.org\/{rel}","templated":true}]}}