 {"id":359,"date":"2013-11-20T00:37:02","date_gmt":"2013-11-19T22:37:02","guid":{"rendered":"https:\/\/blogs.univ-tlse2.fr\/musique-renaissance\/?page_id=359"},"modified":"2025-03-12T17:24:13","modified_gmt":"2025-03-12T16:24:13","slug":"janequin","status":"publish","type":"page","link":"https:\/\/blogs.univ-tlse2.fr\/musique-renaissance\/la-chanson-francaise-1520-1580\/la-musique-parisienne-de-la-renaissance\/janequin\/","title":{"rendered":"Cl\u00e9ment Janequin"},"content":{"rendered":"<p><a title=\"Biographie Cl\u00e9ment Janequin\" href=\"https:\/\/blogs.univ-tlse2.fr\/musique-renaissance\/2013\/11\/13\/biographie-clement-janequin\/\">Janequin<\/a>, qui \u00e9tait sous la protection du cardinal Jean de Lorraine, \u00e9tait li\u00e9 d&rsquo;amiti\u00e9 avec la famille de Roland de Lassus, et avait la bienveillance de Fran\u00e7ois de Guise.<br \/>\nIl mit en musique les \u0153uvres de Ronsard. Malgr\u00e9 la protection des grands et le succ\u00e8s de ses \u0153uvres \u00e9dit\u00e9es par Attaignant, il meurt pauvre et n\u00e9glig\u00e9.<br \/>\nIl fut le chef de file de l&rsquo;\u00e9cole parisienne. Il est un virtuose de la sonorit\u00e9 des mots et de la musique descriptive.<\/p>\n<p>La musique descriptive est une chanson \u00e0 forme libre avec un c\u00f4t\u00e9 ludique qui l&#8217;emporte sur le c\u00f4t\u00e9 musical, fait pour imiter les faits quotidiens ou la nature.<\/p>\n<p>Janequin est tr\u00e8s c\u00e9l\u00e8bre pour ses \u0153uvres <em>Le chant des oiseaux<\/em> et <em><a title=\"La Guerre ou la Bataille de Marignan\" href=\"https:\/\/blogs.univ-tlse2.fr\/musique-renaissance\/2013\/11\/13\/la-guerre-ou-la-bataille-de-marignan\/\">La Bataille de Marignan<\/a><\/em>.<\/p>\n","protected":false},"excerpt":{"rendered":"<p>Janequin, qui \u00e9tait sous la protection du cardinal Jean de Lorraine, \u00e9tait li\u00e9 d&rsquo;amiti\u00e9 avec la famille de Roland de Lassus, et avait la bienveillance de Fran\u00e7ois de [..]<\/p>\n","protected":false},"author":208,"featured_media":0,"parent":354,"menu_order":1,"comment_status":"closed","ping_status":"closed","template":"","meta":{"footnotes":""},"class_list":["post-359","page","type-page","status-publish","hentry"],"_links":{"self":[{"href":"https:\/\/blogs.univ-tlse2.fr\/musique-renaissance\/wp-json\/wp\/v2\/pages\/359","targetHints":{"allow":["GET"]}}],"collection":[{"href":"https:\/\/blogs.univ-tlse2.fr\/musique-renaissance\/wp-json\/wp\/v2\/pages"}],"about":[{"href":"https:\/\/blogs.univ-tlse2.fr\/musique-renaissance\/wp-json\/wp\/v2\/types\/page"}],"author":[{"embeddable":true,"href":"https:\/\/blogs.univ-tlse2.fr\/musique-renaissance\/wp-json\/wp\/v2\/users\/208"}],"replies":[{"embeddable":true,"href":"https:\/\/blogs.univ-tlse2.fr\/musique-renaissance\/wp-json\/wp\/v2\/comments?post=359"}],"version-history":[{"count":4,"href":"https:\/\/blogs.univ-tlse2.fr\/musique-renaissance\/wp-json\/wp\/v2\/pages\/359\/revisions"}],"predecessor-version":[{"id":535,"href":"https:\/\/blogs.univ-tlse2.fr\/musique-renaissance\/wp-json\/wp\/v2\/pages\/359\/revisions\/535"}],"up":[{"embeddable":true,"href":"https:\/\/blogs.univ-tlse2.fr\/musique-renaissance\/wp-json\/wp\/v2\/pages\/354"}],"wp:attachment":[{"href":"https:\/\/blogs.univ-tlse2.fr\/musique-renaissance\/wp-json\/wp\/v2\/media?parent=359"}],"curies":[{"name":"wp","href":"https:\/\/api.w.org\/{rel}","templated":true}]}}