 {"id":445,"date":"2013-11-27T11:27:24","date_gmt":"2013-11-27T09:27:24","guid":{"rendered":"https:\/\/blogs.univ-tlse2.fr\/musique-renaissance\/?page_id=445"},"modified":"2025-03-12T17:24:13","modified_gmt":"2025-03-12T16:24:13","slug":"roland-de-lassus","status":"publish","type":"page","link":"https:\/\/blogs.univ-tlse2.fr\/musique-renaissance\/la-chanson-francaise-1520-1580\/la-chanson-polyphonique\/roland-de-lassus\/","title":{"rendered":"Roland de Lassus"},"content":{"rendered":"<p><iframe loading=\"lazy\" title=\"Orlandus di Lassus - Motet for 8 Voices - Osculetur me Osculo\" width=\"590\" height=\"443\" src=\"https:\/\/www.youtube.com\/embed\/v5OhIKZ4Wbo?feature=oembed\" frameborder=\"0\" allow=\"accelerometer; autoplay; clipboard-write; encrypted-media; gyroscope; picture-in-picture; web-share\" referrerpolicy=\"strict-origin-when-cross-origin\" allowfullscreen><\/iframe><\/p>\n<p><iframe loading=\"lazy\" title=\"Orlandus Lassus: La nuict froide et sombre\" width=\"590\" height=\"443\" src=\"https:\/\/www.youtube.com\/embed\/xYcJlrHOK1A?feature=oembed\" frameborder=\"0\" allow=\"accelerometer; autoplay; clipboard-write; encrypted-media; gyroscope; picture-in-picture; web-share\" referrerpolicy=\"strict-origin-when-cross-origin\" allowfullscreen><\/iframe><\/p>\n<p>Version de l&rsquo;ensemble Capella Sancti Micha\u00eblis<\/p>\n<p>L\u2019\u0153uvre <em>La Nuict froide et sombre<\/em> repr\u00e9sente la seconde strophe d\u2019une ode extraite des vers lyriques de Joachim du Bellay, po\u00e8te humaniste et membre actif du groupe de la Pl\u00e9iade. Ce texte publi\u00e9 en 1549 est constitu\u00e9 de douze vers . La formation instrumentale est un ensemble de quatre voix mixtes a capella\u00a0: soprano, alto, t\u00e9nor et basse.<\/p>\n<p>Compositeur cosmopolite francophone, Roland de Lassus s\u2019est inspir\u00e9 de textes italiens, fran\u00e7ais, allemands et latins. Il a compos\u00e9 plus de deux mille \u0153uvres religieuses ou profanes. Il pr\u00e9f\u00e8re choisir des po\u00e8mes qui n\u2019ont pas encore \u00e9t\u00e9 mis en musique, afin de ne suivre aucun mod\u00e8le et recherche des climats po\u00e9tiques vari\u00e9s allant de Fran\u00e7ois Villon \u00e0 la Pl\u00e9iade.<\/p>\n<p>Ainsi, son art repr\u00e9sente une synth\u00e8se de tous les aspects de la musique de la Renaissance\u00a0:<\/p>\n<p>\u2022 le style polyphonique v\u00e9nitien\u00a0: musique grandiose pour double ch\u0153ur<\/p>\n<p>\u2022 la chanson franco-flamande\u00a0: chansons \u00e0 quatre voix de Roland de Lassus\u00a0;<\/p>\n<p>\u2022 la chanson parisienne\u00a0: syllabique, l\u00e9g\u00e8re et spirituelle\u00a0;<\/p>\n<p>\u2022 le madrigal\u00a0: proc\u00e9d\u00e9 du figuralisme. Il s\u2019agit d\u2019illustrer musicalement un mot ou une id\u00e9e, afin de privil\u00e9gier le sens du texte.<\/p>\n<p>En ce sens, nous pouvons consid\u00e9rer Roland de Lassus, par la fusion des styles flamand, parisien et italien qu\u2019il op\u00e8re dans son \u0153uvre, comme le musicien europ\u00e9en de l\u2019\u00e9poque de la Renaissance.<\/p>\n","protected":false},"excerpt":{"rendered":"<p>Version de l&rsquo;ensemble Capella Sancti Micha\u00eblis L\u2019\u0153uvre La Nuict froide et sombre repr\u00e9sente la seconde strophe d\u2019une ode extraite des vers lyriques de Joachim du Bellay, po\u00e8te humaniste [..]<\/p>\n","protected":false},"author":208,"featured_media":0,"parent":506,"menu_order":0,"comment_status":"closed","ping_status":"open","template":"","meta":{"footnotes":""},"class_list":["post-445","page","type-page","status-publish","hentry"],"_links":{"self":[{"href":"https:\/\/blogs.univ-tlse2.fr\/musique-renaissance\/wp-json\/wp\/v2\/pages\/445","targetHints":{"allow":["GET"]}}],"collection":[{"href":"https:\/\/blogs.univ-tlse2.fr\/musique-renaissance\/wp-json\/wp\/v2\/pages"}],"about":[{"href":"https:\/\/blogs.univ-tlse2.fr\/musique-renaissance\/wp-json\/wp\/v2\/types\/page"}],"author":[{"embeddable":true,"href":"https:\/\/blogs.univ-tlse2.fr\/musique-renaissance\/wp-json\/wp\/v2\/users\/208"}],"replies":[{"embeddable":true,"href":"https:\/\/blogs.univ-tlse2.fr\/musique-renaissance\/wp-json\/wp\/v2\/comments?post=445"}],"version-history":[{"count":7,"href":"https:\/\/blogs.univ-tlse2.fr\/musique-renaissance\/wp-json\/wp\/v2\/pages\/445\/revisions"}],"predecessor-version":[{"id":583,"href":"https:\/\/blogs.univ-tlse2.fr\/musique-renaissance\/wp-json\/wp\/v2\/pages\/445\/revisions\/583"}],"up":[{"embeddable":true,"href":"https:\/\/blogs.univ-tlse2.fr\/musique-renaissance\/wp-json\/wp\/v2\/pages\/506"}],"wp:attachment":[{"href":"https:\/\/blogs.univ-tlse2.fr\/musique-renaissance\/wp-json\/wp\/v2\/media?parent=445"}],"curies":[{"name":"wp","href":"https:\/\/api.w.org\/{rel}","templated":true}]}}