 {"id":508,"date":"2013-12-03T19:42:42","date_gmt":"2013-12-03T17:42:42","guid":{"rendered":"https:\/\/blogs.univ-tlse2.fr\/musique-renaissance\/?page_id=508"},"modified":"2025-03-12T17:24:13","modified_gmt":"2025-03-12T16:24:13","slug":"mon-coeur-se-recommande-a-vous","status":"publish","type":"page","link":"https:\/\/blogs.univ-tlse2.fr\/musique-renaissance\/la-chanson-francaise-1520-1580\/la-chanson-polyphonique\/roland-de-lassus\/mon-coeur-se-recommande-a-vous\/","title":{"rendered":"\u00ab\u00a0Mon C\u0153ur se recommande \u00e0 vous\u00a0\u00bb"},"content":{"rendered":"<p><iframe loading=\"lazy\" title=\"Mon Coeur Se Recommande a Vous - Orlando di Lasso (Coro de C\u00e1mara Nova Mvsica)\" width=\"590\" height=\"443\" src=\"https:\/\/www.youtube.com\/embed\/zlqbjDVewVg?feature=oembed\" frameborder=\"0\" allow=\"accelerometer; autoplay; clipboard-write; encrypted-media; gyroscope; picture-in-picture; web-share\" referrerpolicy=\"strict-origin-when-cross-origin\" allowfullscreen><\/iframe><\/p>\n<p>Po\u00e8me de Cl\u00e9ment Marot, musique de Roland de Lassus<br \/>\nForme strophique. Structure du po\u00e8me : strophe en quatrin, texte rim\u00e9 et versifi\u00e9 en octosyllabe<\/p>\n<p>1\u00e8re PARTIE : 4 phrases (A1 A2 A1 A3) ; m. 1 \u00e0 16<br \/>\n2\u00e8me PARTIE : 4 phrases (B1 B2 B1 B3) ; m.17 \u00e0 25<br \/>\n1\u00e8re PARTIE reprise : 4 phrases (A1 A2 A1 A3) ; m.26 \u00e0 fin<\/p>\n<p><strong>Caract\u00e8re<\/strong><br \/>\nTriste, m\u00e9lancolique, nostalgique (souvenirs lointains), douleur<\/p>\n<p>=&gt; Tempo lent, style legato avec valeurs longues<\/p>\n<p>&#8212;-&gt; Style syllabique : vertical en homorythmie<br \/>\nhorizontal (une note par syllabe), entr\u00e9e en imitation canonique (ex. m.10)<br \/>\n&#8212;-&gt; Style vocalis\u00e9 : figuralisme sur<\/p>\n<p>\u00ab recommande \u00e0 vous \u00bb =\u00a0 supplication, sanglots<br \/>\n\u00ab puisse dire \u00bb = espoir, insistance, pri\u00e8re<br \/>\n=&gt; Figuralismes :<br \/>\n\u00ab maudire \u00bb renforc\u00e9 par la verticalit\u00e9 et l\u2019homorythmie<br \/>\n\u00ab faite qu\u2019\u00e0 Dieu \u00bb instance par la r\u00e9p\u00e9tition, d\u00e9sespoir, assombrissement<br \/>\nprogressif par la transposition de la m\u00e9lodie<\/p>\n<p>&nbsp;<\/p>\n<p><a href=\"https:\/\/blogs.univ-tlse2.fr\/musique-renaissance\/files\/2013\/12\/Free-scores.com_lassus-orlande-de-mon-coeur-se-recommande-a-vous-2847.pdf\">[Free-scores.com]_lassus-orlande-de-mon-coeur-se-recommande-a-vous-2847<\/a><\/p>\n<p>&nbsp;<\/p>\n","protected":false},"excerpt":{"rendered":"<p>Po\u00e8me de Cl\u00e9ment Marot, musique de Roland de Lassus Forme strophique. Structure du po\u00e8me : strophe en quatrin, texte rim\u00e9 et versifi\u00e9 en octosyllabe 1\u00e8re PARTIE : 4 [..]<\/p>\n","protected":false},"author":208,"featured_media":0,"parent":445,"menu_order":0,"comment_status":"closed","ping_status":"open","template":"","meta":{"footnotes":""},"class_list":["post-508","page","type-page","status-publish","hentry"],"_links":{"self":[{"href":"https:\/\/blogs.univ-tlse2.fr\/musique-renaissance\/wp-json\/wp\/v2\/pages\/508","targetHints":{"allow":["GET"]}}],"collection":[{"href":"https:\/\/blogs.univ-tlse2.fr\/musique-renaissance\/wp-json\/wp\/v2\/pages"}],"about":[{"href":"https:\/\/blogs.univ-tlse2.fr\/musique-renaissance\/wp-json\/wp\/v2\/types\/page"}],"author":[{"embeddable":true,"href":"https:\/\/blogs.univ-tlse2.fr\/musique-renaissance\/wp-json\/wp\/v2\/users\/208"}],"replies":[{"embeddable":true,"href":"https:\/\/blogs.univ-tlse2.fr\/musique-renaissance\/wp-json\/wp\/v2\/comments?post=508"}],"version-history":[{"count":1,"href":"https:\/\/blogs.univ-tlse2.fr\/musique-renaissance\/wp-json\/wp\/v2\/pages\/508\/revisions"}],"predecessor-version":[{"id":510,"href":"https:\/\/blogs.univ-tlse2.fr\/musique-renaissance\/wp-json\/wp\/v2\/pages\/508\/revisions\/510"}],"up":[{"embeddable":true,"href":"https:\/\/blogs.univ-tlse2.fr\/musique-renaissance\/wp-json\/wp\/v2\/pages\/445"}],"wp:attachment":[{"href":"https:\/\/blogs.univ-tlse2.fr\/musique-renaissance\/wp-json\/wp\/v2\/media?parent=508"}],"curies":[{"name":"wp","href":"https:\/\/api.w.org\/{rel}","templated":true}]}}