 {"id":511,"date":"2013-12-03T19:48:28","date_gmt":"2013-12-03T17:48:28","guid":{"rendered":"https:\/\/blogs.univ-tlse2.fr\/musique-renaissance\/?page_id=511"},"modified":"2025-03-12T17:24:34","modified_gmt":"2025-03-12T16:24:34","slug":"pierre-passereau","status":"publish","type":"page","link":"https:\/\/blogs.univ-tlse2.fr\/musique-renaissance\/la-chanson-francaise-1520-1580\/la-chanson-polyphonique\/pierre-passereau\/","title":{"rendered":"Pierre Passereau"},"content":{"rendered":"<p><span style=\"color: #ff0000\">Pierre Passereau<\/span> (vers 1509 &#8211; 1547) est un compositeur fran\u00e7ais de la Renaissance.<\/p>\n<p>On ne sait presque rien de la vie de Pierre Passereau. D&rsquo;apr\u00e8s Fran\u00e7ois-Joseph F\u00e9tis, c\u00e9l\u00e8bre musicologue du XIX<sup>e <\/sup>si\u00e8cle, il aurait \u00e9t\u00e9 pr\u00eatre de l&rsquo;\u00e9glise Saint-Jacques-de-la-Boucherie \u00e0 Paris, puis t\u00e9nor dans la chapelle du duc d&rsquo;Angoul\u00eame (le futur Fran\u00e7ois Ier).<\/p>\n<p>Il occupera ensuite le m\u00eame poste \u00e0 la cath\u00e9drale de Cambrai, de 1525 \u00e0 1530, pour devenir, vers 1536, chantre \u00e0 la cath\u00e9drale de Bourges.<br \/>\nAvec Cl\u00e9ment Janequin, il \u00e9tait l&rsquo;un des compositeurs de Paris les plus populaires vers 1530. Ses chansons ont \u00e9t\u00e9 publi\u00e9es par Pierre Attaingnant entre 1529 et 1556. Leur popularit\u00e9 est probablement due \u00e0 leur rythme entra\u00eenant, \u00e0 leurs th\u00e8mes et \u00e0 l&rsquo;utilisation d&rsquo;un langage tr\u00e8s populaire. Preuve de sa popularit\u00e9, Rabelais cite le nom de Passereau dans sa liste de musiciens du Quart Livre.<br \/>\nSon \u0153uvre la plus connue est <em>Il est bel et bon<\/em> \u00e0 quatre voix avec soprano, t\u00e9nor, baryton et basse. Outre un motet, son \u0153uvre consiste en 26 chansons, grivoises, narratives ou descriptives \u00e0 4 voix, dont le c\u00e9l\u00e8bre Il est bel et bon, ses chansons connurent un certain succ\u00e8s : maintes fois \u00e9dit\u00e9es, elles furent \u00e9galement parodi\u00e9es par plusieurs de ses contemporains, dont Pierre Certon (1570), ou encore transcrites pour instruments.<\/p>\n","protected":false},"excerpt":{"rendered":"<p>Pierre Passereau (vers 1509 &#8211; 1547) est un compositeur fran\u00e7ais de la Renaissance. On ne sait presque rien de la vie de Pierre Passereau. D&rsquo;apr\u00e8s Fran\u00e7ois-Joseph F\u00e9tis, c\u00e9l\u00e8bre [..]<\/p>\n","protected":false},"author":208,"featured_media":0,"parent":506,"menu_order":2,"comment_status":"closed","ping_status":"open","template":"","meta":{"footnotes":""},"class_list":["post-511","page","type-page","status-publish","hentry"],"_links":{"self":[{"href":"https:\/\/blogs.univ-tlse2.fr\/musique-renaissance\/wp-json\/wp\/v2\/pages\/511","targetHints":{"allow":["GET"]}}],"collection":[{"href":"https:\/\/blogs.univ-tlse2.fr\/musique-renaissance\/wp-json\/wp\/v2\/pages"}],"about":[{"href":"https:\/\/blogs.univ-tlse2.fr\/musique-renaissance\/wp-json\/wp\/v2\/types\/page"}],"author":[{"embeddable":true,"href":"https:\/\/blogs.univ-tlse2.fr\/musique-renaissance\/wp-json\/wp\/v2\/users\/208"}],"replies":[{"embeddable":true,"href":"https:\/\/blogs.univ-tlse2.fr\/musique-renaissance\/wp-json\/wp\/v2\/comments?post=511"}],"version-history":[{"count":5,"href":"https:\/\/blogs.univ-tlse2.fr\/musique-renaissance\/wp-json\/wp\/v2\/pages\/511\/revisions"}],"predecessor-version":[{"id":748,"href":"https:\/\/blogs.univ-tlse2.fr\/musique-renaissance\/wp-json\/wp\/v2\/pages\/511\/revisions\/748"}],"up":[{"embeddable":true,"href":"https:\/\/blogs.univ-tlse2.fr\/musique-renaissance\/wp-json\/wp\/v2\/pages\/506"}],"wp:attachment":[{"href":"https:\/\/blogs.univ-tlse2.fr\/musique-renaissance\/wp-json\/wp\/v2\/media?parent=511"}],"curies":[{"name":"wp","href":"https:\/\/api.w.org\/{rel}","templated":true}]}}