 {"id":513,"date":"2013-12-03T19:58:01","date_gmt":"2013-12-03T17:58:01","guid":{"rendered":"https:\/\/blogs.univ-tlse2.fr\/musique-renaissance\/?page_id=513"},"modified":"2025-03-12T17:24:34","modified_gmt":"2025-03-12T16:24:34","slug":"il-est-bel-et-bon","status":"publish","type":"page","link":"https:\/\/blogs.univ-tlse2.fr\/musique-renaissance\/la-chanson-francaise-1520-1580\/la-chanson-polyphonique\/pierre-passereau\/il-est-bel-et-bon\/","title":{"rendered":"\u00ab\u00a0Il est Bel et bon\u00a0\u00bb"},"content":{"rendered":"<p>\u00c9crite dans le style de Cl\u00e9ment Janequin, cette \u00ab\u00a0chanson parisienne\u00a0\u00bb l\u2019a rendu c\u00e9l\u00e8bre en son temps \u00e0 Venise, mais aussi \u00e0 travers les si\u00e8cles, puisqu\u2019elle figure encore tr\u00e8s souvent au r\u00e9pertoire des chorales d\u2019amateurs et de professionnels.<\/p>\n<p>Le plan en est assez clair\u00a0 :<\/p>\n<div align=\"center\">\n<table width=\"90%\" border=\"1\">\n<tbody>\n<tr>\n<td align=\"center\" width=\"20%\" height=\"19\"><strong>Mes. 1 \u00e0 15<\/strong><\/td>\n<td align=\"center\" width=\"20%\" height=\"19\"><strong>Mes. 16 \u00e0 26<\/strong><\/td>\n<td align=\"center\" width=\"20%\" height=\"19\"><strong>Mes. 27 \u00e0 41<\/strong><\/td>\n<td align=\"center\" width=\"20%\" height=\"19\"><strong>Mes. 42 \u00e0 98<\/strong><\/td>\n<td align=\"center\" width=\"20%\" height=\"19\"><strong>Mes. 99 \u00e0 128<\/strong><\/td>\n<\/tr>\n<tr>\n<td align=\"center\" width=\"20%\" height=\"17\"><span style=\"color: #0000ff\"><strong>Refrain<\/strong><\/span><\/td>\n<td align=\"center\" width=\"20%\" height=\"17\"><span style=\"color: #008000\"><strong>Couplet 1<\/strong><\/span><\/td>\n<td align=\"center\" width=\"20%\" height=\"17\"><span style=\"color: #0000ff\"><strong>Refrain<\/strong><\/span><\/td>\n<td align=\"center\" width=\"20%\" height=\"17\"><strong><span style=\"color: #ff0000\">Couplet<\/span><span style=\"color: #ff0000\">2<\/span><\/strong><\/td>\n<td align=\"center\" width=\"20%\" height=\"17\"><span style=\"color: #0000ff\"><strong>Refrain<\/strong><\/span><\/td>\n<\/tr>\n<\/tbody>\n<\/table>\n<\/div>\n<p>Elle est construite autour d&rsquo;un refrain d&rsquo;un ambitus de quinte, en notes conjointes, et repris en imitations resserr\u00e9es :<\/p>\n<p><a href=\"https:\/\/blogs.univ-tlse2.fr\/musique-renaissance\/files\/2013\/12\/1.gif\"><img loading=\"lazy\" decoding=\"async\" class=\"alignnone size-medium wp-image-514\" alt=\"1\" src=\"https:\/\/blogs.univ-tlse2.fr\/musique-renaissance\/files\/2013\/12\/1-300x140.gif\" width=\"300\" height=\"140\" \/><\/a> <audio class=\"wp-audio-shortcode\" id=\"audio-513-1\" preload=\"none\" style=\"width: 100%;\" controls=\"controls\"><source type=\"audio\/mpeg\" src=\"https:\/\/blogs.univ-tlse2.fr\/musique-renaissance\/files\/2013\/12\/1.mp3?_=1\" \/><a href=\"https:\/\/blogs.univ-tlse2.fr\/musique-renaissance\/files\/2013\/12\/1.mp3\">https:\/\/blogs.univ-tlse2.fr\/musique-renaissance\/files\/2013\/12\/1.mp3<\/a><\/audio><\/p>\n<p><span style=\"font-size: medium\">Ce m\u00eame proc\u00e9d\u00e9 en imitation est op\u00e9r\u00e9 pour les couplets, mais avec une r\u00e9partition diff\u00e9rente. Dans les mesures <strong>42<\/strong> \u00e0 <strong>54<\/strong>, l&rsquo;imitation est bien pr\u00e9sente entre le soprano et l&rsquo;alto puis trouve un \u00e9cho exact chez \u00a0 les t\u00e9nors et basses :<\/span><\/p>\n<p><a href=\"https:\/\/blogs.univ-tlse2.fr\/musique-renaissance\/files\/2013\/12\/2.gif\"><img loading=\"lazy\" decoding=\"async\" class=\"alignnone size-medium wp-image-516\" alt=\"2\" src=\"https:\/\/blogs.univ-tlse2.fr\/musique-renaissance\/files\/2013\/12\/2-300x72.gif\" width=\"300\" height=\"72\" \/><\/a> <audio class=\"wp-audio-shortcode\" id=\"audio-513-2\" preload=\"none\" style=\"width: 100%;\" controls=\"controls\"><source type=\"audio\/mpeg\" src=\"https:\/\/blogs.univ-tlse2.fr\/musique-renaissance\/files\/2013\/12\/2.mp3?_=2\" \/><a href=\"https:\/\/blogs.univ-tlse2.fr\/musique-renaissance\/files\/2013\/12\/2.mp3\">https:\/\/blogs.univ-tlse2.fr\/musique-renaissance\/files\/2013\/12\/2.mp3<\/a><\/audio><\/p>\n<p>Le jeu sur les onomatop\u00e9es, que l&rsquo;on retrouve \u00e9galement chez Janequin (La Guerre), est pratiqu\u00e9 \u00e0 loisir dans cette oeuvre. Les mesures <strong>86<\/strong> \u00e0 <strong>92<\/strong> montrent bien le jeu sur la syllabe \u00ab\u00a0co\u00a0\u00bb (d\u00e9but de \u00ab\u00a0coquette\u00a0\u00bb ou \u00ab\u00a0co&#8230;\u00a0\u00bb,\u00a0 je vous laisse le soin de terminer) r\u00e9p\u00e9t\u00e9 de fa\u00e7on percussive et obstin\u00e9e (la m\u00e9lodie ici se r\u00e9sume \u00e0 1 ou 2 notes), et \u00ab\u00a0petite coquette\u00a0\u00bb en imitation serr\u00e9e\u00a0aux sopranos et t\u00e9nors :<\/p>\n<p><a href=\"https:\/\/blogs.univ-tlse2.fr\/musique-renaissance\/files\/2013\/12\/3.gif\"><img loading=\"lazy\" decoding=\"async\" class=\"alignnone size-medium wp-image-518\" alt=\"3\" src=\"https:\/\/blogs.univ-tlse2.fr\/musique-renaissance\/files\/2013\/12\/3-300x131.gif\" width=\"300\" height=\"131\" \/><\/a> <audio class=\"wp-audio-shortcode\" id=\"audio-513-3\" preload=\"none\" style=\"width: 100%;\" controls=\"controls\"><source type=\"audio\/mpeg\" src=\"https:\/\/blogs.univ-tlse2.fr\/musique-renaissance\/files\/2013\/12\/3.mp3?_=3\" \/><a href=\"https:\/\/blogs.univ-tlse2.fr\/musique-renaissance\/files\/2013\/12\/3.mp3\">https:\/\/blogs.univ-tlse2.fr\/musique-renaissance\/files\/2013\/12\/3.mp3<\/a><\/audio><\/p>\n<p>L&rsquo;homorythmie est employ\u00e9e ici principalement en fin de phrase, et pour l&rsquo;auditeur, elle est un moyen de rep\u00e9rage. Dans ce babillage ou le comm\u00e9rage va bon train, ce proc\u00e9d\u00e9 d&rsquo;\u00e9criture rassemble toutes les voix en bon ordre et scande les derni\u00e8res mesures de la chanson :<\/p>\n<p><a href=\"https:\/\/blogs.univ-tlse2.fr\/musique-renaissance\/files\/2013\/12\/4.gif\"><img loading=\"lazy\" decoding=\"async\" class=\"alignnone size-medium wp-image-520\" alt=\"4\" src=\"https:\/\/blogs.univ-tlse2.fr\/musique-renaissance\/files\/2013\/12\/4-300x170.gif\" width=\"300\" height=\"170\" \/><\/a> <audio class=\"wp-audio-shortcode\" id=\"audio-513-4\" preload=\"none\" style=\"width: 100%;\" controls=\"controls\"><source type=\"audio\/mpeg\" src=\"https:\/\/blogs.univ-tlse2.fr\/musique-renaissance\/files\/2013\/12\/4.mp3?_=4\" \/><a href=\"https:\/\/blogs.univ-tlse2.fr\/musique-renaissance\/files\/2013\/12\/4.mp3\">https:\/\/blogs.univ-tlse2.fr\/musique-renaissance\/files\/2013\/12\/4.mp3<\/a><\/audio><\/p>\n<p>&nbsp;<\/p>\n<p>&nbsp;<\/p>\n","protected":false},"excerpt":{"rendered":"<p>\u00c9crite dans le style de Cl\u00e9ment Janequin, cette \u00ab\u00a0chanson parisienne\u00a0\u00bb l\u2019a rendu c\u00e9l\u00e8bre en son temps \u00e0 Venise, mais aussi \u00e0 travers les si\u00e8cles, puisqu\u2019elle figure encore tr\u00e8s [..]<\/p>\n","protected":false},"author":208,"featured_media":0,"parent":511,"menu_order":0,"comment_status":"closed","ping_status":"open","template":"","meta":{"footnotes":""},"class_list":["post-513","page","type-page","status-publish","hentry"],"_links":{"self":[{"href":"https:\/\/blogs.univ-tlse2.fr\/musique-renaissance\/wp-json\/wp\/v2\/pages\/513","targetHints":{"allow":["GET"]}}],"collection":[{"href":"https:\/\/blogs.univ-tlse2.fr\/musique-renaissance\/wp-json\/wp\/v2\/pages"}],"about":[{"href":"https:\/\/blogs.univ-tlse2.fr\/musique-renaissance\/wp-json\/wp\/v2\/types\/page"}],"author":[{"embeddable":true,"href":"https:\/\/blogs.univ-tlse2.fr\/musique-renaissance\/wp-json\/wp\/v2\/users\/208"}],"replies":[{"embeddable":true,"href":"https:\/\/blogs.univ-tlse2.fr\/musique-renaissance\/wp-json\/wp\/v2\/comments?post=513"}],"version-history":[{"count":3,"href":"https:\/\/blogs.univ-tlse2.fr\/musique-renaissance\/wp-json\/wp\/v2\/pages\/513\/revisions"}],"predecessor-version":[{"id":530,"href":"https:\/\/blogs.univ-tlse2.fr\/musique-renaissance\/wp-json\/wp\/v2\/pages\/513\/revisions\/530"}],"up":[{"embeddable":true,"href":"https:\/\/blogs.univ-tlse2.fr\/musique-renaissance\/wp-json\/wp\/v2\/pages\/511"}],"wp:attachment":[{"href":"https:\/\/blogs.univ-tlse2.fr\/musique-renaissance\/wp-json\/wp\/v2\/media?parent=513"}],"curies":[{"name":"wp","href":"https:\/\/api.w.org\/{rel}","templated":true}]}}