 {"id":523,"date":"2013-12-03T20:00:11","date_gmt":"2013-12-03T18:00:11","guid":{"rendered":"https:\/\/blogs.univ-tlse2.fr\/musique-renaissance\/?page_id=523"},"modified":"2025-03-12T17:24:34","modified_gmt":"2025-03-12T16:24:34","slug":"academie-de-musique-et-de-poesie","status":"publish","type":"page","link":"https:\/\/blogs.univ-tlse2.fr\/musique-renaissance\/la-chanson-francaise-1520-1580\/la-chanson-polyphonique\/academie-de-musique-et-de-poesie\/","title":{"rendered":"Acad\u00e9mie de musique et de po\u00e9sie"},"content":{"rendered":"<p>A la fin du XVI<sup>e <\/sup>si\u00e8cle, l\u2019Acad\u00e9mie de musique et de po\u00e9sie fond\u00e9e en 1571 par Antoine de BA\u00cfF tente de retrouver l\u2019esprit de la po\u00e9sie et de la musique antiques en cr\u00e9ant un nouveau style :<\/p>\n<p>la musique mesur\u00e9e \u00e0 l\u2019antique o\u00f9 l\u2019union \u00e9troite entre po\u00e8me et musique s\u2019appuie sur la m\u00e9trique gr\u00e9co-latine (vers fixes alternant syllabes br\u00e8ves et longues selon des sch\u00e9mas rythmiques pr\u00e9\u00e9tablis : troch\u00e9e, iambe, spond\u00e9e, dactyle, anapeste) et une \u00e9criture en scansion verticale (sentiment harmonique, d\u00e9pourvue de barre de mesures).<\/p>\n<p>Jacques MAUDUIT (<em>Voici le Vert et Beau mai<\/em>) et Claude LE JEUNE (<em>Perdre le Sens devant vous<\/em>) illustrent cette tendance qui cl\u00f4t l\u2019histoire de la chanson polyphonique.<\/p>\n","protected":false},"excerpt":{"rendered":"<p>A la fin du XVIe si\u00e8cle, l\u2019Acad\u00e9mie de musique et de po\u00e9sie fond\u00e9e en 1571 par Antoine de BA\u00cfF tente de retrouver l\u2019esprit de la po\u00e9sie et de [..]<\/p>\n","protected":false},"author":208,"featured_media":0,"parent":506,"menu_order":3,"comment_status":"closed","ping_status":"open","template":"","meta":{"footnotes":""},"class_list":["post-523","page","type-page","status-publish","hentry"],"_links":{"self":[{"href":"https:\/\/blogs.univ-tlse2.fr\/musique-renaissance\/wp-json\/wp\/v2\/pages\/523","targetHints":{"allow":["GET"]}}],"collection":[{"href":"https:\/\/blogs.univ-tlse2.fr\/musique-renaissance\/wp-json\/wp\/v2\/pages"}],"about":[{"href":"https:\/\/blogs.univ-tlse2.fr\/musique-renaissance\/wp-json\/wp\/v2\/types\/page"}],"author":[{"embeddable":true,"href":"https:\/\/blogs.univ-tlse2.fr\/musique-renaissance\/wp-json\/wp\/v2\/users\/208"}],"replies":[{"embeddable":true,"href":"https:\/\/blogs.univ-tlse2.fr\/musique-renaissance\/wp-json\/wp\/v2\/comments?post=523"}],"version-history":[{"count":4,"href":"https:\/\/blogs.univ-tlse2.fr\/musique-renaissance\/wp-json\/wp\/v2\/pages\/523\/revisions"}],"predecessor-version":[{"id":746,"href":"https:\/\/blogs.univ-tlse2.fr\/musique-renaissance\/wp-json\/wp\/v2\/pages\/523\/revisions\/746"}],"up":[{"embeddable":true,"href":"https:\/\/blogs.univ-tlse2.fr\/musique-renaissance\/wp-json\/wp\/v2\/pages\/506"}],"wp:attachment":[{"href":"https:\/\/blogs.univ-tlse2.fr\/musique-renaissance\/wp-json\/wp\/v2\/media?parent=523"}],"curies":[{"name":"wp","href":"https:\/\/api.w.org\/{rel}","templated":true}]}}