 {"id":539,"date":"2013-12-04T10:12:59","date_gmt":"2013-12-04T08:12:59","guid":{"rendered":"https:\/\/blogs.univ-tlse2.fr\/musique-renaissance\/?page_id=539"},"modified":"2025-03-12T17:24:13","modified_gmt":"2025-03-12T16:24:13","slug":"exemple-dutilisation-de-la-voix-avec-le-chant-des-oiseaux","status":"publish","type":"page","link":"https:\/\/blogs.univ-tlse2.fr\/musique-renaissance\/instruments-voix\/exemple-dutilisation-de-la-voix-avec-le-chant-des-oiseaux\/","title":{"rendered":"Exemple d&rsquo;utilisation de la voix avec Le Chant des oiseaux"},"content":{"rendered":"<p><em>Le chant des oiseaux<\/em>\u00a0de Cl\u00e9ment Janequin est une chanson\u00a0\u00e0 quatre voix\u00a0\u00e9crite vers 1529. Pour la forme cette chanson s&rsquo;apparente plut\u00f4t au virelai. On a ici un refrain et quatre couplets : le 1er couplet est consacr\u00e9 aux oiseaux en g\u00e9n\u00e9ral, le 2e est consacr\u00e9 au petit sansonnet de Paris, le 3e au rossignol et le 4e au coucou.<\/p>\n<p>Pour \u00ab\u00a0reproduire\u00a0\u00bb le chant des oiseaux, Janequin utilise de nombreuses onomatop\u00e9es r\u00e9p\u00e9t\u00e9es plusieurs fois dans l&rsquo;oeuvre. Parmi celles qui sont les plus utilis\u00e9es par l&rsquo;auteur on a notamment : \u00ab\u00a0frian frian\u00a0\u00bb, \u00ab\u00a0trr trr\u00a0\u00bb, \u00ab\u00a0frr frr\u00a0\u00bb. La vitesse de r\u00e9p\u00e9tition de ces br\u00e8ves onomatop\u00e9es donne justement cet \u00ab\u00a0effet\u00a0\u00bb de chant des oiseaux.<\/p>\n<p>Voici le texte du troisi\u00e8me couplet :<\/p>\n<p>Rossignol du boys joly,<br \/>\n\u00c0 qui la voix resonne,<br \/>\nPour vous mettre hors d\u2019ennuy<br \/>\nVotre gorge iargonne :<br \/>\nFrian, frian, frian, frian, frian, frian, frian, frian,<br \/>\nticun, ticun, ticun, ticun, ticun, ticun,<br \/>\nqui la ra, qui la ra, qui la ra,<br \/>\nhuit, huit, huit, huit, huit, huit, huit, huit,<br \/>\nfereli fy, cy ty oy ty oy ty ot ty, trr,<br \/>\ntu, tu, tu, tu, tu, qui lara, qui lara,<br \/>\nticun, ticun, ticun, ticun, ticun,<br \/>\ncoqui, teo, teo, teo, teo, teo, teo, teo, teo, teo, teo,<br \/>\ntar, frian, frian, frian, frian, frian, frian, frian,<br \/>\ntycun, tycun, tycun, turry, turry, turry, qui-by.<br \/>\nTrr, qui lara qui lara,<br \/>\nEt huit, huit, huit, huit,<br \/>\nquoi, quoi, quoi, quoi, quoi, quoi, quoi, quoi,<br \/>\nqui lara, ticun, ticun, ticun, coqui, coqui, coqui,<br \/>\ntar, tar, tar, tar, tar, fouquet, fouquet, quibi, quibi,<br \/>\ntu, tu, tu, tu, tu, fouquet, fouquet,<br \/>\nfi, ti, fi, ti, frian, frian, frian, frian, fi,ti, tr,<br \/>\nqui lara, qui lara,<br \/>\nhuit, huit, huit, huit,<br \/>\ntar, tar, tar, tar, tar, tar, tar, tar,<br \/>\ntrr, trr, frr,trr, trr,trr, trr, qrr, qrr, qrr, vrr, vrr, frr, vrr,<br \/>\nfrr, frr, frr, frr, frr, frr, frr, frr<\/p>\n<p>Voila le lien pour la partition !<\/p>\n<p><a href=\"http:\/\/petrucci.mus.auth.gr\/imglnks\/usimg\/0\/0b\/IMSLP76451-PMLP28466-Janequin__Le_chant_des_oyseaux.pdf\">http:\/\/petrucci.mus.auth.gr\/imglnks\/usimg\/0\/0b\/IMSLP76451-PMLP28466-Janequin__Le_chant_des_oyseaux.pdf<\/a><\/p>\n<p>Voici quelques liens de vid\u00e9os d&rsquo;interpr\u00e9tations :<\/p>\n<p><iframe loading=\"lazy\" title=\"Alterum 2012: Le chant des oiseaux (Janequin)\" width=\"590\" height=\"332\" src=\"https:\/\/www.youtube.com\/embed\/ZjZs6KK9nSQ?feature=oembed\" frameborder=\"0\" allow=\"accelerometer; autoplay; clipboard-write; encrypted-media; gyroscope; picture-in-picture; web-share\" referrerpolicy=\"strict-origin-when-cross-origin\" allowfullscreen><\/iframe><\/p>\n<p><iframe loading=\"lazy\" title=\"Cl\u00e9ment Janequin : Le chant des oyseaulx\" width=\"590\" height=\"332\" src=\"https:\/\/www.youtube.com\/embed\/fNS6HRirdI0?feature=oembed\" frameborder=\"0\" allow=\"accelerometer; autoplay; clipboard-write; encrypted-media; gyroscope; picture-in-picture; web-share\" referrerpolicy=\"strict-origin-when-cross-origin\" allowfullscreen><\/iframe><\/p>\n<p><iframe loading=\"lazy\" title=\"Le Chant des Oiseaux (Cl\u00e9ment Janequin)\" width=\"590\" height=\"443\" src=\"https:\/\/www.youtube.com\/embed\/nnEFpzeXJuk?feature=oembed\" frameborder=\"0\" allow=\"accelerometer; autoplay; clipboard-write; encrypted-media; gyroscope; picture-in-picture; web-share\" referrerpolicy=\"strict-origin-when-cross-origin\" allowfullscreen><\/iframe><\/p>\n<p>&nbsp;<\/p>\n","protected":false},"excerpt":{"rendered":"<p>Le chant des oiseaux\u00a0de Cl\u00e9ment Janequin est une chanson\u00a0\u00e0 quatre voix\u00a0\u00e9crite vers 1529. Pour la forme cette chanson s&rsquo;apparente plut\u00f4t au virelai. On a ici un refrain et [..]<\/p>\n","protected":false},"author":208,"featured_media":0,"parent":12,"menu_order":0,"comment_status":"closed","ping_status":"open","template":"","meta":{"footnotes":""},"class_list":["post-539","page","type-page","status-publish","hentry"],"_links":{"self":[{"href":"https:\/\/blogs.univ-tlse2.fr\/musique-renaissance\/wp-json\/wp\/v2\/pages\/539","targetHints":{"allow":["GET"]}}],"collection":[{"href":"https:\/\/blogs.univ-tlse2.fr\/musique-renaissance\/wp-json\/wp\/v2\/pages"}],"about":[{"href":"https:\/\/blogs.univ-tlse2.fr\/musique-renaissance\/wp-json\/wp\/v2\/types\/page"}],"author":[{"embeddable":true,"href":"https:\/\/blogs.univ-tlse2.fr\/musique-renaissance\/wp-json\/wp\/v2\/users\/208"}],"replies":[{"embeddable":true,"href":"https:\/\/blogs.univ-tlse2.fr\/musique-renaissance\/wp-json\/wp\/v2\/comments?post=539"}],"version-history":[{"count":1,"href":"https:\/\/blogs.univ-tlse2.fr\/musique-renaissance\/wp-json\/wp\/v2\/pages\/539\/revisions"}],"predecessor-version":[{"id":540,"href":"https:\/\/blogs.univ-tlse2.fr\/musique-renaissance\/wp-json\/wp\/v2\/pages\/539\/revisions\/540"}],"up":[{"embeddable":true,"href":"https:\/\/blogs.univ-tlse2.fr\/musique-renaissance\/wp-json\/wp\/v2\/pages\/12"}],"wp:attachment":[{"href":"https:\/\/blogs.univ-tlse2.fr\/musique-renaissance\/wp-json\/wp\/v2\/media?parent=539"}],"curies":[{"name":"wp","href":"https:\/\/api.w.org\/{rel}","templated":true}]}}